{"id":110876,"date":"2019-05-27T21:50:22","date_gmt":"2019-05-27T19:50:22","guid":{"rendered":"https:\/\/nefertiti-eg.com\/shop\/non%20class\u00e9\/lemon-shea-butter\/"},"modified":"2025-10-24T16:34:34","modified_gmt":"2025-10-24T13:34:34","slug":"lemon-shea-butter","status":"publish","type":"product","link":"https:\/\/nefertiti-eg.com\/fr\/shop\/butter\/lemon-shea-butter\/","title":{"rendered":"Le beurre de karit\u00e9 \u00e0 l&rsquo;huile de citron"},"content":{"rendered":"<p><b>Composition botanique<\/b><span style=\"font-weight: 400;\"> : triterp\u00e8nes, alcools triterp\u00e9niques, acide st\u00e9arique, allanto\u00efne, acide linol\u00e9nique, vitamine E, acide palmitique, b\u00eata-carot\u00e8ne\/ b\u00eata-carot\u00e8ne, vitamine B, C, K, acide folique, potassium, calcium, sodium, phosphore, magn\u00e9sium, zinc, fer, mangan\u00e8se, cuivre et s\u00e9l\u00e9nium, ainsi que citronol, camph\u00e8ne, citral, ald\u00e9hydes, terpin\u00e9ol, limon\u00e8ne et ac\u00e9tate de linalyle.<\/span><\/p>\n<h3><b>Le beurre de karit\u00e9 \u00e0 l&rsquo;huile de citron\u00a0<\/b><\/h3>\n<p><span style=\"font-weight: 400;\">Le beurre de karit\u00e9 est extrait des noix de l&rsquo;arbre de karit\u00e9. Il contient principalement des acides gras et ol\u00e9iques ainsi que de la vitamine E, ce qui en fait un produit de soin de la peau appr\u00e9ci\u00e9 car il hydrate et prot\u00e8ge la peau. Le beurre de karit\u00e9 p\u00e9n\u00e8tre profond\u00e9ment dans la peau et ses ingr\u00e9dients actifs nourrissent efficacement la peau, favorisent la cicatrisation des plaies et stimulent l&rsquo;activit\u00e9 cellulaire, prot\u00e9geant la peau de la d\u00e9shydratation et de la formation de rides. Excellente protection globale contre le froid, le vent, le soleil et les facteurs quotidiens.<\/span><\/p>\n<h3><b>Huile de citron<\/b><\/h3>\n<p><span style=\"font-weight: 400;\">L&rsquo;huile de citron pure est press\u00e9e \u00e0 froid \u00e0 partir de zeste de citron. C&rsquo;est une huile populaire. La pr\u00e9sence d&rsquo;une grande quantit\u00e9 de composants tels que vitamines et min\u00e9raux, b\u00eata-carot\u00e8ne, vitamines B, C, K, acide folique, potassium, calcium, sodium, phosphore, magn\u00e9sium, zinc, fer, mangan\u00e8se, cuivre et s\u00e9l\u00e9nium, camph\u00e8ne, les ald\u00e9hydes, le terpin\u00e9ol, le limon\u00e8ne et l&rsquo;ac\u00e9tate de linalyle rendent l&rsquo;huile de citron anti-inflammatoire, antimicrobienne, antibact\u00e9rienne et antiseptique. L&rsquo;huile de citron soulage les varices et combat la cellulite. Son effet blanchissant est utilis\u00e9 dans l&rsquo;industrie cosm\u00e9tique pour se d\u00e9barrasser de la pigmentation.<\/span><\/p>\n<h3><b>Que se passe-t-il lorsque vous infusez du beurre de karit\u00e9 avec de l&rsquo;huile de citron\u00a0<\/b><\/h3>\n<p><span style=\"font-weight: 400;\">Ils compl\u00e8tent les propri\u00e9t\u00e9s th\u00e9rapeutiques de l&rsquo;autre et, ensemble, gu\u00e9rissent et r\u00e9parent des affections telles que l&rsquo;acn\u00e9, l&rsquo;ecz\u00e9ma ou le psoriasis, tout en nourrissant la peau en g\u00e9n\u00e9ral. Le beurre de karit\u00e9 et l&rsquo;huile de citron sont tous deux de puissants antioxydants et peuvent r\u00e9duire et contrecarrer l&rsquo;effet des radicaux libres, aidant \u00e0 prot\u00e9ger contre les dommages cutan\u00e9s, y compris l&rsquo;inflammation et le vieillissement pr\u00e9matur\u00e9. C&rsquo;est \u00e9galement une bonne combinaison pour r\u00e9duire l&rsquo;apparence des rides, des cicatrices, des vergetures, de l&rsquo;hyperpigmentation et de la cellulite.<\/span><\/p>\n<h3><b>Beurre de karit\u00e9 \u00e0 l&rsquo;huile de citron pour les soins de la peau<\/b><\/h3>\n<p><span style=\"font-weight: 400;\">L&rsquo;huile de citron m\u00e9lang\u00e9e au beurre de karit\u00e9 et\u00a0 ses ingr\u00e9dients nourrissants et protecteurs, aide les peaux fatigu\u00e9es et flasques \u00e0 retrouver leur \u00e9lasticit\u00e9. Le beurre de karit\u00e9 \u00e0 l&rsquo;huile de citron est un produit de soin de la peau con\u00e7u pour se d\u00e9barrasser des cicatrices, pour traiter l&rsquo;ecz\u00e9ma et les br\u00fblures, pour soulager la peau s\u00e8che et gerc\u00e9e, pour les soins de la peau apr\u00e8s un coup de soleil, et pour soulager les \u00e9ruptions cutan\u00e9es et \u00e9liminer les d\u00e9mangeaisons. L&rsquo;utilisation r\u00e9guli\u00e8re de beurre de karit\u00e9 \u00e0 l&rsquo;huile de citron r\u00e9duit la formation de vergetures et de rides. Le pouvoir de l&rsquo;huile de citron aide non seulement \u00e0 combattre la cellulite, mais emp\u00eache \u00e9galement la formation d&rsquo;un r\u00e9seau capillaire sur la peau du visage et du corps. Appliquez r\u00e9guli\u00e8rement du Beurre de Karit\u00e9 \u00e0 l&rsquo;Huile de Citron sur votre visage, et n&rsquo;oubliez pas non plus votre d\u00e9collet\u00e9 et vos mains. Votre peau sera bien nourrie, hydrat\u00e9e et \u00e9claircie si besoin. Le beurre de karit\u00e9 \u00e0 l&rsquo;huile de citron est particuli\u00e8rement appr\u00e9ci\u00e9 pour r\u00e9duire les taches de vieillesse.<\/span><\/p>\n<h3><b>Soin des pieds au beurre de karit\u00e9 et \u00e0 l&rsquo;huile de citron.<\/b><\/h3>\n<p><span style=\"font-weight: 400;\">\u00a0Traitez vos pieds tous les soirs avec le beurre de karit\u00e9 \u00e0 l&rsquo;huile de citron et ils vous remercieront pour leur peau douce et d\u00e9licate. Prot\u00e8ge \u00e9galement contre les infections fongiques des pieds et des ongles et \u00e9limine les bact\u00e9ries qui peuvent entra\u00eener des mauvaises odeurs.<\/span><\/p>\n<h3><b>Beurre de karit\u00e9 \u00e0 l&rsquo;huile de citron pour le soin des l\u00e8vres<\/b><\/h3>\n<p><span style=\"font-weight: 400;\">Pour \u00e9viter les l\u00e8vres gerc\u00e9es et les garder douces, surtout en hiver, utilisez le beurre de karit\u00e9 \u00e0 l&rsquo;huile de citron.<\/span><\/p>\n<h3><b>Beurre de karit\u00e9 avec huile de citron pour les soins capillaires<\/b><\/h3>\n<p><span style=\"font-weight: 400;\">Puisque le beurre de karit\u00e9 et l&rsquo;huile de citron sont id\u00e9aux pour les soins capillaires, les deux produits se compl\u00e8tent parfaitement. Le m\u00e9lange est particuli\u00e8rement adapt\u00e9 aux cheveux secs et aux pointes fourchues. Les ingr\u00e9dients du beurre de karit\u00e9 et de l&rsquo;huile de citron rendent les cheveux forts et sains. Pour l&rsquo;utiliser, prenez un peu de beurre dans vos mains, et laissez la chaleur de votre corps la faire fondre pour qu&rsquo;elle soit plus facile \u00e0 utiliser, et massez-la dans le cuir chevelu. Passez vos mains dans vos cheveux et appliquez du beurre de karit\u00e9 avec de l&rsquo;huile de citron jusqu&rsquo;aux pointes de vos cheveux. Pour de meilleurs r\u00e9sultats, appliquez ce produit le soir, couvrez l&rsquo;oreiller avec une serviette et laissez l&rsquo;huile agir pendant la nuit.<\/span><\/p>\n","protected":false},"excerpt":{"rendered":"<p><span style=\"font-weight: 400;\">La protection compl\u00e8te du beurre de karit\u00e9, combin\u00e9e aux propri\u00e9t\u00e9s nourrissantes et cicatrisantes du citron. Restaure l&rsquo;\u00e9lasticit\u00e9 naturelle de la peau tendue et retrouvez sa r\u00e9silience. D\u00e9barrassez-vous des cicatrices, des vergetures et de la cellulite, des coups de soleil et des d\u00e9mangeaisons.<br \/>\n<\/span><b>Marque<\/b><span style=\"font-weight: 400;\"> : Nefertiti pour les huiles et herbes naturelles<br \/>\n<\/span><b>Pays d&rsquo;origine<\/b><span style=\"font-weight: 400;\"> : \u00c9gypte<br \/>\n<\/span><b>Nom botanique<\/b><span style=\"font-weight: 400;\"> : Vitellaria paradoxa\/ Citrus<br \/>\n<\/span><b>Famille<\/b><span style=\"font-weight: 400;\"> : Sapotaceae\/ Rutaceae<br \/>\n<\/span><b>Parties utilis\u00e9es<\/b><span style=\"font-weight: 400;\"> : Noyau\/\u00e9corce<br \/>\n<\/span><b>Naturel <\/b><span style=\"font-weight: 400;\">: Oui<br \/>\n<\/span><b>Puret\u00e9<\/b><span style=\"font-weight: 400;\"> : 100 % pur<br \/>\n<\/span><b>Certifi\u00e9 ISO<\/b><span style=\"font-weight: 400;\"> : ISO, COA et MSDS<\/span><\/p>\n","protected":false},"featured_media":292526,"comment_status":"open","ping_status":"closed","template":"","meta":[],"product_brand":[],"product_cat":[661,275],"product_tag":[],"class_list":{"0":"post-110876","1":"product","2":"type-product","3":"status-publish","4":"has-post-thumbnail","6":"product_cat-butter","7":"product_cat-cosmetics","8":"pa_bottle-size-100-g-fr","10":"first","11":"instock","12":"sale","13":"shipping-taxable","14":"purchasable","15":"product-type-variable"},"_links":{"self":[{"href":"https:\/\/nefertiti-eg.com\/fr\/wp-json\/wp\/v2\/product\/110876","targetHints":{"allow":["GET"]}}],"collection":[{"href":"https:\/\/nefertiti-eg.com\/fr\/wp-json\/wp\/v2\/product"}],"about":[{"href":"https:\/\/nefertiti-eg.com\/fr\/wp-json\/wp\/v2\/types\/product"}],"replies":[{"embeddable":true,"href":"https:\/\/nefertiti-eg.com\/fr\/wp-json\/wp\/v2\/comments?post=110876"}],"wp:featuredmedia":[{"embeddable":true,"href":"https:\/\/nefertiti-eg.com\/fr\/wp-json\/wp\/v2\/media\/292526"}],"wp:attachment":[{"href":"https:\/\/nefertiti-eg.com\/fr\/wp-json\/wp\/v2\/media?parent=110876"}],"wp:term":[{"taxonomy":"product_brand","embeddable":true,"href":"https:\/\/nefertiti-eg.com\/fr\/wp-json\/wp\/v2\/product_brand?post=110876"},{"taxonomy":"product_cat","embeddable":true,"href":"https:\/\/nefertiti-eg.com\/fr\/wp-json\/wp\/v2\/product_cat?post=110876"},{"taxonomy":"product_tag","embeddable":true,"href":"https:\/\/nefertiti-eg.com\/fr\/wp-json\/wp\/v2\/product_tag?post=110876"}],"curies":[{"name":"wp","href":"https:\/\/api.w.org\/{rel}","templated":true}]}}