{"id":110881,"date":"2020-05-03T14:09:39","date_gmt":"2020-05-03T12:09:39","guid":{"rendered":"https:\/\/nefertiti-eg.com\/shop\/non%20class\u00e9\/mango-shea-butter\/"},"modified":"2022-05-26T13:25:00","modified_gmt":"2022-05-26T11:25:00","slug":"mango-shea-butter","status":"publish","type":"product","link":"https:\/\/nefertiti-eg.com\/fr\/shop\/butter\/mango-shea-butter\/","title":{"rendered":"Le beurre de karit\u00e9 \u00e0 l&rsquo;huile de mangue"},"content":{"rendered":"<h3><b>Le beurre de karit\u00e9 \u00e0 l&rsquo;huile de mangue\u00a0<\/b><\/h3>\n<p><span style=\"font-weight: 400;\">Le beurre de karit\u00e9 est extrait des noix de l&rsquo;arbre de karit\u00e9. Il contient principalement des acides gras et ol\u00e9iques ainsi que de la vitamine E, ce qui en fait un produit de soin de la peau appr\u00e9ci\u00e9 car il hydrate et prot\u00e8ge la peau. Le beurre de karit\u00e9 p\u00e9n\u00e8tre profond\u00e9ment dans la peau et ses ingr\u00e9dients actifs nourrissent efficacement la peau, favorisent la cicatrisation des plaies et stimulent l&rsquo;activit\u00e9 cellulaire, prot\u00e9geant la peau de la d\u00e9shydratation et de la formation de rides. Excellente protection globale contre le froid, le vent, le soleil et les facteurs quotidiens.<\/span><\/p>\n<h3><b>Huile de mangue<\/b><\/h3>\n<p><span style=\"font-weight: 400;\">L&rsquo;huile de mangue est obtenue \u00e0 partir de la graine de mangue (noyau). Il est compos\u00e9 \u00e0 50% d&rsquo;acides gras satur\u00e9s et insatur\u00e9s, et est un triester de glyc\u00e9rol, et contient \u00e9galement des st\u00e9rols tels que le \u00df-sitost\u00e9rol 73,9%, le stigmat\u00e9rol (16,5%) et le campest\u00e9rol (10,5%). L&rsquo;huile de mangue est riche en vitamine E, en carot\u00e9no\u00efdes et en antioxydants. Cette huile est un produit de soin de la peau populaire en raison de ses propri\u00e9t\u00e9s hydratantes, r\u00e9g\u00e9n\u00e9rantes et cicatrisantes.<\/span><\/p>\n<h3><b>Que se passe-t-il lorsque vous infusez du beurre de karit\u00e9 avec de l&rsquo;huile de mangue ?<\/b><\/h3>\n<p><span style=\"font-weight: 400;\">Ils compl\u00e8tent les propri\u00e9t\u00e9s th\u00e9rapeutiques de l&rsquo;autre et, ensemble, gu\u00e9rissent et r\u00e9parent des affections telles que l&rsquo;acn\u00e9, l&rsquo;ecz\u00e9ma ou le psoriasis, tout en nourrissant la peau en g\u00e9n\u00e9ral. Le beurre de karit\u00e9 et l&rsquo;huile de mangue sont tous deux de puissants antioxydants et peuvent r\u00e9duire et contrecarrer l&rsquo;effet des radicaux libres, aidant \u00e0 prot\u00e9ger contre les dommages cutan\u00e9s, y compris l&rsquo;inflammation et le vieillissement pr\u00e9matur\u00e9. C&rsquo;est une combinaison particuli\u00e8rement bonne pour les peaux \u00e0 tendance acn\u00e9ique et \u00e0 probl\u00e8mes.<\/span><\/p>\n<h3><b>Beurre de karit\u00e9 \u00e0 l&rsquo;huile de mangue pour les soins de la peau<\/b><\/h3>\n<p><span style=\"font-weight: 400;\">La fonction protectrice du beurre de karit\u00e9 \u00e0 l&rsquo;huile de mangue offre \u00e0 la peau une barri\u00e8re naturelle contre les risques environnementaux et les bact\u00e9ries. Ses propri\u00e9t\u00e9s hydratantes, exfoliantes et antioxydantes en font un produit anti-\u00e2ge. Ce beurre apaisera les peaux irrit\u00e9es et, gr\u00e2ce \u00e0 son effet antibact\u00e9rien, le beurre de karit\u00e9 \u00e0 l&rsquo;huile de mangue convient \u00e9galement pour traiter l&rsquo;acn\u00e9 et les peaux \u00e0 probl\u00e8mes. Pour ce faire, appliquez d\u00e9licatement un peu de beurre de karit\u00e9 \u00e0 l&rsquo;huile de mangue sur votre visage<\/span><\/p>\n<h3><b>Beurre de karit\u00e9 \u00e0 l&rsquo;huile de mangue pour le soin des cheveux<\/b><span style=\"font-weight: 400;\">\u00a0<\/span><\/h3>\n<p><span style=\"font-weight: 400;\">Le beurre de karit\u00e9 \u00e0 l&rsquo;huile de mangue peut \u00eatre utilis\u00e9 pour donner aux cheveux hydratation et \u00e9lasticit\u00e9. Pour les cheveux et le cuir chevelu tr\u00e8s secs, il est recommand\u00e9 d&rsquo;appliquer un peu de beurre de karit\u00e9 \u00e0 l&rsquo;huile de mangue sur le bout des doigts, de frotter sur le cuir chevelu puis de passer doucement dans les cheveux. Pour \u00e9viter les pointes fourchues, frottez l\u00e9g\u00e8rement le beurre dans les pointes de vos cheveux apr\u00e8s avoir lav\u00e9 et s\u00e9ch\u00e9 vos cheveux.<\/span><\/p>\n<h3><b>Beurre de karit\u00e9 \u00e0 l&rsquo;huile de mangue pour les mains et les ongles<\/b><\/h3>\n<p><span style=\"font-weight: 400;\">Le beurre de karit\u00e9 \u00e0 l&rsquo;huile de mangue est un excellent rem\u00e8de pour r\u00e9parer vos mains, cuticules et ongles de mani\u00e8re simple et rapide. Avec une vie bien remplie, les mains et les ongles peuvent souvent \u00eatre oubli\u00e9s et n\u00e9glig\u00e9s, mais le simple fait de prendre un moment pour masser un peu de ce beurre dans les mains, les ongles et les cuticules aidera \u00e0 r\u00e9g\u00e9n\u00e9rer la peau et les ongles. La grande quantit\u00e9 d&rsquo;acides gras aidera \u00e0 cicatriser, r\u00e9parer et renforcer les cuticules et les ongles, en r\u00e9duisant les cassures et les dommages, et en am\u00e9liorant leur sant\u00e9 globale. Les mains seront hydrat\u00e9es et b\u00e9n\u00e9ficieront d&rsquo;une barri\u00e8re protectrice, pour \u00e9viter d&rsquo;autres dommages et d\u00e9shydratation, sans laisser de r\u00e9sidu collant.<\/span><\/p>\n<h3><b>Beurre de karit\u00e9 avec huile de mangue pour la production cosm\u00e9tique<\/b><\/h3>\n<p><span style=\"font-weight: 400;\">Nous avons cr\u00e9\u00e9 un m\u00e9lange de beurre de karit\u00e9 et d&rsquo;huile de mangue pour les soins de la peau les plus efficaces. Ses propri\u00e9t\u00e9s nourrissantes et hydratantes sont les meilleurs soins quotidiens pour votre visage, votre corps et vos mains.<\/span><\/p>\n","protected":false},"excerpt":{"rendered":"<p><span style=\"font-weight: 400;\">Un \u00e9mollient naturel avec une vari\u00e9t\u00e9 de propri\u00e9t\u00e9s nettoyantes, adoucissantes, cicatrisantes et protectrices. Un soin adapt\u00e9 pour les mains et les ongles pour chouchouter et prot\u00e9ger. Le beurre de mangue et de karit\u00e9 ne laisse pas de couche grasse sur la peau.<br \/>\n<\/span><b>Marque<\/b><span style=\"font-weight: 400;\"> : Nefertiti pour les huiles et herbes naturelles<br \/>\n<\/span><b>Pays d&rsquo;origine<\/b><span style=\"font-weight: 400;\"> : \u00c9gypte<br \/>\n<\/span><b>Nom botanique<\/b><span style=\"font-weight: 400;\"> : Vitellaria paradoxa\/ Mangifera indica<br \/>\n<\/span><b>Famille<\/b><span style=\"font-weight: 400;\"> : Sapotaceae\/ Mangifera<br \/>\n<\/span><b>Parties utilis\u00e9es<\/b><span style=\"font-weight: 400;\"> : Noyau<br \/>\n<\/span><b>Naturel<\/b><span style=\"font-weight: 400;\"> : Oui<br \/>\n<\/span><b>Puret\u00e9<\/b><span style=\"font-weight: 400;\"> : 100 % pur<br \/>\n<\/span><b>Certifi\u00e9 ISO<\/b><span style=\"font-weight: 400;\"> : ISO, COA &amp; MSDS<br \/>\n<\/span><b>Ingr\u00e9dients<\/b><span style=\"font-weight: 400;\"> : triterp\u00e8nes, alcools triterp\u00e9niques, acide st\u00e9arique, allanto\u00efne, acide linol\u00e9nique, vitamine E, acide palmitique, b\u00eata-carot\u00e8ne, st\u00e9rols tels que \u00df-sitost\u00e9rol, stigmast\u00e9rol campest\u00e9rol, carot\u00e9no\u00efdes et antioxydants.<\/span><\/p>\n","protected":false},"featured_media":292505,"comment_status":"open","ping_status":"closed","template":"","meta":[],"product_brand":[],"product_cat":[661,275],"product_tag":[],"class_list":{"0":"post-110881","1":"product","2":"type-product","3":"status-publish","4":"has-post-thumbnail","6":"product_cat-butter","7":"product_cat-cosmetics","8":"pa_bottle-size-100-g-fr","10":"first","11":"instock","12":"sale","13":"shipping-taxable","14":"purchasable","15":"product-type-variable"},"_links":{"self":[{"href":"https:\/\/nefertiti-eg.com\/fr\/wp-json\/wp\/v2\/product\/110881","targetHints":{"allow":["GET"]}}],"collection":[{"href":"https:\/\/nefertiti-eg.com\/fr\/wp-json\/wp\/v2\/product"}],"about":[{"href":"https:\/\/nefertiti-eg.com\/fr\/wp-json\/wp\/v2\/types\/product"}],"replies":[{"embeddable":true,"href":"https:\/\/nefertiti-eg.com\/fr\/wp-json\/wp\/v2\/comments?post=110881"}],"wp:featuredmedia":[{"embeddable":true,"href":"https:\/\/nefertiti-eg.com\/fr\/wp-json\/wp\/v2\/media\/292505"}],"wp:attachment":[{"href":"https:\/\/nefertiti-eg.com\/fr\/wp-json\/wp\/v2\/media?parent=110881"}],"wp:term":[{"taxonomy":"product_brand","embeddable":true,"href":"https:\/\/nefertiti-eg.com\/fr\/wp-json\/wp\/v2\/product_brand?post=110881"},{"taxonomy":"product_cat","embeddable":true,"href":"https:\/\/nefertiti-eg.com\/fr\/wp-json\/wp\/v2\/product_cat?post=110881"},{"taxonomy":"product_tag","embeddable":true,"href":"https:\/\/nefertiti-eg.com\/fr\/wp-json\/wp\/v2\/product_tag?post=110881"}],"curies":[{"name":"wp","href":"https:\/\/api.w.org\/{rel}","templated":true}]}}