{"id":110884,"date":"2019-05-27T21:44:40","date_gmt":"2019-05-27T19:44:40","guid":{"rendered":"https:\/\/nefertiti-eg.com\/shop\/non%20class\u00e9\/orange-shea-butter\/"},"modified":"2022-05-26T14:19:32","modified_gmt":"2022-05-26T12:19:32","slug":"orange-shea-butter","status":"publish","type":"product","link":"https:\/\/nefertiti-eg.com\/fr\/shop\/butter\/orange-shea-butter\/","title":{"rendered":"Beurre de karit\u00e9 orange"},"content":{"rendered":"<h3><b>Beurre de karit\u00e9 orange<\/b><\/h3>\n<p><span style=\"font-weight: 400;\">Le beurre de karit\u00e9 est extrait des noix de l&rsquo;arbre de karit\u00e9. Il contient principalement des acides gras et ol\u00e9iques ainsi que de la vitamine E, ce qui en fait un produit de soin de la peau appr\u00e9ci\u00e9 car il hydrate et prot\u00e8ge la peau. Le beurre de karit\u00e9 p\u00e9n\u00e8tre profond\u00e9ment dans la peau et ses ingr\u00e9dients actifs nourrissent efficacement la peau, favorisent la cicatrisation des plaies et stimulent l&rsquo;activit\u00e9 cellulaire, prot\u00e9geant la peau de la d\u00e9shydratation et de la formation de rides. Excellente protection globale contre le froid, le vent, le soleil et les facteurs quotidiens.<\/span><\/p>\n<h3><b>Huile d&rsquo;orange\u00a0<\/b><\/h3>\n<p><span style=\"font-weight: 400;\">L&rsquo;huile essentielle d&rsquo;orange est press\u00e9e \u00e0 froid \u00e0 partir d&rsquo;\u00e9corces d&rsquo;orange. Ses composants de g\u00e9raniol, linalol, citronellal, vitamine C, terpin\u00e9ol, esters et ald\u00e9hydes, dictent que cette huile est antivirale, antibact\u00e9rienne, d\u00e9sinfectante, raffermissante et apaisante pour la peau.<\/span><\/p>\n<h3><b>Que se passe-t-il lorsque vous infusez du beurre de karit\u00e9 avec de l&rsquo;huile d&rsquo;orange ?<\/b><\/h3>\n<p><span style=\"font-weight: 400;\">Ils compl\u00e8tent les propri\u00e9t\u00e9s th\u00e9rapeutiques de l&rsquo;autre et, ensemble, gu\u00e9rissent et r\u00e9parent des affections telles que l&rsquo;acn\u00e9, l&rsquo;ecz\u00e9ma ou le psoriasis, tout en nourrissant la peau en g\u00e9n\u00e9ral. Le beurre de karit\u00e9 et l&rsquo;huile d&rsquo;orange sont tous deux de puissants antioxydants et peuvent r\u00e9duire et contrecarrer l&rsquo;effet des radicaux libres, aidant \u00e0 prot\u00e9ger contre les dommages cutan\u00e9s, y compris l&rsquo;inflammation et le vieillissement pr\u00e9matur\u00e9. C&rsquo;est \u00e9galement une bonne combinaison pour r\u00e9duire l&rsquo;apparence des rides, des cicatrices, des vergetures, des pores dilat\u00e9s et de l&rsquo;hypopigmentation.<\/span><\/p>\n<h3><b>Beurre de karit\u00e9 \u00e0 l&rsquo;huile d&rsquo;orange pour les soins de la peau<\/b><\/h3>\n<p><span style=\"font-weight: 400;\">Le beurre de karit\u00e9 \u00e0 l&rsquo;huile d&rsquo;orange raffermit la peau, r\u00e9duit les rides et rajeunit la peau du visage. Son utilisation favorise la production de collag\u00e8ne naturel. Par cons\u00e9quent, le beurre de karit\u00e9 est appr\u00e9ci\u00e9 en tant que produit de soin de la peau anti-\u00e2ge. Enrichi en beurre de karit\u00e9 \u00e0 l&rsquo;huile d&rsquo;orange, les pores dilat\u00e9s sont r\u00e9duits et la peau est plus tendre et \u00e9clatante.<\/span><\/p>\n<p><span style=\"font-weight: 400;\">Un autre effet positif est l&rsquo;\u00e9limination des taches de vieillesse gr\u00e2ce \u00e0 l&rsquo;effet \u00e9claircissant de l&rsquo;huile d&rsquo;orange.<\/span><\/p>\n<p><span style=\"font-weight: 400;\">Gr\u00e2ce \u00e0 l&rsquo;effet antibact\u00e9rien de l&rsquo;huile d&rsquo;orange, le beurre de karit\u00e9 \u00e0 l&rsquo;huile d&rsquo;orange<\/span><\/p>\n<p><span style=\"font-weight: 400;\">nourrit simultan\u00e9ment la peau et soulage l&rsquo;acn\u00e9 et les points noirs.<\/span><\/p>\n<h3><b>Beurre de karit\u00e9 \u00e0 l&rsquo;orange pour le traitement des cicatrices<\/b><\/h3>\n<p><span style=\"font-weight: 400;\">Pour \u00e9viter les grandes cicatrices apr\u00e8s une intervention chirurgicale ou les vergetures pendant la grossesse, utilisez r\u00e9guli\u00e8rement du beurre de karit\u00e9 \u00e0 l&rsquo;huile d&rsquo;orange. Le beurre de karit\u00e9 \u00e0 l&rsquo;huile d&rsquo;orange maintient l&rsquo;\u00e9lasticit\u00e9 de la peau, soulageant ainsi la formation de vergetures et de cicatrices rugueuses.<\/span><\/p>\n<h3><b>Beurre de karit\u00e9 \u00e0 l&rsquo;huile d&rsquo;orange pour le massage<\/b><span style=\"font-weight: 400;\">\u00a0<\/span><\/h3>\n<p><span style=\"font-weight: 400;\">Le beurre de karit\u00e9 \u00e0 l&rsquo;huile d&rsquo;orange est excellent contre la cellulite. Apr\u00e8s un bain ou une douche, il est recommand\u00e9 de masser le corps encore chaud et humide avec du beurre de karit\u00e9 \u00e0 l&rsquo;huile d&rsquo;orange.<\/span><\/p>\n<h3><b>Beurre de karit\u00e9 \u00e0 l&rsquo;huile d&rsquo;orange pour le soin des cheveux<\/b><\/h3>\n<p><span style=\"font-weight: 400;\">Le beurre de karit\u00e9 et l&rsquo;huile d&rsquo;orange \u00e9tant id\u00e9aux pour le soin des cheveux, les deux produits se compl\u00e8tent parfaitement et aident avec les cheveux secs et les pointes fourchues. Les composants du beurre de karit\u00e9 avec huile d&rsquo;orange gardent les cheveux forts et sains. Ils favorisent la circulation dans la peau et prot\u00e8gent le cuir chevelu des pellicules. Prenez du beurre de karit\u00e9 avec de l&rsquo;huile d&rsquo;orange dans vos mains, laissez la chaleur de votre corps le faire fondre et massez le cuir chevelu et les cheveux. Passez vos mains dans vos cheveux et appliquez du beurre de karit\u00e9 \u00e0 l&rsquo;huile d&rsquo;orange jusqu&rsquo;aux pointes de vos cheveux. Il est pr\u00e9f\u00e9rable d&rsquo;appliquer ce produit le soir, et pour prot\u00e9ger votre oreiller, couvrez-le d&rsquo;une serviette et laissez agir l&rsquo;huile toute la nuit.<\/span><\/p>\n","protected":false},"excerpt":{"rendered":"<p><span style=\"font-weight: 400;\">L&rsquo;effet stimulant de l&rsquo;huile d&rsquo;orange sur la production de collag\u00e8ne en fait le compl\u00e9ment parfait aux incroyables bienfaits du beurre de karit\u00e9. Rajeunit la peau par ses vertus purifiantes et en luttant contre la cellulite, les cicatrices, les vergetures et les signes du vieillissement cutan\u00e9.<br \/>\n<\/span><b>Marque<\/b><span style=\"font-weight: 400;\"> : Nefertiti pour les huiles et herbes naturelles<br \/>\n<\/span><b>Pays d&rsquo;origine<\/b><span style=\"font-weight: 400;\"> : \u00c9gypte<br \/>\n<\/span><b>Nom botanique<\/b><span style=\"font-weight: 400;\"> : Vitellaria paradoxa\/ Citrus \u00d7 Sinensis L<br \/>\n<\/span><b>Famille<\/b><span style=\"font-weight: 400;\"> : Sapotaceae\/Rutaceae<br \/>\n<\/span><b>Parties utilis\u00e9es<\/b><span style=\"font-weight: 400;\"> : Noyau\/\u00e9corce<br \/>\n<\/span><b>Naturel<\/b><span style=\"font-weight: 400;\"> : Oui<br \/>\n<\/span><b>Puret\u00e9<\/b><span style=\"font-weight: 400;\"> : 100 % pur<br \/>\n<\/span><b>Certifi\u00e9 ISO<\/b><span style=\"font-weight: 400;\"> : ISO, COA et MSDS<br \/>\n<\/span><b>Ingr\u00e9dients<\/b><span style=\"font-weight: 400;\"> : triterp\u00e8nes, alcools triterp\u00e9niques, acide st\u00e9arique, allanto\u00efne, acide linol\u00e9nique, vitamine E, acide palmitique, b\u00eata-carot\u00e8ne\/ g\u00e9raniol, linalol, citronellal, vitamine C, terpin\u00e9ol, esters et ald\u00e9hydes<\/span><\/p>\n","protected":false},"featured_media":292567,"comment_status":"open","ping_status":"closed","template":"","meta":[],"product_brand":[],"product_cat":[661,275],"product_tag":[],"class_list":{"0":"post-110884","1":"product","2":"type-product","3":"status-publish","4":"has-post-thumbnail","6":"product_cat-butter","7":"product_cat-cosmetics","8":"pa_bottle-size-100-g-fr","10":"first","11":"instock","12":"sale","13":"shipping-taxable","14":"purchasable","15":"product-type-variable"},"_links":{"self":[{"href":"https:\/\/nefertiti-eg.com\/fr\/wp-json\/wp\/v2\/product\/110884","targetHints":{"allow":["GET"]}}],"collection":[{"href":"https:\/\/nefertiti-eg.com\/fr\/wp-json\/wp\/v2\/product"}],"about":[{"href":"https:\/\/nefertiti-eg.com\/fr\/wp-json\/wp\/v2\/types\/product"}],"replies":[{"embeddable":true,"href":"https:\/\/nefertiti-eg.com\/fr\/wp-json\/wp\/v2\/comments?post=110884"}],"wp:featuredmedia":[{"embeddable":true,"href":"https:\/\/nefertiti-eg.com\/fr\/wp-json\/wp\/v2\/media\/292567"}],"wp:attachment":[{"href":"https:\/\/nefertiti-eg.com\/fr\/wp-json\/wp\/v2\/media?parent=110884"}],"wp:term":[{"taxonomy":"product_brand","embeddable":true,"href":"https:\/\/nefertiti-eg.com\/fr\/wp-json\/wp\/v2\/product_brand?post=110884"},{"taxonomy":"product_cat","embeddable":true,"href":"https:\/\/nefertiti-eg.com\/fr\/wp-json\/wp\/v2\/product_cat?post=110884"},{"taxonomy":"product_tag","embeddable":true,"href":"https:\/\/nefertiti-eg.com\/fr\/wp-json\/wp\/v2\/product_tag?post=110884"}],"curies":[{"name":"wp","href":"https:\/\/api.w.org\/{rel}","templated":true}]}}