{"id":110887,"date":"2020-12-26T12:35:29","date_gmt":"2020-12-26T10:35:29","guid":{"rendered":"https:\/\/nefertiti-eg.com\/shop\/non%20class\u00e9\/pomegranate-and-peach-cream\/"},"modified":"2022-07-24T13:15:40","modified_gmt":"2022-07-24T11:15:40","slug":"pomegranate-and-peach-cream","status":"publish","type":"product","link":"https:\/\/nefertiti-eg.com\/fr\/shop\/creams-fr\/pomegranate-and-peach-cream\/","title":{"rendered":"Cr\u00e8me \u00e0 la grenade et \u00e0 la p\u00eache"},"content":{"rendered":"<h3><b>Cr\u00e8me \u00e0 la grenade et \u00e0 la p\u00eache<\/b><\/h3>\n<p><span style=\"font-weight: 400;\">Ce superbe m\u00e9lange de grenade et de p\u00eache est une combinaison id\u00e9ale pour un rajeunissement total de la peau, plein de vitamines saines, d&rsquo;antioxydants, de min\u00e9raux et d&rsquo;acides gras essentiels pour soutenir totalement la peau, favoriser la formation de collag\u00e8ne, r\u00e9duire l&rsquo;inflammation et restaurer la peau. Att\u00e9nuez les imperfections et la fatigue de la peau terne et remplacez-la par une peau d&rsquo;apparence fra\u00eeche et resserr\u00e9e.<\/span><\/p>\n<p><span style=\"font-weight: 400;\">La grenade est un superfruit, plein de vitamines C et E, d&rsquo;anthocyanes, d&rsquo;ellagitanins, d&rsquo;acide ellagique, d&rsquo;acide folique et de nombreux autres polyph\u00e9nols v\u00e9g\u00e9taux ; tandis que la p\u00eache regorge \u00e9galement de nutriments et de vitamines affectant la peau, notamment le potassium, le zinc, le b\u00eata-carot\u00e8ne, le s\u00e9l\u00e9nium et le magn\u00e9sium, ainsi que les vitamines K, A et C. Ensemble, ils constituent un partenariat formidable qui est un puissant antioxydant, ainsi que anti-inflammatoire, anti-canc\u00e9rig\u00e8ne et antimicrobien favorisant la renaissance de la peau, combattant les radicaux libres et r\u00e9tablissant l&rsquo;\u00e9quilibre naturel du pH de la peau. Convient \u00e0 tout type de peau pour r\u00e9parer, rajeunir et reconstituer, en gardant la peau en parfait \u00e9tat.<\/span><\/p>\n<p><span style=\"font-weight: 400;\">Les points forts de ce m\u00e9lange concentr\u00e9 de grenade et de p\u00eache comprennent :<\/span><\/p>\n<h3><b>Ajoute de l&rsquo;humidit\u00e9, \u00e9claircit, restaure et prot\u00e8ge<\/b><\/h3>\n<p><span style=\"font-weight: 400;\">P\u00e9n\u00e8tre profond\u00e9ment dans la peau, fournit une nutrition compl\u00e8te et retient l&rsquo;humidit\u00e9, restaure la peau s\u00e8che ou squameuse, et en m\u00eame temps contr\u00f4le la production de s\u00e9bum, omettant la peau grasse. Contient des antioxydants hautement actifs pour emp\u00eacher la d\u00e9gradation des tissus cutan\u00e9s et stimule la production de collag\u00e8ne et d&rsquo;\u00e9lastine pour rendre la peau plus souple et plus ferme, r\u00e9duire le rel\u00e2chement cutan\u00e9 et dissuader les signes du vieillissement. Le renouvellement cellulaire de la peau est acc\u00e9l\u00e9r\u00e9, ce qui donne un \u00e9clat radieux.<\/span><\/p>\n<h3><b>Traite les affections inflammatoires de la peau<\/b><\/h3>\n<p><span style=\"font-weight: 400;\">Les propri\u00e9t\u00e9s anti-inflammatoires et antimicrobiennes combin\u00e9es au zinc et au potassium r\u00e9duisent l&rsquo;inflammation tout en prot\u00e9geant et en restaurant la peau endommag\u00e9e et en encourageant la renaissance de la peau. Les affections cutan\u00e9es telles que l&rsquo;ecz\u00e9ma et la rosac\u00e9e sont souvent caus\u00e9es par les dommages caus\u00e9s par les radicaux libres. Riche en antioxydants, cette cr\u00e8me peut r\u00e9duire et pr\u00e9venir d&rsquo;autres sympt\u00f4mes, tout en stimulant la croissance de nouvelles cellules cutan\u00e9es pour aider \u00e0 r\u00e9parer les cellules cutan\u00e9es endommag\u00e9es.<\/span><\/p>\n<h3><b>Peau sans infection<\/b><\/h3>\n<p><span style=\"font-weight: 400;\">Les antimicrobiens naturels apaiseront les irritations tout en combattant et en d\u00e9truisant les bact\u00e9ries ou les champignons sur la peau. L&rsquo;acn\u00e9 et les \u00e9ruptions cutan\u00e9es, souvent caus\u00e9es par des pores obstru\u00e9s qui s&rsquo;infectent, seront calm\u00e9es par les propri\u00e9t\u00e9s anti-inflammatoires, les bact\u00e9ries sont d\u00e9truites et la production de s\u00e9bum r\u00e9gul\u00e9e, emp\u00eachant ainsi de nouvelles \u00e9ruptions cutan\u00e9es. La r\u00e9g\u00e9n\u00e9ration de la peau est stimul\u00e9e, augmentant la circulation et initiant la r\u00e9paration de la peau et la cicatrisation des plaies.<\/span><\/p>\n<h3><b>Estompe les imperfections, la pigmentation et les cicatrices<\/b><\/h3>\n<p><span style=\"font-weight: 400;\">Favorise la r\u00e9g\u00e9n\u00e9ration de la peau, emp\u00eache les cellules mortes de la peau de rester \u00e0 la surface de la peau, aide \u00e0 la cicatrisation et \u00e0 la d\u00e9coloration, aux imperfections et aux imperfections de la peau, tout en tonifiant la peau, r\u00e9sultant en une peau plus lumineuse et plus claire avec un lueur saine.<\/span><\/p>\n<h3><b>Protection contre les rayons UV<\/b><\/h3>\n<p><span style=\"font-weight: 400;\">Les propri\u00e9t\u00e9s antioxydantes et anti-canc\u00e9rig\u00e8nes aident \u00e0 minimiser les effets des rayons UV, cr\u00e9ant une barri\u00e8re neutralisante radicale que le soleil ne peut pas p\u00e9n\u00e9trer et prot\u00e9geant contre la pigmentation li\u00e9e au soleil, les cancers, les coups de soleil et le vieillissement cutan\u00e9. R\u00e9g\u00e9n\u00e8re et restaure \u00e9galement la peau apr\u00e8s une exposition au soleil.<\/span><\/p>\n<p><span style=\"font-weight: 400;\">Veuillez noter que cela ne supprime pas le besoin d&rsquo;une protection SPF ad\u00e9quate lors d&rsquo;une exposition prolong\u00e9e au soleil.<\/span><\/p>\n","protected":false},"excerpt":{"rendered":"<p><span style=\"font-weight: 400;\">\u00a0Soin de la peau profond et complet avec deux super fruits qui maintiennent la peau en pleine forme. La peau s\u00e8che, squameuse et terne appartient au pass\u00e9, il est temps de r\u00e9parer et de renouveler la peau, de rajeunir et d&rsquo;avoir une peau \u00e9clatante de sant\u00e9.<\/span><\/p>\n","protected":false},"featured_media":274845,"comment_status":"open","ping_status":"closed","template":"","meta":[],"product_brand":[],"product_cat":[1199,275],"product_tag":[],"class_list":{"0":"post-110887","1":"product","2":"type-product","3":"status-publish","4":"has-post-thumbnail","6":"product_cat-creams-fr","7":"product_cat-cosmetics","9":"first","10":"instock","11":"shipping-taxable","12":"purchasable","13":"product-type-simple"},"_links":{"self":[{"href":"https:\/\/nefertiti-eg.com\/fr\/wp-json\/wp\/v2\/product\/110887","targetHints":{"allow":["GET"]}}],"collection":[{"href":"https:\/\/nefertiti-eg.com\/fr\/wp-json\/wp\/v2\/product"}],"about":[{"href":"https:\/\/nefertiti-eg.com\/fr\/wp-json\/wp\/v2\/types\/product"}],"replies":[{"embeddable":true,"href":"https:\/\/nefertiti-eg.com\/fr\/wp-json\/wp\/v2\/comments?post=110887"}],"wp:featuredmedia":[{"embeddable":true,"href":"https:\/\/nefertiti-eg.com\/fr\/wp-json\/wp\/v2\/media\/274845"}],"wp:attachment":[{"href":"https:\/\/nefertiti-eg.com\/fr\/wp-json\/wp\/v2\/media?parent=110887"}],"wp:term":[{"taxonomy":"product_brand","embeddable":true,"href":"https:\/\/nefertiti-eg.com\/fr\/wp-json\/wp\/v2\/product_brand?post=110887"},{"taxonomy":"product_cat","embeddable":true,"href":"https:\/\/nefertiti-eg.com\/fr\/wp-json\/wp\/v2\/product_cat?post=110887"},{"taxonomy":"product_tag","embeddable":true,"href":"https:\/\/nefertiti-eg.com\/fr\/wp-json\/wp\/v2\/product_tag?post=110887"}],"curies":[{"name":"wp","href":"https:\/\/api.w.org\/{rel}","templated":true}]}}