{"id":110889,"date":"2019-05-28T00:07:43","date_gmt":"2019-05-27T22:07:43","guid":{"rendered":"https:\/\/nefertiti-eg.com\/shop\/non%20class\u00e9\/rose-shea-butter\/"},"modified":"2022-05-26T13:30:31","modified_gmt":"2022-05-26T11:30:31","slug":"rose-shea-butter","status":"publish","type":"product","link":"https:\/\/nefertiti-eg.com\/fr\/shop\/butter\/rose-shea-butter\/","title":{"rendered":"Beurre de karit\u00e9 \u00e0 l&rsquo;huile de rose"},"content":{"rendered":"<h3><b>Beurre de karit\u00e9 \u00e0 l&rsquo;huile de rose\u00a0<\/b><\/h3>\n<p><span style=\"font-weight: 400;\">Le beurre de karit\u00e9 est extrait des noix de l&rsquo;arbre de karit\u00e9. Il contient principalement des acides gras et ol\u00e9iques ainsi que de la vitamine E, ce qui en fait un produit de soin de la peau appr\u00e9ci\u00e9 car il hydrate et prot\u00e8ge la peau. Le beurre de karit\u00e9 p\u00e9n\u00e8tre profond\u00e9ment dans la peau et ses ingr\u00e9dients actifs nourrissent efficacement la peau, favorisent la cicatrisation des plaies et stimulent l&rsquo;activit\u00e9 cellulaire, prot\u00e9geant la peau de la d\u00e9shydratation et de la formation de rides. Excellente protection globale contre le froid, le vent, le soleil et les facteurs quotidiens.<\/span><\/p>\n<h3><b>Huile de Rose<\/b><\/h3>\n<p><span style=\"font-weight: 400;\">L&rsquo;huile de rose est un produit de soin id\u00e9al pour la peau, contenant des vitamines A et C, du b\u00eata-carot\u00e8ne, du lycop\u00e8ne, des acides gras om\u00e9ga-6 et om\u00e9ga-9. Cela convient \u00e0 tout type de peau. Sa teneur en acides gras insatur\u00e9s maintient et am\u00e9liore l&rsquo;\u00e9lasticit\u00e9 et l&rsquo;hydratation de la peau. Les propri\u00e9t\u00e9s anti-inflammatoires et antibact\u00e9riennes aident \u00e0 combattre la peau grasse et forment un traitement efficace contre l&rsquo;acn\u00e9. Ses ingr\u00e9dients apaisent la peau et r\u00e9duisent les rides et ridules, l&rsquo;huile de rose est donc une huile anti-\u00e2ge id\u00e9ale.<\/span><\/p>\n<h3><b>Que se passe-t-il lorsque vous infusez du beurre de karit\u00e9 avec de l&rsquo;huile de rose ?<\/b><\/h3>\n<p><span style=\"font-weight: 400;\">Ils compl\u00e8tent les propri\u00e9t\u00e9s th\u00e9rapeutiques de l&rsquo;autre et, ensemble, gu\u00e9rissent et r\u00e9parent des affections telles que l&rsquo;acn\u00e9, l&rsquo;ecz\u00e9ma ou le psoriasis, tout en nourrissant la peau en g\u00e9n\u00e9ral. Le beurre de karit\u00e9 et l&rsquo;huile de rose sont tous deux de puissants antioxydants et peuvent r\u00e9duire et contrecarrer l&rsquo;effet des radicaux libres, aidant \u00e0 prot\u00e9ger contre les dommages cutan\u00e9s, y compris l&rsquo;inflammation et le vieillissement pr\u00e9matur\u00e9. Cette combinaison aidera \u00e0 r\u00e9duire l&rsquo;apparence des ridules et des rides, et est r\u00e9put\u00e9e pour ses propri\u00e9t\u00e9s cicatrisantes, et est particuli\u00e8rement efficace pour les peaux grasses ou \u00e0 tendance acn\u00e9ique.<\/span><\/p>\n<h3><b>Beurre de karit\u00e9 \u00e0 l&rsquo;huile de rose pour la cicatrisation des plaies<\/b><\/h3>\n<p><span style=\"font-weight: 400;\">L&rsquo;action antiseptique du beurre de karit\u00e9 \u00e0 l&rsquo;huile de rose aide en cas de blessures mineures et d&rsquo;infections cutan\u00e9es. La peau s\u00e8che s&rsquo;adoucit apr\u00e8s l&rsquo;application de ce produit et les d\u00e9mangeaisons sont \u00e9limin\u00e9es. Le beurre va ajouter un film protecteur sur la peau et emp\u00eacher les bact\u00e9ries d&rsquo;entrer.<\/span><\/p>\n<h3><b>Beurre de karit\u00e9 \u00e0 l&rsquo;huile de rose pour le massage<\/b><span style=\"font-weight: 400;\">\u00a0<\/span><\/h3>\n<p><span style=\"font-weight: 400;\">Le beurre de karit\u00e9 \u00e0 l&rsquo;huile de rose est un excellent moyen de massage, il procure un merveilleux effet relaxant, tandis que la peau devient douce et soyeuse.<\/span><\/p>\n<h3><b>Beurre de karit\u00e9 \u00e0 l&rsquo;huile de rose pour cheveux et cuir chevelu\u00a0<\/b><\/h3>\n<p><span style=\"font-weight: 400;\">Si le cuir chevelu est sec, il est recommand\u00e9 d&rsquo;appliquer un peu de beurre de karit\u00e9 \u00e0 l&rsquo;huile de rose sur le bout des doigts et de masser le cuir chevelu avec. Si vous avez les cheveux tr\u00e8s secs, appliquez \u00e9galement ce produit dessus. Utilisez ce traitement une fois par semaine le soir; pour \u00e9viter que les cheveux ne deviennent gras.<\/span><\/p>\n<h3><b>Beurre de karit\u00e9 \u00e0 l&rsquo;huile de rose pour les soins de la peau apr\u00e8s le bain<\/b><\/h3>\n<p><span style=\"font-weight: 400;\">Apr\u00e8s le bain ou la douche, appliquez le beurre de karit\u00e9 \u00e0 l&rsquo;huile de rose sur votre peau encore humide. Il recouvrira la peau d&rsquo;une couche protectrice toute la journ\u00e9e, la gardant souple et velout\u00e9e.<\/span><\/p>\n<h3><b>Beurre de karit\u00e9 relaxant \u00e0 l&rsquo;huile de rose<\/b><\/h3>\n<p><span style=\"font-weight: 400;\">La proportion d&rsquo;huile de rose dans le beurre de karit\u00e9 en tant qu&rsquo;huile essentielle a un effet relaxant sur les sens, ainsi, le merveilleux parfum de rose combin\u00e9 au beurre de karit\u00e9 cr\u00e9e une agr\u00e9able sensation aromatique.<\/span><\/p>\n","protected":false},"excerpt":{"rendered":"<p><span style=\"font-weight: 400;\">Les propri\u00e9t\u00e9s cicatrisantes et stimulantes in\u00e9gal\u00e9es de l&rsquo;huile de rose, combin\u00e9es \u00e0 l&rsquo;effet nourrissant du beurre de karit\u00e9. Rides, acn\u00e9, plaies, br\u00fblures b\u00e9n\u00e9ficieront grandement du soin agr\u00e9able de cette cr\u00e8me nourrissante.<br \/>\n<\/span><b>Marque<\/b><span style=\"font-weight: 400;\"> : Nefertiti pour les huiles et herbes naturelles<br \/>\n<\/span><b>Pays d&rsquo;origine<\/b><span style=\"font-weight: 400;\"> : \u00c9gypte<br \/>\n<\/span><b>Nom botanique<\/b><span style=\"font-weight: 400;\"> : Vitellaria paradoxa\/ Rosaceae<br \/>\n<\/span><b>Famille<\/b><span style=\"font-weight: 400;\"> : Sapotaceae\/ Rosaceae<br \/>\n<\/span><b>Parties utilis\u00e9es<\/b><span style=\"font-weight: 400;\"> : Noyaux\/p\u00e9tales<br \/>\n<\/span><b>Naturel<\/b><span style=\"font-weight: 400;\"> : Oui<br \/>\n<\/span><b>Puret\u00e9 <\/b><span style=\"font-weight: 400;\">: 100 % pur<br \/>\n<\/span><b>Certifi\u00e9 ISO<\/b><span style=\"font-weight: 400;\"> : ISO, COA et MSDS<br \/>\n<\/span><b>Ingr\u00e9dients<\/b><span style=\"font-weight: 400;\"> : triterp\u00e8nes , alcools triterp\u00e9niques, acide st\u00e9arique, allanto\u00efne, acide linol\u00e9nique, vitamine E, acide palmitique, b\u00eata-carot\u00e8ne\/vitamines A et C, b\u00eata-carot\u00e8ne, lycop\u00e8ne, les acides gras om\u00e9ga 6 et om\u00e9ga 9<\/span><\/p>\n","protected":false},"featured_media":292547,"comment_status":"open","ping_status":"closed","template":"","meta":[],"product_brand":[],"product_cat":[661,275],"product_tag":[],"class_list":{"0":"post-110889","1":"product","2":"type-product","3":"status-publish","4":"has-post-thumbnail","6":"product_cat-butter","7":"product_cat-cosmetics","8":"pa_bottle-size-100-g-fr","10":"first","11":"instock","12":"sale","13":"shipping-taxable","14":"purchasable","15":"product-type-variable"},"_links":{"self":[{"href":"https:\/\/nefertiti-eg.com\/fr\/wp-json\/wp\/v2\/product\/110889","targetHints":{"allow":["GET"]}}],"collection":[{"href":"https:\/\/nefertiti-eg.com\/fr\/wp-json\/wp\/v2\/product"}],"about":[{"href":"https:\/\/nefertiti-eg.com\/fr\/wp-json\/wp\/v2\/types\/product"}],"replies":[{"embeddable":true,"href":"https:\/\/nefertiti-eg.com\/fr\/wp-json\/wp\/v2\/comments?post=110889"}],"wp:featuredmedia":[{"embeddable":true,"href":"https:\/\/nefertiti-eg.com\/fr\/wp-json\/wp\/v2\/media\/292547"}],"wp:attachment":[{"href":"https:\/\/nefertiti-eg.com\/fr\/wp-json\/wp\/v2\/media?parent=110889"}],"wp:term":[{"taxonomy":"product_brand","embeddable":true,"href":"https:\/\/nefertiti-eg.com\/fr\/wp-json\/wp\/v2\/product_brand?post=110889"},{"taxonomy":"product_cat","embeddable":true,"href":"https:\/\/nefertiti-eg.com\/fr\/wp-json\/wp\/v2\/product_cat?post=110889"},{"taxonomy":"product_tag","embeddable":true,"href":"https:\/\/nefertiti-eg.com\/fr\/wp-json\/wp\/v2\/product_tag?post=110889"}],"curies":[{"name":"wp","href":"https:\/\/api.w.org\/{rel}","templated":true}]}}