{"id":110897,"date":"2021-09-21T14:08:33","date_gmt":"2021-09-21T12:08:33","guid":{"rendered":"https:\/\/nefertiti-eg.com\/shop\/non class\u00e9\/beurre-de-karite-fraise\/"},"modified":"2021-09-21T14:08:33","modified_gmt":"2021-09-21T12:08:33","slug":"beurre-de-karite-fraise","status":"publish","type":"product","link":"https:\/\/nefertiti-eg.com\/fr\/shop\/butter\/beurre-de-karite-fraise\/","title":{"rendered":"beurre de karit\u00e9 fraise"},"content":{"rendered":"<h3><b>beurre de karit\u00e9 fraise\u00a0<\/b><\/h3>\n<p><span style=\"font-weight: 400;\">Le beurre de karit\u00e9 est extrait des noix de l&rsquo;arbre de karit\u00e9. Il contient principalement des acides gras et ol\u00e9iques ainsi que de la vitamine E, ce qui en fait un produit de soin de la peau appr\u00e9ci\u00e9 car il hydrate et prot\u00e8ge la peau. Le beurre de karit\u00e9 p\u00e9n\u00e8tre profond\u00e9ment dans la peau et ses ingr\u00e9dients actifs nourrissent efficacement la peau, favorisent la cicatrisation des plaies et stimulent l&rsquo;activit\u00e9 cellulaire, prot\u00e9geant la peau de la d\u00e9shydratation et de la formation de rides. Excellente protection globale contre le froid, le vent, le soleil et les facteurs quotidiens.<\/span><\/p>\n<h3><b>Huile de fraise<\/b><\/h3>\n<p><span style=\"font-weight: 400;\">L&rsquo;huile de fraise est obtenue \u00e0 partir de graines de fraises par extraction par pression \u00e0 froid. C&rsquo;est l&rsquo;une des huiles antioxydantes les plus puissantes, riche en om\u00e9ga-3 et en acide linol\u00e9ique, et un hydratant 100% naturel. Riche en vitamines A, B, C, K et E, l&rsquo;huile de p\u00e9pins de fraise contient de l&rsquo;acide folique essentiel et, gr\u00e2ce \u00e0 son absorption rapide, est id\u00e9ale pour les soins de la peau dans tous les domaines. L&rsquo;effet cicatrisant des ingr\u00e9dients est important dans le traitement des affections cutan\u00e9es.<\/span><\/p>\n<h3><b>Que se passe-t-il lorsque vous infusez du beurre de karit\u00e9 avec de l&rsquo;huile de fraise ?<\/b><\/h3>\n<p><span style=\"font-weight: 400;\">Ils compl\u00e8tent les propri\u00e9t\u00e9s th\u00e9rapeutiques de l&rsquo;autre et, ensemble, gu\u00e9rissent et r\u00e9parent des affections telles que l&rsquo;acn\u00e9, l&rsquo;ecz\u00e9ma ou le psoriasis, tout en nourrissant la peau en g\u00e9n\u00e9ral. Le beurre de karit\u00e9 et l&rsquo;huile de fraise sont tous deux de puissants antioxydants et peuvent r\u00e9duire et contrecarrer l&rsquo;effet des radicaux libres, aidant \u00e0 prot\u00e9ger contre les dommages cutan\u00e9s, y compris l&rsquo;inflammation et le vieillissement pr\u00e9matur\u00e9. C&rsquo;est \u00e9galement une bonne combinaison pour r\u00e9duire l&rsquo;apparence des ridules, des cicatrices et des \u00e9tirements.<\/span><\/p>\n<h3><b>Beurre de karit\u00e9 \u00e0 l&rsquo;huile de fraise pour les soins de la peau<\/b><\/h3>\n<p><span style=\"font-weight: 400;\">La fonction protectrice du beurre de karit\u00e9 \u00e0 l&rsquo;huile de fraise offre \u00e0 la peau une barri\u00e8re naturelle contre les risques environnementaux et les bact\u00e9ries. Ses propri\u00e9t\u00e9s hydratantes en font un produit anti-\u00e2ge, car la peau perd plus activement son hydratation et son \u00e9lasticit\u00e9 avec l&rsquo;\u00e2ge, et l&rsquo;utilisation r\u00e9guli\u00e8re de beurre de karit\u00e9 \u00e0 l&rsquo;huile de fraise aidera \u00e0 \u00e9viter cela. L&rsquo;huile de fraise apporte \u00e0 la peau l&rsquo;hydratation n\u00e9cessaire. Ce m\u00e9lange est efficace pour les affections cutan\u00e9es telles que l&rsquo;acn\u00e9, le psoriasis, l&rsquo;ecz\u00e9ma et la dermatite, ainsi que pour les dommages cutan\u00e9s caus\u00e9s par les coups de soleil. En restaurant l&rsquo;\u00e9lasticit\u00e9 de la peau, le beurre de karit\u00e9 \u00e0 l&rsquo;huile de fraise aide \u00e0 lutter contre les vergetures et les cicatrices. Pour cela, placez un peu de Beurre de Karit\u00e9 \u00e0 l&rsquo;Huile de Fraise dans le creux de votre main puis appliquez-le sur votre peau.<\/span><\/p>\n<h3><b>Beurre de karit\u00e9 \u00e0 l&rsquo;huile de fraise pour le soin des cheveux\u00a0<\/b><\/h3>\n<p><span style=\"font-weight: 400;\">Le beurre de karit\u00e9 \u00e0 l&rsquo;huile de fraise est utilis\u00e9 pour fournir des soins capillaires qui hydratent et lissent les cheveux. Pour les cheveux et le cuir chevelu tr\u00e8s secs, il est recommand\u00e9 d&rsquo;appliquer un peu de beurre de karit\u00e9 \u00e0 l&rsquo;huile de fraise sur le bout des doigts, de masser le cuir chevelu puis d&rsquo;appliquer sur les cheveux. Pour \u00e9viter les pointes fourchues, frottez l\u00e9g\u00e8rement les pointes de vos cheveux apr\u00e8s les avoir lav\u00e9s et s\u00e9ch\u00e9s.<\/span><\/p>\n<h3><b>Beurre de karit\u00e9 \u00e0 l&rsquo;huile de fraise pour le soin des ongles\u00a0<\/b><\/h3>\n<p><span style=\"font-weight: 400;\">Pour les ongles cassants, il est recommand\u00e9 de nourrir r\u00e9guli\u00e8rement les ongles avec ce m\u00e9lange pour apporter aux ongles nutriments et hydratation (de pr\u00e9f\u00e9rence avant de se coucher).<\/span><\/p>\n<h3><b>Beurre de karit\u00e9 \u00e0 l&rsquo;huile de fraise pour la production cosm\u00e9tique<\/b><\/h3>\n<p><span style=\"font-weight: 400;\">Le beurre de karit\u00e9 \u00e0 l&rsquo;huile de fraise a \u00e9t\u00e9 formul\u00e9 pour les soins quotidiens. Ses propri\u00e9t\u00e9s nourrissantes et nettoyantes sont les meilleurs soins corporels quotidiens et prot\u00e8gent la peau apr\u00e8s la douche.<\/span><\/p>\n","protected":false},"excerpt":{"rendered":"<p><span style=\"font-weight: 400;\">Pour tous les soins de la peau. Nettoie, nourrit et fortifie la peau. Apaise et gu\u00e9rit les affections cutan\u00e9es. Restaure l&rsquo;\u00e9lasticit\u00e9 pour r\u00e9duire l&rsquo;apparence des ridules, des cicatrices et des vergetures.<br \/>\n<\/span><b>Marque <\/b><span style=\"font-weight: 400;\">: Nefertiti pour les huiles et herbes naturelles<br \/>\n<\/span><b>Pays d&rsquo;origine<\/b><span style=\"font-weight: 400;\"> : \u00c9gypte<br \/>\n<\/span><b>Nom botanique<\/b><span style=\"font-weight: 400;\"> : Vitellaria paradoxa\/Fragaria ananassa<br \/>\n<\/span><b>Famille<\/b><span style=\"font-weight: 400;\"> : Sapotaceae\/Rosaceae<br \/>\n<\/span><b>Parties utilis\u00e9es<\/b><span style=\"font-weight: 400;\"> : Noyau\/Fruits<br \/>\n<\/span><b>Naturel<\/b><span style=\"font-weight: 400;\"> : Oui<br \/>\n<\/span><b>Puret\u00e9 <\/b><span style=\"font-weight: 400;\">: 100 % pur<br \/>\n<\/span><b>Certifi\u00e9 ISO<\/b><span style=\"font-weight: 400;\"> : ISO, COA et MSDS<\/span><\/p>\n","protected":false},"featured_media":292515,"comment_status":"open","ping_status":"closed","template":"","meta":[],"product_brand":[],"product_cat":[661,275],"product_tag":[],"class_list":{"0":"post-110897","1":"product","2":"type-product","3":"status-publish","4":"has-post-thumbnail","6":"product_cat-butter","7":"product_cat-cosmetics","8":"pa_bottle-size-100-g-fr","10":"first","11":"instock","12":"sale","13":"shipping-taxable","14":"purchasable","15":"product-type-variable"},"_links":{"self":[{"href":"https:\/\/nefertiti-eg.com\/fr\/wp-json\/wp\/v2\/product\/110897","targetHints":{"allow":["GET"]}}],"collection":[{"href":"https:\/\/nefertiti-eg.com\/fr\/wp-json\/wp\/v2\/product"}],"about":[{"href":"https:\/\/nefertiti-eg.com\/fr\/wp-json\/wp\/v2\/types\/product"}],"replies":[{"embeddable":true,"href":"https:\/\/nefertiti-eg.com\/fr\/wp-json\/wp\/v2\/comments?post=110897"}],"wp:featuredmedia":[{"embeddable":true,"href":"https:\/\/nefertiti-eg.com\/fr\/wp-json\/wp\/v2\/media\/292515"}],"wp:attachment":[{"href":"https:\/\/nefertiti-eg.com\/fr\/wp-json\/wp\/v2\/media?parent=110897"}],"wp:term":[{"taxonomy":"product_brand","embeddable":true,"href":"https:\/\/nefertiti-eg.com\/fr\/wp-json\/wp\/v2\/product_brand?post=110897"},{"taxonomy":"product_cat","embeddable":true,"href":"https:\/\/nefertiti-eg.com\/fr\/wp-json\/wp\/v2\/product_cat?post=110897"},{"taxonomy":"product_tag","embeddable":true,"href":"https:\/\/nefertiti-eg.com\/fr\/wp-json\/wp\/v2\/product_tag?post=110897"}],"curies":[{"name":"wp","href":"https:\/\/api.w.org\/{rel}","templated":true}]}}