{"id":110903,"date":"2020-12-30T10:42:49","date_gmt":"2020-12-30T08:42:49","guid":{"rendered":"https:\/\/nefertiti-eg.com\/shop\/non%20class\u00e9\/ylang-ylang-oil\/"},"modified":"2022-03-05T13:23:20","modified_gmt":"2022-03-05T11:23:20","slug":"ylang-ylang-oil","status":"publish","type":"product","link":"https:\/\/nefertiti-eg.com\/fr\/shop\/aroma-oils-fr\/ylang-ylang-oil\/","title":{"rendered":"Huile d&rsquo;ylang-ylang"},"content":{"rendered":"<h3><b>Ylang-Ylang Origine &amp; Caract\u00e9ristiques<\/b><\/h3>\n<p><span style=\"font-weight: 400;\">L&rsquo;ylang-ylang est un arbre \u00e0 feuilles persistantes atteignant une hauteur de 40 m\u00e8tres, avec un tronc pouvant atteindre 75 centim\u00e8tres de diam\u00e8tre. Les inflorescences de l&rsquo;arbre sont une grappe avec des fleurs situ\u00e9es sur le p\u00e9doncule, la longueur des fleurs peut atteindre 7,5 centim\u00e8tres. Les fleurs sont de couleur jaune-vert avec six p\u00e9tales et une tache violette \u00e0 l&rsquo;int\u00e9rieur. L&rsquo;ylang-ylang fleurit presque toute l&rsquo;ann\u00e9e. Les fleurs sont r\u00e9colt\u00e9es \u00e0 l&rsquo;aube lorsqu&rsquo;elles contiennent le maximum d&rsquo;huiles essentielles et sentent le plus intense. L&rsquo;huile d&rsquo;ylang ylang est produite par distillation \u00e0 la vapeur.<\/span><\/p>\n<p><span style=\"font-weight: 400;\">Le parfum incomparable des fleurs d&rsquo;ylang-ylang est utilis\u00e9 pour cr\u00e9er de nombreux parfums de renomm\u00e9e mondiale. En outre, l&rsquo;ar\u00f4me d&rsquo;ylang-ylang est utilis\u00e9 en aromath\u00e9rapie, en cosm\u00e9tologie et dans la production de parfums pour le savon, la cr\u00e8me et d&rsquo;autres produits.<\/span><\/p>\n<h3><b>Huile d&rsquo;ylang-ylang et bienfaits<\/b><\/h3>\n<p><span style=\"font-weight: 400;\">\u00a0L&rsquo;huile d&rsquo;ylang-ylang est largement utilis\u00e9e dans les industries de la parfumerie et de l&rsquo;aromath\u00e9rapie. En aromath\u00e9rapie, le parfum est utilis\u00e9 pour soulager la tension et le stress, et pour cr\u00e9er une humeur positive. Il est indiqu\u00e9 en cas de d\u00e9pression, d&rsquo;apathie, d&rsquo;augmentation de la nervosit\u00e9. Il aide \u00e0 r\u00e9duire l&rsquo;hypertension art\u00e9rielle et \u00e0 am\u00e9liorer le sommeil, et \u00e0 \u00e9liminer les maux de t\u00eate et l&rsquo;impuissance.<\/span><\/p>\n<p><span style=\"font-weight: 400;\">L&rsquo;huile d&rsquo;ylang-ylang, de par son ar\u00f4me, ainsi que ses propri\u00e9t\u00e9s nourrissantes et protectrices, entre dans la composition des produits de soin de la peau et des cheveux. En cosm\u00e9tique, il normalise le travail des glandes s\u00e9bac\u00e9es, \u00e9limine l&rsquo;acn\u00e9 et autres \u00e9ruptions cutan\u00e9es, pr\u00e9vient le vieillissement cutan\u00e9 pr\u00e9matur\u00e9 et stimule la formation de nouvelles cellules \u00e9pidermiques. Dans les produits de soins capillaires, il restaure la structure des cheveux et pr\u00e9vient la chute des cheveux. De plus, l&rsquo;huile est utilis\u00e9e comme rem\u00e8de contre les piq\u00fbres d&rsquo;insectes et de serpents.<\/span><\/p>\n<p><span style=\"font-weight: 400;\">Les principaux composants chimiques de l&rsquo;huile essentielle d&rsquo;Ylang-ylang sont : linalol, ac\u00e9tate de g\u00e9ranyle, germacr\u00e8ne-D, b\u00eata-caryophyll\u00e8ne, ac\u00e9tate de benzyle, g\u00e9raniol, benzoate de m\u00e9thyle, farn\u00e9s\u00e8ne, eug\u00e9nol, benzoate de benzyle, elle contient \u00e9galement des acides (formique, ac\u00e9tique, benzo\u00efque et autres val\u00e9riques) et d&rsquo;autres substances. Ces ingr\u00e9dients conf\u00e8rent \u00e0 l&rsquo;huile d&rsquo;ylang-ylang les propri\u00e9t\u00e9s suivantes :<\/span><\/p>\n<ul>\n<li style=\"font-weight: 400;\" aria-level=\"1\"><span style=\"font-weight: 400;\">Calmant le syst\u00e8me nerveux, antid\u00e9presseur, anxiolytique et \u00e9nergisant \u00a0 \u00a0 \u00a0 \u00a0 Anti-inflammatoires et analg\u00e9siques<\/span><\/li>\n<li style=\"font-weight: 400;\" aria-level=\"1\"><span style=\"font-weight: 400;\">Antifongique, antiviral, antimicrobien, antibact\u00e9rien<\/span><\/li>\n<li style=\"font-weight: 400;\" aria-level=\"1\"><span style=\"font-weight: 400;\">D\u00e9congestionnants<\/span><\/li>\n<li style=\"font-weight: 400;\" aria-level=\"1\"><span style=\"font-weight: 400;\">Insecticides<\/span><\/li>\n<li style=\"font-weight: 400;\" aria-level=\"1\"><span style=\"font-weight: 400;\">Antispasmodiques<\/span><\/li>\n<li style=\"font-weight: 400;\" aria-level=\"1\"><span style=\"font-weight: 400;\">D\u00e9sinfectants<\/span><\/li>\n<li style=\"font-weight: 400;\" aria-level=\"1\"><span style=\"font-weight: 400;\">Aromath\u00e9rapie\u00a0<\/span><\/li>\n<\/ul>\n<h3><b>Aromath\u00e9rapie avec l&rsquo;huiled&rsquo;ylang-ylang<\/b><\/h3>\n<p><span style=\"font-weight: 400;\">\u00a0L&rsquo;inhalation de l&rsquo;ar\u00f4me de l&rsquo;huile d&rsquo;ylang-ylang est bonne pour l&rsquo;insomnie, la d\u00e9pression, l&rsquo;apathie, la tension nerveuse et aide \u00e0 am\u00e9liorer l&rsquo;humeur. L&rsquo;utilisation de cette huile est \u00e9galement indiqu\u00e9e pour les maladies provoqu\u00e9es par un surmenage nerveux &#8211; asthme, stress, perte de force, somnolence excessive.<\/span><\/p>\n<p><span style=\"font-weight: 400;\">Il a \u00e9t\u00e9 prouv\u00e9 que l&rsquo;inhalation de ce parfum abaisse la tension art\u00e9rielle et les niveaux d&rsquo;hormones de stress. Une \u00e9tude a compar\u00e9 les ar\u00f4mes d&rsquo;ylang ylang et de menthe poivr\u00e9e. Il s&rsquo;est av\u00e9r\u00e9 que la menthe am\u00e9liore la m\u00e9moire, tandis que l&rsquo;ylang-ylang calme les nerfs, mais en m\u00eame temps r\u00e9duit le fonctionnement de la m\u00e9moire et ralentit la vitesse de traitement de l&rsquo;information. Par cons\u00e9quent, bien que l&rsquo;ylang-ylang ait un effet relaxant, il est pr\u00e9f\u00e9rable de ne pas l&rsquo;utiliser avant les examens.\u00a0\u00a0\u00a0\u00a0<\/span><\/p>\n<h3><b>Propri\u00e9t\u00e9s fongicides et antibact\u00e9riennes<\/b><\/h3>\n<p><span style=\"font-weight: 400;\">L&rsquo;ac\u00e9tate de g\u00e9ranyle contenu dans l&rsquo;huile d&rsquo;ylang ylang poss\u00e8de des propri\u00e9t\u00e9s antifongiques et antimicrobiennes, ce qui en fait un traitement efficace contre les infections fongiques. En outre, cette huile est utilis\u00e9e comme m\u00e9dicament d&rsquo;appoint pour la dermatite et l&rsquo;ecz\u00e9ma.<\/span><\/p>\n<p><span style=\"font-weight: 400;\">Gr\u00e2ce \u00e0 ses propri\u00e9t\u00e9s anti-inflammatoires et antimicrobiennes, l&rsquo;huile essentielle d&rsquo;ylang-ylang aide \u00e0 \u00e9liminer l&rsquo;acn\u00e9 et autres \u00e9ruptions cutan\u00e9es, stabilise la s\u00e9cr\u00e9tion des glandes s\u00e9bac\u00e9es, gr\u00e2ce \u00e0 quoi la peau s\u00e8che devient plus hydrat\u00e9e et la peau grasse perd son \u00e9clat gras et devient frais et mat.<\/span><\/p>\n<h3><b>Propri\u00e9t\u00e9s anti-\u00e2ge<\/b><\/h3>\n<p><span style=\"font-weight: 400;\">L&rsquo;Ylang Ylang est bon pour la peau du visage. L&rsquo;utilisation de cette huile pr\u00e9vient le vieillissement pr\u00e9matur\u00e9 de la peau, stimule la croissance de nouvelles cellules de l&rsquo;\u00e9piderme et r\u00e9duit la s\u00e9v\u00e9rit\u00e9 des rides et des pores. Il normalise les glandes s\u00e9bac\u00e9es, resserre les pores, hydrate la peau s\u00e8che, tonifie, lisse les rides, pr\u00e9vient l&rsquo;apparition de nouvelles rides et am\u00e9liore la fermet\u00e9 et l&rsquo;\u00e9lasticit\u00e9 de la peau.<\/span><\/p>\n<h3><b>Propri\u00e9t\u00e9s analg\u00e9siques<\/b><\/h3>\n<p><span style=\"font-weight: 400;\">L&rsquo;ylang-ylang a la capacit\u00e9 d&rsquo;\u00e9liminer les migraines, les maux de t\u00eate, les coliques et les blessures. Il aide \u00e0 faciliter la respiration, normalise l&rsquo;\u00e9tat du syst\u00e8me bronchopulmonaire apr\u00e8s avoir souffert de maladies inflammatoires et soulage la toux du fumeur. Agissant comme un antispasmodique, l&rsquo;huile d&rsquo;Ylang-ylang soulage les crampes et les douleurs. Il peut r\u00e9duire les douleurs menstruelles, normaliser le cycle menstruel et faciliter la m\u00e9nopause.<\/span><\/p>\n<h3><b>Normalise la tension art\u00e9rielle<\/b><\/h3>\n<p><span style=\"font-weight: 400;\">L&rsquo;inhalation de vapeurs d&rsquo;huile d&rsquo;ylang-ylang am\u00e9liore la circulation sanguine, normalise la tension art\u00e9rielle et la fr\u00e9quence cardiaque. Il est utile de vaporiser cette huile 3 fois par jour pendant une demi-heure. La combinaison d&rsquo;un m\u00e9lange d&rsquo;huiles d&rsquo;ylang-ylang, de citron et de lavande fonctionne \u00e9galement bien.<\/span><\/p>\n<h3><b>Avantages pour les cheveux<\/b><\/h3>\n<p><span style=\"font-weight: 400;\">Lorsque l&rsquo;huile d&rsquo;ylang-ylang est ajout\u00e9e aux shampooings, revitalisants et masques, les cheveux deviennent lisses, brillants et faciles \u00e0 coiffer. Pour des soins capillaires intensifs, il est utile de m\u00e9langer l&rsquo;huile d&rsquo;ylang ylang avec de l&rsquo;huile de noix de coco ou de l&rsquo;huile de jojoba.<\/span><\/p>\n<h3><b>Avantages pour les ongles<\/b><\/h3>\n<p><span style=\"font-weight: 400;\">Tout le monde veut avoir des ongles beaux et forts. L&rsquo;huile d&rsquo;ylang ylang aide \u00e0 renforcer les ongles. En frottant r\u00e9guli\u00e8rement de l&rsquo;huile sur la plaque de l&rsquo;ongle et la cuticule, les ongles acqui\u00e8rent brillance et force, cessent de se casser et de peler.<\/span><\/p>\n<h3><b>L&rsquo;huile d&rsquo;ylang-ylang comme aphrodisiaque<\/b><\/h3>\n<p><span style=\"font-weight: 400;\">\u00a0Le parfum d&rsquo; ylang-ylang est un parfum pour la lune de miel et les rapports sexuels. Il \u00e9limine un complexe d&rsquo;inf\u00e9riorit\u00e9 et rapproche les gens. L&rsquo;utilisation de cette huile peut aider \u00e0 surmonter les situations de conflit naissant dans la famille et \u00e0 r\u00e9tablir l&rsquo;harmonie de la vie familiale. Un stimulant \u00e9rotique qui favorise la long\u00e9vit\u00e9 sexuelle.<\/span><\/p>\n<p><span style=\"font-weight: 400;\">L&rsquo;agr\u00e9able parfum d&rsquo;ylang-ylang en ravira plus d&rsquo;un. Il a un large \u00e9ventail d&rsquo;utilisations, de l&rsquo;apaisement \u00e0 l&rsquo;\u00e9l\u00e9vation. Essayez ces propri\u00e9t\u00e9s par vous-m\u00eame et trouvez de nouvelles utilisations pour vous-m\u00eame. Cr\u00e9ez une composition unique en ajoutant cette huile \u00e0 votre cr\u00e8me pr\u00e9f\u00e9r\u00e9e.<\/span><\/p>\n<p><span style=\"font-weight: 400;\">Comme toute huile essentielle, l&rsquo;huile d&rsquo;ylang-ylang ne doit \u00eatre utilis\u00e9e que dilu\u00e9e sinon, en raison de sa forte concentration, une irritation cutan\u00e9e peut survenir. En r\u00e8gle g\u00e9n\u00e9rale, un rapport de 2 gouttes pour 5 ml d&rsquo;une huile de base appropri\u00e9e (comme l&rsquo;huile de noix de coco, d&rsquo;amande ou de jojoba) doit \u00eatre respect\u00e9.<\/span><\/p>\n","protected":false},"excerpt":{"rendered":"<p><b>Marque<\/b><span style=\"font-weight: 400;\"> : Nefertiti pour les huiles et herbes naturelles<br \/>\n<\/span><b>Pays d&rsquo;origine<\/b><span style=\"font-weight: 400;\"> : \u00c9gypte<br \/>\n<\/span><b>Nom botanique<\/b><span style=\"font-weight: 400;\"> : Cananga odorata<br \/>\n<\/span><b>Famille <\/b><span style=\"font-weight: 400;\">: Annonaceae<br \/>\n<\/span><b>INCI <\/b><span style=\"font-weight: 400;\">: Cananga odorata Huile aromatique pure<br \/>\n<\/span><b>Composants utilis\u00e9s<\/b><span style=\"font-weight: 400;\"> : Fleurs<br \/>\n<\/span><b>M\u00e9thode d&rsquo;extraction<\/b><span style=\"font-weight: 400;\"> : Distillation \u00e0 la vapeur<br \/>\n<\/span><b>Parfum<\/b><span style=\"font-weight: 400;\"> : Doux, riche, \u00e9pic\u00e9<br \/>\n<\/span><b>Aspect<\/b><span style=\"font-weight: 400;\"> : Jaune dor\u00e9<br \/>\n<\/span><b>\u00c9tat physique<\/b><span style=\"font-weight: 400;\"> : Liquide<br \/>\n<\/span><b>Naturel<\/b><span style=\"font-weight: 400;\"> : Oui<br \/>\n<\/span><b>Puret\u00e9<\/b><span style=\"font-weight: 400;\"> : 100 % Pure<br \/>\n<\/span><b>Certificats<\/b><span style=\"font-weight: 400;\"> : ISO &amp; MSDS<br \/>\n<\/span><b>Composition <\/b><span style=\"font-weight: 400;\">: huile aromatique pure<br \/>\n<\/span><b>Exp\u00e9dition<\/b><span style=\"font-weight: 400;\"> : Calcul\u00e9 \u00e0 la caisse<\/span><\/p>\n","protected":false},"featured_media":275671,"comment_status":"open","ping_status":"closed","template":"","meta":[],"product_brand":[],"product_cat":[509],"product_tag":[],"class_list":{"0":"post-110903","1":"product","2":"type-product","3":"status-publish","4":"has-post-thumbnail","6":"product_cat-aroma-oils-fr","7":"pa_bottle-size-10-ml-fr","8":"pa_bottle-size-1000-ml-2-fr","9":"pa_bottle-size-125-ml-fr-2","10":"pa_bottle-size-250-ml-fr","11":"pa_bottle-size-50-ml","12":"pa_bottle-size-500-ml","14":"first","15":"instock","16":"sale","17":"shipping-taxable","18":"purchasable","19":"product-type-variable"},"_links":{"self":[{"href":"https:\/\/nefertiti-eg.com\/fr\/wp-json\/wp\/v2\/product\/110903","targetHints":{"allow":["GET"]}}],"collection":[{"href":"https:\/\/nefertiti-eg.com\/fr\/wp-json\/wp\/v2\/product"}],"about":[{"href":"https:\/\/nefertiti-eg.com\/fr\/wp-json\/wp\/v2\/types\/product"}],"replies":[{"embeddable":true,"href":"https:\/\/nefertiti-eg.com\/fr\/wp-json\/wp\/v2\/comments?post=110903"}],"wp:featuredmedia":[{"embeddable":true,"href":"https:\/\/nefertiti-eg.com\/fr\/wp-json\/wp\/v2\/media\/275671"}],"wp:attachment":[{"href":"https:\/\/nefertiti-eg.com\/fr\/wp-json\/wp\/v2\/media?parent=110903"}],"wp:term":[{"taxonomy":"product_brand","embeddable":true,"href":"https:\/\/nefertiti-eg.com\/fr\/wp-json\/wp\/v2\/product_brand?post=110903"},{"taxonomy":"product_cat","embeddable":true,"href":"https:\/\/nefertiti-eg.com\/fr\/wp-json\/wp\/v2\/product_cat?post=110903"},{"taxonomy":"product_tag","embeddable":true,"href":"https:\/\/nefertiti-eg.com\/fr\/wp-json\/wp\/v2\/product_tag?post=110903"}],"curies":[{"name":"wp","href":"https:\/\/api.w.org\/{rel}","templated":true}]}}