{"id":110994,"date":"2020-12-26T12:50:27","date_gmt":"2020-12-26T10:50:27","guid":{"rendered":"https:\/\/nefertiti-eg.com\/shop\/non%20class\u00e9\/yoghurt-and-cucumber-cream\/"},"modified":"2022-07-24T13:22:57","modified_gmt":"2022-07-24T11:22:57","slug":"yoghurt-and-cucumber-cream","status":"publish","type":"product","link":"https:\/\/nefertiti-eg.com\/fr\/shop\/creams-fr\/yoghurt-and-cucumber-cream\/","title":{"rendered":"Cr\u00e8me au yaourt et au concombre"},"content":{"rendered":"<h3><b>Cr\u00e8me au yaourt et au concombre<\/b><\/h3>\n<p><span style=\"font-weight: 400;\">Le m\u00e9lange parfait pour tout type de peau, les propri\u00e9t\u00e9s r\u00e9confortantes du yaourt et du concombre le rendent particuli\u00e8rement b\u00e9n\u00e9fique pour toute personne souffrant d&rsquo;un inconfort extr\u00eame d\u00fb \u00e0 l&rsquo;acn\u00e9 et \u00e0 la pigmentation, ou ayant une peau enflamm\u00e9e, irrit\u00e9e ou sensible.<\/span><\/p>\n<p><span style=\"font-weight: 400;\">Le yaourt et le concombre agissent \u00e0 l&rsquo;unisson pour exfolier la peau, afin d&rsquo;\u00e9liminer la salet\u00e9 et les cellules mortes de la peau, nettoyer et hydrater. Le concombre aux propri\u00e9t\u00e9s astringentes et anti-inflammatoires favorisera la r\u00e9g\u00e9n\u00e9ration cellulaire, tandis que le yaourt apaisera et hydratera, neutralisera les bact\u00e9ries, r\u00e9tablira l&rsquo;\u00e9quilibre du pH et laissera votre peau \u00e9clatante.<\/span><\/p>\n<p><span style=\"font-weight: 400;\">Le yaourt contient des taux \u00e9lev\u00e9s de zinc : anti-inflammatoire et favorisant la reproduction cellulaire et la r\u00e9g\u00e9n\u00e9ration des tissus, tout en r\u00e9gulant le s\u00e9bum et donc en gu\u00e9rissant l&rsquo;acn\u00e9 et les boutons ; le calcium, dont est constitu\u00e9 l&rsquo;essentiel de l&rsquo;\u00e9piderme, \u00e9vitant le dess\u00e8chement et la d\u00e9shydratation de la peau ; Vitamines B B2, B5 et B12 : ce sont elles qui assurent une peau \u00e9clatante et saine, hydratante, prot\u00e9geant des radicaux libres et favorisant \u00e9galement la r\u00e9g\u00e9n\u00e9ration cellulaire ; acide lactique : un excellent exfoliant et hydratant, agissant \u00e9galement comme un promoteur anti-vieillissement, r\u00e9duisant les rides et pr\u00e9venant la formation de nouvelles rides et ridules ; et probiotiques : \u00e9liminer efficacement les bact\u00e9ries.<\/span><\/p>\n<p><span style=\"font-weight: 400;\">Le concombre contient un niveau \u00e9lev\u00e9 de vitamine C, qui favorise la production de collag\u00e8ne, et est \u00e9galement charg\u00e9 de nutriments comme l&rsquo;eau, le potassium, le sulfate et les vitamines A, les antioxydants et les polysaccharides, qui agissent \u00e0 l&rsquo;unisson pour aider \u00e0 apaiser la peau br\u00fbl\u00e9e ou irrit\u00e9e, rajeunir un teint terne et sans vie, estompe les imperfections, les cicatrices et les taches de rousseur, et r\u00e9pare et am\u00e9liore globalement la texture de la peau.<\/span><\/p>\n<p><span style=\"font-weight: 400;\">Les points forts de ce m\u00e9lange concentr\u00e9 de yaourt et de concombre incluent :<\/span><\/p>\n<h3><b>Ajoute de l&rsquo;humidit\u00e9, \u00e9claircit et restaure\u00a0<\/b><\/h3>\n<p><span style=\"font-weight: 400;\">l&rsquo;hydratation, am\u00e9liore l&rsquo;\u00e9lasticit\u00e9 et la fermet\u00e9, pour \u00e9claircir et insuffler instantan\u00e9ment la vie \u00e0 une peau terne et sans vie, en plus de la prot\u00e9ger des dommages caus\u00e9s par les radicaux libres. La production de collag\u00e8ne est \u00e9galement restaur\u00e9e, prot\u00e9geant du vieillissement pr\u00e9matur\u00e9 de la peau.<\/span><\/p>\n<h3><b>Traite les affections cutan\u00e9es inflammatoires<\/b><\/h3>\n<p><span style=\"font-weight: 400;\">Les propri\u00e9t\u00e9s anti-inflammatoires et astringentes douces, combin\u00e9es \u00e0 la quantit\u00e9 \u00e9lev\u00e9e de zinc, r\u00e9duisent l&rsquo;enflure, les rougeurs et les poches. La peau irrit\u00e9e, endommag\u00e9e, gerc\u00e9e, br\u00fbl\u00e9e par le soleil\/le vent, ainsi que les affections cutan\u00e9es telles que l&rsquo;ecz\u00e9ma et la rosac\u00e9e sont apais\u00e9es au plus haut niveau.<\/span><\/p>\n<h3><b>Peau sans infection<\/b><\/h3>\n<p><span style=\"font-weight: 400;\">Les propri\u00e9t\u00e9s antifongiques et antibact\u00e9riennes neutralisent toute infection fongique. L&rsquo;acn\u00e9 et les \u00e9ruptions cutan\u00e9es sont calm\u00e9es par les propri\u00e9t\u00e9s anti-inflammatoires, les bact\u00e9ries sont d\u00e9truites et la quantit\u00e9 d&rsquo;huile produite par les glandes s\u00e9bac\u00e9es est \u00e9quilibr\u00e9e, emp\u00eachant ainsi de nouvelles \u00e9ruptions cutan\u00e9es. De plus, les pores deviennent tendus et resserr\u00e9s, r\u00e9duisant ainsi leur taille en apparence g\u00e9n\u00e9rale et emp\u00eachant davantage les pores de se boucher, favorisant ainsi une peau sans imperfections.<\/span><\/p>\n<h3><b>Estompe les imperfections, la pigmentation et les cicatrices<\/b><\/h3>\n<p><span style=\"font-weight: 400;\">Les propri\u00e9t\u00e9s exfoliantes naturelles douces aident \u00e0 \u00e9liminer la couche sup\u00e9rieure de la peau, assurant la bonne \u00e9limination des cellules mortes de la peau et r\u00e9duisant et inversant efficacement l&rsquo;apparence des imperfections, des taches de soleil ou de vieillesse, des cicatrices et de la pigmentation, tout en stimulant la r\u00e9g\u00e9n\u00e9ration cellulaire et en r\u00e9parant , lissant et \u00e9claircissant la peau.<\/span><\/p>\n<h3><b>Protection contre les rayons UV\u00a0<\/b><\/h3>\n<p><span style=\"font-weight: 400;\">Aide \u00e0 minimiser les effets des rayons UV, cr\u00e9ant une barri\u00e8re neutralisante radicale que le soleil ne peut pas p\u00e9n\u00e9trer et prot\u00e9geant contre les taches de vieillesse li\u00e9es au soleil, les coups de soleil et le vieillissement cutan\u00e9. Veuillez noter que cela ne supprime pas le besoin d&rsquo;une protection SPF ad\u00e9quate lors d&rsquo;une exposition prolong\u00e9e au soleil.<\/span><\/p>\n","protected":false},"excerpt":{"rendered":"<p><span style=\"font-weight: 400;\">Yaourt &amp; Concombre, la parfaite collaboration, nettoyant, hydratant et exfoliant la peau. D&rsquo;une part, astringente et anti-inflammatoire, \u00e0 la fois apaisante, antibact\u00e9rienne et r\u00e9tablissant l&rsquo;\u00e9quilibre du pH. Optez pour une apparence saine!<\/span><\/p>\n","protected":false},"featured_media":276095,"comment_status":"open","ping_status":"closed","template":"","meta":[],"product_brand":[],"product_cat":[1199,275],"product_tag":[],"class_list":{"0":"post-110994","1":"product","2":"type-product","3":"status-publish","4":"has-post-thumbnail","6":"product_cat-creams-fr","7":"product_cat-cosmetics","9":"first","10":"instock","11":"shipping-taxable","12":"purchasable","13":"product-type-simple"},"_links":{"self":[{"href":"https:\/\/nefertiti-eg.com\/fr\/wp-json\/wp\/v2\/product\/110994","targetHints":{"allow":["GET"]}}],"collection":[{"href":"https:\/\/nefertiti-eg.com\/fr\/wp-json\/wp\/v2\/product"}],"about":[{"href":"https:\/\/nefertiti-eg.com\/fr\/wp-json\/wp\/v2\/types\/product"}],"replies":[{"embeddable":true,"href":"https:\/\/nefertiti-eg.com\/fr\/wp-json\/wp\/v2\/comments?post=110994"}],"wp:featuredmedia":[{"embeddable":true,"href":"https:\/\/nefertiti-eg.com\/fr\/wp-json\/wp\/v2\/media\/276095"}],"wp:attachment":[{"href":"https:\/\/nefertiti-eg.com\/fr\/wp-json\/wp\/v2\/media?parent=110994"}],"wp:term":[{"taxonomy":"product_brand","embeddable":true,"href":"https:\/\/nefertiti-eg.com\/fr\/wp-json\/wp\/v2\/product_brand?post=110994"},{"taxonomy":"product_cat","embeddable":true,"href":"https:\/\/nefertiti-eg.com\/fr\/wp-json\/wp\/v2\/product_cat?post=110994"},{"taxonomy":"product_tag","embeddable":true,"href":"https:\/\/nefertiti-eg.com\/fr\/wp-json\/wp\/v2\/product_tag?post=110994"}],"curies":[{"name":"wp","href":"https:\/\/api.w.org\/{rel}","templated":true}]}}