{"id":56869,"date":"2019-05-30T20:37:13","date_gmt":"2019-05-30T18:37:13","guid":{"rendered":"https:\/\/wordpress-237795-1094026.cloudwaysapps.com\/shop\/non%20class\u00e9\/lettuce-seed-oil\/"},"modified":"2023-01-09T15:54:04","modified_gmt":"2023-01-09T13:54:04","slug":"lettuce-seed-oil","status":"publish","type":"product","link":"https:\/\/nefertiti-eg.com\/fr\/shop\/natural-oils\/lettuce-seed-oil\/","title":{"rendered":"Huile de graines de laitue"},"content":{"rendered":"<h3><strong>Les avantage de l&rsquo;huile de graines de laitue<\/strong><\/h3>\n<p><span style=\"font-weight: 400;\">L&rsquo;huile de graines de laitue est surtout connue pour ses propri\u00e9t\u00e9s s\u00e9datives. L&rsquo;huile de laitue aide facilement ceux qui souffrent d&rsquo;insomnie \u00e0 se d\u00e9barrasser des probl\u00e8mes de troubles du sommeil. Elle poss\u00e8de un effet s\u00e9datif puissant et calme l\u2019anxi\u00e9t\u00e9. Elle est utilis\u00e9e pour \u00e9liminer les douleurs fant\u00f4mes et soulager les crampes. Cette huile est un aphrodisiaque, aussi efficace pour les maladies de l&rsquo;estomac que pour le diab\u00e8te, avec restauration du foie. Elle am\u00e9liore l&rsquo;\u00e9tat de la peau, a un diur\u00e9tique et des propri\u00e9t\u00e9s expectorantes.<\/span><\/p>\n<h3><strong>L\u2019Huile de graines de laitue et les tissus musculaires<\/strong><\/h3>\n<p><span style=\"font-weight: 400;\">L&rsquo;huile de laitue aide \u00e0 r\u00e9duire les douleurs musculaires qui surviennent apr\u00e8s des blessures non trait\u00e9es commes les traumatismes li\u00e9s \u00e0 une activit\u00e9 physique forte, une rupture des fibres musculaires, ou bien de simples tensions musculaires ou des courbatures. Assez souvent, l&rsquo;huile de graines de laitue est utilis\u00e9e pour les tics nerveux. L&rsquo;huile de graines de laitue est analg\u00e9siques et un anti-inflammatoires puissant.\u00a0<\/span><\/p>\n<h3><strong>Huile de graines de laitue et ses propri\u00e9t\u00e9s nutritionnelles<\/strong><\/h3>\n<p><span style=\"font-weight: 400;\">L&rsquo;huile de graines de laitue est une excellente source de vitamine A, vitamine K et potassium, il est riche en vitamine C, calcium, fer et cuivre. Boire cette huile aide \u00e0 r\u00e9duire la sensation de faim et aide \u00e0 lutter contre le surpoids. La consommation r\u00e9guli\u00e8re d&rsquo;huile de graines de laitue naturelle favorise l\u2019am\u00e9lioration du m\u00e9tabolisme et abaisse le cholest\u00e9rol sanguin. Elle est efficace dans la pr\u00e9vention de l&rsquo;ath\u00e9roscl\u00e9rose et de l&rsquo;hypertension.<\/span><\/p>\n<h3><strong>L\u2019utilisation d&rsquo;huile de graines de laitue<\/strong><\/h3>\n<p><span style=\"font-weight: 400;\">L&rsquo;huile de graines de laitue contient des vitamines A et C, des vitamines des groupes B, C, E, K, om\u00e9ga-3, om\u00e9ga-6, potassium, calcium, sodium, acide folique, magn\u00e9sium, iode et fer, s\u00e9l\u00e9nium, zinc. Cette composition unique soutient le syst\u00e8me nerveux et offre calme et s\u00e9r\u00e9nit\u00e9 lors de situations stressantes. L\u2019huile de graines de laitue contient beaucoup d&rsquo;acide folique, qui r\u00e9gule le m\u00e9tabolisme, participe aux syst\u00e8mes nerveux et h\u00e9matopo\u00ef\u00e9tique. En raison de ses s\u00e9datifs actifs, cette huile est recommand\u00e9 pour les personnes souffrant d\u2019un \u00e9tat constant d&rsquo;anxi\u00e9t\u00e9. Elle est efficace comme rem\u00e8de r\u00e9parateur pour l&rsquo;\u00e9puisement nerveux, la d\u00e9pression, les tic nerveux, et l\u2019inflammation des nerfs. L&rsquo;huile de laitue aide \u00e0 r\u00e9tablir la qualit\u00e9 du sommeil chez ceux qui souffrent d&rsquo;insomnie, et permettent de retrouver des nuits douces et r\u00e9paratrices.<\/span><\/p>\n<h3><strong>L\u2019huile de graines de laitue en application locale<\/strong><\/h3>\n<p><span style=\"font-weight: 400;\">L\u2019utilisation directe d\u2019huile de graines de laitue sur la peau, apaise naturellement les r\u00e9actions inflammatoires cutan\u00e9es, les irritations et aide la r\u00e9paration des l\u00e9sions cutan\u00e9es (ecz\u00e9ma, psoriasis, dermatite atopique). L&rsquo;huile de graines de laitue est recommand\u00e9e pour apaiser les r\u00e9actions cutan\u00e9es suite aux allergies et soulager l&rsquo;irritation et les d\u00e9mangeaisons. En cosm\u00e9tique, l&rsquo;huile de graines naturelle la laitue se r\u00e9v\u00e8le \u00eatre un hydratant particuli\u00e8rement efficace, elle aide \u00e0 r\u00e9duire l&rsquo;apparence de l&rsquo;hyperpigmentation et r\u00e9\u00e9quilibre la couleur de la peau. Cette huile d\u00e9licate peut m\u00eame \u00eatre utilis\u00e9e pour les soins de la peau des enfants et des nourrissons.<\/span><\/p>\n<h3><strong>Huile de graines de laitue pour la croissance des cheveux<\/strong><\/h3>\n<p><span style=\"font-weight: 400;\">L&rsquo;huile de graines de laitue pr\u00e9vient la chute des cheveux et stimule leur pousse. Les nutriments qu&rsquo;elle contient sont des stimulants r\u00e9g\u00e9n\u00e9ratifs puissants pour la croissance et la r\u00e9cup\u00e9ration du cheveu ab\u00eem\u00e9. Riche en acides gras essentiels, l&rsquo;huile de graines de laitue est essentielle pour maintenir la croissance et la sant\u00e9 des cheveux.<\/span><\/p>\n","protected":false},"excerpt":{"rendered":"<p><span style=\"font-size: 12pt;\"><strong>Nom botanique :<\/strong> Lactuca sativa.<br \/>\n<\/span><span style=\"font-size: 12pt;\"><strong>Nom de famille :<\/strong> Compositae<br \/>\n<\/span><span style=\"font-size: 12pt;\"><strong>INCI :<\/strong> Huile de graine de laitue Lactuca sativa. <\/span><span style=\"font-size: 12pt;\"><strong>Noms communs :<\/strong> Locika sal\u00e0t, Havesalat, Laitue cultiv\u00e9e, Salade, Gr\u00fcner Salat, Lattuga, Abirako, etc.<br \/>\n<\/span><span style=\"font-size: 12pt;\"><strong>Parties utilis\u00e9es :<\/strong> Graines.<br \/>\n<\/span><span style=\"font-size: 12pt;\"><strong>M\u00e9thode d&rsquo;extraction :<\/strong> distillation \u00e0 la vapeur. <\/span><span style=\"font-size: 12pt;\"><strong>Parfum :<\/strong> L\u00e9ger-terreux.<br \/>\n<\/span><span style=\"font-size: 12pt;\"><strong>Apparence :<\/strong> jaune verd\u00e2tre.<br \/>\n<\/span><span style=\"font-size: 12pt;\"><strong>Etat physique :<\/strong> liquide<br \/>\n<\/span><span style=\"font-size: 12pt;\"><strong>Naturel :<\/strong> oui<br \/>\n<\/span><span style=\"font-size: 12pt;\"><strong>Puret\u00e9 :<\/strong> 100%<br \/>\n<\/span><span style=\"font-size: 12pt;\"><strong>Certifi\u00e9 ISO :<\/strong> oui<\/span><\/p>\n","protected":false},"featured_media":274925,"comment_status":"open","ping_status":"closed","template":"","meta":[],"product_brand":[],"product_cat":[272,671],"product_tag":[],"class_list":{"0":"post-56869","1":"product","2":"type-product","3":"status-publish","4":"has-post-thumbnail","6":"product_cat-natural-oils","7":"product_cat-natural-health-care-fr","8":"pa_bottle-size-11-500-ml-fr","9":"pa_bottle-size-1000-ml-2-fr","10":"pa_bottle-size-125-ml-fr-2","11":"pa_bottle-size-200-ml","12":"pa_bottle-size-300-ml","13":"pa_bottle-size-500-ml","15":"first","16":"instock","17":"sale","18":"shipping-taxable","19":"purchasable","20":"product-type-variable","21":"has-default-attributes"},"_links":{"self":[{"href":"https:\/\/nefertiti-eg.com\/fr\/wp-json\/wp\/v2\/product\/56869","targetHints":{"allow":["GET"]}}],"collection":[{"href":"https:\/\/nefertiti-eg.com\/fr\/wp-json\/wp\/v2\/product"}],"about":[{"href":"https:\/\/nefertiti-eg.com\/fr\/wp-json\/wp\/v2\/types\/product"}],"replies":[{"embeddable":true,"href":"https:\/\/nefertiti-eg.com\/fr\/wp-json\/wp\/v2\/comments?post=56869"}],"wp:featuredmedia":[{"embeddable":true,"href":"https:\/\/nefertiti-eg.com\/fr\/wp-json\/wp\/v2\/media\/274925"}],"wp:attachment":[{"href":"https:\/\/nefertiti-eg.com\/fr\/wp-json\/wp\/v2\/media?parent=56869"}],"wp:term":[{"taxonomy":"product_brand","embeddable":true,"href":"https:\/\/nefertiti-eg.com\/fr\/wp-json\/wp\/v2\/product_brand?post=56869"},{"taxonomy":"product_cat","embeddable":true,"href":"https:\/\/nefertiti-eg.com\/fr\/wp-json\/wp\/v2\/product_cat?post=56869"},{"taxonomy":"product_tag","embeddable":true,"href":"https:\/\/nefertiti-eg.com\/fr\/wp-json\/wp\/v2\/product_tag?post=56869"}],"curies":[{"name":"wp","href":"https:\/\/api.w.org\/{rel}","templated":true}]}}