{"id":56880,"date":"2019-05-30T20:22:39","date_gmt":"2019-05-30T18:22:39","guid":{"rendered":"https:\/\/wordpress-237795-1094026.cloudwaysapps.com\/shop\/non%20class\u00e9\/huile-de-fenugrec\/"},"modified":"2023-01-09T15:54:03","modified_gmt":"2023-01-09T13:54:03","slug":"helba-fenugreek-oil","status":"publish","type":"product","link":"https:\/\/nefertiti-eg.com\/fr\/shop\/natural-oils\/helba-fenugreek-oil\/","title":{"rendered":"Huile de fenugrec"},"content":{"rendered":"<h3><b>Les vertus puissantes de l&rsquo;huile de Fenugrec<\/b><\/h3>\n<p><span style=\"font-weight: 400;\">Les propri\u00e9t\u00e9s et utilisations b\u00e9n\u00e9fiques de l&rsquo;huile de Fenugrec reposent sur sa composition bio-chimique: vitamines A, C, E, groupe B, acide folique, un complexe de macro et micro-\u00e9l\u00e9ments (fer, s\u00e9l\u00e9nium, cuivre, magn\u00e9sium, potassium, calcium, zinc, iode, fluor, etc.), phytost\u00e9rols, graisses essentielles, acides trigonelles, antioxydants, lipides b\u00e9n\u00e9fiques. Le Fenugrec est l&rsquo;un des meilleurs rem\u00e8des contre le rhume et le foenum-graecum L. ainsi que les maladies pulmonaires, il est utilis\u00e9 pour la grippe, bronchite, laryngite, sinusite, pneumonie et asthme bronchique avec toux chronique. L&rsquo;huile de Fenugrec nettoie l&rsquo;estomac des toxines, les intestins et les reins, recouvre doucement les parois endommag\u00e9es de l&rsquo;estomac et des intestins avec un film protecteur. L&rsquo;huile de Fenugrec est indispensable pour diab\u00e9tiques, abaissant naturellement le taux de sucre dans le sang. Recommand\u00e9 pour l&rsquo;an\u00e9mie et l&rsquo;\u00e9puisement physique, il est un excellent rem\u00e8de pour les personnes en \u00e9tat de r\u00e9tablissement apr\u00e8s la maladie. C\u2019est aussi un anti-inflammatoire efficace.<\/span><\/p>\n<h3><b>L\u2019huile de Fenugrec et les femmes<\/b><\/h3>\n<p><span style=\"font-weight: 400;\">La recherche moderne a confirm\u00e9 que l&rsquo;huile de Fenugrec est un excellent rem\u00e8de contre les maladies f\u00e9minines. Les graines de Fenugrec contiennent de la diosg\u00e9nine, dont la structure et l&rsquo;action sont similaires l\u2019\u0153strog\u00e8ne, ce qui en fait un puissant stimulant hormonal, favorisant la normalisation du cycle menstruel et aidant ainsi \u00e0 r\u00e9duire l&rsquo;inconfort des sympt\u00f4mes pr\u00e9menstruels et de la m\u00e9nopause. L\u2019huile de Fenugrec soulage consid\u00e9rablement les douleurs durant la menstruation.<\/span> <span style=\"font-weight: 400;\">Dans les pays de l&rsquo;Est, les femmes ont utilis\u00e9 et utilisent encore l\u2019huile Helba apr\u00e8s l&rsquo;accouchement pour restaurer le corps \u00e9puis\u00e9 et augmenter la lactation. L&rsquo;huile de Fenugrec est recommand\u00e9e pour l&rsquo;infertilit\u00e9, caus\u00e9e par des troubles hormonaux f\u00e9minins, elle active la production de phytoestrog\u00e8nes et stabilise les hormones et augmente la libido.<\/span><\/p>\n<h3><b>L\u2019huile essentielle de Fenugrec et son action sur la poitrine<\/b><\/h3>\n<p><span style=\"font-weight: 400;\">Dans les temps anciens, les femmes du harem oriental utilisaient de l&rsquo;huile de Fenugrec pour la mise en forme du corps et l&rsquo;augmentation mammaire. Actuellement le beurre de Fenugrec est la plus populaire solution naturelle pour l\u2019augmentation mammaire. En raffermissant la poitrine, il permet aux femmes d\u2019avoir une poitrine belle et ronde tout naturellement.<\/span><\/p>\n<h3><b>L&rsquo;huile de Fenugrec et la m\u00e9nopause<\/b><\/h3>\n<p><span style=\"font-weight: 400;\">L&rsquo;huile de Fenugrec est tout simplement irrempla\u00e7able pendant la pr\u00e9m\u00e9nopause et la m\u00e9nopause. Il soutient parfaitement la sant\u00e9 des femmes, soulage durant p\u00e9riode de transition et \u00e9limine l&rsquo;inconfort pendant la m\u00e9nopause. <\/span><span style=\"font-weight: 400;\">Cette huile r\u00e9-\u00e9quilibre les hormones f\u00e9minines et stabilise le syst\u00e8me nerveux ce qui a pour cons\u00e9quence d\u2019am\u00e9liorer le moral comme le physique. Elle favorise l\u2019apparence de la peau et des cheveux des femmes m\u00e9nopaus\u00e9es, r\u00e9gule l\u2019humeur et soulage du stress, am\u00e9liorant ainsi sa qualit\u00e9 de vie g\u00e9n\u00e9rale.<\/span><\/p>\n","protected":false},"excerpt":{"rendered":"<p><span style=\"font-size: 12pt;\"><strong>Huile essentielle de Helba (Fenugrec).<\/strong><\/span><br \/>\n<span style=\"font-size: 12pt;\"><strong>Marque :<\/strong> N\u00e9fertiti pour les huiles naturelles et les herbes<br \/>\n<\/span><span style=\"font-size: 12pt;\"><strong>Livraison :<\/strong> Calcul\u00e9 \u00e0 la caisse<br \/>\n<\/span><span style=\"font-size: 12pt;\"><strong>Pays d&rsquo;origine :<\/strong> Europe du Sud-Est, Afrique du Nord, Asie occidentale<br \/>\n<\/span><span style=\"font-size: 12pt;\"><strong>Nom botanique :<\/strong> Trigonella foenum-graecum.<br \/>\n<\/span><span style=\"font-size: 12pt;\"><strong>Nom de famille :<\/strong> Fabacae<br \/>\n<\/span><span style=\"font-size: 12pt;\"><strong>INCI :<\/strong> Huile de graine de Trigonella Foenum-Graecum hydrolys\u00e9e<br \/>\n<\/span><span style=\"font-size: 12pt;\"><strong>Noms communs :<\/strong> pied de l\u2019oiseau, Bockshornklee, graines de foin grecques, corne de ch\u00e8vre, Methi, O\u017ekarag\u0117, etc.<br \/>\n<\/span><span style=\"font-size: 12pt;\"><strong>Parties utilis\u00e9es :<\/strong> graines<br \/>\n<\/span><span style=\"font-size: 12pt;\"><strong>M\u00e9thode d&rsquo;extraction :<\/strong> distillation \u00e0 la vapeur<br \/>\n<\/span><span style=\"font-size: 12pt;\"><strong>Parfum :<\/strong> faible noisette<br \/>\n<\/span><span style=\"font-size: 12pt;\"><strong>Apparence :<\/strong> or jaun\u00e2tre<br \/>\n<\/span><span style=\"font-size: 12pt;\"><strong>Etat physique :<\/strong> liquide<br \/>\n<\/span><span style=\"font-size: 12pt;\"><strong>Naturel :<\/strong> oui<br \/>\n<\/span><span style=\"font-size: 12pt;\"><strong>Puret\u00e9 :<\/strong> 100%<br \/>\n<\/span><span style=\"font-size: 12pt;\"><strong>Certifi\u00e9 ISO :<\/strong> oui<\/span><\/p>\n","protected":false},"featured_media":274775,"comment_status":"open","ping_status":"closed","template":"","meta":[],"product_brand":[],"product_cat":[272,671],"product_tag":[],"class_list":{"0":"post-56880","1":"product","2":"type-product","3":"status-publish","4":"has-post-thumbnail","6":"product_cat-natural-oils","7":"product_cat-natural-health-care-fr","8":"pa_bottle-size-11-1000-ml-fr","9":"pa_bottle-size-11-300-ml-fr","10":"pa_bottle-size-11-500-ml-fr","11":"pa_bottle-size-1000-ml-2-fr","12":"pa_bottle-size-125-ml-fr-2","13":"pa_bottle-size-200-ml","14":"pa_bottle-size-300-ml","15":"pa_bottle-size-500-ml","16":"pa_bottle-size-60-ml-fr","18":"first","19":"instock","20":"sale","21":"shipping-taxable","22":"purchasable","23":"product-type-variable","24":"has-default-attributes"},"_links":{"self":[{"href":"https:\/\/nefertiti-eg.com\/fr\/wp-json\/wp\/v2\/product\/56880","targetHints":{"allow":["GET"]}}],"collection":[{"href":"https:\/\/nefertiti-eg.com\/fr\/wp-json\/wp\/v2\/product"}],"about":[{"href":"https:\/\/nefertiti-eg.com\/fr\/wp-json\/wp\/v2\/types\/product"}],"replies":[{"embeddable":true,"href":"https:\/\/nefertiti-eg.com\/fr\/wp-json\/wp\/v2\/comments?post=56880"}],"wp:featuredmedia":[{"embeddable":true,"href":"https:\/\/nefertiti-eg.com\/fr\/wp-json\/wp\/v2\/media\/274775"}],"wp:attachment":[{"href":"https:\/\/nefertiti-eg.com\/fr\/wp-json\/wp\/v2\/media?parent=56880"}],"wp:term":[{"taxonomy":"product_brand","embeddable":true,"href":"https:\/\/nefertiti-eg.com\/fr\/wp-json\/wp\/v2\/product_brand?post=56880"},{"taxonomy":"product_cat","embeddable":true,"href":"https:\/\/nefertiti-eg.com\/fr\/wp-json\/wp\/v2\/product_cat?post=56880"},{"taxonomy":"product_tag","embeddable":true,"href":"https:\/\/nefertiti-eg.com\/fr\/wp-json\/wp\/v2\/product_tag?post=56880"}],"curies":[{"name":"wp","href":"https:\/\/api.w.org\/{rel}","templated":true}]}}