{"id":56925,"date":"2019-05-25T21:59:41","date_gmt":"2019-05-25T19:59:41","guid":{"rendered":"https:\/\/wordpress-237795-1094026.cloudwaysapps.com\/shop\/non%20class\u00e9\/castor-seeds-oil\/"},"modified":"2022-05-26T15:21:50","modified_gmt":"2022-05-26T13:21:50","slug":"castor-seeds-oil","status":"publish","type":"product","link":"https:\/\/nefertiti-eg.com\/fr\/shop\/natural-oils\/castor-seeds-oil\/","title":{"rendered":"Huile de graines de ricin"},"content":{"rendered":"<h3><span style=\"font-weight: 400;\">L\u2019huile de ricin, salvatrice des peaux et cheveux endommag\u00e9es.\u00a0\u00a0<\/span><\/h3>\n<p><span style=\"font-weight: 400;\">L&rsquo;huile de ricin naturelle est utilis\u00e9e comme laxatif pour nettoyer les intestins (1-2 cuill\u00e8res \u00e0 soupe, l&rsquo;effet se produit en 2-6 heures). L&rsquo;huile de ricin est largement utilis\u00e9e pour le pr\u00e9traitement avant la chirurgie ou l&rsquo;examen intestinal. Il aide \u00e0 la constipation congestive (il n&rsquo;est pas recommand\u00e9 de traiter la constipation chronique), l&rsquo;ent\u00e9rocolite et l&rsquo;inflammation du c\u00f4lon.<\/span><\/p>\n<h3><span style=\"font-weight: 400;\">Les propri\u00e9t\u00e9s de l&rsquo;huile de ricin<\/span><\/h3>\n<p><span style=\"font-weight: 400;\">\u00c0 l&rsquo;ext\u00e9rieur, l&rsquo;huile de ricin est utilis\u00e9e comme traitement de l&rsquo;\u00e9rosion cervicale, des h\u00e9morro\u00efdes et des fissures anales. En raison de son effet de r\u00e9chauffement doux, l&rsquo;huile de ricin est utilis\u00e9e dans le traitement complexe des articulations (r\u00e9duit le gonflement des articulations) et des maladies des vaisseaux sanguins. L&rsquo;huile de ricin est profond\u00e9ment absorb\u00e9e par la peau, soulageant ainsi les douleurs articulaires, r\u00e9tablissant la souplesse et am\u00e9liorant la qualit\u00e9 du mouvement. L&rsquo;huile naturelle press\u00e9e \u00e0 froid est \u00e9galement utilis\u00e9e pour diverses maladies (raideur musculaire, blessures au dos, maladies articulaires, d\u00e9formation de la colonne vert\u00e9brale).<\/span><\/p>\n<h3><span style=\"font-weight: 400;\">Les avantages de l&rsquo;huile de ricin pour la peau et les cheveux<\/span><\/h3>\n<p><span style=\"font-weight: 400;\">L&rsquo;huile de ricin est excellente pour adoucir la peau corn\u00e9e et endommag\u00e9e et est utilis\u00e9e pour soigner la peau des jambes, des genoux, des coudes. L&rsquo;application locale d&rsquo;huile de ricin est recommand\u00e9e pour diverses affections cutan\u00e9es: k\u00e9ratose, dermatose, cicatrisation des petites plaies, acn\u00e9, teigne, verrues et autres infections cutan\u00e9es, ainsi que kystes s\u00e9bac\u00e9s. L&rsquo;acide ricinol\u00e9ique pr\u00e9sent dans l&rsquo;huile de ricin am\u00e9liore l&rsquo;absorption cutan\u00e9e d&rsquo;autres ingr\u00e9dients b\u00e9n\u00e9fiques. L&rsquo;huile de ricin aide \u00e0 traiter l&rsquo;acn\u00e9 purulente, les infections cutan\u00e9es et pr\u00e9vient la formation de cicatrices. Elle poss\u00e8de aussi la vertue de r\u00e9parer la peau affect\u00e9e par le psoriasis et r\u00e9tablir l\u2019\u00e9quilibre naturel du cuir chevelu.\u00a0<\/span><\/p>\n<p><span style=\"font-weight: 400;\">L&rsquo;huile de ricin poss\u00e8de de nombreuses propri\u00e9t\u00e9s cicatrisantes et stimulantes qui en font un excellent choix pour maintenir des cheveux, des sourcils et des cils beaux et sains. Les masques capillaires \u00e0 l&rsquo;huile de ricin rendent les cheveux doux et brillants, restaurent leur structure et pr\u00e9viennent la chute des cheveux.<\/span><\/p>\n<p><span style=\"font-weight: 400;\">L&rsquo;huile de ricin aide \u00e0 restaurer la structure de la fibre du cheveu abim\u00e9, stimule leurs croissance et pr\u00e9vient l&rsquo;apparition de cheveux gris pr\u00e9matur\u00e9s. L&rsquo;huile de ricin nourrit les cils et les sourcils et leurs permettent une croissance plus rapide.<\/span><\/p>\n<h3><span style=\"font-weight: 400;\">L\u2019huile de ricin pour les intestins<\/span><\/h3>\n<p><span style=\"font-weight: 400;\">L&rsquo;huile de ricin naturelle est efficace comme laxatif, agissant directement sur l&rsquo;intestin gr\u00eale.<\/span><\/p>\n<p><span style=\"font-weight: 400;\">Elle est parfois utilis\u00e9e en m\u00e9decine, avant les op\u00e9rations des organes internes, car elle nettoie rapidement et efficacement les intestins.<\/span><\/p>\n","protected":false},"excerpt":{"rendered":"<p><span style=\"font-size: 12pt;\"><strong>Huile de ricin naturelle.<br \/>\n<\/strong><\/span><span style=\"font-size: 12pt;\"><strong>Marque :<\/strong> N\u00e9fertiti pour les huiles naturelles et les herbes<br \/>\n<\/span><span style=\"font-size: 12pt;\"><strong>Livraison\u00a0:<\/strong> Calcul\u00e9 \u00e0 la caisse<br \/>\n<\/span><span style=\"font-size: 12pt;\"><strong>Pays d&rsquo;origine :<\/strong> Bassin m\u00e9diterran\u00e9en, Afrique de l&rsquo;Est et Inde<br \/>\n<\/span><span style=\"font-size: 12pt;\"><strong>Nom botanique :<\/strong> Ricinus Communis L.<br \/>\n<\/span><span style=\"font-size: 12pt;\"><strong>Nom de famille :<\/strong> Euphorbiacae, famille de Spurge<br \/>\n<\/span><span style=\"font-size: 12pt;\"><strong>INCI :<\/strong> Huile de graine de Ricinus Communis (Castor)<br \/>\n<\/span><span style=\"font-size: 12pt;\"><strong>Noms communs :<\/strong> Carrapateiro, Krapata, Lama Palagi, Ricin, Wonderboom, Risiini, L\u00e4usebaum, Oudla, Aceite de higuereta, etc.<br \/>\n<\/span><span style=\"font-size: 12pt;\"><strong>Parties utilis\u00e9es :<\/strong> haricots<br \/>\n<\/span><span style=\"font-size: 12pt;\"><strong>M\u00e9thode d&rsquo;extraction :<\/strong> press\u00e9e \u00e0 froid<br \/>\n<\/span><span style=\"font-size: 12pt;\"><strong>Odeur :<\/strong> Go\u00fbt et odeur distincts<br \/>\n<\/span><span style=\"font-size: 12pt;\"><strong>Apparence :<\/strong> jaune p\u00e2le<br \/>\n<\/span><span style=\"font-size: 12pt;\"><strong>Etat physique :<\/strong> liquide<br \/>\n<\/span><span style=\"font-size: 12pt;\">Naturel : oui<br \/>\n<\/span><span style=\"font-size: 12pt;\"><strong>Puret\u00e9 :<\/strong> 100%<br \/>\n<\/span><span style=\"font-size: 12pt;\"><strong>Certifi\u00e9 ISO :<\/strong> oui<\/span><\/p>\n","protected":false},"featured_media":56903,"comment_status":"open","ping_status":"closed","template":"","meta":[],"product_brand":[],"product_cat":[272,669],"product_tag":[],"class_list":{"0":"post-56925","1":"product","2":"type-product","3":"status-publish","4":"has-post-thumbnail","6":"product_cat-natural-oils","7":"product_cat-natural-hair-care-fr","8":"pa_bottle-size-200-ml","9":"pa_bottle-size-300-ml","10":"pa_bottle-size-500-ml","12":"first","13":"outofstock","14":"shipping-taxable","15":"purchasable","16":"product-type-variable"},"_links":{"self":[{"href":"https:\/\/nefertiti-eg.com\/fr\/wp-json\/wp\/v2\/product\/56925","targetHints":{"allow":["GET"]}}],"collection":[{"href":"https:\/\/nefertiti-eg.com\/fr\/wp-json\/wp\/v2\/product"}],"about":[{"href":"https:\/\/nefertiti-eg.com\/fr\/wp-json\/wp\/v2\/types\/product"}],"replies":[{"embeddable":true,"href":"https:\/\/nefertiti-eg.com\/fr\/wp-json\/wp\/v2\/comments?post=56925"}],"wp:featuredmedia":[{"embeddable":true,"href":"https:\/\/nefertiti-eg.com\/fr\/wp-json\/wp\/v2\/media\/56903"}],"wp:attachment":[{"href":"https:\/\/nefertiti-eg.com\/fr\/wp-json\/wp\/v2\/media?parent=56925"}],"wp:term":[{"taxonomy":"product_brand","embeddable":true,"href":"https:\/\/nefertiti-eg.com\/fr\/wp-json\/wp\/v2\/product_brand?post=56925"},{"taxonomy":"product_cat","embeddable":true,"href":"https:\/\/nefertiti-eg.com\/fr\/wp-json\/wp\/v2\/product_cat?post=56925"},{"taxonomy":"product_tag","embeddable":true,"href":"https:\/\/nefertiti-eg.com\/fr\/wp-json\/wp\/v2\/product_tag?post=56925"}],"curies":[{"name":"wp","href":"https:\/\/api.w.org\/{rel}","templated":true}]}}