{"id":57144,"date":"2015-06-08T17:00:58","date_gmt":"2015-06-08T15:00:58","guid":{"rendered":"https:\/\/wordpress-237795-1094026.cloudwaysapps.com\/shop\/non%20class\u00e9\/flax-seed-oil\/"},"modified":"2021-07-07T12:43:37","modified_gmt":"2021-07-07T10:43:37","slug":"flax-seed-oil","status":"publish","type":"product","link":"https:\/\/nefertiti-eg.com\/fr\/shop\/natural-oils\/flax-seed-oil\/","title":{"rendered":"Huile de lin"},"content":{"rendered":"<h3><strong>Les avantages et la composition chimique<\/strong><\/h3>\n<p><span style=\"font-weight: 400;\">L&rsquo;huile de lin est riche en fibres alimentaires, en lignanes, en oligo-\u00e9l\u00e9ments et en acides gras om\u00e9ga-3. Elle est notamment riche en vitamines A, E, vitamines B, potassium, l\u00e9cithine, magn\u00e9sium, phosphore, fibres, prot\u00e9ines et zinc. La recherche a montr\u00e9 que les graines de lin peuvent abaisser le taux de cholest\u00e9rol sanguin et stabiliser la glyc\u00e9mie. Elle pr\u00e9vient certains types de cancer, les maladies cardiaques, l&rsquo;arythmie, certaines maladies chroniques et l&rsquo;arthrite. La consommation r\u00e9guli\u00e8re d&rsquo;huile de lin peut r\u00e9duire le risque d&rsquo;accident vasculaire c\u00e9r\u00e9bral, abaissant le taux de mauvais cholest\u00e9rol dans le sang.<\/span><\/p>\n<h3><strong>Pr\u00e9vention du cancer<\/strong><\/h3>\n<p><span style=\"font-weight: 400;\">L&rsquo;huile de lin aide \u00e0 pr\u00e9venir la croissance des tumeurs du sein et est utilis\u00e9e pour pr\u00e9venir le cancer du sein et du c\u00f4lon.<\/span><\/p>\n<h3><strong>Source d&rsquo;acides gras om\u00e9gas<\/strong><\/h3>\n<p><span style=\"font-weight: 400;\">Les graines de lin contiennent des acides gras polyinsatur\u00e9s om\u00e9ga-3 (qui aident \u00e0 r\u00e9duire l&rsquo;inflammation) et des om\u00e9ga-6, que le corps humain ne peut pas synth\u00e9tiser. L&rsquo;huile de lin contient 2 fois plus d&rsquo;om\u00e9ga-3 que les autres aliments L&rsquo;huile de lin est riche en acides gras essentiels tels que l&rsquo;acide alpha-linol\u00e9nique (ALA), qui est converti dans le corps en acide eicosapenta\u00e9no\u00efque (EPA) et en acide docosahexa\u00e9no\u00efque (DHA) que l\u2019on retrouve aussi dans les graisses naturelles du poisson.<\/span><\/p>\n<h3><strong>Ob\u00e9sit\u00e9<\/strong><\/h3>\n<p><span style=\"font-weight: 400;\">Avec une consommation r\u00e9guli\u00e8re d&rsquo;huile de lin, la perte de poids est plus active. Tout d&rsquo;abord, du fait que ce produit aide \u00e0 normaliser le m\u00e9tabolisme des graisses et \u00e0 nettoyer le corps, il aide \u00e0 r\u00e9guler l&rsquo;app\u00e9tit. Apr\u00e8s deux mois d&rsquo;utilisation r\u00e9guli\u00e8re d&rsquo;huile de lin, les kilos en trop commencent \u00e0 dispara\u00eetre plus rapidement qu&rsquo;auparavant.<\/span><\/p>\n<h3><strong>Les avantages pour le corps<\/strong><\/h3>\n<p><span style=\"font-weight: 400;\">Les esth\u00e9ticiennes recommandent l&rsquo;huile de lin pour les pores de la peau dilat\u00e9s, l&rsquo;augmentation de la peau grasse et une tendance \u00e0 l&rsquo;inflammation. Cette huile normalise les glandes s\u00e9bac\u00e9es et unifie le teint.\u00a0<\/span><\/p>\n<p><span style=\"font-weight: 400;\">De plus, le massage des l&rsquo;ongle et des cuticules avec de l&rsquo;huile de lin r\u00e9duira la peau s\u00e8che et aidera \u00e0 \u00e9viter les fissures et les ongles cassants, offrant ainsi une manucure parfaite.<\/span><\/p>\n<p><span style=\"font-weight: 400;\">La consommation r\u00e9guli\u00e8re d&rsquo;huile de lin am\u00e9liore la perception de l&rsquo;insuline dans le diab\u00e8te, r\u00e9duit la gravit\u00e9 de l&rsquo;inflammation dans les maladies des articulations. Elle abaisse le cholest\u00e9rol et la viscosit\u00e9 du sang, maintient une tension art\u00e9rielle normale, augmente l&rsquo;\u00e9lasticit\u00e9 vasculaire, r\u00e9duit le risque de caillots sanguins dans les vaisseaux sanguins, ce qui emp\u00eache finalement le d\u00e9veloppement d&rsquo;infarctus du myocarde, d&rsquo;ath\u00e9roscl\u00e9rose, d&rsquo;hypertension, de maladie coronarienne et r\u00e9duit le risque d&rsquo;accident vasculaire c\u00e9r\u00e9bral et de caillots sanguins. L&rsquo;apport d&rsquo;huile aide \u00e0 maintenir la sant\u00e9 du syst\u00e8me nerveux et \u00e0 am\u00e9liorer le fonctionnement des intestins, \u00e9limine les br\u00fblures d&rsquo;estomac, la constipation. L&rsquo;huile de lin aide \u00e0 combattre les processus oxydatifs dans le corps, a un effet protecteur sur le foie.<\/span><\/p>\n","protected":false},"excerpt":{"rendered":"<p><span style=\"font-size: 12pt;\"><strong>Huile de lin naturelle.<br \/>\n<\/strong><\/span><span style=\"font-size: 12pt;\"><strong>Marque :<\/strong> N\u00e9fertiti pour les huiles naturelles et les herbes<br \/>\n<\/span><span style=\"font-size: 12pt;\"><strong>Livraison\u00a0:<\/strong> Calcul\u00e9 \u00e0 la caisse<br \/>\n<\/span><span style=\"font-size: 12pt;\"><strong>Pays d&rsquo;origine :<\/strong> Inde<br \/>\n<\/span><span style=\"font-size: 12pt;\"><strong>Nom botanique :<\/strong> Linum usitatissimum<br \/>\n<\/span><span style=\"font-size: 12pt;\"><strong>Nom de famille :<\/strong> Linaceae<br \/>\n<\/span><span style=\"font-size: 12pt;\"><strong>INCI :<\/strong> Huile de graine Linum Usitatissimum<br \/>\n<\/span><span style=\"font-size: 12pt;\"><strong>Noms communs :<\/strong> Acide de Linaza, Acide Alpha-Linol\u00e9nique, Acide Gras Om\u00e9ga 3, Acide Gras N-3, ALA, Aliviraaii, Acide alpha-linol\u00e9nique, Alasi, Huile de lin brun, Huile de lin \u00e0 graines brunes, Huile de lin, Huile de lin, Echter Lein , Flachs, Flachssamen, Huile de lin dor\u00e9, Huile de lin, Huile de lin, Huile de lin, Lin, Lin commun, Lin Ol\u00e9agineux, Linho, Lino, Lino Comune, Lino Mazzese, Huile de lin, Huile de lin, Huile de lin, Huile de lin, Huile de lin crepitans, Linum humile, Linum usitatissimum, Malsag, Saatlein, Ta Ma, Tisii.<br \/>\n<\/span><span style=\"font-size: 12pt;\"><strong>Parties utilis\u00e9es :<\/strong> graines<br \/>\n<\/span><span style=\"font-size: 12pt;\"><strong>M\u00e9thode d&rsquo;extraction :<\/strong> press\u00e9e \u00e0 froid<br \/>\n<\/span><span style=\"font-size: 12pt;\"><strong>Parfum :<\/strong> noisette, saveur l\u00e9g\u00e8rement sucr\u00e9e<br \/>\n<\/span><span style=\"font-size: 12pt;\"><strong>Apparence :<\/strong> jaune p\u00e2le<br \/>\n<\/span><span style=\"font-size: 12pt;\"><strong>Etat physique :<\/strong> liquide<br \/>\n<\/span><span style=\"font-size: 12pt;\"><strong>Naturel :<\/strong> oui<br \/>\n<\/span><span style=\"font-size: 12pt;\"><strong>Puret\u00e9 :<\/strong> 100%<br \/>\n<\/span><span style=\"font-size: 12pt;\"><strong>Certifi\u00e9 ISO :<\/strong> oui<\/span><\/p>\n","protected":false},"featured_media":284004,"comment_status":"open","ping_status":"closed","template":"","meta":[],"product_brand":[],"product_cat":[272,671],"product_tag":[],"class_list":{"0":"post-57144","1":"product","2":"type-product","3":"status-publish","4":"has-post-thumbnail","6":"product_cat-natural-oils","7":"product_cat-natural-health-care-fr","8":"pa_bottle-size-200-ml","9":"pa_bottle-size-300-ml","10":"pa_bottle-size-500-ml","12":"first","13":"outofstock","14":"shipping-taxable","15":"purchasable","16":"product-type-variable"},"_links":{"self":[{"href":"https:\/\/nefertiti-eg.com\/fr\/wp-json\/wp\/v2\/product\/57144","targetHints":{"allow":["GET"]}}],"collection":[{"href":"https:\/\/nefertiti-eg.com\/fr\/wp-json\/wp\/v2\/product"}],"about":[{"href":"https:\/\/nefertiti-eg.com\/fr\/wp-json\/wp\/v2\/types\/product"}],"replies":[{"embeddable":true,"href":"https:\/\/nefertiti-eg.com\/fr\/wp-json\/wp\/v2\/comments?post=57144"}],"wp:featuredmedia":[{"embeddable":true,"href":"https:\/\/nefertiti-eg.com\/fr\/wp-json\/wp\/v2\/media\/284004"}],"wp:attachment":[{"href":"https:\/\/nefertiti-eg.com\/fr\/wp-json\/wp\/v2\/media?parent=57144"}],"wp:term":[{"taxonomy":"product_brand","embeddable":true,"href":"https:\/\/nefertiti-eg.com\/fr\/wp-json\/wp\/v2\/product_brand?post=57144"},{"taxonomy":"product_cat","embeddable":true,"href":"https:\/\/nefertiti-eg.com\/fr\/wp-json\/wp\/v2\/product_cat?post=57144"},{"taxonomy":"product_tag","embeddable":true,"href":"https:\/\/nefertiti-eg.com\/fr\/wp-json\/wp\/v2\/product_tag?post=57144"}],"curies":[{"name":"wp","href":"https:\/\/api.w.org\/{rel}","templated":true}]}}