{"id":57150,"date":"2015-06-08T16:57:20","date_gmt":"2015-06-08T14:57:20","guid":{"rendered":"https:\/\/wordpress-237795-1094026.cloudwaysapps.com\/shop\/non%20class\u00e9\/pumpkin-seed-oil\/"},"modified":"2023-01-21T13:39:27","modified_gmt":"2023-01-21T11:39:27","slug":"pumpkin-seed-oil","status":"publish","type":"product","link":"https:\/\/nefertiti-eg.com\/fr\/shop\/natural-oils\/pumpkin-seed-oil\/","title":{"rendered":"Huile de graines de citrouille"},"content":{"rendered":"<h3><strong>Huile de graines de citrouille naturelle<\/strong><\/h3>\n<p><span style=\"font-weight: 400;\">Afin de passer radicalement \u00e0 un mode de vie sain, la premi\u00e8re acquisition indispensable est l&rsquo;huile de graines de citrouille press\u00e9e \u00e0 froid. La consommation r\u00e9guli\u00e8re d&rsquo;huile de citrouille, qui est une excellente source d&rsquo;antibiotiques et d&rsquo;antioxydants naturels, aidera une personne de tout \u00e2ge \u00e0 renforcer son immunit\u00e9 et \u00e0 prot\u00e9ger son corps de mani\u00e8re fiable contre les maladies infectieuses, allergiques et oncologiques. L&rsquo;huile de citrouille a une puissante propri\u00e9t\u00e9 antioxydante, gr\u00e2ce \u00e0 laquelle elle a un effet g\u00e9n\u00e9ral de renforcement sur le corps, stimule l&rsquo;immunit\u00e9 et acc\u00e9l\u00e8re le m\u00e9tabolisme. Elle normalise les intestins et r\u00e9duit l&rsquo;acidit\u00e9 de l&rsquo;estomac, \u00e9liminant les toxines et pr\u00e9venant des potentielles inflammations.\u00a0<\/span> <span style=\"font-weight: 400;\">Elle convient principalement pour lutter contre les maladies suivantes: cirrhose, d\u00e9g\u00e9n\u00e9rescence graisseuse, l\u00e9sions h\u00e9patiques alcooliques, h\u00e9patite, chol\u00e9cystite, ob\u00e9sit\u00e9, dyskin\u00e9sie biliaire, br\u00fblures d&rsquo;estomac, gastrite aigu\u00eb et chronique, ulc\u00e8re gastrique et duod\u00e9nal, colite, ent\u00e9rocolite, stomatite, maladie parodontale, ad\u00e9nome de la prostate, diminution puissance sexuelle chez les hommes, h\u00e9morro\u00efdes, constipation, flatulences, vers et chol\u00e9lithiase.<\/span><\/p>\n<h3><strong>L\u2019huile de graines de citrouille naturelle pour les reins<\/strong><\/h3>\n<p><span style=\"font-weight: 400;\">Les nutriments de l&rsquo;huile de graines de citrouille naturelle affectent les calculs r\u00e9naux. Les substances actives de l&rsquo;huile de citrouille r\u00e9duisent le degr\u00e9 de formation de caillots et emp\u00eache \u00e9galement la formation de calculs r\u00e9naux. L&rsquo;huile de graines de citrouille naturelle peut aider \u00e0 r\u00e9soudre divers probl\u00e8mes r\u00e9naux, ainsi que les maladies des voies urinaires.<\/span><\/p>\n<h3><strong>Huile de graines de citrouille, une pharmacie naturelle<\/strong><\/h3>\n<p><span style=\"font-weight: 400;\">L&rsquo;huile naturelle de graines de citrouille press\u00e9e \u00e0 froid a une composition id\u00e9alement \u00e9quilibr\u00e9e d&rsquo;acides gras polyinsatur\u00e9s: myristique, palmitique, palmitol\u00e9ique, st\u00e9arique, ol\u00e9ique, linol\u00e9ique, linol\u00e9nique, arachidonique, gadol\u00e9ique, b\u00e9h\u00e9nique, que vous ne trouverez pas dans de telles quantit\u00e9s dans d&rsquo;autres huiles, mais uniquement dans de l&rsquo;huile naturelle graines de citrouille. Cette huile est extr\u00eamement riche en vitamines et nutriments: A, E, B1, B2, B6, C, K, P, PP, zinc, phospholipides, tocoph\u00e9rol, flavono\u00efdes et carot\u00e9no\u00efdes, magn\u00e9sium, fer, s\u00e9l\u00e9nium, zinc., Om\u00e9ga-3, 6.9.<\/span><\/p>\n<h3><strong>Les propri\u00e9t\u00e9s anthelminthiques de l&rsquo;huile de graines de citrouille<\/strong><\/h3>\n<p><span style=\"font-weight: 400;\">L&rsquo;huile de graines de citrouille est connue pour sa quantit\u00e9 impressionnante de cucurbitine, cette substance paralyse les helminthes, apr\u00e8s quoi ils n&rsquo;ont aucun moyen de se fixer aux parois des intestins ou de la v\u00e9sicule biliaire, et l&rsquo;huile de citrouille emp\u00eache \u00e9galement les parasites de se multiplier.<\/span><\/p>\n<h3><strong>L\u2019huile de citrouille, l\u2019alli\u00e9 des hommes<\/strong><\/h3>\n<p><span style=\"font-weight: 400;\">L&rsquo;huile de citrouille contient un complexe unique de substances aux propri\u00e9t\u00e9s diur\u00e9tiques, bact\u00e9ricides, anti-inflammatoires, anti tumorales et androg\u00e8nes, elle a un effet b\u00e9n\u00e9fique sur le travail de la prostate, am\u00e9liore la fonction \u00e9rectile et normalise la spermatogen\u00e8se, prot\u00e8ge les tissus et les vaisseaux des organes g\u00e9nito-urinaires du d\u00e9veloppement de processus inflammatoires en eux. Par cons\u00e9quent, l&rsquo;huile de citrouille est largement utilis\u00e9e dans la pr\u00e9vention et le traitement complexe de la prostatite, de l&rsquo;ad\u00e9nome de la prostate, de la dysfonction \u00e9rectile, des maladies de la vessie et de l&rsquo;ur\u00e8tre.<\/span><\/p>\n<h3><strong>L\u2019huile de citrouille, l\u2019alli\u00e9 des femmes<\/strong><\/h3>\n<p><span style=\"font-weight: 400;\">En raison de la teneur \u00e9lev\u00e9e en substances qui aident \u00e0 maintenir l&rsquo;\u00e9quilibre hormonal normal du corps f\u00e9minin, ainsi que de la pr\u00e9sence de propri\u00e9t\u00e9s cicatrisantes et anti-inflammatoires dans la composition, l&rsquo;huile de graines de citrouille est utilis\u00e9e pour les maladies gyn\u00e9cologiques telles que la colite, l&rsquo;\u00e9rosion cervicale, l&rsquo;endocervicite, etc. <\/span> <span style=\"font-weight: 400;\">Les prot\u00e9ines contenues dans l&rsquo;huile de graines de citrouille, les esters, les vitamines K, B6 et B9, le magn\u00e9sium, le zine, le fer, le calcium, le phosphore et d&rsquo;autres min\u00e9raux sont\u00a0 n\u00e9cessaires au d\u00e9veloppement complet de l&#8217;embryon humain et \u00e0 la formation r\u00e9ussie du corps d&rsquo;un enfant en pleine croissance.<\/span><\/p>\n","protected":false},"excerpt":{"rendered":"<p><span style=\"font-size: 12pt;\"><strong>Huile de graines de citrouille naturelle.<\/strong><\/span> <span style=\"font-size: 12pt;\"><strong>Marque :<\/strong> N\u00e9fertiti pour les huiles naturelles et les herbes<br \/>\n<\/span><span style=\"font-size: 12pt;\"><strong>Livraison\u00a0:<\/strong> Calcul\u00e9 \u00e0 la caisse<br \/>\n<\/span><span style=\"font-size: 12pt;\"><strong>Pays d&rsquo;origine :<\/strong> Am\u00e9rique du Nord<br \/>\n<\/span><span style=\"font-size: 12pt;\"><strong>Nom botanique :<\/strong> Cucurbita pepita<br \/>\n<\/span><span style=\"font-size: 12pt;\"><strong>Nom de famille :<\/strong> famille de gourdes cucurbits <\/span><span style=\"font-size: 12pt;\"><strong>INCI :<\/strong> Huile de graines de citrouille, Vierge, Cucurbita Pepo (citrouille)<br \/>\n<\/span><span style=\"font-size: 12pt;\"><strong>Noms communs :<\/strong> Cucurbita pepo, Cucurbita maxima, Pharm Semen Cucurbitae, Citrouille d&rsquo;ol\u00e9agineux, Pepitas, Graines de citrouille s\u00e9ch\u00e9es non d\u00e9cortiqu\u00e9es du Mexique, Graines de citrouille \u00e9cal\u00e9es, Cucurbitae peponis semen, Semence de Cushaw, Graines de citrouille, Graines de citrouille, Nan Gua Zi<br \/>\n<\/span><span style=\"font-size: 12pt;\"><strong>Parties utilis\u00e9es :<\/strong> graines<br \/>\n<\/span><span style=\"font-size: 12pt;\"><strong>M\u00e9thode d&rsquo;extraction :<\/strong> press\u00e9e \u00e0 froid<br \/>\n<\/span><span style=\"font-size: 12pt;\"><strong>Parfum :<\/strong> noisette intense<br \/>\n<\/span><span style=\"font-size: 12pt;\"><strong>Apparence :<\/strong> vert fonc\u00e9 muscl\u00e9 \u00e0 rouge fonc\u00e9 <\/span><span style=\"font-size: 12pt;\"><strong>Etat physique :<\/strong> liquide<br \/>\n<\/span><span style=\"font-size: 12pt;\"><strong>Naturel :<\/strong> oui<br \/>\n<\/span><span style=\"font-size: 12pt;\"><strong>Puret\u00e9 :<\/strong> 100%<br \/>\n<\/span><span style=\"font-size: 12pt;\"><strong>Certifi\u00e9 ISO :<\/strong> oui<\/span><\/p>\n","protected":false},"featured_media":275112,"comment_status":"open","ping_status":"closed","template":"","meta":[],"product_brand":[],"product_cat":[272,671],"product_tag":[],"class_list":{"0":"post-57150","1":"product","2":"type-product","3":"status-publish","4":"has-post-thumbnail","6":"product_cat-natural-oils","7":"product_cat-natural-health-care-fr","8":"pa_bottle-size-11-1000-ml-fr","9":"pa_bottle-size-11-300-ml-fr","10":"pa_bottle-size-11-500-ml-fr","11":"pa_bottle-size-1000-ml-2-fr","12":"pa_bottle-size-125-ml-fr-2","13":"pa_bottle-size-200-ml","14":"pa_bottle-size-300-ml","15":"pa_bottle-size-500-ml","17":"first","18":"instock","19":"sale","20":"shipping-taxable","21":"purchasable","22":"product-type-variable","23":"has-default-attributes"},"_links":{"self":[{"href":"https:\/\/nefertiti-eg.com\/fr\/wp-json\/wp\/v2\/product\/57150","targetHints":{"allow":["GET"]}}],"collection":[{"href":"https:\/\/nefertiti-eg.com\/fr\/wp-json\/wp\/v2\/product"}],"about":[{"href":"https:\/\/nefertiti-eg.com\/fr\/wp-json\/wp\/v2\/types\/product"}],"replies":[{"embeddable":true,"href":"https:\/\/nefertiti-eg.com\/fr\/wp-json\/wp\/v2\/comments?post=57150"}],"wp:featuredmedia":[{"embeddable":true,"href":"https:\/\/nefertiti-eg.com\/fr\/wp-json\/wp\/v2\/media\/275112"}],"wp:attachment":[{"href":"https:\/\/nefertiti-eg.com\/fr\/wp-json\/wp\/v2\/media?parent=57150"}],"wp:term":[{"taxonomy":"product_brand","embeddable":true,"href":"https:\/\/nefertiti-eg.com\/fr\/wp-json\/wp\/v2\/product_brand?post=57150"},{"taxonomy":"product_cat","embeddable":true,"href":"https:\/\/nefertiti-eg.com\/fr\/wp-json\/wp\/v2\/product_cat?post=57150"},{"taxonomy":"product_tag","embeddable":true,"href":"https:\/\/nefertiti-eg.com\/fr\/wp-json\/wp\/v2\/product_tag?post=57150"}],"curies":[{"name":"wp","href":"https:\/\/api.w.org\/{rel}","templated":true}]}}