{"id":57162,"date":"2015-05-29T15:43:12","date_gmt":"2015-05-29T13:43:12","guid":{"rendered":"https:\/\/wordpress-237795-1094026.cloudwaysapps.com\/shop\/non%20class\u00e9\/carrot-seed-oil-1\/"},"modified":"2023-01-09T15:54:07","modified_gmt":"2023-01-09T13:54:07","slug":"carrot-seed-oil-1","status":"publish","type":"product","link":"https:\/\/nefertiti-eg.com\/fr\/shop\/natural-oils\/carrot-seed-oil-1\/","title":{"rendered":"Huile de graines de carotte"},"content":{"rendered":"<h3><strong>Les propri\u00e9t\u00e9s de l\u2019huile de graines de carotte<\/strong><\/h3>\n<p><span style=\"font-weight: 400;\">L&rsquo;huile naturelle de graines de carotte est bonne pour la vue, renforce le syst\u00e8me immunitaire, est un diur\u00e9tique efficace, aide \u00e0 \u00e9liminer les calculs r\u00e9naux et aide \u00e0 restaurer les cellules h\u00e9patiques.<\/span> <span style=\"font-weight: 400;\">L&rsquo;huile aide \u00e0 nettoyer le sang et la lymphe, \u00e9limine les toxines, est efficace dans le traitement de l&rsquo;arthrite, de la goutte et des rhumatismes. Prot\u00e8ge le corps des radiations et de la fum\u00e9e de tabac. Soulage les sympt\u00f4mes digestifs, y compris les plus efficaces pour les probl\u00e8mes de fonction intestinale. En plus de ses nombreux composants sains, l&rsquo;huile de graine de carotte est riche en carot\u00e8ne et en vitamine A, qui sont tous deux tr\u00e8s b\u00e9n\u00e9fiques pour la sant\u00e9 oculaire et sont bien connus pour \u00eatre de puissants antioxydants. Des \u00e9tudes scientifiques ont montr\u00e9 que les antioxydants peuvent r\u00e9parer les dommages caus\u00e9s aux tissus humains par les agents oxydants (radicaux libres) et les emp\u00eacher de subir des dommages suppl\u00e9mentaires. L&rsquo;huile de graine de carotte active les processus redox intracellulaires, ce qui am\u00e9liore le flux d&rsquo;oxyg\u00e8ne vers les cellules et favorise le renouvellement cellulaire. La consommation r\u00e9guli\u00e8re d&rsquo;huile de graine de carotte r\u00e9gule le m\u00e9tabolisme de l&rsquo;eau-sel et des glucides, am\u00e9liore la formation de compos\u00e9s prot\u00e9iques et restaure ainsi le corps \u00e9puis\u00e9 par les maladies.<\/span><\/p>\n<h3><strong>Huile de graines de carotte, un antioxydant naturel<\/strong><\/h3>\n<p><span style=\"font-weight: 400;\">L&rsquo;huile naturelle de graines de carotte est riche en carot\u00e9no\u00efdes, qui prot\u00e8gent le corps humain des effets n\u00e9fastes des radicaux libres et des effets nocifs de la fum\u00e9e de tabac. Les antioxydants aident \u00e0 r\u00e9parer les dommages caus\u00e9s \u00e0 vos tissus par les oxydants et \u00e0 prot\u00e9ger votre corps en bloquant leurs autres effets. L&rsquo;huile de graine de carotte active les processus redox intracellulaires, ce qui am\u00e9liore le flux d&rsquo;oxyg\u00e8ne vers les cellules et favorise le renouvellement cellulaire. L&rsquo;huile essentielle de p\u00e9pins de carotte est n\u00e9cessaire pour restaurer la force et les fonctions de l&rsquo;organisme apr\u00e8s des maladies graves: interventions chirurgicales, an\u00e9mie et carence en vitamines (notamment en cas de carence en vitamine A).<\/span><\/p>\n<h3><strong>Huile de graines de carotte, pour des reins et un foie en bonne sant\u00e9<\/strong><\/h3>\n<p><span style=\"font-weight: 400;\">L&rsquo;huile de graine de carotte assure une bonne fonction thyro\u00efdienne, r\u00e9nale, surr\u00e9nalienne, h\u00e9patique, digestive et urinaire. L&rsquo;huile naturelle de graines de carotte est utilis\u00e9e pour \u00e9liminer les calculs r\u00e9naux en aidant \u00e0 \u00e9liminer le sable et les petites pierres des reins, ainsi que pour nettoyer le foie et favoriser la sant\u00e9 des cellules h\u00e9patiques.<\/span><\/p>\n<h3><strong>Les capacit\u00e9s oculaires prolong\u00e9es gr\u00e2ce \u00e0 l\u2019huile de graines de carotte<\/strong><\/h3>\n<p><span style=\"font-weight: 400;\">L&rsquo;huile de carotte est particuli\u00e8rement n\u00e9cessaire pour les cataractes et la d\u00e9g\u00e9n\u00e9rescence maculaire des yeux li\u00e9e \u00e0 l&rsquo;\u00e2ge, am\u00e9liore la vision cr\u00e9pusculaire et donne une sensation de lumi\u00e8re. Aussi elle normalise la pression intraoculaire, am\u00e9liore l&rsquo;\u00e9tat des muqueuses des yeux et est utile pour les employ\u00e9s de bureau et tous ceux qui passent beaucoup de temps devant l&rsquo;ordinateur. L\u2019huile de graines de carotte am\u00e9liore l&rsquo;acuit\u00e9 visuelle, permet une meilleure adaptation aux diff\u00e9rentes conditions d&rsquo;\u00e9clairage et soulage la fatigue oculaire.<\/span><\/p>\n<h3><strong>Retrouvez une peau rajeunie avec une pigmentation homog\u00e8ne.<\/strong><\/h3>\n<p><span style=\"font-weight: 400;\">Cette huile a un effet positif sur la r\u00e9g\u00e9n\u00e9ration de l&rsquo;\u00e9pith\u00e9lium cutan\u00e9, la cicatrisation des plaies et soulage les \u00e9ruptions cutan\u00e9es. En m\u00e9langeant l&rsquo;huile de graines de carotte avec le produit de bronzage que vous utilisez, votre teint s&rsquo;am\u00e9liore et vous obtenez un bronzage sain et glamour qui dure beaucoup plus longtemps sur votre peau. L&rsquo;huile de graine de carotte est largement utilis\u00e9e dans la production de cosm\u00e9tiques anti-\u00e2ge et est reconnue comme un m\u00e9dicament anti-\u00e2ge naturel. Il a un effet rajeunissant et raffermit la peau molle pour la rendre tonique, celle-ci devient nettement plus ferme et plus \u00e9lastique.<\/span><\/p>\n<h3><strong>Huile de graines de carotte pour les cheveux<\/strong><\/h3>\n<p><span style=\"font-weight: 400;\">Les vitamines A et E ainsi que d&rsquo;autres nutriments abondamment pr\u00e9sents dans l&rsquo;huile de graines de carotte, contribuent au renforcement et \u00e0 la sant\u00e9 des cheveux. Les masques capillaires \u00e0 base d&rsquo;huile de carotte stimulent la croissance des cheveux, pr\u00e9viennent leur chute et maintiennent leur couleur naturelle tout en am\u00e9liorant la structure des cheveux et en les rendant soyeux. L&rsquo;utilisation r\u00e9guli\u00e8re d&rsquo;huile essentielle de graines de carotte renforce les cheveux et leur donne une brillance saine. L&rsquo;huile essentielle de graines de carotte a d&rsquo;excellentes propri\u00e9t\u00e9s hydratantes.<\/span><\/p>\n<h3><strong>Huile de graines de carotte pour un visage radieux\u00a0<\/strong><\/h3>\n<p><span style=\"font-weight: 400;\">L&rsquo;huile naturelle de graines de carotte am\u00e9liore le teint. Les taches de vieillesse et les taches de rousseur deviennent nettement plus claires. L&rsquo;huile combat activement la s\u00e9cheresse et la desquamation de la peau. Il favorise la r\u00e9g\u00e9n\u00e9ration de la peau du visage, stimule le renouvellement cellulaire, favorise la cicatrisation des petites plaies, am\u00e9liore l&rsquo;\u00e9lasticit\u00e9 et la fermet\u00e9 de la peau du visage, rend la peau lisse et \u00e9lastique. En raison de sa teneur \u00e9lev\u00e9e en vitamines E et A, il nourrit la peau, gu\u00e9rit l&rsquo;acn\u00e9 et donne un teint sain \u00e0 votre peau.<\/span><\/p>\n<h3><strong>Huile de graines de carotte pour l&rsquo;acn\u00e9<\/strong><\/h3>\n<p><span style=\"font-weight: 400;\">L&rsquo;huile de graine de carotte est une solution id\u00e9ale pour lutter contre les \u00e9ruptions cutan\u00e9es. Il a des propri\u00e9t\u00e9s anti-inflammatoires, normalise le fonctionnement des glandes s\u00e9bac\u00e9es et soulage donc avec succ\u00e8s l&rsquo;acn\u00e9.<\/span><\/p>\n","protected":false},"excerpt":{"rendered":"<p><span style=\"font-size: 12pt;\"><strong>Huile essentielle de graine de carotte.<\/strong><\/span> <span style=\"font-size: 12pt;\"><strong>Marque :<\/strong> N\u00e9fertiti pour les huiles naturelles et les herbes<br \/>\n<\/span> <span style=\"font-size: 12pt;\"><strong>Livraison\u00a0:<\/strong> Calcul\u00e9 \u00e0 la caisse<\/span><br \/>\n<span style=\"font-size: 12pt;\"><strong>Pays d&rsquo;origine :<\/strong> Europe et Asie du Sud-Ouest<\/span> <span style=\"font-size: 12pt;\"><strong>Nom botanique :<\/strong> Daucus carota subsp. sativus L.<\/span> <span style=\"font-size: 12pt;\"><strong>Nom de famille :<\/strong> ombellif\u00e8res<\/span><br \/>\n<span style=\"font-size: 12pt;\"><strong>INCI :<\/strong> Huile de graine de Daucus Carota Sativa (carotte)<br \/>\n<\/span> <span style=\"font-size: 12pt;\"><strong>Noms communs :<\/strong> Niyong, Ponlaing, gawz el hind, Ye zi, Noix de coco, kelapa, koko yashi, kokos, Palmera de coco, Maphrao, etc.<\/span><br \/>\n<span style=\"font-size: 12pt;\"><strong>Parties utilis\u00e9es :<\/strong> graines<\/span><br \/>\n<span style=\"font-size: 12pt;\"><strong>M\u00e9thode d&rsquo;extraction :<\/strong> press\u00e9 \u00e0 froid<\/span><br \/>\n<span style=\"font-size: 12pt;\"><strong>Parfum :<\/strong> odeur am\u00e8re terreuse<\/span> <span style=\"font-size: 12pt;\"><strong>Apparence :<\/strong> ambr\u00e9e \u00e0 brun orang\u00e9 p\u00e2le<\/span><br \/>\n<span style=\"font-size: 12pt;\"><strong>Etat physique :<\/strong> liquide<br \/>\n<\/span> <span style=\"font-size: 12pt;\"><strong>Naturel :<\/strong> oui<\/span><br \/>\n<span style=\"font-size: 12pt;\"><strong>Puret\u00e9 :<\/strong> 100%<\/span><br \/>\n<span style=\"font-size: 12pt;\"><strong>Certifi\u00e9 ISO :<\/strong> oui<\/span><\/p>\n","protected":false},"featured_media":274514,"comment_status":"open","ping_status":"closed","template":"","meta":[],"product_brand":[],"product_cat":[272,671],"product_tag":[],"class_list":{"0":"post-57162","1":"product","2":"type-product","3":"status-publish","4":"has-post-thumbnail","6":"product_cat-natural-oils","7":"product_cat-natural-health-care-fr","8":"pa_bottle-size-11-1000-ml-fr","9":"pa_bottle-size-11-500-ml-fr","10":"pa_bottle-size-1000-ml-2-fr","11":"pa_bottle-size-125-ml-fr-2","12":"pa_bottle-size-200-ml","13":"pa_bottle-size-300-ml","14":"pa_bottle-size-500-ml","16":"first","17":"instock","18":"sale","19":"shipping-taxable","20":"purchasable","21":"product-type-variable","22":"has-default-attributes"},"_links":{"self":[{"href":"https:\/\/nefertiti-eg.com\/fr\/wp-json\/wp\/v2\/product\/57162","targetHints":{"allow":["GET"]}}],"collection":[{"href":"https:\/\/nefertiti-eg.com\/fr\/wp-json\/wp\/v2\/product"}],"about":[{"href":"https:\/\/nefertiti-eg.com\/fr\/wp-json\/wp\/v2\/types\/product"}],"replies":[{"embeddable":true,"href":"https:\/\/nefertiti-eg.com\/fr\/wp-json\/wp\/v2\/comments?post=57162"}],"wp:featuredmedia":[{"embeddable":true,"href":"https:\/\/nefertiti-eg.com\/fr\/wp-json\/wp\/v2\/media\/274514"}],"wp:attachment":[{"href":"https:\/\/nefertiti-eg.com\/fr\/wp-json\/wp\/v2\/media?parent=57162"}],"wp:term":[{"taxonomy":"product_brand","embeddable":true,"href":"https:\/\/nefertiti-eg.com\/fr\/wp-json\/wp\/v2\/product_brand?post=57162"},{"taxonomy":"product_cat","embeddable":true,"href":"https:\/\/nefertiti-eg.com\/fr\/wp-json\/wp\/v2\/product_cat?post=57162"},{"taxonomy":"product_tag","embeddable":true,"href":"https:\/\/nefertiti-eg.com\/fr\/wp-json\/wp\/v2\/product_tag?post=57162"}],"curies":[{"name":"wp","href":"https:\/\/api.w.org\/{rel}","templated":true}]}}