{"id":57170,"date":"2015-05-29T15:38:31","date_gmt":"2015-05-29T13:38:31","guid":{"rendered":"https:\/\/wordpress-237795-1094026.cloudwaysapps.com\/shop\/non%20class\u00e9\/black-seed-oil\/"},"modified":"2025-06-10T21:42:57","modified_gmt":"2025-06-10T18:42:57","slug":"black-seed-oil","status":"publish","type":"product","link":"https:\/\/nefertiti-eg.com\/fr\/shop\/natural-oils\/black-seed-oil\/","title":{"rendered":"L&rsquo;huile de graine noire"},"content":{"rendered":"<h3><strong>Les vertues de l\u2019huile naturelle de cumin noir<\/strong><\/h3>\n<p><span style=\"font-weight: 400;\">L&rsquo;huile de cumin noir est un immunomodulateur puissant. La composition de l&rsquo;huile de cumin noir est impressionnante, elle contient des vitamines A, B, C, E ainsi que du calcium, du phosphore, du zinc, du fer, du magn\u00e9sium, du mangan\u00e8se, des flavono\u00efdes, des huiles essentielles et des acides amin\u00e9s essentiels om\u00e9ga-3, 6.9. L&rsquo;une de ses propri\u00e9t\u00e9s les plus importantes est la capacit\u00e9 \u00e0 combattre le cancer, car elle ralentit la prolif\u00e9ration (c&rsquo;est-\u00e0-dire la multiplication) des cellules canc\u00e9reuses. L&rsquo;huile naturelle de cumin noir est \u00e9galement utilis\u00e9e pour des maladies telles que l\u2019h\u00e9patite, la cirrhose, les maladies de l&rsquo;estomac et du duod\u00e9num; les rhumatisme; les maladies musculo-squelettiques; les pathologies cardiovasculaires, les maladies des reins et de la vessie, les bronchite, l\u2019asthme bronchique, les rhumes, les sinusite ainsi que les allergies de tout type. Elle am\u00e9liore \u00e9galement consid\u00e9rablement la digestion et la motilit\u00e9 intestinale. De plus, cette huile poss\u00e8de des propri\u00e9t\u00e9s antibact\u00e9riennes, antifongiques et antivirales, et aide \u00e0 traiter les maladies de la peau.<\/span><\/p>\n<h3><strong>Huile de cumin noir pour le diab\u00e8te<\/strong><\/h3>\n<p><span style=\"font-weight: 400;\">Il a \u00e9t\u00e9 d\u00e9montr\u00e9 que cette huile traite le diab\u00e8te de type I et de type II car elle r\u00e9gule la glyc\u00e9mie. De plus, l&rsquo;huile de graine noire contient de puissants antioxydants qui ont un effet positif sur la sant\u00e9 globale des diab\u00e9tiques.<\/span><\/p>\n<h3><strong>Huile de graine noire et ses bienfaits pour la sant\u00e9<\/strong><\/h3>\n<p><span style=\"font-weight: 400;\">L&rsquo;huile de graine noire naturelle est le rem\u00e8de naturel le plus puissant pour abaisser le taux de cholest\u00e9rol sanguin. Il am\u00e9liore la fonction sexuelle masculine, est utilis\u00e9 pour les probl\u00e8mes de conception et pr\u00e9vient le dysfonctionnement de la prostate. Cette huile a la capacit\u00e9 d&rsquo;\u00e9craser les calculs r\u00e9naux et d&rsquo;\u00e9liminer d\u00e9licatement le sable de la vessie. L&rsquo;huile de cumin noir restaure \u00e9galement le syst\u00e8me immunitaire et est utilis\u00e9e pour des maladies telles que la sinusite, la toux s\u00e8che, l&rsquo;asthme, la bronchite asthmatique, le rhume, l&rsquo;amygdalite, etc. Elle est particuli\u00e8rement indiqu\u00e9e pour les personnes souffrant d&rsquo;hypertension art\u00e9rielle.<\/span><\/p>\n<h3><strong>Huile de graine noire naturelle comme antioxydant naturel<\/strong><\/h3>\n<p><span style=\"font-weight: 400;\">De nombreuses \u00e9tudes scientifiques ont prouv\u00e9 la capacit\u00e9 de l&rsquo;huile de cumin noir naturel \u00e0 nettoyer compl\u00e8tement le corps des substances nocives laiss\u00e9es dans le corps apr\u00e8s le processus de digestion, ainsi qu&rsquo;\u00e0 prot\u00e9ger contre les influences environnementales d\u00e9favorables. L&rsquo;effet obtenu de ce produit press\u00e9 \u00e0 froid est d\u2019augmenter le nombre de lymphocytes T tueurs (NKT). Les scientifiques comparent la puissance de l&rsquo;huile de graine noire aux 5 antibiotiques les plus puissants, mais contrairement aux antibiotiques, elle n&rsquo;a aucun effet secondaire sur le corps dans son ensemble.<\/span><\/p>\n<h3><strong>Huile de cumin noir pour la peau<\/strong><\/h3>\n<p><span style=\"font-weight: 400;\">L&rsquo;huile de cumin noir naturel r\u00e9siste parfaitement \u00e0 l&rsquo;ecz\u00e9ma, au psoriasis, \u00e0 la neurodermatite, \u00e0 diverses maladies de la peau, aux infections fongiques et \u00e0 tout type d&rsquo;allergie. Elle combat efficacement l&rsquo;acn\u00e9 et c\u2019est un agent cicatrisant puissant. Elle enrichit \u00e9galement la peau avec des nutriments naturels et des vitamines.<\/span><\/p>\n<h3><strong>Huile de cumin noir pour le psoriasis<\/strong><\/h3>\n<p><span style=\"font-weight: 400;\">Le psoriasis est une maladie cutan\u00e9e primaire caus\u00e9e par une r\u00e9ponse immunitaire anormale. L&rsquo;huile naturelle de cumin noir r\u00e9gule l&rsquo;activit\u00e9 des cellules immunitaires et am\u00e9liore la capacit\u00e9 du corps \u00e0 r\u00e9duire la prolif\u00e9ration anormale des cellules de la peau.<\/span> <span style=\"font-weight: 400;\">Contre-indications: \u00e9viter l&rsquo;usage interne pendant la grossesse; non recommand\u00e9 pour les patients avec des organes internes implant\u00e9s.<\/span><\/p>\n<h3><strong>Huile de cumin noir naturelle pour les cheveux<\/strong><\/h3>\n<p><span style=\"font-weight: 400;\">L&rsquo;huile de graine noire est devenue un succ\u00e8s dans le soin des cheveux. Son utilisation favorise la croissance rapide des cheveux et le renforcement des follicules pileux. Apr\u00e8s une utilisation r\u00e9guli\u00e8re, les cheveux cesseront de tomber et un avantage suppl\u00e9mentaire sera l&rsquo;\u00e9limination du cuir chevelu qui d\u00e9mange et l&rsquo;absence de pellicules.<\/span><\/p>\n<div id=\"gtx-trans\" style=\"position: absolute; left: 206px; top: 51.9062px;\">\n<div class=\"gtx-trans-icon\"><\/div>\n<\/div>\n","protected":false},"excerpt":{"rendered":"<p><span style=\"font-size: 12pt;\"><strong>Marque\u00a0:<\/strong> N\u00e9fertiti pour les huiles naturelles et les herbes<br \/>\n<\/span><span style=\"font-size: 12pt;\"><strong>Livraison\u00a0:<\/strong> Calcul\u00e9 \u00e0 la caisse<br \/>\n<\/span><span style=\"font-size: 12pt;\"><strong>Pays d&rsquo;origine :<\/strong> Egypte<br \/>\n<\/span><span style=\"font-size: 12pt;\"><strong>Nom botanique :<\/strong> Nigella sativa (Nigelle)<br \/>\n<\/span><span style=\"font-size: 12pt;\"><strong>Nom de famille :<\/strong> Renonculac\u00e9es<br \/>\n<\/span><span style=\"font-size: 12pt;\"><strong>INCI\u00a0:<\/strong> Huile de graine de Nigella Sativa (cumin noir)<br \/>\n<\/span><span style=\"font-size: 12pt;\"><strong>Noms communs :<\/strong> carvi noir, cumin noir, fleur de fenouil, nigelle, fleur de muscade, coriandre romaine, Kalonji, Schwarzkuemmel, Charnushka, Kaladuru, etc.<br \/>\n<\/span><span style=\"font-size: 12pt;\"><strong>Parties utilis\u00e9es\u00a0:<\/strong> graines<br \/>\n<\/span><span style=\"font-size: 12pt;\"><strong>M\u00e9thode d\u2019extraction\u00a0:<\/strong> press\u00e9e \u00e0 froid<br \/>\n<\/span><span style=\"font-size: 12pt;\"><strong>Odeur :<\/strong> Moyenne, \u00c9pic\u00e9 distinctif (Caract\u00e9ristique des graines noires)<br \/>\n<\/span><span style=\"font-size: 12pt;\"><strong>Apparence :<\/strong> jaune p\u00e2le \u00e0 orange<br \/>\n<\/span><span style=\"font-size: 12pt;\"><strong>tat physique :<\/strong> liquide<br \/>\n<\/span><span style=\"font-size: 12pt;\"><strong>Naturel :<\/strong> oui<br \/>\n<\/span><span style=\"font-size: 12pt;\"><strong>Puret\u00e9 :<\/strong> 100%<br \/>\n<\/span><span style=\"font-size: 12pt;\"><strong>Certifi\u00e9 ISO :<\/strong> oui<\/span><\/p>\n<div id=\"gtx-trans\" style=\"position: absolute; left: 284px; top: 51.9062px;\">\n<div class=\"gtx-trans-icon\"><\/div>\n<\/div>\n<div id=\"gtx-trans\" style=\"position: absolute; left: 284px; top: 51.9062px;\">\n<div class=\"gtx-trans-icon\"><\/div>\n<\/div>\n","protected":false},"featured_media":274450,"comment_status":"open","ping_status":"closed","template":"","meta":[],"product_brand":[],"product_cat":[272,671],"product_tag":[],"class_list":{"0":"post-57170","1":"product","2":"type-product","3":"status-publish","4":"has-post-thumbnail","6":"product_cat-natural-oils","7":"product_cat-natural-health-care-fr","8":"pa_bottle-size-11-1000-ml-fr","9":"pa_bottle-size-11-300-ml-fr","10":"pa_bottle-size-11-500-ml-fr","11":"pa_bottle-size-1000-ml-2-fr","12":"pa_bottle-size-125-ml-fr-2","13":"pa_bottle-size-200-ml","14":"pa_bottle-size-300-ml","15":"pa_bottle-size-500-ml","17":"first","18":"instock","19":"sale","20":"shipping-taxable","21":"purchasable","22":"product-type-variable","23":"has-default-attributes"},"_links":{"self":[{"href":"https:\/\/nefertiti-eg.com\/fr\/wp-json\/wp\/v2\/product\/57170","targetHints":{"allow":["GET"]}}],"collection":[{"href":"https:\/\/nefertiti-eg.com\/fr\/wp-json\/wp\/v2\/product"}],"about":[{"href":"https:\/\/nefertiti-eg.com\/fr\/wp-json\/wp\/v2\/types\/product"}],"replies":[{"embeddable":true,"href":"https:\/\/nefertiti-eg.com\/fr\/wp-json\/wp\/v2\/comments?post=57170"}],"wp:featuredmedia":[{"embeddable":true,"href":"https:\/\/nefertiti-eg.com\/fr\/wp-json\/wp\/v2\/media\/274450"}],"wp:attachment":[{"href":"https:\/\/nefertiti-eg.com\/fr\/wp-json\/wp\/v2\/media?parent=57170"}],"wp:term":[{"taxonomy":"product_brand","embeddable":true,"href":"https:\/\/nefertiti-eg.com\/fr\/wp-json\/wp\/v2\/product_brand?post=57170"},{"taxonomy":"product_cat","embeddable":true,"href":"https:\/\/nefertiti-eg.com\/fr\/wp-json\/wp\/v2\/product_cat?post=57170"},{"taxonomy":"product_tag","embeddable":true,"href":"https:\/\/nefertiti-eg.com\/fr\/wp-json\/wp\/v2\/product_tag?post=57170"}],"curies":[{"name":"wp","href":"https:\/\/api.w.org\/{rel}","templated":true}]}}