{"id":57477,"date":"2015-09-29T00:44:05","date_gmt":"2015-09-28T22:44:05","guid":{"rendered":"https:\/\/wordpress-237795-1094026.cloudwaysapps.com\/shop\/non%20class\u00e9\/anti-wrinkle-oil\/"},"modified":"2025-10-24T16:34:25","modified_gmt":"2025-10-24T13:34:25","slug":"anti-wrinkle-oil","status":"publish","type":"product","link":"https:\/\/nefertiti-eg.com\/fr\/shop\/cosmetics\/anti-wrinkle-oil\/","title":{"rendered":"Huile antirides"},"content":{"rendered":"<h3><b>Les bienfaits du m\u00e9lange d&rsquo;huiles naturelles anti-rides<\/b><\/h3>\n<p><span style=\"font-weight: 400;\">Notre peau est quotidiennement expos\u00e9e \u00e0 divers facteurs nocifs (rayons du soleil, pollution, malnutrition, stress et changements hormonaux). Avec l&rsquo;\u00e2ge, le processus de renouvellement cellulaire de notre peau ralentit, la peau perd son \u00e9lasticit\u00e9, sa brillance et la beaut\u00e9 de sa jeunesse, des rides apparaissent.<\/span><\/p>\n<h3><b>Comment l\u2019huile profite \u00e0 la sant\u00e9 de la peau<\/b><\/h3>\n<p><span style=\"font-weight: 400;\">Nous sommes fiers de pr\u00e9senter ce m\u00e9lange d&rsquo;huiles anti-rides naturelles press\u00e9es \u00e0 froid pour un soin royal de la peau. Les huiles naturelles anti-rides p\u00e9n\u00e8trent bien mieux dans la peau que les cr\u00e8mes, atteignant les couches les plus profondes de la peau, tout en les nourrissant et les hydratant. Le m\u00e9lange d&rsquo;huiles anti-rides active parfaitement la formation de nouvelles cellules cutan\u00e9es et pr\u00e9vient le vieillissement cutan\u00e9 de fa\u00e7on durable.<\/span><\/p>\n<h3><b>Huile anti-rides naturelle pour un visage vivifi\u00e9<\/b><\/h3>\n<p><span style=\"font-weight: 400;\">En raison de sa composition, le m\u00e9lange d&rsquo;huiles est indiqu\u00e9 pour les personnes dont la peau est d\u00e9shydrat\u00e9e, a perdu son \u00e9lasticit\u00e9, les changements li\u00e9s \u00e0 l&rsquo;\u00e2ge et le rel\u00e2chement deviennent perceptibles. <\/span><span style=\"font-weight: 400;\">Ce m\u00e9lange naturel d&rsquo;huiles anti-rides contient exclusivement des huiles naturelles et active la production de collag\u00e8ne et d&rsquo;\u00e9lastine dans la peau, pr\u00e9venant la formation de nouvelles rides et lissant les rides existantes. <\/span><span style=\"font-weight: 400;\">En utilisant r\u00e9guli\u00e8rement cette composition unique d&rsquo;huiles antirides, vous serez en mesure de restaurer l&rsquo;\u00e9lasticit\u00e9 de votre peau, et votre peau aura \u00e9galement une apparence saine et nettement plus jeune. L&rsquo;utilisation d&rsquo;huile anti-rides naturelle \u00e9limine facilement les r\u00e9actions allergiques, apaise et gu\u00e9rit la peau endommag\u00e9e. Ce m\u00e9lange d&rsquo;huiles est tr\u00e8s efficace, car il agit gr\u00e2ce aux substances actives et aux antioxydants pr\u00e9sents qui apaisent, rafra\u00eechissent la peau et provoquent sa r\u00e9g\u00e9n\u00e9ration.<\/span><\/p>\n<h3><b>Comment utiliser le m\u00e9lange d&rsquo;huile anti-rides<\/b><\/h3>\n<p><span style=\"font-weight: 400;\">Chaque matin et soir, appliquez une petite quantit\u00e9 du m\u00e9lange d&rsquo;huile anti-rides sur le visage nettoy\u00e9, en massant doucement le long des lignes du visage (ce sont les lignes les moins \u00e9tir\u00e9es de la peau). Huilez d\u00e9licatement votre cou et votre d\u00e9collet\u00e9 et continuez \u00e0 masser par de l\u00e9gers mouvements circulaires, en \u00e9vitant d&rsquo;\u00e9tirer la peau. Apr\u00e8s 10 minutes, retirez l&rsquo;exc\u00e8s d&rsquo;huile avec une serviette en papier. En g\u00e9n\u00e9ral, l&rsquo;huile anti-rides naturelle est bien absorb\u00e9e par la peau et ne laisse pas de r\u00e9sidu gras. Il convient \u00e0 tous les types de peau et ne provoque jamais de r\u00e9action allergique.<\/span><\/p>\n","protected":false},"excerpt":{"rendered":"<h3><b>Huile anti-rides.<\/b><\/h3>\n<p><b>Composition botanique<\/b><span style=\"font-weight: 400;\">: huile d&rsquo;argan, huile de jojoba, huile d&rsquo;amande, huile de germe de bl\u00e9, huiles essentielles naturelles.<br \/>\n<\/span><b>Utilisation<\/b><span style=\"font-weight: 400;\">: cosm\u00e9tique; Anti-\u00e2ge, Anti-rides <\/span><b>INCI<\/b><span style=\"font-weight: 400;\">: m\u00e9lange d&rsquo;huiles naturelles anti-\u00e2ge <\/span><b>Couleur<\/b><span style=\"font-weight: 400;\">: jaune \u00e0 ambre<br \/>\n<\/span><b>Parfum<\/b><span style=\"font-weight: 400;\">: saveur terreuse et noisette<br \/>\n<\/span><b>\u00c9tat physique<\/b><span style=\"font-weight: 400;\">: liquide<br \/>\n<\/span><b>Naturel<\/b><span style=\"font-weight: 400;\">: Oui<br \/>\n<\/span><b>Puret\u00e9<\/b><span style=\"font-weight: 400;\">: 100%<br \/>\n<\/span><b>Certifi\u00e9 ISO<\/b><span style=\"font-weight: 400;\">: Oui<br \/>\n<\/span><b>Marque<\/b><span style=\"font-weight: 400;\">: Nefertiti pour les huiles et herbes naturelles<br \/>\n<\/span><b>Pays d&rsquo;origine<\/b><span style=\"font-weight: 400;\">: Egypte<br \/>\n<\/span><b>Livraison<\/b><span style=\"font-weight: 400;\">: calcul\u00e9e \u00e0 la caisse<\/span><\/p>\n","protected":false},"featured_media":288232,"comment_status":"open","ping_status":"closed","template":"","meta":[],"product_brand":[],"product_cat":[275,673],"product_tag":[],"class_list":{"0":"post-57477","1":"product","2":"type-product","3":"status-publish","4":"has-post-thumbnail","6":"product_cat-cosmetics","7":"product_cat-natural-skin-care-fr","8":"pa_bottle-size-125-ml-fr-2","9":"pa_bottle-size-60-ml-fr","11":"first","12":"instock","13":"sale","14":"shipping-taxable","15":"purchasable","16":"product-type-variable","17":"has-default-attributes"},"_links":{"self":[{"href":"https:\/\/nefertiti-eg.com\/fr\/wp-json\/wp\/v2\/product\/57477","targetHints":{"allow":["GET"]}}],"collection":[{"href":"https:\/\/nefertiti-eg.com\/fr\/wp-json\/wp\/v2\/product"}],"about":[{"href":"https:\/\/nefertiti-eg.com\/fr\/wp-json\/wp\/v2\/types\/product"}],"replies":[{"embeddable":true,"href":"https:\/\/nefertiti-eg.com\/fr\/wp-json\/wp\/v2\/comments?post=57477"}],"wp:featuredmedia":[{"embeddable":true,"href":"https:\/\/nefertiti-eg.com\/fr\/wp-json\/wp\/v2\/media\/288232"}],"wp:attachment":[{"href":"https:\/\/nefertiti-eg.com\/fr\/wp-json\/wp\/v2\/media?parent=57477"}],"wp:term":[{"taxonomy":"product_brand","embeddable":true,"href":"https:\/\/nefertiti-eg.com\/fr\/wp-json\/wp\/v2\/product_brand?post=57477"},{"taxonomy":"product_cat","embeddable":true,"href":"https:\/\/nefertiti-eg.com\/fr\/wp-json\/wp\/v2\/product_cat?post=57477"},{"taxonomy":"product_tag","embeddable":true,"href":"https:\/\/nefertiti-eg.com\/fr\/wp-json\/wp\/v2\/product_tag?post=57477"}],"curies":[{"name":"wp","href":"https:\/\/api.w.org\/{rel}","templated":true}]}}