{"id":57484,"date":"2015-06-25T16:16:38","date_gmt":"2015-06-25T14:16:38","guid":{"rendered":"https:\/\/wordpress-237795-1094026.cloudwaysapps.com\/shop\/non%20class\u00e9\/hair-food-oil\/"},"modified":"2023-01-09T15:57:03","modified_gmt":"2023-01-09T13:57:03","slug":"hair-food-oil","status":"publish","type":"product","link":"https:\/\/nefertiti-eg.com\/fr\/shop\/cosmetics\/hair-food-oil\/","title":{"rendered":"Huile capillaire nourrissante"},"content":{"rendered":"<h3><span style=\"font-size: 14pt;\"><strong>LES BENEFICES DE L&rsquo;HUILE\u00a0CAPILLAIRE NOURRISSANTE\u00a0:<\/strong><\/span><\/h3>\n<p><span style=\"font-size: 12pt;\">Le m\u00e9lange d\u2019huile pure nourrissante de cheveux est un m\u00e9lange tr\u00e8s soigneusement compos\u00e9 d\u2019huiles naturelles pour le soin des cheveux royal. Les humectants naturels augmentent l&rsquo;activit\u00e9 du m\u00e9lange d&rsquo;huiles naturelles essentielles pour cheveux en ajoutant et en bloquant l&rsquo;humidit\u00e9 des cheveux. Le m\u00e9lange d\u2019huile alimentaire pour cheveux a un FPS naturel et peut \u00eatre utilis\u00e9e pour prot\u00e9ger vos cheveux des effets n\u00e9fastes des UV. Un impressionnant cocktail d&rsquo;ingr\u00e9dients soigneusement choisis enrichit l&rsquo;huile alimentaire pure pour cheveux de tous les \u00e9l\u00e9ments nutritifs, hydratants et r\u00e9g\u00e9n\u00e9rants dont vos cheveux ont besoin.<\/span><\/p>\n<h3><span style=\"font-size: 14pt;\"><strong>HUILE\u00a0CAPILLAIRE NOURRISSANTE REVITALISANT\u00a0:<\/strong><\/span><\/h3>\n<p><span style=\"font-size: 12pt;\">L&rsquo;huile nourrissante naturelle pour cheveux est id\u00e9ale pour le conditionnement en profondeur, le renforcement des cheveux et leur conf\u00e8re une apparence soign\u00e9e. Ce m\u00e9lange d&rsquo;huile naturelle est un hydratant tr\u00e8s efficace pour les cheveux secs, cass\u00e9s et ab\u00eem\u00e9s. Les vitamines, les acides amin\u00e9s et une concentration \u00e9lev\u00e9e en acides gras sains, favorisent un excellent maintien de l&rsquo;humidit\u00e9 et augmentent l&rsquo;effet r\u00e9parateur de la peau, tout en soulageant le cuir chevelu sec ou irritant.<\/span><\/p>\n<h3><span style=\"font-size: 14pt;\"><strong>HUILE PURE NOURRISSANTE POUR CHEVEUX\u00a0:<\/strong><\/span><\/h3>\n<p><span style=\"font-size: 12pt;\">La formule d&rsquo;huile nourrissante pour cheveux, riche en vitamines, aide \u00e0 prot\u00e9ger le cuir chevelu et nourrit les follicules des cheveux avec les acides amin\u00e9s. L&rsquo;utilisation de l&rsquo;huile nourrissante pour cheveux am\u00e9liore r\u00e9guli\u00e8rement la croissance des cellules saines, ce qui maintient et restaure la sant\u00e9 du cuir chevelu et l&rsquo;activit\u00e9 des follicules pileux. Le m\u00e9lange d\u2019huile alimentaire pure contient \u00e9galement des acides gras, qui aident \u00e0 assouplir les cheveux et \u00e0 les rendre brillants. Le m\u00e9lange d\u2019huile de cheveux naturels s\u2019absorbe facilement dans le cuir chevelu et les cheveux, car il ressemble beaucoup \u00e0 la graisse naturellement produite par le s\u00e9bum du cuir chevelu humain.<\/span><\/p>\n<h3><span style=\"font-size: 14pt;\"><strong>NUTRITION DES CHEVEUX AVEC L&rsquo;HUILE NATURELLE\u00a0:<\/strong><\/span><\/h3>\n<p><span style=\"font-size: 12pt;\">Le m\u00e9lange d\u2019huile, nourrissante naturelle pour cheveux, est rempli de vitamines saines telles que les vitamines A, B, D et E. Elle contient \u00e9galement des prot\u00e9ines, des acides amin\u00e9s, du fer, du cuivre, du magn\u00e9sium et de l\u2019acide folique. Utiliser pour pr\u00e9venir les dommages des cheveux et stimuler leur sant\u00e9.<\/span><\/p>\n<h3><span style=\"font-size: 14pt;\"><strong>COMMENT UTILISER L&rsquo;HUILE NATURELLE POUR CHEVEUX\u00a0:<\/strong><\/span><\/h3>\n<p><span style=\"font-size: 12pt;\">Une petite quantit\u00e9 d&rsquo;huile mass\u00e9e sur le cuir chevelu et r\u00e9partie sur toute la longueur des cheveux, 30 minutes avant le shampooing.<\/span><\/p>\n","protected":false},"excerpt":{"rendered":"<h2><span style=\"font-size: 12pt;\"><strong>HUILE CAPILLAIRE NOURRISSANTE<\/strong><\/span><\/h2>\n<p><span style=\"font-size: 12pt;\"><strong>Marque :<\/strong> N\u00e9fertiti pour les huiles naturelles et les herbes <\/span><span style=\"font-size: 12pt;\"><strong>Livraison\u00a0:<\/strong> Calcul\u00e9 \u00e0 la caisse<br \/>\n<\/span><span style=\"font-size: 12pt;\"><strong>Pays d&rsquo;origine :<\/strong> Egypte<br \/>\n<\/span><span style=\"font-size: 12pt;\"><strong>Composition botanique :<\/strong> Huile de rucola, Huile de graines noire, Huile d&rsquo;argan, Huile de germe de bl\u00e9,L\u2019huile de coco, Huiles essentielles<br \/>\n<\/span><span style=\"font-size: 12pt;\"><strong>Utilisation :<\/strong> Cosm\u00e9tique, soin des cheveux<br \/>\n<\/span><span style=\"font-size: 12pt;\"><strong>INCI :<\/strong> M\u00e9lange d&rsquo;huiles naturelles pour le traitement capillaire<br \/>\n<\/span><span style=\"font-size: 12pt;\"><strong>Couleur :<\/strong> Vert fonc\u00e9 \u00e0 brun<br \/>\n<\/span><span style=\"font-size: 12pt;\"><strong>Parfum :<\/strong> Terreux avec des notes de plantes<br \/>\n<\/span><span style=\"font-size: 12pt;\"><strong>Etat physique :<\/strong> liquide<br \/>\n<\/span><span style=\"font-size: 12pt;\"><strong>Naturel :<\/strong> oui<br \/>\n<\/span><span style=\"font-size: 12pt;\"><strong>Puret\u00e9 :<\/strong> 100%<br \/>\n<\/span><span style=\"font-size: 12pt;\"><strong>Certifi\u00e9 ISO :<\/strong> oui<\/span><\/p>\n","protected":false},"featured_media":288500,"comment_status":"open","ping_status":"closed","template":"","meta":[],"product_brand":[],"product_cat":[275],"product_tag":[],"class_list":{"0":"post-57484","1":"product","2":"type-product","3":"status-publish","4":"has-post-thumbnail","6":"product_cat-cosmetics","7":"pa_bottle-size-11-1000-ml-fr","8":"pa_bottle-size-11-300-ml-fr","9":"pa_bottle-size-11-500-ml-fr","10":"pa_bottle-size-1000-ml-2-fr","11":"pa_bottle-size-125-ml-fr-2","12":"pa_bottle-size-200-ml","13":"pa_bottle-size-300-ml","14":"pa_bottle-size-500-ml","16":"first","17":"instock","18":"sale","19":"shipping-taxable","20":"purchasable","21":"product-type-variable","22":"has-default-attributes"},"_links":{"self":[{"href":"https:\/\/nefertiti-eg.com\/fr\/wp-json\/wp\/v2\/product\/57484","targetHints":{"allow":["GET"]}}],"collection":[{"href":"https:\/\/nefertiti-eg.com\/fr\/wp-json\/wp\/v2\/product"}],"about":[{"href":"https:\/\/nefertiti-eg.com\/fr\/wp-json\/wp\/v2\/types\/product"}],"replies":[{"embeddable":true,"href":"https:\/\/nefertiti-eg.com\/fr\/wp-json\/wp\/v2\/comments?post=57484"}],"wp:featuredmedia":[{"embeddable":true,"href":"https:\/\/nefertiti-eg.com\/fr\/wp-json\/wp\/v2\/media\/288500"}],"wp:attachment":[{"href":"https:\/\/nefertiti-eg.com\/fr\/wp-json\/wp\/v2\/media?parent=57484"}],"wp:term":[{"taxonomy":"product_brand","embeddable":true,"href":"https:\/\/nefertiti-eg.com\/fr\/wp-json\/wp\/v2\/product_brand?post=57484"},{"taxonomy":"product_cat","embeddable":true,"href":"https:\/\/nefertiti-eg.com\/fr\/wp-json\/wp\/v2\/product_cat?post=57484"},{"taxonomy":"product_tag","embeddable":true,"href":"https:\/\/nefertiti-eg.com\/fr\/wp-json\/wp\/v2\/product_tag?post=57484"}],"curies":[{"name":"wp","href":"https:\/\/api.w.org\/{rel}","templated":true}]}}