{"id":57497,"date":"2015-06-25T16:11:08","date_gmt":"2015-06-25T14:11:08","guid":{"rendered":"https:\/\/wordpress-237795-1094026.cloudwaysapps.com\/shop\/non%20class\u00e9\/pain-oil\/"},"modified":"2023-12-16T18:43:01","modified_gmt":"2023-12-16T16:43:01","slug":"pain-oil","status":"publish","type":"product","link":"https:\/\/nefertiti-eg.com\/fr\/shop\/cosmetics\/pain-oil\/","title":{"rendered":"Huile antidouleur"},"content":{"rendered":"<h3><b>Les m\u00e9langes d\u2019huiles naturelles comme rem\u00e8de contre la douleur<\/b><\/h3>\n<p><span style=\"font-weight: 400;\">Le m\u00e9lange d&rsquo;huile naturelle pour les douleurs articulaires est une composition d&rsquo;huile b\u00e9n\u00e9ficiant d\u2019un pouvoir de soulagement des douleurs physiques et une puissante action anti-inflammatoire. Ce m\u00e9lange unique d&rsquo;huiles naturelles combine un soulagement instantan\u00e9 de la douleur et une th\u00e9rapie curative avec des effets durables. Cette huile n&rsquo;a pas d&rsquo;effet chauffant.<\/span><\/p>\n<h3><b>M\u00e9lange naturel d&rsquo;huiles pour les douleurs articulaires appliqu\u00e9e en massage<\/b><\/h3>\n<p><span style=\"font-weight: 400;\">Le m\u00e9lange naturel d&rsquo;huiles pour les douleurs articulaires est particuli\u00e8rement recommand\u00e9 pour le soulagement instantan\u00e9 de la douleur. Il peut \u00eatre appliqu\u00e9 \u00e0 la fois directement sur des zones sp\u00e9cifiques et sur tout le corps pour soulager les douleurs musculaires, soulager les douleurs articulaires, ainsi que pour augmenter le flux sanguin et r\u00e9duire la douleur et la tension g\u00e9n\u00e9rales tout au long corps.<\/span><\/p>\n<h3><b>Un m\u00e9lange d&rsquo;huiles pour les douleurs sp\u00e9cifiques<\/b><\/h3>\n<p><span style=\"font-weight: 400;\">Cette huile est conseill\u00e9e pour toutes personnes souffrantes de douleurs articulaires avec des crises aigu\u00ebs de goutte, d\u2019hernies et de saillies, avec des syndromes douloureux post-traumatiques, accompagn\u00e9s d&rsquo;inflammation, ou ayant subit des blessures articulaires, des blessures sportives (entorses, ruptures ligamentaires), avec des douleurs musculaires, des contusions, des h\u00e9matomes, des luxations.<\/span><\/p>\n<h3><b>Le compos\u00e9 d\u2019huile pour d\u00e9tendre les muscles<\/b><\/h3>\n<p><span style=\"font-weight: 400;\">la douleur Le m\u00e9lange d&rsquo;huile de douleur articulaire parfaitement adapt\u00e9 a un effet imm\u00e9diat et peut facilement d\u00e9tendre la tension musculaire, les spasmes musculaires, r\u00e9duire les niveaux de douleur et soulager les inflammations et courbatures. Les huiles choisies dans ce flacon sont bien connues et largement utilis\u00e9es par les chiropraticiens pour faciliter leur travail et acc\u00e9l\u00e9rer le processus de r\u00e9cup\u00e9ration.<\/span><\/p>\n<h3><b>Les huiles essentielles naturelles pour la douleur dans les jambes et les pieds<\/b><\/h3>\n<p><span style=\"font-weight: 400;\">Les jambes et les pieds sont les plus susceptibles de ressentir de la fatigue. Les principales causes de ces souffrances sont les talons hauts, les chaussures inconfortables et la marche fatigante. Ce flacon d\u2019huiles naturelles pour les douleurs articulaires prend soin de vos pieds toute la journ\u00e9e, soulage facilement la douleur, am\u00e9liore la circulation sanguine et donne de la l\u00e9g\u00e8ret\u00e9 \u00e0 vos pieds.<\/span><\/p>\n<h3><b>Le m\u00e9lange parfait des huiles pour entretenir les genoux<\/b><\/h3>\n<p><span style=\"font-weight: 400;\">Les douleurs aux genoux peuvent survenir \u00e0 tout \u00e2ge. Les probl\u00e8mes de sant\u00e9, les blessures ligamentaires ou l&rsquo;apparition de l&rsquo;arthrite sont parmi les causes les plus courantes de douleur au genou. Un m\u00e9lange d&rsquo;huiles naturelles pour les douleurs articulaires est un moyen efficace de r\u00e9duire l&rsquo;inflammation et de soulager les douleurs au genou.<\/span><\/p>\n<h3><b>Comment utiliser un m\u00e9lange d&rsquo;huiles pour les douleurs articulaires<\/b><\/h3>\n<p><span style=\"font-weight: 400;\">Si vous souhaitez obtenir un effet analg\u00e9sique durable lors de l&rsquo;utilisation du m\u00e9lange, utilisez-le 2 \u00e0 3 fois par jour pendant 10 \u00e0 14 jours. Prenez une petite quantit\u00e9 du m\u00e9lange d&rsquo;huile, massez doucement si n\u00e9cessaire ou appliquez une compresse sur la zone souhait\u00e9e.\u00a0<\/span><\/p>\n","protected":false},"excerpt":{"rendered":"<h3><b>Pain Relief Oil<\/b><\/h3>\n<p><b>Botanical Composition<\/b><span style=\"font-weight: 400;\">: Eucalyptus oil, Marjoram oil, Black Seed oil, Fennel oil, Sandalwood oil, Essential oils..<br \/>\n<\/span><b>Usage<\/b><span style=\"font-weight: 400;\">: Pain reliever, Anti-inflammatory<br \/>\n<\/span><b>INCI<\/b><span style=\"font-weight: 400;\">: Pain relief oil blend<br \/>\n<\/span><b>Color<\/b><span style=\"font-weight: 400;\">: Earthy green to dark amber<br \/>\n<\/span><b>Scent<\/b><span style=\"font-weight: 400;\">: Fresh woodsy with menthol overtones <\/span><b>Physical State<\/b><span style=\"font-weight: 400;\">: Liquid<br \/>\n<\/span><b>Natural<\/b><span style=\"font-weight: 400;\">: Yes<br \/>\n<\/span><b>Purity<\/b><span style=\"font-weight: 400;\">: 100%<br \/>\n<\/span><b>ISO Certified<\/b><span style=\"font-weight: 400;\">: Yes<br \/>\n<\/span><b>Brand<\/b><span style=\"font-weight: 400;\">: Nefertiti for natural oils &amp; herbs<br \/>\n<\/span><b>Country of Origin<\/b><span style=\"font-weight: 400;\">: Egypt<br \/>\n<\/span><b>Shipping<span style=\"font-weight: 400;\">: Calculated at checkout<\/span><\/b><\/p>\n","protected":false},"featured_media":288172,"comment_status":"open","ping_status":"closed","template":"","meta":[],"product_brand":[],"product_cat":[275,671],"product_tag":[],"class_list":{"0":"post-57497","1":"product","2":"type-product","3":"status-publish","4":"has-post-thumbnail","6":"product_cat-cosmetics","7":"product_cat-natural-health-care-fr","8":"pa_bottle-size-11-1000-ml-fr","9":"pa_bottle-size-11-300-ml-fr","10":"pa_bottle-size-11-500-ml-fr","11":"pa_bottle-size-1000-ml-2-fr","12":"pa_bottle-size-125-ml-fr-2","13":"pa_bottle-size-200-ml","14":"pa_bottle-size-31-125ml-fr","15":"pa_bottle-size-300-ml","16":"pa_bottle-size-500-ml","18":"first","19":"instock","20":"sale","21":"shipping-taxable","22":"purchasable","23":"product-type-variable","24":"has-default-attributes"},"_links":{"self":[{"href":"https:\/\/nefertiti-eg.com\/fr\/wp-json\/wp\/v2\/product\/57497","targetHints":{"allow":["GET"]}}],"collection":[{"href":"https:\/\/nefertiti-eg.com\/fr\/wp-json\/wp\/v2\/product"}],"about":[{"href":"https:\/\/nefertiti-eg.com\/fr\/wp-json\/wp\/v2\/types\/product"}],"replies":[{"embeddable":true,"href":"https:\/\/nefertiti-eg.com\/fr\/wp-json\/wp\/v2\/comments?post=57497"}],"wp:featuredmedia":[{"embeddable":true,"href":"https:\/\/nefertiti-eg.com\/fr\/wp-json\/wp\/v2\/media\/288172"}],"wp:attachment":[{"href":"https:\/\/nefertiti-eg.com\/fr\/wp-json\/wp\/v2\/media?parent=57497"}],"wp:term":[{"taxonomy":"product_brand","embeddable":true,"href":"https:\/\/nefertiti-eg.com\/fr\/wp-json\/wp\/v2\/product_brand?post=57497"},{"taxonomy":"product_cat","embeddable":true,"href":"https:\/\/nefertiti-eg.com\/fr\/wp-json\/wp\/v2\/product_cat?post=57497"},{"taxonomy":"product_tag","embeddable":true,"href":"https:\/\/nefertiti-eg.com\/fr\/wp-json\/wp\/v2\/product_tag?post=57497"}],"curies":[{"name":"wp","href":"https:\/\/api.w.org\/{rel}","templated":true}]}}