{"id":57589,"date":"2015-06-24T16:58:26","date_gmt":"2015-06-24T14:58:26","guid":{"rendered":"https:\/\/wordpress-237795-1094026.cloudwaysapps.com\/shop\/non%20class\u00e9\/marjoram-oil\/"},"modified":"2023-01-09T15:56:51","modified_gmt":"2023-01-09T13:56:51","slug":"marjoram-oil","status":"publish","type":"product","link":"https:\/\/nefertiti-eg.com\/fr\/shop\/essential-oils\/marjoram-oil\/","title":{"rendered":"Huile de marjolaine"},"content":{"rendered":"<h3><b>Les avantages de l&rsquo;huile de marjolaine<\/b><\/h3>\n<p><span style=\"font-weight: 400;\">L\u2019huile de marjolaine \u00e0 un puissant effet bact\u00e9ricide et antiseptique, analg\u00e9sique et antispasmodique. L&rsquo;huile essentielle de marjolaine poss\u00e8de une large gamme de propri\u00e9t\u00e9s calmantes et relaxantes qui agissent directement sur le corps et modifient l&rsquo;\u00e9tat psychologique d&rsquo;une personne. Ses propri\u00e9t\u00e9s antihypertensives et s\u00e9datives rendent l&rsquo;huile essentielle de marjolaine indispensable dans le traitement complexe de diverses maladies. L&rsquo;utilisation d&rsquo;huile essentielle de marjolaine est efficace contre les maux de t\u00eate, la sinusite, le rhume, le stress, l&rsquo;insomnie et la fatigue.<\/span><\/p>\n<h3><b>L\u2019huile de marjolaine pour soulager la douleur<\/b><\/h3>\n<p><span style=\"font-weight: 400;\">L&rsquo;huile essentielle de marjolaine r\u00e9duit la douleur caus\u00e9e par le rhume, la fi\u00e8vre, l&rsquo;inflammation, la tension musculaire et n&rsquo;a aucun effet secondaire. L&rsquo;huile naturelle de marjolaine peut r\u00e9duire ou soulager tous les types de spasmes. Utilis\u00e9e par voie topique, l&rsquo;huile de marjolaine aide \u00e0 soulager les crampes et les spasmes musculaires. L&rsquo;huile essentielle de marjolaine procure un effet apaisant instantan\u00e9 et durable avec tout type d&rsquo;utilisation. Indispensable pour soulager les maux de t\u00eate et les migraines.<\/span><\/p>\n<h3><b>L\u2019huile essentielle de marjolaine pour les rhumes<\/b><\/h3>\n<p><span style=\"font-weight: 400;\">L&rsquo;huile naturelle de marjolaine est largement utilis\u00e9e pour traiter les infections virales, les rhumes, la grippe et les sympt\u00f4mes associ\u00e9s: toux, congestion nasale. L&rsquo;huile essentielle de marjolaine est efficace pour soulager la toux; favorise la s\u00e9paration des mucosit\u00e9s en d\u00e9gageant les voies respiratoires et pr\u00e9vient son accumulation dans les sinus, le larynx, les bronches et les poumons. &#8230; L&rsquo;inhalation \u00e0 l&rsquo;huile essentielle de marjolaine facilite la respiration. L&rsquo;huile de marjolaine est excellente pour nettoyer le mucus nasal et emp\u00eache la formation de nouveau mucus dans les voies respiratoires.<\/span><\/p>\n<h3><b>L\u2019huile essentielle de marjolaine pour dormir<\/b><\/h3>\n<p><span style=\"font-weight: 400;\">Lorsqu&rsquo;elle est utilis\u00e9e en aromath\u00e9rapie, l&rsquo;huile essentielle de marjolaine a un effet calmant et relaxant sur l&rsquo;\u00e9tat physiologique et psychologique d&rsquo;une personne. L&rsquo;huile de marjolaine soulage le stress et l&rsquo;anxi\u00e9t\u00e9 facilement et pendant longtemps, procurant une sensation de bien-\u00eatre en cas de col\u00e8re ou de d\u00e9pression. L&rsquo;huile essentielle de marjolaine est recommand\u00e9e pour l&rsquo;inhalation froide et chaude, l\u2019utilisation dans les saunas, en bains de vapeur, ou bien activ\u00e9 en lampe aromatique.<\/span><\/p>\n<h3><b>L\u2019huile essentielle de marjolaine pour ronfler<\/b><\/h3>\n<p><span style=\"font-weight: 400;\">L&rsquo;huile essentielle de marjolaine peut aider \u00e0 lutter contre le ronflement en soulageant le gonflement des voies respiratoires et en maintenant l&rsquo;\u00e9lasticit\u00e9 des muscles des voies respiratoires sup\u00e9rieures.<\/span><\/p>\n<h3><b>L\u2019huile essentielle de marjolaine pour la peau<\/b><\/h3>\n<p><span style=\"font-weight: 400;\">L&rsquo;huile naturelle de marjolaine a un effet anti-fongique et bact\u00e9ricide, elle est recommand\u00e9e pour un usage externe dans la lutte contre les verrues et les callosit\u00e9s, elle est appliqu\u00e9e directement sur la peau affect\u00e9e.<\/span><\/p>\n","protected":false},"excerpt":{"rendered":"<p><span style=\"font-size: 12pt;\"><strong>Huile essentielle de marjolaine.<\/strong><\/span> <span style=\"font-size: 12pt;\"><strong>Marque :<\/strong> N\u00e9fertiti pour les huiles naturelles et les herbes<\/span><br \/>\n<span style=\"font-size: 12pt;\"><strong>Livraison\u00a0:<\/strong> Calcul\u00e9 \u00e0 la caisse<\/span><br \/>\n<span style=\"font-size: 12pt;\"><strong>Pays d&rsquo;origine :<\/strong> Chypre et sud de la Turquie.<\/span><br \/>\n<span style=\"font-size: 12pt;\"><strong>Nom botanique :<\/strong> Origanum majorana.<\/span><br \/>\n<span style=\"font-size: 12pt;\"><strong>Nom de famille :<\/strong> Lamiaceae.<\/span><br \/>\n<span style=\"font-size: 12pt;\"><strong>INCI : <\/strong>Huile de feuille d&rsquo;Origanan majorana.<\/span><br \/>\n<span style=\"font-size: 12pt;\"><strong>Noms communs :<\/strong> majorane, symbole du bonheur, marjolaine sauvage, marjolaine fran\u00e7aise, etc.<\/span><br \/>\n<span style=\"font-size: 12pt;\"><strong>Parties utilis\u00e9es :<\/strong> plante.<\/span><br \/>\n<span style=\"font-size: 12pt;\"><strong>M\u00e9thode d&rsquo;extraction :<\/strong> distillation \u00e0 la vapeur.<\/span><br \/>\n<span style=\"font-size: 12pt;\"><strong>Parfum : <\/strong>saveurs douces de pin et d&rsquo;agrumes.<\/span><br \/>\n<span style=\"font-size: 12pt;\"><strong>Apparence :<\/strong> Jaun\u00e2tre \u00e0 jaune fonc\u00e9.<\/span><br \/>\n<span style=\"font-size: 12pt;\"><strong>Etat physique :<\/strong> liquide<\/span><br \/>\n<span style=\"font-size: 12pt;\"><strong>Naturel :<\/strong> oui<\/span><br \/>\n<span style=\"font-size: 12pt;\"><strong>Puret\u00e9 :<\/strong> 100%<\/span><br \/>\n<span style=\"font-size: 12pt;\"><strong>Certifi\u00e9 ISO :<\/strong> oui<\/span><\/p>\n","protected":false},"featured_media":275032,"comment_status":"open","ping_status":"closed","template":"","meta":[],"product_brand":[],"product_cat":[273,671],"product_tag":[],"class_list":{"0":"post-57589","1":"product","2":"type-product","3":"status-publish","4":"has-post-thumbnail","6":"product_cat-essential-oils","7":"product_cat-natural-health-care-fr","8":"pa_bottle-size-125-ml-fr-2","9":"pa_bottle-size-30-ml-fr","10":"pa_bottle-size-60-ml-fr","12":"first","13":"instock","14":"sale","15":"shipping-taxable","16":"purchasable","17":"product-type-variable","18":"has-default-attributes"},"_links":{"self":[{"href":"https:\/\/nefertiti-eg.com\/fr\/wp-json\/wp\/v2\/product\/57589","targetHints":{"allow":["GET"]}}],"collection":[{"href":"https:\/\/nefertiti-eg.com\/fr\/wp-json\/wp\/v2\/product"}],"about":[{"href":"https:\/\/nefertiti-eg.com\/fr\/wp-json\/wp\/v2\/types\/product"}],"replies":[{"embeddable":true,"href":"https:\/\/nefertiti-eg.com\/fr\/wp-json\/wp\/v2\/comments?post=57589"}],"wp:featuredmedia":[{"embeddable":true,"href":"https:\/\/nefertiti-eg.com\/fr\/wp-json\/wp\/v2\/media\/275032"}],"wp:attachment":[{"href":"https:\/\/nefertiti-eg.com\/fr\/wp-json\/wp\/v2\/media?parent=57589"}],"wp:term":[{"taxonomy":"product_brand","embeddable":true,"href":"https:\/\/nefertiti-eg.com\/fr\/wp-json\/wp\/v2\/product_brand?post=57589"},{"taxonomy":"product_cat","embeddable":true,"href":"https:\/\/nefertiti-eg.com\/fr\/wp-json\/wp\/v2\/product_cat?post=57589"},{"taxonomy":"product_tag","embeddable":true,"href":"https:\/\/nefertiti-eg.com\/fr\/wp-json\/wp\/v2\/product_tag?post=57589"}],"curies":[{"name":"wp","href":"https:\/\/api.w.org\/{rel}","templated":true}]}}