{"id":57596,"date":"2015-06-24T16:35:26","date_gmt":"2015-06-24T14:35:26","guid":{"rendered":"https:\/\/wordpress-237795-1094026.cloudwaysapps.com\/shop\/non%20class\u00e9\/grape-seed-oil\/"},"modified":"2024-07-09T14:02:21","modified_gmt":"2024-07-09T11:02:21","slug":"grape-seed-oil","status":"publish","type":"product","link":"https:\/\/nefertiti-eg.com\/fr\/shop\/essential-oils\/grape-seed-oil\/","title":{"rendered":"L&rsquo;huile de p\u00e9pins de raisin"},"content":{"rendered":"<h3><b>L&rsquo;huile de p\u00e9pins de raisin, propri\u00e9t\u00e9s et applications<\/b><\/h3>\n<p><span style=\"font-weight: 400;\">L&rsquo;huile essentielle de p\u00e9pins de raisin poss\u00e8de des propri\u00e9t\u00e9s antioxydantes, r\u00e9g\u00e9n\u00e9ratrices et cytoprotectrices. L&rsquo;huile naturelle de p\u00e9pins de raisin est un ingr\u00e9dient cosm\u00e9tique presque irrempla\u00e7able dans la fabrication de produits pour le soin des peaux \u00e0 probl\u00e8mes. L&rsquo;huile essentielle de p\u00e9pins de raisin contient beaucoup plus d&rsquo;acide linol\u00e9ique que de nombreuses autres huiles naturelles. L&rsquo;huile essentielle de p\u00e9pins de raisin est \u00e9galement recommand\u00e9e pour un rasage doux.<\/span><\/p>\n<h3><b>L&rsquo;huile de p\u00e9pins de raisin pour la peau<\/b><\/h3>\n<p><span style=\"font-weight: 400;\">L&rsquo;huile de p\u00e9pins de raisin naturelle a un l\u00e9ger effet astringent qui aide \u00e0 resserrer les pores dilat\u00e9s et \u00e0 tonifier la peau. L&rsquo;acide linol\u00e9ique, pr\u00e9sent dans l&rsquo;huile de p\u00e9pins de raisin, est tr\u00e8s b\u00e9n\u00e9fique et efficace pour traiter les peaux \u00e0 probl\u00e8mes d&rsquo;acn\u00e9, de dermatite et l&rsquo;ecz\u00e9ma. L&rsquo;acide linol\u00e9ique apaise et nourrit \u00e9galement la peau, lui donnant une apparence saine. L&rsquo;huile naturelle de p\u00e9pins de raisin est facilement absorb\u00e9e par la peau. Il est tr\u00e8s souvent utilis\u00e9 en cosm\u00e9tologie. Cette huile est id\u00e9ale pour hydrater la peau en profondeur, en aidant \u00e0 r\u00e9duire les rides et \u00e0 \u00e9liminer les vergetures. L&rsquo;huile de p\u00e9pins de raisin est \u00e9galement une source extr\u00eamement riche de vitamine E, responsable de la jeunesse de la peau. L&rsquo;huile naturelle de p\u00e9pins de raisin est souvent un composant des cr\u00e8mes anti-\u00e2ge ou des capsules de vitamines d\u00e9sormais tr\u00e8s populaires propos\u00e9es comme ingr\u00e9dient essentiel pour maintenir une peau d&rsquo;apparence jeune et saine. Cette huile fait partie des antioxydants les plus puissants.<\/span><\/p>\n<h3><b>L&rsquo;huile de p\u00e9pins de raisin pour les rides<\/b><\/h3>\n<p><span style=\"font-weight: 400;\">Principalement utilis\u00e9e pour les soins de la peau, l&rsquo;huile de p\u00e9pins de raisin est utilis\u00e9e pour ses propri\u00e9t\u00e9s \u00e9mollientes. Cette huile se trouve dans de nombreux cosm\u00e9tiques, tels que les baume \u00e0 l\u00e8vres, les cr\u00e8mes pour les mains et le corps, les lotions hydratantes, les m\u00e9langes et lotions de protection solaire et les produits de soins capillaires. Seule une petite quantit\u00e9 d&rsquo;huile de p\u00e9pins de raisin est capable de lisser les rides fines et les petites vergetures sur la peau. L&rsquo;huile naturelle de p\u00e9pins de raisin am\u00e9liore l&rsquo;\u00e9lasticit\u00e9 de la peau et ralentit le processus de vieillissement.<\/span><\/p>\n<h3><b>L\u2019activit\u00e9 antioxydante de l&rsquo;huile de p\u00e9pins de raisin<\/b><\/h3>\n<p><span style=\"font-weight: 400;\">La procyanidine oligom\u00e9rique flavono\u00efde trouv\u00e9e en grande quantit\u00e9 dans l&rsquo;huile de p\u00e9pins de raisin est un antioxydant incroyablement puissant, encore plus puissant que les vitamines C et E. Ce compos\u00e9 unique prot\u00e8ge contre les dommages cellulaires et tissulaires g\u00e9n\u00e9ralement caus\u00e9s par les radicaux libres. En raison de ses propri\u00e9t\u00e9s antioxydantes, l&rsquo;huile de p\u00e9pins de raisin est capable de ralentir le vieillissement cutan\u00e9 en liant les radicaux libres dans les cellules.<\/span><\/p>\n<h3><b>Propri\u00e9t\u00e9s de l&rsquo;huile de p\u00e9pins de raisin<\/b><\/h3>\n<p><span style=\"font-weight: 400;\">L&rsquo;huile naturelle de p\u00e9pins de raisin est utilis\u00e9e dans les soins complexes des peaux \u00e0 probl\u00e8mes, pour renforcer et r\u00e9g\u00e9n\u00e9rer les capillaires et vaisseaux sanguins endommag\u00e9s. Les propri\u00e9t\u00e9s actives de cette huile sont bien connues pour am\u00e9liorer la circulation sanguine dans les veines et les petits capillaires, ce qui est indiqu\u00e9 pour l&rsquo;utilisation de l&rsquo;huile de p\u00e9pins de raisin pour les varices et les h\u00e9morro\u00efdes. L&rsquo;huile de p\u00e9pins de raisin est \u00e9galement utilis\u00e9e comme huile de support en aromath\u00e9rapie.<\/span><\/p>\n<h3><strong>Huile essentielle de p\u00e9pins de raisin pour massage<\/strong><\/h3>\n<p><span style=\"font-weight: 400;\">L&rsquo;huile de p\u00e9pins de raisin est id\u00e9ale comme huile de base pour les soins de la peau et divers types de massage, pr\u00e9cis\u00e9ment en raison de sa consistance soyeuse, d\u00e9licate et lisse. Il contient de nombreux antioxydants, qui sont des nutriments essentiels et des enzymes qui prot\u00e8gent la peau des dommages et du vieillissement. L&rsquo;huile de p\u00e9pins de raisin naturelle contient de l&rsquo;acide linol\u00e9ique, un acide gras insatur\u00e9 qui joue un r\u00f4le cl\u00e9 dans le maintien de membranes cellulaires saines. L&rsquo;huile de p\u00e9pins de raisin est doucement absorb\u00e9e par la peau, laissant une couche a\u00e9r\u00e9e et hydratante qui aide \u00e0 r\u00e9g\u00e9n\u00e9rer et \u00e0 restructurer intens\u00e9ment les tissus cutan\u00e9s endommag\u00e9s et tendus.<\/span><\/p>\n<h3><b>Huile de p\u00e9pins de raisin pour les cheveux<\/b><\/h3>\n<p><span style=\"font-weight: 400;\">L&rsquo;huile de p\u00e9pins de raisin est consid\u00e9r\u00e9e comme l&rsquo;un des meilleurs cosm\u00e9tiques capillaires. En aucun cas inf\u00e9rieure \u00e0 l&rsquo;huile d&rsquo;olive, l&rsquo;huile de p\u00e9pins de raisin naturelle est un apr\u00e8s-shampoing naturel. L&rsquo;huile essentielle de p\u00e9pins de raisin hydrate efficacement les cheveux, les renforce et am\u00e9liore leur \u00e9tat g\u00e9n\u00e9ral. Elle hydrate \u00e9galement le cuir chevelu. Gr\u00e2ce \u00e0 la pr\u00e9sence d&rsquo;antioxydants, l&rsquo;huile de p\u00e9pins de raisin stimule la pousse des cheveux et les prot\u00e8ge des m\u00e9faits de l&rsquo;environnement. L&rsquo;huile de p\u00e9pins de raisin restaure naturellement la sant\u00e9 des cheveux.<\/span><\/p>\n","protected":false},"excerpt":{"rendered":"<p><span style=\"font-size: 12pt;\"><strong>Huile essentielle de p\u00e9pins de raisin.<\/strong><\/span> <span style=\"font-size: 12pt;\"><strong>Marque :<\/strong> N\u00e9fertiti pour les huiles naturelles et les herbes<\/span> <span style=\"font-size: 12pt;\"><strong>Livraison\u00a0:<\/strong> Calcul\u00e9 \u00e0 la caisse<\/span><br \/>\n<span style=\"font-size: 12pt;\"><strong>Pays d&rsquo;origine :<\/strong> Italie, France, Espagne, Russie<\/span><br \/>\n<span style=\"font-size: 12pt;\"><strong>Nom botanique :<\/strong> Vitis vinifera L.<\/span><br \/>\n<span style=\"font-size: 12pt;\"><strong>Nom de famille :<\/strong> Rafflesiaceae<\/span><br \/>\n<span style=\"font-size: 12pt;\"><strong>INCI :<\/strong> Huile de p\u00e9pins de raisin VITIS VINIFERA<\/span><br \/>\n<span style=\"font-size: 12pt;\"><strong>Noms communs:<\/strong> Muscat, Vitis vinifera, extrait de graine de Vitis Vinefera (raisin), Asma, Auzum, raisin domestique, raisin europ\u00e9en, raisin europ\u00e9en, vigne, I&rsquo;Nab, P&rsquo;U T&rsquo;Ao, P&rsquo;U T&rsquo;Ao Chiu, Raisin, Roseinekaerne, Plateau, Vid, Vigne, Vigne, Vite, etc.<\/span><br \/>\n<span style=\"font-size: 12pt;\"><strong>Parties utilis\u00e9es :<\/strong> graines<\/span><br \/>\n<span style=\"font-size: 12pt;\"><strong>M\u00e9thode d&rsquo;extraction :<\/strong> distillation \u00e0 la vapeur<\/span><br \/>\n<span style=\"font-size: 12pt;\"><strong>Parfum :<\/strong> doux parfum doux<\/span><br \/>\n<span style=\"font-size: 12pt;\"><strong>Apparence :<\/strong> jaune p\u00e2le<\/span><br \/>\n<span style=\"font-size: 12pt;\"><strong>Etat physique :<\/strong> liquide<\/span><br \/>\n<span style=\"font-size: 12pt;\"><strong>Naturel :<\/strong> oui<\/span><br \/>\n<span style=\"font-size: 12pt;\"><strong>Puret\u00e9 :<\/strong> 100%<\/span><br \/>\n<span style=\"font-size: 12pt;\"><strong>Certifi\u00e9 ISO :<\/strong> oui<\/span><\/p>\n","protected":false},"featured_media":274662,"comment_status":"open","ping_status":"closed","template":"","meta":[],"product_brand":[],"product_cat":[273],"product_tag":[],"class_list":{"0":"post-57596","1":"product","2":"type-product","3":"status-publish","4":"has-post-thumbnail","6":"product_cat-essential-oils","7":"pa_bottle-size-125-ml-fr-2","8":"pa_bottle-size-200-ml","9":"pa_bottle-size-300-ml","11":"first","12":"instock","13":"sale","14":"shipping-taxable","15":"purchasable","16":"product-type-variable","17":"has-default-attributes"},"_links":{"self":[{"href":"https:\/\/nefertiti-eg.com\/fr\/wp-json\/wp\/v2\/product\/57596","targetHints":{"allow":["GET"]}}],"collection":[{"href":"https:\/\/nefertiti-eg.com\/fr\/wp-json\/wp\/v2\/product"}],"about":[{"href":"https:\/\/nefertiti-eg.com\/fr\/wp-json\/wp\/v2\/types\/product"}],"replies":[{"embeddable":true,"href":"https:\/\/nefertiti-eg.com\/fr\/wp-json\/wp\/v2\/comments?post=57596"}],"wp:featuredmedia":[{"embeddable":true,"href":"https:\/\/nefertiti-eg.com\/fr\/wp-json\/wp\/v2\/media\/274662"}],"wp:attachment":[{"href":"https:\/\/nefertiti-eg.com\/fr\/wp-json\/wp\/v2\/media?parent=57596"}],"wp:term":[{"taxonomy":"product_brand","embeddable":true,"href":"https:\/\/nefertiti-eg.com\/fr\/wp-json\/wp\/v2\/product_brand?post=57596"},{"taxonomy":"product_cat","embeddable":true,"href":"https:\/\/nefertiti-eg.com\/fr\/wp-json\/wp\/v2\/product_cat?post=57596"},{"taxonomy":"product_tag","embeddable":true,"href":"https:\/\/nefertiti-eg.com\/fr\/wp-json\/wp\/v2\/product_tag?post=57596"}],"curies":[{"name":"wp","href":"https:\/\/api.w.org\/{rel}","templated":true}]}}