{"id":57602,"date":"2015-06-24T16:31:14","date_gmt":"2015-06-24T14:31:14","guid":{"rendered":"https:\/\/wordpress-237795-1094026.cloudwaysapps.com\/shop\/non%20class\u00e9\/lupine-oil\/"},"modified":"2024-10-10T14:54:45","modified_gmt":"2024-10-10T11:54:45","slug":"lupine-oil","status":"publish","type":"product","link":"https:\/\/nefertiti-eg.com\/fr\/shop\/essential-oils\/lupine-oil\/","title":{"rendered":"Huile de lupin"},"content":{"rendered":"<h3><b>Les avantages de l&rsquo;huile de graine de lupin<\/b><\/h3>\n<p><span style=\"font-weight: 400;\">Les vertues qualitatives de l&rsquo;huile de lupin sont dues \u00e0 la teneur \u00e9lev\u00e9e en prot\u00e9ines facilement digestibles, fer, peptides, vitamines A, PP, E. L&rsquo;huile de lupin est un puissant antioxydant, elle peut activer les processus immunitaires dans le corps, pr\u00e9venir et arr\u00eater le d\u00e9veloppement de tumeurs malignes, soulager l&rsquo;inflammation.<\/span><\/p>\n<h3><b>Les propri\u00e9t\u00e9s et utilisations de l&rsquo;huile essentielle de lupin<\/b><\/h3>\n<p><span style=\"font-weight: 400;\">Diverses \u00e9tudes montrent l&rsquo;efficacit\u00e9 de l&rsquo;huile essentielle de lupin en usage cosm\u00e9tique. En tant que principal ingr\u00e9dient actif, l&rsquo;huile de lupin est utilis\u00e9e dans de nombreux m\u00e9langes cosm\u00e9tiques: antioxydants, anti-\u00e2ge, blanchissants, produits de protection cutan\u00e9e contre les effets nocifs des radicaux libres, ainsi que produits de protection UV.<\/span><\/p>\n<h3><b>L\u2019huile de lupin pour le visage<\/b><\/h3>\n<p><span style=\"font-weight: 400;\">L&rsquo;huile de lupin naturelle non dilu\u00e9e utilis\u00e9e illumine et blanchit la peau et aide \u00e0 \u00e9liminer les taches de rousseur et les taches de vieillesse. L&rsquo;huile de graines de lupin est recommand\u00e9e comme masque de nuit pour le visage, le cou, le d\u00e9collet\u00e9 et les mains. Lorsqu&rsquo;elle est m\u00e9lang\u00e9e \u00e0 parts \u00e9gales d&rsquo;huile de jojoba ou d&rsquo;huile d&rsquo;amande naturelle, l&rsquo;huile de lupin apaise la peau irrit\u00e9e, lisse les rides et hydrate la peau. L&rsquo;huile de lupin est un soin anti-\u00e2ge efficace pour la peau, a un fort effet lissant et tenseur sur les rides existantes; poss\u00e8de des propri\u00e9t\u00e9s antioxydantes et aide \u00e0 maintenir la jeunesse et l&rsquo;\u00e9lasticit\u00e9 de la peau. L&rsquo;huile rend la peau saine et uniforme, elle est utilis\u00e9e pour illuminer les teints gris\u00e2tres. Avec une utilisation r\u00e9guli\u00e8re d&rsquo;huile de lupin, la peau devient velout\u00e9e et mate, en particulier pour les peaux grasses. Convient \u00e9galement aux peaux s\u00e8ches, n&rsquo;a pas d&rsquo;effet ass\u00e9chant, seulement matifie.<\/span><\/p>\n<h3><b>L\u2019huile de lupin pour la peau<\/b><\/h3>\n<p><span style=\"font-weight: 400;\">L&rsquo;huile de lupin favorise la gu\u00e9rison rapide des coupures et des plaies, soulage l&rsquo;inflammation de la peau, aide \u00e0 \u00e9liminer les traces d&rsquo;acn\u00e9, unifie le soulagement de la peau et pr\u00e9vient sa d\u00e9shydratation. Apr\u00e8s utilisation de l&rsquo;huile de lupin, la peau est satur\u00e9e d&rsquo;ingr\u00e9dients actifs, parfaitement hydrat\u00e9e et prot\u00e9g\u00e9e des facteurs externes d\u00e9favorables et des \u00e9l\u00e9ments agressifs.<\/span><\/p>\n<h3><b>L\u2019huile essentielle de lupin pour les cheveux<\/b><\/h3>\n<p><span style=\"font-weight: 400;\">L&rsquo;huile naturelle de lupin contient tous les nutriments essentiels pour stimuler une croissance saine des cheveux. L&rsquo;huile de lupin am\u00e9liore la circulation sanguine et le m\u00e9tabolisme dans les cellules des follicules pileux, acc\u00e9l\u00e8re le renouvellement des fonctions vitales et d\u00e9marre le processus de r\u00e9g\u00e9n\u00e9ration. En m\u00eame temps, il pr\u00e9sente des propri\u00e9t\u00e9s hydratantes, nourrissantes et anti-inflammatoires, pr\u00e9venant la s\u00e9cheresse et aidant au fonctionnement normal des follicules pileux, rajeunissant le cuir chevelu. L&rsquo;huile stimule la croissance des cheveux, r\u00e9duit la chute des cheveux et augmente consid\u00e9rablement l&rsquo;\u00e9paisseur de la racine des cheveux. Les cheveux sont restaur\u00e9s sur toute leur longueur, devenant plus maniables, volumineux et brillants.<\/span><\/p>\n","protected":false},"excerpt":{"rendered":"<p><span style=\"font-size: 12pt;\"><strong>Huile de lupin naturel.<\/strong><\/span> <span style=\"font-size: 12pt;\"><strong>Marque :<\/strong> N\u00e9fertiti pour les huiles naturelles et les herbes<\/span><br \/>\n<span style=\"font-size: 12pt;\"><strong>Livraison\u00a0:<\/strong> Calcul\u00e9 \u00e0 la caisse<\/span><br \/>\n<span style=\"font-size: 12pt;\"><strong>Pays d&rsquo;origine :<\/strong> r\u00e9gion m\u00e9diterran\u00e9enne, montagnes andines, \u00c9gypte<\/span><br \/>\n<span style=\"font-size: 12pt;\"><strong>Nom botanique :<\/strong> Lupinus albus<\/span><br \/>\n<span style=\"font-size: 12pt;\"><strong>Nom de famille :<\/strong> Fabaceae<\/span><br \/>\n<span style=\"font-size: 12pt;\"><strong>INCI :<\/strong> Huile de graines de Lupinus Albus<\/span><br \/>\n<span style=\"font-size: 12pt;\"><strong>Noms communs :<\/strong> Tarwi, chocho, Lupinus mutabilis, Lupinus jaimehintoniana, Bluebonnets, bonnets Quaker, \u0627\u0644\u062a\u0631\u0645\u0633.<\/span><br \/>\n<span style=\"font-size: 12pt;\"><strong>Parties utilis\u00e9es :<\/strong> graines<\/span><br \/>\n<span style=\"font-size: 12pt;\"><strong>M\u00e9thode d&rsquo;extraction :<\/strong> press\u00e9e \u00e0 froid<\/span><br \/>\n<span style=\"font-size: 12pt;\"><strong>Parfum :<\/strong> faible terreux<\/span><br \/>\n<span style=\"font-size: 12pt;\"><strong>Apparence :<\/strong> or jaun\u00e2tre<\/span><br \/>\n<span style=\"font-size: 12pt;\"><strong>Etat physique :<\/strong> liquide<\/span><br \/>\n<span style=\"font-size: 12pt;\"><strong>Naturel :<\/strong> oui<\/span><br \/>\n<span style=\"font-size: 12pt;\"><strong>Puret\u00e9 :<\/strong> 100%<\/span><br \/>\n<span style=\"font-size: 12pt;\"><strong>Certifi\u00e9 ISO :<\/strong> oui<\/span><\/p>\n","protected":false},"featured_media":274980,"comment_status":"open","ping_status":"closed","template":"","meta":[],"product_brand":[],"product_cat":[273,673],"product_tag":[],"class_list":{"0":"post-57602","1":"product","2":"type-product","3":"status-publish","4":"has-post-thumbnail","6":"product_cat-essential-oils","7":"product_cat-natural-skin-care-fr","8":"pa_bottle-size-11-1000-ml-fr","9":"pa_bottle-size-11-500-ml-fr","10":"pa_bottle-size-1000-ml-2-fr","11":"pa_bottle-size-125-ml-fr-2","12":"pa_bottle-size-500-ml","13":"pa_bottle-size-60-ml-fr","15":"first","16":"instock","17":"sale","18":"shipping-taxable","19":"purchasable","20":"product-type-variable","21":"has-default-attributes"},"_links":{"self":[{"href":"https:\/\/nefertiti-eg.com\/fr\/wp-json\/wp\/v2\/product\/57602","targetHints":{"allow":["GET"]}}],"collection":[{"href":"https:\/\/nefertiti-eg.com\/fr\/wp-json\/wp\/v2\/product"}],"about":[{"href":"https:\/\/nefertiti-eg.com\/fr\/wp-json\/wp\/v2\/types\/product"}],"replies":[{"embeddable":true,"href":"https:\/\/nefertiti-eg.com\/fr\/wp-json\/wp\/v2\/comments?post=57602"}],"wp:featuredmedia":[{"embeddable":true,"href":"https:\/\/nefertiti-eg.com\/fr\/wp-json\/wp\/v2\/media\/274980"}],"wp:attachment":[{"href":"https:\/\/nefertiti-eg.com\/fr\/wp-json\/wp\/v2\/media?parent=57602"}],"wp:term":[{"taxonomy":"product_brand","embeddable":true,"href":"https:\/\/nefertiti-eg.com\/fr\/wp-json\/wp\/v2\/product_brand?post=57602"},{"taxonomy":"product_cat","embeddable":true,"href":"https:\/\/nefertiti-eg.com\/fr\/wp-json\/wp\/v2\/product_cat?post=57602"},{"taxonomy":"product_tag","embeddable":true,"href":"https:\/\/nefertiti-eg.com\/fr\/wp-json\/wp\/v2\/product_tag?post=57602"}],"curies":[{"name":"wp","href":"https:\/\/api.w.org\/{rel}","templated":true}]}}