{"id":57624,"date":"2015-06-15T00:32:29","date_gmt":"2015-06-14T22:32:29","guid":{"rendered":"https:\/\/wordpress-237795-1094026.cloudwaysapps.com\/shop\/non%20class\u00e9\/argan-oil\/"},"modified":"2023-01-09T15:57:00","modified_gmt":"2023-01-09T13:57:00","slug":"argan-oil","status":"publish","type":"product","link":"https:\/\/nefertiti-eg.com\/fr\/shop\/essential-oils\/argan-oil\/","title":{"rendered":"Huile d&rsquo;argan"},"content":{"rendered":"<h3><b>L\u2019huile d&rsquo;argan naturelle pour la peau<\/b><\/h3>\n<p><span style=\"font-weight: 400;\">L&rsquo;huile d&rsquo;argan aide \u00e0 traiter les infections cutan\u00e9es et \u00e0 se d\u00e9barrasser de l&rsquo;acn\u00e9. L&rsquo;une des principales propri\u00e9t\u00e9s curatives de l&rsquo;huile d&rsquo;argan est la pr\u00e9sence d&rsquo;une grande quantit\u00e9 de vitamines antioxydantes A et E, d&rsquo;acides gras om\u00e9ga-6,9 sains et d&rsquo;acide linol\u00e9ique. Lorsqu&rsquo;elle est appliqu\u00e9e \u00e0 l&rsquo;ext\u00e9rieur, l&rsquo;huile d&rsquo;argan am\u00e9liore la circulation sanguine et la microcirculation sanguine dans la couche sous-cutan\u00e9e, ce qui maintient la peau jeune, saine et belle; a un effet anti-inflammatoire, active les processus de granulation et de l\u2019<\/span><span style=\"font-weight: 400;\">\u00e9pith\u00e9lialisation en<\/span><span style=\"font-weight: 400;\"> acc\u00e9l\u00e9rant la gu\u00e9rison des l\u00e9sions cutan\u00e9es.<\/span><\/p>\n<h3><b>Les avantages de l&rsquo;huile d&rsquo;argan naturelle<\/b><\/h3>\n<p><span style=\"font-weight: 400;\">L&rsquo;huile d&rsquo;argan contient une quantit\u00e9 \u00e9norme de vitamine E (3 fois plus que l&rsquo;huile d&rsquo;olive), de carot\u00e9no\u00efdes (vitamine A), d&rsquo;acides gras ol\u00e9ique et linol\u00e9ique (om\u00e9ga-9, om\u00e9ga-6). L&rsquo;huile d&rsquo;argan contient \u00e9galement un pourcentage \u00e9lev\u00e9 d&rsquo;acides gras utiles: palmitique &#8211; 13-16%, acide st\u00e9arique &#8211; 6-8%), acide f\u00e9rulique, polyph\u00e9nols, phytost\u00e9rols, alcools triterp\u00e9niques. Le squal\u00e8ne, un puissant antioxydant naturel pr\u00e9sent dans l&rsquo;huile d&rsquo;argan, prot\u00e8ge la peau des effets nocifs de l&rsquo;environnement.<\/span><\/p>\n<h3><b>Huile d&rsquo;argan naturelle pour la sant\u00e9 de la peau<\/b><\/h3>\n<p><span style=\"font-weight: 400;\">L&rsquo;huile d&rsquo;argan naturelle a un effet anti-inflammatoire et est fortement recommand\u00e9e dans le traitement complexe de nombreuses maladies et affections cutan\u00e9es. L&rsquo;utilisation d&rsquo;huile d&rsquo;Argan naturelle non dilu\u00e9e sous forme de masque pour la peau est recommand\u00e9e dans le cadre du traitement complexe des maladies dermatologiques (dermatite fongique, psoriasis, dermatite atopique, ecz\u00e9ma sec, acn\u00e9). L&rsquo;huile d&rsquo;argan naturelle acc\u00e9l\u00e8re le processus de r\u00e9g\u00e9n\u00e9ration naturelle de la peau, stimule les processus de granulation et d&rsquo;\u00e9pith\u00e9lialisation de la peau endommag\u00e9e. L&rsquo;huile d&rsquo;argan a des propri\u00e9t\u00e9s bact\u00e9ricides et anti-inflammatoires, normalise la s\u00e9cr\u00e9tion des glandes s\u00e9bac\u00e9es et est souvent utilis\u00e9e dans le cadre de traitements complets contre l&rsquo;acn\u00e9.<\/span><\/p>\n<h3><b>L\u2019huile d&rsquo;argan naturelle pour une peau jeune<\/b><\/h3>\n<p><span style=\"font-weight: 400;\">L&rsquo;huile d&rsquo;argan est facilement et rapidement absorb\u00e9e par la peau sans laisser la peau collante et grasse. Adoucit, nourrit, rafra\u00eechit et hydrate la peau, l&#8217;emp\u00eachant de se dess\u00e9cher et de s&rsquo;\u00e9cailler. Restaure l&rsquo;\u00e9quilibre lipidique de la peau. Augmente la fermet\u00e9 et l&rsquo;\u00e9lasticit\u00e9 de la peau, uniformise son relief, aide \u00e0 lisser les rides fines, stimule la production naturelle de collag\u00e8ne et d&rsquo;\u00e9lastine. Emp\u00eache le vieillissement pr\u00e9matur\u00e9 de la peau et l&rsquo;apparition pr\u00e9coce des rides et des taches de vieillesse.<\/span><\/p>\n<h3><b>L\u2019huile d&rsquo;argan pour le massage<\/b><\/h3>\n<p><span style=\"font-weight: 400;\">Les composants pr\u00e9sents dans l&rsquo;huile d&rsquo;argan naturelle am\u00e9liorent le drainage lymphatique, la circulation sanguine et la microcirculation sanguine dans la graisse sous-cutan\u00e9e. L&rsquo;huile d&rsquo;argan est utilis\u00e9e comme ingr\u00e9dient principal dans les m\u00e9langes de massage (y compris l&rsquo;huile de massage anti-cellulite).<\/span><\/p>\n<h3><b>Huile capillaire naturelle d&rsquo;argan<\/b><\/h3>\n<p><span style=\"font-weight: 400;\">L&rsquo;huile d&rsquo;argan est un rem\u00e8de naturel efficace pour les pointes ab\u00eem\u00e9es, cassantes et fourchues. L&rsquo;huile d&rsquo;argan restaure la structure des cheveux ab\u00eem\u00e9s, leur donne une brillance naturelle et saine, de la douceur, du soyeux, prot\u00e8ge les cheveux des effets nocifs des facteurs environnementaux et des produits chimiques. L&rsquo;huile d&rsquo;argan est utilis\u00e9e dans le cadre d&rsquo;un traitement complet de l&rsquo;alop\u00e9cie, des pellicules grasses et de la s\u00e9borrh\u00e9e.<\/span><\/p>\n<h3><b>Huile d&rsquo;argan pour les ongles<\/b><\/h3>\n<p><span style=\"font-weight: 400;\">L&rsquo;utilisation d&rsquo;huile d&rsquo;argan sur les mains permet de renforcer les ongles cassants. Vous devez r\u00e9guli\u00e8rement appliquer de l&rsquo;huile d&rsquo;argan sur vos ongles et vos cuticules pour aider \u00e0 renforcer les ongles cassants.<\/span><\/p>\n<h3><b>Huile \u00e0 barbe naturelle d&rsquo;argan<\/b><\/h3>\n<p><span style=\"font-weight: 400;\">L&rsquo;huile d&rsquo;argan contient des acides gras insatur\u00e9s (om\u00e9ga-6 et om\u00e9ga-9) et une forte dose de vitamine E. Cela permet une bonne hydratation de la peau, lui donne de l&rsquo;\u00e9lasticit\u00e9 et r\u00e9gule les glandes s\u00e9bac\u00e9es. Prot\u00e8ge la barbe des dommages du soleil, ajoute de la brillance et am\u00e9liore la qualit\u00e9 de la barbe.<\/span><\/p>\n<h3><b>L\u2019huile d&rsquo;argan pour le bronzage<\/b><\/h3>\n<p><span style=\"font-weight: 400;\">L&rsquo;huile d&rsquo;argan prot\u00e8ge la peau des coups de soleil. D&rsquo;autre part, en utilisant l&rsquo;huile d&rsquo;argan, vous pouvez obtenir un beau bronzage beaucoup plus rapidement qu&rsquo;avec d&rsquo;autres produits. La peau ne devient pas rose, ne rougit pas, mais prend imm\u00e9diatement une teinte brune. L&rsquo;huile est \u00e9galement utile apr\u00e8s un bain de soleil, car elle apaise, hydrate et adoucit la peau.<\/span><\/p>\n","protected":false},"excerpt":{"rendered":"<p><span style=\"font-size: 12pt;\"><strong>Huile d&rsquo;argan 100% naturelle.<\/strong><\/span> <span style=\"font-size: 12pt;\"><strong>Marque :<\/strong> N\u00e9fertiti pour les huiles naturelles et les herbes<\/span><br \/>\n<span style=\"font-size: 12pt;\"><strong>Livraison\u00a0:<\/strong> calcul\u00e9e \u00e0 la caisse<\/span><br \/>\n<span style=\"font-size: 12pt;\"><strong>Pays d&rsquo;origine :<\/strong> Maroc<\/span><br \/>\n<span style=\"font-size: 12pt;\"><strong>Nom botanique :<\/strong> Argania spinosa L.<\/span><br \/>\n<span style=\"font-size: 12pt;\"><strong>Nom de famille :<\/strong> Sapotaceae<\/span><br \/>\n<span style=\"font-size: 12pt;\"><strong>INCI :<\/strong> Huile de noyau d&rsquo;Argania Spinosa<\/span><br \/>\n<span style=\"font-size: 12pt;\"><strong>Noms communs :<\/strong> amygdala L., du grec \u1f00\u03bc\u03c5\u03b3\u03b4\u03b1\u03bb\u03ae (amygdal\u0113) (cf. amygdala), catalan ametlla, fran\u00e7ais amande, Mandel ou Knackmandel (allemand), mandorlo (italien pour l&rsquo;arbre), mandorla (italien pour le fruit), am\u00eandoa (Portugais) et almendra (espagnol).<\/span><br \/>\n<span style=\"font-size: 12pt;\"><strong>Parties utilis\u00e9es :<\/strong> Noyaux<\/span><br \/>\n<span style=\"font-size: 12pt;\"><strong>M\u00e9thode d&rsquo;extraction :<\/strong> press\u00e9e \u00e0 froid<\/span><br \/>\n<span style=\"font-size: 12pt;\"><strong>Parfum :<\/strong> noisette tr\u00e8s l\u00e9g\u00e8re<\/span><br \/>\n<span style=\"font-size: 12pt;\"><strong>Apparence :<\/strong> jaune clair<\/span><br \/>\n<span style=\"font-size: 12pt;\"><strong>Etat physique :<\/strong> liquide<\/span><br \/>\n<span style=\"font-size: 12pt;\"><strong>Naturel :<\/strong> oui<\/span><br \/>\n<span style=\"font-size: 12pt;\"><strong>Puret\u00e9 :<\/strong> 100%<\/span><br \/>\n<span style=\"font-size: 12pt;\"><strong>Certifi\u00e9 ISO :<\/strong> oui<\/span><\/p>\n","protected":false},"featured_media":276185,"comment_status":"open","ping_status":"closed","template":"","meta":[],"product_brand":[],"product_cat":[273,275,669,673],"product_tag":[],"class_list":{"0":"post-57624","1":"product","2":"type-product","3":"status-publish","4":"has-post-thumbnail","6":"product_cat-essential-oils","7":"product_cat-cosmetics","8":"product_cat-natural-hair-care-fr","9":"product_cat-natural-skin-care-fr","10":"pa_bottle-size-125-ml-fr-2","11":"pa_bottle-size-30-ml-fr","12":"pa_bottle-size-60-ml-fr","14":"first","15":"instock","16":"sale","17":"shipping-taxable","18":"purchasable","19":"product-type-variable","20":"has-default-attributes"},"_links":{"self":[{"href":"https:\/\/nefertiti-eg.com\/fr\/wp-json\/wp\/v2\/product\/57624","targetHints":{"allow":["GET"]}}],"collection":[{"href":"https:\/\/nefertiti-eg.com\/fr\/wp-json\/wp\/v2\/product"}],"about":[{"href":"https:\/\/nefertiti-eg.com\/fr\/wp-json\/wp\/v2\/types\/product"}],"replies":[{"embeddable":true,"href":"https:\/\/nefertiti-eg.com\/fr\/wp-json\/wp\/v2\/comments?post=57624"}],"wp:featuredmedia":[{"embeddable":true,"href":"https:\/\/nefertiti-eg.com\/fr\/wp-json\/wp\/v2\/media\/276185"}],"wp:attachment":[{"href":"https:\/\/nefertiti-eg.com\/fr\/wp-json\/wp\/v2\/media?parent=57624"}],"wp:term":[{"taxonomy":"product_brand","embeddable":true,"href":"https:\/\/nefertiti-eg.com\/fr\/wp-json\/wp\/v2\/product_brand?post=57624"},{"taxonomy":"product_cat","embeddable":true,"href":"https:\/\/nefertiti-eg.com\/fr\/wp-json\/wp\/v2\/product_cat?post=57624"},{"taxonomy":"product_tag","embeddable":true,"href":"https:\/\/nefertiti-eg.com\/fr\/wp-json\/wp\/v2\/product_tag?post=57624"}],"curies":[{"name":"wp","href":"https:\/\/api.w.org\/{rel}","templated":true}]}}