{"id":57708,"date":"2019-06-15T23:10:32","date_gmt":"2019-06-15T21:10:32","guid":{"rendered":"https:\/\/wordpress-237795-1094026.cloudwaysapps.com\/shop\/non%20class\u00e9\/pomegranate-honey\/"},"modified":"2022-05-26T15:16:50","modified_gmt":"2022-05-26T13:16:50","slug":"pomegranate-honey","status":"publish","type":"product","link":"https:\/\/nefertiti-eg.com\/fr\/shop\/honey\/pomegranate-honey\/","title":{"rendered":"Miel de grenade"},"content":{"rendered":"<h3><span style=\"font-size: 14pt;\"><strong>AVANTAGES POUR LA SANTE\u00a0:<\/strong><\/span><\/h3>\n<p><span style=\"font-size: 12pt;\">Le miel de grenade est couramment utilis\u00e9 pour la prophylaxie et dans le traitement complexe de l\u2019an\u00e9mie. Il est aussi recommand\u00e9 pour les enfants et les adolescents en croissance, la grossesse, les femmes qui allaitent, les personnes souffrant de saignements r\u00e9currents et de carence en fer dans le sang (diminution du nombre de globules rouges). A utiliser dans le cas de diminution du niveau d&rsquo;h\u00e9moglobine dans le corps humain qui conna\u00eet un manque d&rsquo;oxyg\u00e8ne. Le miel de grenade augmente les \u00e9rythrocytes et les globules rouges qui alimentent nos cellules en oxyg\u00e8ne.<\/span><\/p>\n<p><span style=\"font-size: 14pt;\"><strong>BIEN-\u00caTRE\u00a0:<\/strong><\/span><\/p>\n<p><span style=\"font-size: 12pt;\">C&rsquo;est une source d&rsquo;\u00e9nergie parfaite, donc elle est utilis\u00e9e dans divers programmes alimentaires, en remplacement le sucre. Certaines \u00e9tudes ont montr\u00e9 que le miel de grenade pouvait am\u00e9liorer les performances sportives.<\/span><\/p>\n<p><span style=\"font-size: 14pt;\"><strong>COMPOSITION\u00a0:<\/strong><\/span><\/p>\n<p><span style=\"font-size: 12pt;\">Le miel de grenade, que les abeilles recueillent lors de la floraison du grenadier, est tr\u00e8s riche en oligo-\u00e9l\u00e9ments essentiels. En outre, il est riche en vitamines C, E, B, calcium, mangan\u00e8se, cuivre et antioxydants. Il aide \u00e0 traiter les maladies infectieuses, les arythmies, l&rsquo;ath\u00e9roscl\u00e9rose, les maladies dues aux radiations, l&rsquo;h\u00e9patite infectieuse et les tumeurs b\u00e9nignes.<\/span><\/p>\n<p><span style=\"font-size: 14pt;\"><strong>CONSOMMATION\u00a0:<\/strong><\/span><\/p>\n<p><span style=\"font-size: 12pt;\">Pr\u00e9vention des maladies\u00a0: 1 \u00e0 2 cuill\u00e8res \u00e0 th\u00e9 3 fois par jour.<\/span><\/p>\n<p><span style=\"font-size: 12pt;\">Traitement de la maladie\u00a0: 3 cuill\u00e8res \u00e0 caf\u00e9 trois fois par jour<\/span><\/p>\n","protected":false},"excerpt":{"rendered":"<p><span style=\"font-size: 12pt;\">C\u2019est une source d&rsquo;\u00e9nergie qui restaure le glycog\u00e8ne, et renforce les propri\u00e9t\u00e9s antibact\u00e9riennes et antifongiques. Il \u00e9limine les radicaux libres du corps humain et prot\u00e8ge contre les effets nocifs. Augmente la prolif\u00e9ration des globules rouges et est utilis\u00e9 dans le traitement de l&rsquo;an\u00e9mie.<\/span><\/p>\n","protected":false},"featured_media":57709,"comment_status":"closed","ping_status":"closed","template":"","meta":[],"product_brand":[],"product_cat":[277],"product_tag":[],"class_list":{"0":"post-57708","1":"product","2":"type-product","3":"status-publish","4":"has-post-thumbnail","6":"product_cat-honey","8":"first","9":"instock","10":"shipping-taxable","11":"purchasable","12":"product-type-simple"},"_links":{"self":[{"href":"https:\/\/nefertiti-eg.com\/fr\/wp-json\/wp\/v2\/product\/57708","targetHints":{"allow":["GET"]}}],"collection":[{"href":"https:\/\/nefertiti-eg.com\/fr\/wp-json\/wp\/v2\/product"}],"about":[{"href":"https:\/\/nefertiti-eg.com\/fr\/wp-json\/wp\/v2\/types\/product"}],"replies":[{"embeddable":true,"href":"https:\/\/nefertiti-eg.com\/fr\/wp-json\/wp\/v2\/comments?post=57708"}],"wp:featuredmedia":[{"embeddable":true,"href":"https:\/\/nefertiti-eg.com\/fr\/wp-json\/wp\/v2\/media\/57709"}],"wp:attachment":[{"href":"https:\/\/nefertiti-eg.com\/fr\/wp-json\/wp\/v2\/media?parent=57708"}],"wp:term":[{"taxonomy":"product_brand","embeddable":true,"href":"https:\/\/nefertiti-eg.com\/fr\/wp-json\/wp\/v2\/product_brand?post=57708"},{"taxonomy":"product_cat","embeddable":true,"href":"https:\/\/nefertiti-eg.com\/fr\/wp-json\/wp\/v2\/product_cat?post=57708"},{"taxonomy":"product_tag","embeddable":true,"href":"https:\/\/nefertiti-eg.com\/fr\/wp-json\/wp\/v2\/product_tag?post=57708"}],"curies":[{"name":"wp","href":"https:\/\/api.w.org\/{rel}","templated":true}]}}