{"id":57712,"date":"2015-06-30T19:10:48","date_gmt":"2015-06-30T17:10:48","guid":{"rendered":"https:\/\/wordpress-237795-1094026.cloudwaysapps.com\/shop\/non%20class\u00e9\/black-seed-honey\/"},"modified":"2022-05-26T15:07:37","modified_gmt":"2022-05-26T13:07:37","slug":"black-seed-honey","status":"publish","type":"product","link":"https:\/\/nefertiti-eg.com\/fr\/shop\/honey\/black-seed-honey\/","title":{"rendered":"Miel de graines noires"},"content":{"rendered":"<h3><span style=\"font-size: 14pt;\"><strong>INFECTIONS VIRALES\u00a0:<\/strong><\/span><\/h3>\n<p><span style=\"font-size: 12pt;\">Un excellent traitement dans la vari\u00e9t\u00e9 des rhumes et des infections virales (inflammation des voies respiratoires sup\u00e9rieures, rhinite, sinusite, toux s\u00e8che, asthme, bronchite). Il \u00e9limine leurs sympt\u00f4mes, et favorise la transpiration.<\/span><\/p>\n<p><span style=\"font-size: 14pt;\"><strong>ANTIOXYDANT\u00a0:<\/strong><\/span><\/p>\n<p><span style=\"font-size: 12pt;\">Agit comme un antioxydant mod\u00e9r\u00e9 qui nettoie l&rsquo;organisme (syst\u00e8me circulatoire, foie, reins, v\u00e9sicule biliaire), \u00e9limine les toxines, prot\u00e8ge contre le cancer (inhibe mod\u00e9r\u00e9ment la prolif\u00e9ration des cellules canc\u00e9reuses). Mieux utilis\u00e9 comme substitut du glucose.<\/span><\/p>\n<p><span style=\"font-size: 14pt;\"><strong>AVANTAGES\u00a0:<\/strong><\/span><\/p>\n<p><span style=\"font-size: 12pt;\">Aide \u00e0 lutter contre les intestinales gastriques, les ulc\u00e8res intestinaux et la diarrh\u00e9e. Ce mile facilite la suppression de la toux, et renforce les corps \u00e0 carence en fer dans le sang. Il contient beaucoup de vitamines, min\u00e9raux, prot\u00e9ines, acides organiques et acides amin\u00e9s donc favorise la lactation. Le miel de graines noires a une excellente propri\u00e9t\u00e9 antimicrobienne et r\u00e9gule la pression art\u00e9rielle.<\/span><\/p>\n<p><span style=\"font-size: 14pt;\"><strong>SUPPORT\u00a0:<\/strong><\/span><\/p>\n<p><span style=\"font-size: 12pt;\">Comme l&rsquo;huile de graine noire nettoie tout le corps et am\u00e9liore le syst\u00e8me immunitaire jusqu&rsquo;au plus haut niveau, par cons\u00e9quent, il apporte un soutien et conserve l&rsquo;effet plus longtemps des deux.<\/span><\/p>\n<p><span style=\"font-size: 14pt;\"><strong>SOIN DE LA PEAU\u00a0:<\/strong><\/span><\/p>\n<p><span style=\"font-size: 12pt;\">Le masque de miel aux graines noires, les enveloppements cosm\u00e9tiques, le gommage au sel et au miel, donnent \u00e0 votre peau une douceur, et une tendresse et aide \u00e0 traiter les maladies de la peau.<\/span><\/p>\n<p><span style=\"font-size: 14pt;\"><strong>INSTRUCTIONS\u00a0:<\/strong><\/span><\/p>\n<p><span style=\"font-size: 12pt;\">Une demi-cuill\u00e8re \u00e0 caf\u00e9 pour les enfants \u00e2g\u00e9s de 1 \u00e0 6 ans. Pour les adultes, 1 \u00e0 2 cuill\u00e8res \u00e0 caf\u00e9 3 fois par jour. Utilis\u00e9 avec prudence pendant la grossesse.<\/span><\/p>\n","protected":false},"excerpt":{"rendered":"<p><span style=\"font-size: 12pt;\">Renforce et soutient le syst\u00e8me immunitaire, renforce le corps, et est largement utilis\u00e9 dans le traitement complexe et la pr\u00e9vention de diverses maladies<\/span><\/p>\n","protected":false},"featured_media":57713,"comment_status":"open","ping_status":"closed","template":"","meta":[],"product_brand":[],"product_cat":[277],"product_tag":[],"class_list":{"0":"post-57712","1":"product","2":"type-product","3":"status-publish","4":"has-post-thumbnail","6":"product_cat-honey","8":"first","9":"instock","10":"shipping-taxable","11":"purchasable","12":"product-type-simple"},"_links":{"self":[{"href":"https:\/\/nefertiti-eg.com\/fr\/wp-json\/wp\/v2\/product\/57712","targetHints":{"allow":["GET"]}}],"collection":[{"href":"https:\/\/nefertiti-eg.com\/fr\/wp-json\/wp\/v2\/product"}],"about":[{"href":"https:\/\/nefertiti-eg.com\/fr\/wp-json\/wp\/v2\/types\/product"}],"replies":[{"embeddable":true,"href":"https:\/\/nefertiti-eg.com\/fr\/wp-json\/wp\/v2\/comments?post=57712"}],"wp:featuredmedia":[{"embeddable":true,"href":"https:\/\/nefertiti-eg.com\/fr\/wp-json\/wp\/v2\/media\/57713"}],"wp:attachment":[{"href":"https:\/\/nefertiti-eg.com\/fr\/wp-json\/wp\/v2\/media?parent=57712"}],"wp:term":[{"taxonomy":"product_brand","embeddable":true,"href":"https:\/\/nefertiti-eg.com\/fr\/wp-json\/wp\/v2\/product_brand?post=57712"},{"taxonomy":"product_cat","embeddable":true,"href":"https:\/\/nefertiti-eg.com\/fr\/wp-json\/wp\/v2\/product_cat?post=57712"},{"taxonomy":"product_tag","embeddable":true,"href":"https:\/\/nefertiti-eg.com\/fr\/wp-json\/wp\/v2\/product_tag?post=57712"}],"curies":[{"name":"wp","href":"https:\/\/api.w.org\/{rel}","templated":true}]}}