{"id":57714,"date":"2015-09-28T18:37:24","date_gmt":"2015-09-28T16:37:24","guid":{"rendered":"https:\/\/wordpress-237795-1094026.cloudwaysapps.com\/shop\/non%20class\u00e9\/marjoram-tea\/"},"modified":"2022-06-12T17:16:15","modified_gmt":"2022-06-12T15:16:15","slug":"marjoram-tea","status":"publish","type":"product","link":"https:\/\/nefertiti-eg.com\/fr\/shop\/herbs\/marjoram-tea\/","title":{"rendered":"Th\u00e9 \u00e0 la marjolaine"},"content":{"rendered":"<h3><span style=\"font-size: 14pt;\"><strong>SOULAGEMENT DU SYST\u00c8ME NERVEUX\u00a0:<\/strong><\/span><\/h3>\n<p><span style=\"font-size: 12pt;\">Le th\u00e9 de marjolaine calme facilement les nerfs, le stress, l\u2019anxi\u00e9t\u00e9 et a un effet apaisant. Soulage les crampes d&rsquo;estomac et intestinales apr\u00e8s une intoxication ou consommation d\u2019aliments lourds. Largement utilis\u00e9 car il aide, \u00e0 long terme, avec l&rsquo;insomnie. Il est fortement recommand\u00e9 de boire le th\u00e9 \u00e0 la marjolaine directement apr\u00e8s un infarctus du myocarde car il contribue au traitement complexe des maladies cardiovasculaires.<\/span><\/p>\n<p><span style=\"font-size: 14pt;\"><strong>AVANTAGES POUR LA SANT\u00c9\u00a0:<\/strong><\/span><\/p>\n<p><span style=\"font-size: 12pt;\">La marjolaine est riche en vitamines A et D. Elle favorise la digestion et l&rsquo;assimilation des graisses, donc utilis\u00e9es dans divers programmes di\u00e9t\u00e9tiques. Le th\u00e9 de marjolaine est un bon rem\u00e8de pour le traitement de l&rsquo;anorexie (app\u00e9tissant). Le th\u00e9 \u00e0 la marjolaine est \u00e9galement recommand\u00e9 pour le traitement de la pancr\u00e9atite, de l\u2019h\u00e9patite, des troubles du syst\u00e8me nerveux, de la d\u00e9pression et pour le traitement de la malnutrition chez les enfants. Le th\u00e9 de marjolaine peut \u00eatre utile dans les troubles de l&rsquo;estomac, l&rsquo;asthme et la toux, les saignements des gencives et l&rsquo;inflammation.<\/span><\/p>\n<p><span style=\"font-size: 14pt;\"><strong>RHUMES ET MALADIES VIRALES\u00a0:<\/strong><\/span><\/p>\n<p><span style=\"font-size: 12pt;\">Le th\u00e9 chaud \u00e0 la marjolaine pourrait aider \u00e0 \u00e9liminer les sympt\u00f4mes du rhume et de l&rsquo;\u00e9coulement nasal. C&rsquo;est un bon traitement naturel des muqueuses de la bouche. Favorise la circulation sanguine.<\/span><\/p>\n<p><span style=\"font-size: 14pt;\"><strong>SANT\u00c9 DES FEMMES\u00a0:<\/strong><\/span><\/p>\n<p><span style=\"font-size: 12pt;\">La consommation r\u00e9guli\u00e8re de marjolaine r\u00e9gule le cycle menstruel et facilite cette p\u00e9riode. Inhibe les migraines et les vertiges. Le th\u00e9 \u00e0 la marjolaine est recommand\u00e9 pour soulager les sympt\u00f4mes de la m\u00e9nopause, pour traiter les sautes d&rsquo;humeur, qui sont li\u00e9es aux menstruations et aux troubles induisant la m\u00e9nopause.<\/span><\/p>\n<p><span style=\"font-size: 14pt;\"><strong>AUTRES UTILISATIONS\u00a0:<\/strong><\/span><\/p>\n<p><span style=\"font-size: 12pt;\">La marjolaine est utilis\u00e9e dans de nombreuses cuisines comme \u00e9pice douce de viande, des l\u00e9gumes et d&rsquo;autres plats. La marjolaine est un ar\u00f4me irrempla\u00e7able dans l&rsquo;industrie de la confiserie et est souvent ajout\u00e9e au vin rouge comme aphrodisiaque.<\/span><\/p>\n","protected":false},"excerpt":{"rendered":"<p><span style=\"font-size: 12pt;\">Le th\u00e9 de marjolaine \u00e0 un go\u00fbt l\u00e9g\u00e8rement \u00e9pic\u00e9. Aide \u00e0 soulager l&rsquo;insomnie, les crampes nerveuses, anxieuses et l&rsquo;estomac. R\u00e9duit les sympt\u00f4mes du rhume et des maladies virales. Fortement recommand\u00e9 pour la consommation r\u00e9guli\u00e8re apr\u00e8s un infarctus du myocarde et dans les troubles du syst\u00e8me nerveux.<\/span><\/p>\n","protected":false},"featured_media":284027,"comment_status":"closed","ping_status":"closed","template":"","meta":[],"product_brand":[],"product_cat":[276],"product_tag":[],"class_list":{"0":"post-57714","1":"product","2":"type-product","3":"status-publish","4":"has-post-thumbnail","6":"product_cat-herbs","8":"first","9":"outofstock","10":"shipping-taxable","11":"purchasable","12":"product-type-simple"},"_links":{"self":[{"href":"https:\/\/nefertiti-eg.com\/fr\/wp-json\/wp\/v2\/product\/57714","targetHints":{"allow":["GET"]}}],"collection":[{"href":"https:\/\/nefertiti-eg.com\/fr\/wp-json\/wp\/v2\/product"}],"about":[{"href":"https:\/\/nefertiti-eg.com\/fr\/wp-json\/wp\/v2\/types\/product"}],"replies":[{"embeddable":true,"href":"https:\/\/nefertiti-eg.com\/fr\/wp-json\/wp\/v2\/comments?post=57714"}],"wp:featuredmedia":[{"embeddable":true,"href":"https:\/\/nefertiti-eg.com\/fr\/wp-json\/wp\/v2\/media\/284027"}],"wp:attachment":[{"href":"https:\/\/nefertiti-eg.com\/fr\/wp-json\/wp\/v2\/media?parent=57714"}],"wp:term":[{"taxonomy":"product_brand","embeddable":true,"href":"https:\/\/nefertiti-eg.com\/fr\/wp-json\/wp\/v2\/product_brand?post=57714"},{"taxonomy":"product_cat","embeddable":true,"href":"https:\/\/nefertiti-eg.com\/fr\/wp-json\/wp\/v2\/product_cat?post=57714"},{"taxonomy":"product_tag","embeddable":true,"href":"https:\/\/nefertiti-eg.com\/fr\/wp-json\/wp\/v2\/product_tag?post=57714"}],"curies":[{"name":"wp","href":"https:\/\/api.w.org\/{rel}","templated":true}]}}