{"id":57716,"date":"2019-08-21T06:06:05","date_gmt":"2019-08-21T04:06:05","guid":{"rendered":"https:\/\/wordpress-237795-1094026.cloudwaysapps.com\/shop\/non%20class\u00e9\/doum\/"},"modified":"2022-06-04T14:36:17","modified_gmt":"2022-06-04T12:36:17","slug":"doum","status":"publish","type":"product","link":"https:\/\/nefertiti-eg.com\/fr\/shop\/herbs\/doum\/","title":{"rendered":"Doum"},"content":{"rendered":"<p><span style=\"font-weight: 400;\">Le <\/span><b>palmier doum d&rsquo;\u00c9gypte<\/b><span style=\"font-weight: 400;\"> (<\/span><b><i>Hyphaene thebaica) est pr\u00e9sent dans <\/i><\/b><span style=\"font-weight: 400;\">la vall\u00e9e du Nil en \u00c9gypte et au Soudan. Le palmier maudit \u00e9tait consid\u00e9r\u00e9 comme une plante sacr\u00e9e par les habitants de l&rsquo;\u00c9gypte ancienne, qui cultivent cet arbre pour ses fruits nutritifs et curatifs. Il y a longtemps et traditionnellement produit en Egypte, le th\u00e9 Dum est fabriqu\u00e9 \u00e0 partir des fruits \u00e9cras\u00e9s du palmier maudit.<\/span><\/p>\n<h3><strong>Propri\u00e9t\u00e9s utiles<\/strong><\/h3>\n<p><span style=\"font-weight: 400;\">Satur\u00e9 de vitamines, de substances biologiquement actives et min\u00e9rales, le th\u00e9 Doom \u00e0 usage r\u00e9gulier am\u00e9liore le m\u00e9tabolisme, aide \u00e0 r\u00e9duire la pression art\u00e9rielle dans l&rsquo;hypertension, a un effet bact\u00e9ricide prononc\u00e9, emp\u00eache la croissance et le d\u00e9veloppement de la microflore gastrique et intestinale pathog\u00e8ne. Il a un effet b\u00e9n\u00e9fique sur les intestins, stabilisant l&rsquo;\u00e9quilibre bact\u00e9rien et am\u00e9liorant sa fonction.\u00a0<\/span><\/p>\n<h3><strong>Bienfaits pour la sant\u00e9 des hommes<\/strong><\/h3>\n<p><span style=\"font-weight: 400;\">Riche en phytost\u00e9rols et anti-inflammatoires, Doom Tea est un moyen naturel et efficace de pr\u00e9venir la prostatite. En cure, buvez au moins deux verres dans la journ\u00e9e.<\/span><\/p>\n<h3><strong>Comment pr\u00e9parer le dum<\/strong><\/h3>\n<p><span style=\"font-weight: 400;\">2 cuill\u00e8res \u00e0 soupe de fruits hach\u00e9s, versez 1 litre d&rsquo;eau bouillie refroidie et laissez reposer plusieurs heures. Boire frais.<\/span><\/p>\n","protected":false},"excerpt":{"rendered":"<p><span style=\"font-size: 12pt;\"><strong>Marque :<\/strong> N\u00e9f\u00e8rtiti pour les huiles naturelles et les herbes<br \/>\n<\/span><span style=\"font-size: 12pt;\"><strong>Livraison\u00a0:<\/strong> Calcul\u00e9 \u00e0 la caisse<br \/>\n<\/span><span style=\"font-size: 12pt;\"><strong>Pays d&rsquo;origine :<\/strong> Afrique, Haute Egypte<br \/>\n<\/span><span style=\"font-size: 12pt;\"><strong>Nom botanique :<\/strong> Hyphaene thebaica<br \/>\n<\/span><span style=\"font-size: 12pt;\"><strong>Nom de famille :<\/strong> arecaceae<br \/>\n<\/span><span style=\"font-size: 12pt;\"><strong>INCI :<\/strong> fruit du palmier doum<br \/>\n<\/span><span style=\"font-size: 12pt;\"><strong>Noms communs :<\/strong> \u062f\u0648\u0645, Dum palm\u0117, pain d&rsquo;\u00e9pice sucr\u00e9, palmier de destin.<br \/>\n<\/span><span style=\"font-size: 12pt;\"><strong>Parties utilis\u00e9es :<\/strong> fruits<br \/>\n<\/span><span style=\"font-size: 12pt;\"><strong>M\u00e9thode d&#8217;emballage :<\/strong> emballage recyclable<br \/>\n<\/span><span style=\"font-size: 12pt;\"><strong>Parfum :<\/strong> doux<br \/>\n<\/span><span style=\"font-size: 12pt;\"><strong>Go\u00fbt : <\/strong>doux sucr\u00e9<br \/>\n<\/span><span style=\"font-size: 12pt;\"><strong>Apparence :<\/strong> orange fonc\u00e9 \u00e0 brun<br \/>\n<\/span><span style=\"font-size: 12pt;\"><strong>Etat physique :<\/strong> fruits secs<br \/>\n<\/span><span style=\"font-size: 12pt;\"><strong>Naturel :<\/strong> oui<br \/>\n<\/span><span style=\"font-size: 12pt;\"><strong>Puret\u00e9 :<\/strong> 100%<br \/>\n<\/span><span style=\"font-size: 12pt;\"><strong>Certifi\u00e9 ISO :<\/strong> oui<\/span><\/p>\n","protected":false},"featured_media":286693,"comment_status":"open","ping_status":"closed","template":"","meta":[],"product_brand":[],"product_cat":[276],"product_tag":[],"class_list":{"0":"post-57716","1":"product","2":"type-product","3":"status-publish","4":"has-post-thumbnail","6":"product_cat-herbs","8":"first","9":"instock","10":"shipping-taxable","11":"purchasable","12":"product-type-simple"},"_links":{"self":[{"href":"https:\/\/nefertiti-eg.com\/fr\/wp-json\/wp\/v2\/product\/57716","targetHints":{"allow":["GET"]}}],"collection":[{"href":"https:\/\/nefertiti-eg.com\/fr\/wp-json\/wp\/v2\/product"}],"about":[{"href":"https:\/\/nefertiti-eg.com\/fr\/wp-json\/wp\/v2\/types\/product"}],"replies":[{"embeddable":true,"href":"https:\/\/nefertiti-eg.com\/fr\/wp-json\/wp\/v2\/comments?post=57716"}],"wp:featuredmedia":[{"embeddable":true,"href":"https:\/\/nefertiti-eg.com\/fr\/wp-json\/wp\/v2\/media\/286693"}],"wp:attachment":[{"href":"https:\/\/nefertiti-eg.com\/fr\/wp-json\/wp\/v2\/media?parent=57716"}],"wp:term":[{"taxonomy":"product_brand","embeddable":true,"href":"https:\/\/nefertiti-eg.com\/fr\/wp-json\/wp\/v2\/product_brand?post=57716"},{"taxonomy":"product_cat","embeddable":true,"href":"https:\/\/nefertiti-eg.com\/fr\/wp-json\/wp\/v2\/product_cat?post=57716"},{"taxonomy":"product_tag","embeddable":true,"href":"https:\/\/nefertiti-eg.com\/fr\/wp-json\/wp\/v2\/product_tag?post=57716"}],"curies":[{"name":"wp","href":"https:\/\/api.w.org\/{rel}","templated":true}]}}