{"id":57718,"date":"2019-08-04T17:30:08","date_gmt":"2019-08-04T15:30:08","guid":{"rendered":"https:\/\/wordpress-237795-1094026.cloudwaysapps.com\/shop\/non%20class\u00e9\/anise-tea\/"},"modified":"2022-06-04T14:36:28","modified_gmt":"2022-06-04T12:36:28","slug":"anise-tea","status":"publish","type":"product","link":"https:\/\/nefertiti-eg.com\/fr\/shop\/herbs\/anise-tea\/","title":{"rendered":"Th\u00e9 d&rsquo;anis"},"content":{"rendered":"<p><span style=\"font-size: 12pt;\">Le th\u00e9 d&rsquo;anis a un effet gu\u00e9rissant. Ainsi, il est principalement utilis\u00e9 contre le rhume pour soigner la toux. Comme le rhume est g\u00e9n\u00e9ralement accompagn\u00e9 d&rsquo;une perte d&rsquo;app\u00e9tit, la propri\u00e9t\u00e9 app\u00e9tissante du th\u00e9 \u00e0 l&rsquo;anis aide \u00e0 acc\u00e9l\u00e9rer la r\u00e9cup\u00e9ration. En outre, le th\u00e9 d&rsquo;anis est bon pour soulager les crampes et les flatulences. Son effet calmant favorise le traitement de l&rsquo;\u00e9pilepsie.<\/span><\/p>\n<p><span style=\"font-size: 12pt;\">Les produits de N\u00e9f\u00e8rtiti proviennent de notre propre culture de la plante sous l&rsquo;influence du soleil \u00e9gyptien. En outre, le th\u00e9 d&rsquo;anis biologique est contr\u00f4l\u00e9 par nos experts depuis la plantation jusqu&rsquo;\u00e0 la production, l&#8217;emballage et la distribution.<\/span><\/p>\n<p><span style=\"font-size: 14pt;\"><strong>PROPRIETES PRIMAIRES\u00a0:<\/strong><\/span><\/p>\n<p><span style=\"font-size: 12pt;\">Antibact\u00e9rien<\/span><\/p>\n<p><span style=\"font-size: 12pt;\">Anticonvulsivant<\/span><\/p>\n<p><span style=\"font-size: 12pt;\">Rassurant<\/span><\/p>\n<p><span style=\"font-size: 12pt;\">Diur\u00e9tique<\/span><\/p>\n<p><span style=\"font-size: 12pt;\">Raffermissant<\/span><\/p>\n<p><span style=\"font-size: 14pt;\"><strong>CAS D\u2019UTILISATION\u00a0:<\/strong><\/span><\/p>\n<p><span style=\"font-size: 12pt;\">Perte d&rsquo;app\u00e9tit<\/span><\/p>\n<p><span style=\"font-size: 12pt;\">Des ballonnements<\/span><\/p>\n<p><span style=\"font-size: 12pt;\">Epilepsie (calmante)<\/span><\/p>\n<p><span style=\"font-size: 12pt;\">Les rhumes<\/span><\/p>\n<p><span style=\"font-size: 12pt;\">Infections de la gorge<\/span><\/p>\n<p><span style=\"font-size: 12pt;\">Les piq\u00fbres d&rsquo;insectes<\/span><\/p>\n<p><span style=\"font-size: 12pt;\">Mal de t\u00eate<\/span><\/p>\n<p><span style=\"font-size: 12pt;\">Lait pendant la lactation<\/span><\/p>\n<p><span style=\"font-size: 12pt;\">Les troubles du sommeil<\/span><\/p>\n<p><span style=\"font-size: 12pt;\">Indigestion<\/span><\/p>\n<p><span style=\"font-size: 14pt;\"><strong>DOSAGE\u00a0:<\/strong><\/span><\/p>\n<p><span style=\"font-size: 12pt;\">1 cuill\u00e8re \u00e0 caf\u00e9 de graines d&rsquo;anis pour une tasse d&rsquo;eau bouillie et laisser infuser pendant 10 minutes. Pour les probl\u00e8mes digestifs, il est recommand\u00e9 de le boire froid, une tasse le matin et le soir.<\/span><\/p>\n<p><span style=\"font-size: 14pt;\"><strong>CAUTION\u00a0:<\/strong><\/span><\/p>\n<p><span style=\"font-size: 12pt;\">Prenez du th\u00e9 d&rsquo;anis pendant la grossesse en petites quantit\u00e9s car il stimule l&rsquo;ut\u00e9rus.<\/span><\/p>\n<p><span style=\"font-size: 12pt;\">Avec notre th\u00e9 \u00e0 l&rsquo;anis \u00e9gyptien, nous vous offrons un th\u00e9 de qualit\u00e9 \u00e0 100% bio. Vous pouvez le trouver facilement dans l\u2019un de nos magasins ou l\u2019acheter en ligne sur cette page.<\/span><\/p>\n","protected":false},"excerpt":{"rendered":"<p><span style=\"font-size: 12pt;\">La base de notre th\u00e9 \u00e9gyptien d\u2019anis est une plante \u00e0 \u00e9pices dont le pouvoir de gu\u00e9rison a \u00e9t\u00e9 utilis\u00e9 plus de 1000 ans avant J\u00e9sus Christ par les \u00c9gyptiens. Ils connaissent depuis l&rsquo;antiquit\u00e9 les diff\u00e9rentes utilisations du th\u00e9 d&rsquo;anis pour le traitement de diverses maladies. L&rsquo;usine a des origines en Asie et en M\u00e9diterran\u00e9e. Les graines d&rsquo;anis sont produites \u00e0 partir des ombelles en fleurs de la plante. \u00c0 partir des graines s\u00e9ch\u00e9es, le th\u00e9 \u00e0 l&rsquo;anis, ainsi que l&rsquo;anis, est obtenu sous forme d&rsquo;\u00e9pice.<br \/>\n<\/span><span style=\"font-size: 12pt;\"><strong>Nom botanique :<\/strong> Pimpinella anisum<br \/>\n<\/span><span style=\"font-size: 12pt;\"><strong>Famille :<\/strong> Apiaceae Ombelliferae<br \/>\n<\/span><span style=\"font-size: 12pt;\"><strong>Synonymes :<\/strong> Anisum Vulgare, Ana\u00efs, \u00c4nis, Fenouil Rond, S\u00e9l\u00e9nium Anisum<br \/>\n<\/span><span style=\"font-size: 12pt;\"><strong>M\u00e9thode de production :<\/strong> graines s\u00e9ch\u00e9es<br \/>\n<\/span><span style=\"font-size: 12pt;\"><strong>Parties utilis\u00e9es :<\/strong> graines<br \/>\n<\/span><span style=\"font-size: 12pt;\"><strong>Ingr\u00e9dients :<\/strong> huiles essentielles, acide anis\u00e9, ac\u00e9tald\u00e9hyde, azul\u00e8ne, bore, cumerines, eug\u00e9nol, flavono\u00efdes, camphre, acide du caf\u00e9, vitamine C, sucre<\/span><\/p>\n","protected":false},"featured_media":275722,"comment_status":"open","ping_status":"closed","template":"","meta":[],"product_brand":[],"product_cat":[276],"product_tag":[],"class_list":{"0":"post-57718","1":"product","2":"type-product","3":"status-publish","4":"has-post-thumbnail","6":"product_cat-herbs","8":"first","9":"outofstock","10":"shipping-taxable","11":"purchasable","12":"product-type-variable","13":"has-default-attributes"},"_links":{"self":[{"href":"https:\/\/nefertiti-eg.com\/fr\/wp-json\/wp\/v2\/product\/57718","targetHints":{"allow":["GET"]}}],"collection":[{"href":"https:\/\/nefertiti-eg.com\/fr\/wp-json\/wp\/v2\/product"}],"about":[{"href":"https:\/\/nefertiti-eg.com\/fr\/wp-json\/wp\/v2\/types\/product"}],"replies":[{"embeddable":true,"href":"https:\/\/nefertiti-eg.com\/fr\/wp-json\/wp\/v2\/comments?post=57718"}],"wp:featuredmedia":[{"embeddable":true,"href":"https:\/\/nefertiti-eg.com\/fr\/wp-json\/wp\/v2\/media\/275722"}],"wp:attachment":[{"href":"https:\/\/nefertiti-eg.com\/fr\/wp-json\/wp\/v2\/media?parent=57718"}],"wp:term":[{"taxonomy":"product_brand","embeddable":true,"href":"https:\/\/nefertiti-eg.com\/fr\/wp-json\/wp\/v2\/product_brand?post=57718"},{"taxonomy":"product_cat","embeddable":true,"href":"https:\/\/nefertiti-eg.com\/fr\/wp-json\/wp\/v2\/product_cat?post=57718"},{"taxonomy":"product_tag","embeddable":true,"href":"https:\/\/nefertiti-eg.com\/fr\/wp-json\/wp\/v2\/product_tag?post=57718"}],"curies":[{"name":"wp","href":"https:\/\/api.w.org\/{rel}","templated":true}]}}