{"id":57721,"date":"2015-09-28T23:02:16","date_gmt":"2015-09-28T21:02:16","guid":{"rendered":"https:\/\/wordpress-237795-1094026.cloudwaysapps.com\/shop\/non%20class\u00e9\/moringa-drumstick-tree\/"},"modified":"2022-05-26T14:38:35","modified_gmt":"2022-05-26T12:38:35","slug":"moringa-drumstick-tree","status":"publish","type":"product","link":"https:\/\/nefertiti-eg.com\/fr\/shop\/herbs\/moringa-drumstick-tree\/","title":{"rendered":"Moringa (arbre de baguette)"},"content":{"rendered":"<h3><b>Propri\u00e9t\u00e9s utiles\u00a0<\/b><\/h3>\n<p><span style=\"font-weight: 400;\">Les <\/span><span style=\"font-weight: 400;\">feuilles de Moringa contiennent une dose de charge de vitamines A, B, C, D, E, ainsi que des macro et micro-\u00e9l\u00e9ments: magn\u00e9sium, s\u00e9l\u00e9nium, calcium, fer et potassium. Ce th\u00e9 contient 46 antioxydants naturels et 18 des 20 acides amin\u00e9s n\u00e9cessaires au corps humain, dont 8 ceux qu&rsquo;une personne n&rsquo;obtient habituellement qu&rsquo;\u00e0 partir de produits animaux. Les feuilles de Moringa sont une excellente source de vitamines, de min\u00e9raux et d&rsquo;antioxydants. La teneur en prot\u00e9ines des feuilles peut atteindre 28%, ce qui en fait la source naturelle de prot\u00e9ines la plus riche du r\u00e8gne v\u00e9g\u00e9tal.<\/span><\/p>\n<h3><strong>Les feuilles de Moringa contiennent:<\/strong><\/h3>\n<ul>\n<li style=\"font-weight: 400;\"><span style=\"font-weight: 400;\">7 fois plus de vitamine C que les agrumes<\/span><\/li>\n<li style=\"font-weight: 400;\"><span style=\"font-weight: 400;\">4 fois plus de vitamine A que les carottes<\/span><\/li>\n<li style=\"font-weight: 400;\"><span style=\"font-weight: 400;\">4 fois plus de calcium que le lait<\/span><\/li>\n<li style=\"font-weight: 400;\"><span style=\"font-weight: 400;\">2 fois plus de prot\u00e9ines que le yogourt<\/span><\/li>\n<li style=\"font-weight: 400;\"><span style=\"font-weight: 400;\">12 fois plus de fer que \u00e9pinard<\/span><\/li>\n<\/ul>\n<h3><b>Propri\u00e9t\u00e9s utiles utile<\/b><\/h3>\n<ul>\n<li style=\"font-weight: 400;\"><span style=\"font-weight: 400;\">Renforce le syst\u00e8me immunitaire\u00a0<\/span><\/li>\n<li style=\"font-weight: 400;\"><span style=\"font-weight: 400;\">pour l&rsquo;atonie du gros intestin, am\u00e9liore la motilit\u00e9 intestinale, favorise un nettoyage en douceur. Aide \u00e0 la constipation, la gastrite, la colite ulc\u00e9reuse. Supprime la croissance des micro-organismes pathog\u00e8nes, am\u00e9liore la digestion.<\/span><\/li>\n<li style=\"font-weight: 400;\"><span style=\"font-weight: 400;\">Stimule la circulation sanguine.<\/span><\/li>\n<li style=\"font-weight: 400;\"><span style=\"font-weight: 400;\">Renforce le syst\u00e8me cardiovasculaire.<\/span><\/li>\n<li style=\"font-weight: 400;\"><span style=\"font-weight: 400;\">R\u00e9duit la glyc\u00e9mie.<\/span><\/li>\n<li style=\"font-weight: 400;\"><span style=\"font-weight: 400;\">Aide \u00e0 soulager la pression.<\/span><\/li>\n<li style=\"font-weight: 400;\"><span style=\"font-weight: 400;\">Normalise le m\u00e9tabolisme.<\/span><\/li>\n<li style=\"font-weight: 400;\"><span style=\"font-weight: 400;\">R\u00e9duit le niveau de \u00abmauvais\u00bb cholest\u00e9rol.<\/span><\/li>\n<li style=\"font-weight: 400;\"><span style=\"font-weight: 400;\">puissant effet anti-inflammatoire.<\/span><\/li>\n<li style=\"font-weight: 400;\"><span style=\"font-weight: 400;\">Supprime le d\u00e9veloppement des cellules canc\u00e9reuses.<\/span><\/li>\n<li style=\"font-weight: 400;\"><span style=\"font-weight: 400;\">Renforce les os et les dents. Ralentit le lessivage du calcium du corps.<\/span><\/li>\n<li style=\"font-weight: 400;\"><span style=\"font-weight: 400;\">Le Moringa aide le corps \u00e0 absorber le fer, augmentant ainsi le nombre de globules rouges dans le sang.<\/span><\/li>\n<li style=\"font-weight: 400;\"><span style=\"font-weight: 400;\">Les antioxydants contenus dans le moringa ont des propri\u00e9t\u00e9s anti-inflammatoires et inhibent le vieillissement.<\/span><\/li>\n<\/ul>\n<h3>Th\u00e9 au Moringa pour les personnes \u00e2g\u00e9es et pour les v\u00e9g\u00e9tariens<\/h3>\n<p><span style=\"font-weight: 400;\">Avec le temps, il est possible de ressentir un manque d&rsquo;\u00e9nergie et de vitalit\u00e9. Le th\u00e9 de Moringa est une source id\u00e9ale de tous les nutriments essentiels, en particulier ceux n\u00e9cessaires \u00e0 un \u00e2ge avanc\u00e9. Ce th\u00e9 contient de la z\u00e9atine &#8211; une substance qui ralentit le processus de vieillissement, il cr\u00e9e la base de l&rsquo;entr\u00e9e de vitamines, de min\u00e9raux et d&rsquo;acides amin\u00e9s dans les cellules du corps.\u00a0<\/span><\/p>\n<p><span style=\"font-weight: 400;\">Pour les v\u00e9g\u00e9tariens et les v\u00e9g\u00e9taliens, le moringa est un ingr\u00e9dient id\u00e9al pour combler les carences en prot\u00e9ines. Les feuilles de Moringa regorgent d&rsquo;ingr\u00e9dients essentiels qui aideront \u00e0 saturer le corps avec les vitamines manquantes.<\/span><\/p>\n","protected":false},"excerpt":{"rendered":"<p><span style=\"font-size: 12pt;\">La Moringa oleifera L, souvent dite arbre de vie, a un go\u00fbt doux et sain, et est utilis\u00e9e comme rem\u00e8de naturel dans le traitement complexe de diverses maladies. Bien connu pour ses nombreuses propri\u00e9t\u00e9s nutritionnelles, et a un effet antiseptique et antibact\u00e9rien. Augmenter le niveau d&rsquo;\u00e9nergie.<\/span><\/p>\n","protected":false},"featured_media":275859,"comment_status":"open","ping_status":"closed","template":"","meta":[],"product_brand":[],"product_cat":[276],"product_tag":[],"class_list":{"0":"post-57721","1":"product","2":"type-product","3":"status-publish","4":"has-post-thumbnail","6":"product_cat-herbs","8":"first","9":"instock","10":"shipping-taxable","11":"purchasable","12":"product-type-variable","13":"has-default-attributes"},"_links":{"self":[{"href":"https:\/\/nefertiti-eg.com\/fr\/wp-json\/wp\/v2\/product\/57721","targetHints":{"allow":["GET"]}}],"collection":[{"href":"https:\/\/nefertiti-eg.com\/fr\/wp-json\/wp\/v2\/product"}],"about":[{"href":"https:\/\/nefertiti-eg.com\/fr\/wp-json\/wp\/v2\/types\/product"}],"replies":[{"embeddable":true,"href":"https:\/\/nefertiti-eg.com\/fr\/wp-json\/wp\/v2\/comments?post=57721"}],"wp:featuredmedia":[{"embeddable":true,"href":"https:\/\/nefertiti-eg.com\/fr\/wp-json\/wp\/v2\/media\/275859"}],"wp:attachment":[{"href":"https:\/\/nefertiti-eg.com\/fr\/wp-json\/wp\/v2\/media?parent=57721"}],"wp:term":[{"taxonomy":"product_brand","embeddable":true,"href":"https:\/\/nefertiti-eg.com\/fr\/wp-json\/wp\/v2\/product_brand?post=57721"},{"taxonomy":"product_cat","embeddable":true,"href":"https:\/\/nefertiti-eg.com\/fr\/wp-json\/wp\/v2\/product_cat?post=57721"},{"taxonomy":"product_tag","embeddable":true,"href":"https:\/\/nefertiti-eg.com\/fr\/wp-json\/wp\/v2\/product_tag?post=57721"}],"curies":[{"name":"wp","href":"https:\/\/api.w.org\/{rel}","templated":true}]}}