{"id":57729,"date":"2015-09-28T22:52:43","date_gmt":"2015-09-28T20:52:43","guid":{"rendered":"https:\/\/wordpress-237795-1094026.cloudwaysapps.com\/shop\/non%20class\u00e9\/helba-fenugreek\/"},"modified":"2022-05-26T14:28:22","modified_gmt":"2022-05-26T12:28:22","slug":"helba-fenugreek","status":"publish","type":"product","link":"https:\/\/nefertiti-eg.com\/fr\/shop\/herbs\/helba-fenugreek\/","title":{"rendered":"Helba (Fenugrec)"},"content":{"rendered":"<h3><strong>Valeur nutritive<\/strong><\/h3>\n<p><span style=\"font-weight: 400;\">La helba est le nom donn\u00e9 aux graines de fenugrec. C&rsquo;est un rem\u00e8de miracle qui peut am\u00e9liorer le bien-\u00eatre g\u00e9n\u00e9ral et soulager divers probl\u00e8mes de sant\u00e9.<\/span> <span style=\"font-weight: 400;\">Le <\/span><span style=\"font-weight: 400;\">fenugrec<\/span><span style=\"font-weight: 400;\"> a un effet fortifiant et immunostimulant. Son infusion est connue pour ses effets toniques, anti-inflammatoires et antispasmodiques. C&rsquo;est un bon antipyr\u00e9tique, il est donc souvent prescrit dans la th\u00e9rapie complexe du rhume.<\/span> <span style=\"font-weight: 400;\">Le <\/span><span style=\"font-weight: 400;\">fenugrec<\/span><span style=\"font-weight: 400;\"> est riche en prot\u00e9ines et en glucides, contient du potassium, du phosphore, du magn\u00e9sium, du fer, du calcium, des vitamines A, C, B1, B2, PP, de l&rsquo;acide folique.<\/span><\/p>\n<h3><strong>sant\u00e9<\/strong><\/h3>\n<p><span style=\"font-weight: 400;\">Le <\/span><span style=\"font-weight: 400;\">fenugrec<\/span><span style=\"font-weight: 400;\"> est l&rsquo;un des meilleurs rem\u00e8des naturels contre le rhume et les affections pulmonaires. Il a un effet puissant et est largement utilis\u00e9 pour des maladies telles que la grippe, la bronchite, la laryngite, la sinusite, la pneumonie et la toux chronique. <\/span><span style=\"font-weight: 400;\">Am\u00e9liorant le tractus gastro-intestinal, nettoie les intestins des toxines et du mucus, cette plante infus\u00e9e aide \u00e0 traiter les ulc\u00e8res d&rsquo;estomac ou duod\u00e9naux.<\/span><\/p>\n<h3><strong>Le fenugrec r\u00e9duit la glyc\u00e9mie.<\/strong><\/h3>\n<p><span style=\"font-weight: 400;\">En g\u00e9n\u00e9ral, <\/span><span style=\"font-weight: 400;\">Le <\/span><span style=\"font-weight: 400;\">fenugrec est un excellent rem\u00e8de pour les personnes affaiblies par la maladie et en convalescence.<\/span><\/p>\n<h3><strong>Sant\u00e9 des femmes\u00a0<\/strong><\/h3>\n<p><span style=\"font-weight: 400;\">Les <\/span><span style=\"font-weight: 400;\">propri\u00e9t\u00e9s utiles pour les femmes se r\u00e9v\u00e8lent particuli\u00e8rement brillamment gr\u00e2ce <\/span><span style=\"font-weight: 400;\">au <\/span><span style=\"font-weight: 400;\">fenugrec. Le syst\u00e8me hormonal f\u00e9minin est le plus sensible aux \u00e9carts, L\u2019infusion d\u2019helba, est un r\u00e9gulateur \u00abmagique\u00bb.<\/span> <span style=\"font-weight: 400;\">Le <\/span><span style=\"font-weight: 400;\">fenugrec<\/span><span style=\"font-weight: 400;\"> contient de la diosg\u00e9nine (dans sa structure et son action, cet ingr\u00e9dient est le plus proche de l&rsquo;hormone f\u00e9minine \u0153strog\u00e8ne). Il est utilis\u00e9 en cas d&rsquo;irr\u00e9gularit\u00e9s menstruelles, de d\u00e9s\u00e9quilibre hormonal et de SPM (puisque la diosg\u00e9nine stimule la synth\u00e8se des hormones st\u00e9ro\u00efdes f\u00e9minines corticost\u00e9ro\u00efdes et \u0153strog\u00e8nes au bon moment, et le fond hormonal s&rsquo;\u00e9quilibre), pendant la m\u00e9nopause et l\u2019infusion de la helba stimule la lactation chez les femmes qui allaitent.<\/span><\/p>\n<h3><strong>Helba pour la perte de poids\u00a0<\/strong><\/h3>\n<p><span style=\"font-weight: 400;\">Le th\u00e9 d\u2019Helba r\u00e9duit l&rsquo;app\u00e9tit. Cela affecte les centres de saturation, et r\u00e9duit l&rsquo;app\u00e9tit. De plus, ce th\u00e9 a un puissant effet de nettoyage du corps, les d\u00e9chets et les toxines et rend difficile la r\u00e9 accumulation des graisses.<\/span><\/p>\n<h3><strong>Comment pr\u00e9parer l\u2019infusion de la plante ?<\/strong><\/h3>\n<p><span style=\"font-weight: 400;\">2 cuill\u00e8res \u00e0 caf\u00e9 de graines d\u2019helba pour verre d&rsquo;eau. Porter \u00e0 \u00e9bullition et cuire 3 \u00e0 5 minutes. Il est recommand\u00e9 de boire 2 \u00e0 3 verres par jour. Vous pouvez ajouter du lait, du miel ou du sucre.<\/span> <span style=\"font-weight: 400;\">Contre-indications: Utilisation non recommand\u00e9e pendant la grossesse.<\/span><\/p>\n","protected":false},"excerpt":{"rendered":"<p><span style=\"font-size: 12pt;\"><strong>Marque :<\/strong> N\u00e9f\u00e8rtiti pour les huiles naturelles et les herbes<\/span> <span style=\"font-size: 12pt;\"><strong>Livraison\u00a0:<\/strong> Calcul\u00e9 \u00e0 la caisse<\/span><br \/>\n<span style=\"font-size: 12pt;\"><strong>Pays d&rsquo;origine :<\/strong> Europe du Sud-Est, Afrique du Nord, Asie occidentale<\/span><br \/>\n<span style=\"font-size: 12pt;\"><strong>Nom botanique :<\/strong> Trigonella foenum-graecum<\/span> <span style=\"font-size: 12pt;\"><strong>Nom de famille :<\/strong> Fabacae<\/span><br \/>\n<span style=\"font-size: 12pt;\"><strong>INCI :<\/strong> Graine de Trigonella Foenum-Graecum<\/span> <span style=\"font-size: 12pt;\"><strong>Noms communs :<\/strong> pied de l\u2019oiseau, Bockshornklee, graines de foin grecques, corne de ch\u00e8vre, Methi, O\u017ekarag\u0117, Hilba<\/span><br \/>\n<span style=\"font-size: 12pt;\"><strong>Parties utilis\u00e9es :<\/strong> graines<\/span><br \/>\n<span style=\"font-size: 12pt;\"><strong>M\u00e9thode d&#8217;emballage :<\/strong> emballage recyclable<\/span> <span style=\"font-size: 12pt;\"><strong>Parfum :<\/strong> faible noisette<\/span><br \/>\n<span style=\"font-size: 12pt;\"><strong>Go\u00fbt :<\/strong> caract\u00e9ristique du fenugrec<\/span><br \/>\n<span style=\"font-size: 12pt;\"><strong>Apparence :<\/strong> gris verd\u00e2tre<\/span><br \/>\n<span style=\"font-size: 12pt;\"><strong>Etat physique :<\/strong> graines s\u00e9ch\u00e9es<\/span><br \/>\n<span style=\"font-size: 12pt;\"><strong>Naturel :<\/strong> oui<\/span><br \/>\n<span style=\"font-size: 12pt;\"><strong>Puret\u00e9 :<\/strong> 100%<\/span><br \/>\n<span style=\"font-size: 12pt;\"><strong>Certifi\u00e9 ISO :<\/strong> oui<\/span><\/p>\n","protected":false},"featured_media":275840,"comment_status":"open","ping_status":"closed","template":"","meta":[],"product_brand":[],"product_cat":[276],"product_tag":[],"class_list":{"0":"post-57729","1":"product","2":"type-product","3":"status-publish","4":"has-post-thumbnail","6":"product_cat-herbs","8":"first","9":"instock","10":"shipping-taxable","11":"purchasable","12":"product-type-variable","13":"has-default-attributes"},"_links":{"self":[{"href":"https:\/\/nefertiti-eg.com\/fr\/wp-json\/wp\/v2\/product\/57729","targetHints":{"allow":["GET"]}}],"collection":[{"href":"https:\/\/nefertiti-eg.com\/fr\/wp-json\/wp\/v2\/product"}],"about":[{"href":"https:\/\/nefertiti-eg.com\/fr\/wp-json\/wp\/v2\/types\/product"}],"replies":[{"embeddable":true,"href":"https:\/\/nefertiti-eg.com\/fr\/wp-json\/wp\/v2\/comments?post=57729"}],"wp:featuredmedia":[{"embeddable":true,"href":"https:\/\/nefertiti-eg.com\/fr\/wp-json\/wp\/v2\/media\/275840"}],"wp:attachment":[{"href":"https:\/\/nefertiti-eg.com\/fr\/wp-json\/wp\/v2\/media?parent=57729"}],"wp:term":[{"taxonomy":"product_brand","embeddable":true,"href":"https:\/\/nefertiti-eg.com\/fr\/wp-json\/wp\/v2\/product_brand?post=57729"},{"taxonomy":"product_cat","embeddable":true,"href":"https:\/\/nefertiti-eg.com\/fr\/wp-json\/wp\/v2\/product_cat?post=57729"},{"taxonomy":"product_tag","embeddable":true,"href":"https:\/\/nefertiti-eg.com\/fr\/wp-json\/wp\/v2\/product_tag?post=57729"}],"curies":[{"name":"wp","href":"https:\/\/api.w.org\/{rel}","templated":true}]}}