{"id":57732,"date":"2015-09-28T22:05:20","date_gmt":"2015-09-28T20:05:20","guid":{"rendered":"https:\/\/wordpress-237795-1094026.cloudwaysapps.com\/shop\/non%20class\u00e9\/black-tea\/"},"modified":"2022-06-04T15:01:25","modified_gmt":"2022-06-04T13:01:25","slug":"black-tea","status":"publish","type":"product","link":"https:\/\/nefertiti-eg.com\/fr\/shop\/herbs\/black-tea\/","title":{"rendered":"Th\u00e9 noir"},"content":{"rendered":"<p><span style=\"font-weight: 400;\">Les bienfaits du th\u00e9 noir pour le corps sont merveilleux. Tout d&rsquo;abord, ce sont des propri\u00e9t\u00e9s renfor\u00e7antes g\u00e9n\u00e9rales: augmentation de l&rsquo;immunit\u00e9, nettoyage du corps des toxines, effet tonique et calmant.<\/span><\/p>\n<h3><strong>Propri\u00e9t\u00e9s utiles<\/strong><\/h3>\n<ul>\n<li style=\"font-weight: 400;\"><span style=\"font-weight: 400;\">En raison de sa teneur en fluorure et en tanin, il renforce les dents et les gencives.<\/span><\/li>\n<li style=\"font-weight: 400;\"><span style=\"font-weight: 400;\">Renforce le syst\u00e8me immunitaire.<\/span><\/li>\n<li style=\"font-weight: 400;\"><span style=\"font-weight: 400;\">Normalise la pression art\u00e9rielle.<\/span><\/li>\n<li style=\"font-weight: 400;\"><span style=\"font-weight: 400;\">R\u00e9duit le taux de cholest\u00e9rol.<\/span><\/li>\n<li style=\"font-weight: 400;\"><span style=\"font-weight: 400;\">Soulage les maux de t\u00eate, soulage la fatigue.<\/span><\/li>\n<li style=\"font-weight: 400;\"><span style=\"font-weight: 400;\">Favorise la s\u00e9cr\u00e9tion de suc gastrique.<\/span><\/li>\n<li style=\"font-weight: 400;\"><span style=\"font-weight: 400;\">Ralentit le vieillissement des cellules.<\/span><\/li>\n<li style=\"font-weight: 400;\"><span style=\"font-weight: 400;\">Remplit d\u2019\u00e9nergie gr\u00e2ce \u00e0 sa teneur \u00e9lev\u00e9e en caf\u00e9ine.<\/span><\/li>\n<li style=\"font-weight: 400;\"><span style=\"font-weight: 400;\">Pr\u00e9vient des maladies cardiovasculaires<\/span><\/li>\n<li style=\"font-weight: 400;\"><span style=\"font-weight: 400;\">Pr\u00e9vient des accidents vasculaires c\u00e9r\u00e9braux.<\/span><\/li>\n<li style=\"font-weight: 400;\"><span style=\"font-weight: 400;\">Normalise la digestion.<\/span><\/li>\n<\/ul>\n<h3><strong>Vertues rafra\u00eechissantes<\/strong><\/h3>\n<p><span style=\"font-weight: 400;\">Le th\u00e9 noir a un puissant effet tonifiant contrairement au caf\u00e9, qui ne donne qu&rsquo;un effet tonique puissant mais \u00e0 court terme, le th\u00e9 noir a un effet tonique \u00e0 long terme et maintient un \u00e9tat de vigueur pendant de nombreuses heures.<\/span><\/p>\n","protected":false},"excerpt":{"rendered":"<p><span style=\"font-size: 12pt;\"><strong>Marque :<\/strong> N\u00e9f\u00e8rtiti pour les huiles naturelles et les herbes<br \/>\n<\/span><span style=\"font-size: 12pt;\"><strong>Livraison\u00a0:<\/strong> Calcul\u00e9 \u00e0 la caisse<br \/>\n<\/span><span style=\"font-size: 12pt;\"><strong>Pays d&rsquo;origine :<\/strong> Chine du sud-ouest<br \/>\n<\/span><span style=\"font-size: 12pt;\"><strong>Nom botanique :<\/strong> Camellia sinensis<br \/>\n<\/span><span style=\"font-size: 12pt;\"><strong>Nom de famille :<\/strong> theaceae<br \/>\n<\/span><span style=\"font-size: 12pt;\"><strong>INCI :<\/strong> feuille de Camellia sinensis<br \/>\n<\/span><span style=\"font-size: 12pt;\"><strong>Noms communs :<\/strong> arbuste \u00e0 th\u00e9, arbre \u00e0 th\u00e9, th\u00e9ier, Assamica, Chiornyi Chai, \u0447\u0435\u0440\u043d\u044b\u0439 \u0447\u0430\u0439, \u0634\u0627\u064a \u0623\u0633\u0648\u062f.<br \/>\n<\/span><span style=\"font-size: 12pt;\"><strong>Parties utilis\u00e9es :<\/strong> Herbe enti\u00e8re<br \/>\n<\/span><span style=\"font-size: 12pt;\"><strong>M\u00e9thode d&#8217;emballage :<\/strong> emballage recyclable<br \/>\n<\/span><span style=\"font-size: 12pt;\"><strong>Parfum :<\/strong> Feuilles aromatiques<br \/>\n<\/span><span style=\"font-size: 12pt;\"><strong>Go\u00fbt :<\/strong> riche<br \/>\n<\/span><span style=\"font-size: 12pt;\"><strong>Apparence :<\/strong> brun fonc\u00e9 \u00e0 noir<br \/>\n<\/span><span style=\"font-size: 12pt;\"><strong>Etat physique :<\/strong> Plantes s\u00e9ch\u00e9es<br \/>\n<\/span><span style=\"font-size: 12pt;\"><strong>Naturel :<\/strong> oui<br \/>\n<\/span><span style=\"font-size: 12pt;\"><strong>Puret\u00e9 :<\/strong> 100%<br \/>\n<\/span><span style=\"font-size: 12pt;\"><strong>Certifi\u00e9 ISO :<\/strong> oui<\/span><\/p>\n","protected":false},"featured_media":275773,"comment_status":"open","ping_status":"closed","template":"","meta":[],"product_brand":[],"product_cat":[276],"product_tag":[],"class_list":{"0":"post-57732","1":"product","2":"type-product","3":"status-publish","4":"has-post-thumbnail","6":"product_cat-herbs","8":"first","9":"instock","10":"shipping-taxable","11":"purchasable","12":"product-type-variable","13":"has-default-attributes"},"_links":{"self":[{"href":"https:\/\/nefertiti-eg.com\/fr\/wp-json\/wp\/v2\/product\/57732","targetHints":{"allow":["GET"]}}],"collection":[{"href":"https:\/\/nefertiti-eg.com\/fr\/wp-json\/wp\/v2\/product"}],"about":[{"href":"https:\/\/nefertiti-eg.com\/fr\/wp-json\/wp\/v2\/types\/product"}],"replies":[{"embeddable":true,"href":"https:\/\/nefertiti-eg.com\/fr\/wp-json\/wp\/v2\/comments?post=57732"}],"wp:featuredmedia":[{"embeddable":true,"href":"https:\/\/nefertiti-eg.com\/fr\/wp-json\/wp\/v2\/media\/275773"}],"wp:attachment":[{"href":"https:\/\/nefertiti-eg.com\/fr\/wp-json\/wp\/v2\/media?parent=57732"}],"wp:term":[{"taxonomy":"product_brand","embeddable":true,"href":"https:\/\/nefertiti-eg.com\/fr\/wp-json\/wp\/v2\/product_brand?post=57732"},{"taxonomy":"product_cat","embeddable":true,"href":"https:\/\/nefertiti-eg.com\/fr\/wp-json\/wp\/v2\/product_cat?post=57732"},{"taxonomy":"product_tag","embeddable":true,"href":"https:\/\/nefertiti-eg.com\/fr\/wp-json\/wp\/v2\/product_tag?post=57732"}],"curies":[{"name":"wp","href":"https:\/\/api.w.org\/{rel}","templated":true}]}}