{"id":57738,"date":"2015-06-30T18:03:57","date_gmt":"2015-06-30T16:03:57","guid":{"rendered":"https:\/\/wordpress-237795-1094026.cloudwaysapps.com\/shop\/non%20class\u00e9\/lemongrass-tea\/"},"modified":"2022-05-26T14:30:36","modified_gmt":"2022-05-26T12:30:36","slug":"lemon-grass-tea","status":"publish","type":"product","link":"https:\/\/nefertiti-eg.com\/fr\/shop\/herbs\/lemon-grass-tea\/","title":{"rendered":"Th\u00e9 de citronnelle"},"content":{"rendered":"<p><span style=\"font-weight: 400;\">Le th\u00e9 \u00e0 la citronnelle a un go\u00fbt \u00e9pic\u00e9 agr\u00e9able et un ar\u00f4me d&rsquo;agrumes. Vous pouvez le pr\u00e9parer pur ou l&rsquo;ajouter \u00e0 d&rsquo;autres th\u00e9s. Les tiges de citronnelle sont \u00e9galement utilis\u00e9es en cuisine. Cette plante, unique dans sa composition, est capable d&rsquo;avoir un effet b\u00e9n\u00e9fique sur l&rsquo;organisme.<\/span><\/p>\n<h3><b>Propri\u00e9t\u00e9s utiles\u00a0<\/b><\/h3>\n<p><span style=\"font-weight: 400;\">La <\/span><span style=\"font-weight: 400;\">citronnelle contient des vitamines B, du phosphore, du fer, du potassium, du magn\u00e9sium, du mangan\u00e8se, du zinc et d&rsquo;autres oligo-\u00e9l\u00e9ments, ainsi que des antioxydants et antiseptiques naturels. Le th\u00e9 \u00e0 la citronnelle tonifie et revigore, c&rsquo;est un excellent substitut du caf\u00e9. Il soulage les tensions nerveuses, am\u00e9liore l&rsquo;humeur. La citronnelle renforce l&rsquo;immunit\u00e9, \u00e9limine les toxines du corps et stimule la circulation sanguine et lymphatique. Normalise la fonction intestinale, a un effet b\u00e9n\u00e9fique sur la muqueuse gastrique, favorise une meilleure absorption des aliments. Le breuvage de citronnelle soulage le syndrome de la gueule de bois et soulage aussi bien les naus\u00e9es, les vertiges, les maux de t\u00eate. La citronnelle est une excellente d\u00e9tox pour le corps &#8211; elle aide les reins \u00e0 faire face \u00e0 son nettoyage des substances nocives. Rem\u00e8de efficace contre les rhumes saisonniers, la citronnelle tue les infections et les virus et c\u2019est un rem\u00e8de efficace contre l&#8217;empoisonnement.<\/span><\/p>\n<h3><b>Soins de la peau\u00a0<\/b><\/h3>\n<p><span style=\"font-weight: 400;\">Le <\/span><span style=\"font-weight: 400;\">th\u00e9 \u00e0 la citronnelle a des propri\u00e9t\u00e9s antimicrobiennes et antifongiques et est utilis\u00e9 pour maintenir le tonus de la peau et \u00e9quilibrer le s\u00e9bum. Infusez simplement la citronnelle dans l\u2019eau chaude et utilisez-la une fois refroidie comme tonique pour le visage.<\/span><\/p>\n<h3><b>Ob\u00e9sit\u00e9\u00a0<\/b><\/h3>\n<p><span style=\"font-weight: 400;\">La <\/span><span style=\"font-weight: 400;\">citronnelle peut vous aider \u00e0 perdre des kilos en trop car elle offre une sensation de sati\u00e9t\u00e9.\u00a0<\/span><\/p>\n<h3><strong>Pr\u00e9cautions<\/strong><\/h3>\n<p><span style=\"font-weight: 400;\">Peut augmenter la pression art\u00e9rielle, donc d\u00e9conseill\u00e9 aux personnes souffrant d&rsquo;hypertension.<\/span><\/p>\n","protected":false},"excerpt":{"rendered":"<p><span style=\"font-size: 12pt;\">Le th\u00e9 de citronnelle est un th\u00e9 tonifiant utilis\u00e9 comme rem\u00e8de pour soigner et \u00e9quilibrer l&rsquo;humeur. Utilis\u00e9 aussi comme substitut aux personnes qui ne peuvent pas boire de caf\u00e9. Soulage les maux de t\u00eate et les naus\u00e9es. La citronnelle aide \u00e0 traiter le rhume et la toux, la congestion nasale, la laryngite et la fi\u00e8vre.<\/span><\/p>\n","protected":false},"featured_media":275814,"comment_status":"open","ping_status":"closed","template":"","meta":[],"product_brand":[],"product_cat":[276],"product_tag":[],"class_list":{"0":"post-57738","1":"product","2":"type-product","3":"status-publish","4":"has-post-thumbnail","6":"product_cat-herbs","8":"first","9":"instock","10":"shipping-taxable","11":"purchasable","12":"product-type-variable","13":"has-default-attributes"},"_links":{"self":[{"href":"https:\/\/nefertiti-eg.com\/fr\/wp-json\/wp\/v2\/product\/57738","targetHints":{"allow":["GET"]}}],"collection":[{"href":"https:\/\/nefertiti-eg.com\/fr\/wp-json\/wp\/v2\/product"}],"about":[{"href":"https:\/\/nefertiti-eg.com\/fr\/wp-json\/wp\/v2\/types\/product"}],"replies":[{"embeddable":true,"href":"https:\/\/nefertiti-eg.com\/fr\/wp-json\/wp\/v2\/comments?post=57738"}],"wp:featuredmedia":[{"embeddable":true,"href":"https:\/\/nefertiti-eg.com\/fr\/wp-json\/wp\/v2\/media\/275814"}],"wp:attachment":[{"href":"https:\/\/nefertiti-eg.com\/fr\/wp-json\/wp\/v2\/media?parent=57738"}],"wp:term":[{"taxonomy":"product_brand","embeddable":true,"href":"https:\/\/nefertiti-eg.com\/fr\/wp-json\/wp\/v2\/product_brand?post=57738"},{"taxonomy":"product_cat","embeddable":true,"href":"https:\/\/nefertiti-eg.com\/fr\/wp-json\/wp\/v2\/product_cat?post=57738"},{"taxonomy":"product_tag","embeddable":true,"href":"https:\/\/nefertiti-eg.com\/fr\/wp-json\/wp\/v2\/product_tag?post=57738"}],"curies":[{"name":"wp","href":"https:\/\/api.w.org\/{rel}","templated":true}]}}