{"id":68480,"date":"2015-09-29T20:39:13","date_gmt":"2015-09-29T18:39:13","guid":{"rendered":"https:\/\/nefertiti-eg.com\/shop\/non%20class\u00e9\/chamomile-oil\/"},"modified":"2021-05-17T13:32:43","modified_gmt":"2021-05-17T11:32:43","slug":"chamomile-oil","status":"publish","type":"product","link":"https:\/\/nefertiti-eg.com\/fr\/shop\/aroma-oils-fr\/chamomile-oil\/","title":{"rendered":"Huile de camomille"},"content":{"rendered":"<h3><b>Les bienfaits de la camomille pour la sant\u00e9\u00a0<\/b><\/h3>\n<p><span style=\"font-weight: 400;\">L\u2019huile essentielle de camomille appartient au groupe des antiseptiques naturels et poss\u00e8de des propri\u00e9t\u00e9s anti-inflammatoires. En raison de son fort effet antibact\u00e9rien, l&rsquo;huile de camomille est souvent utilis\u00e9e comme antiseptique dans certaines proc\u00e9dures m\u00e9dicales et cosm\u00e9tiques. L&rsquo;huile essentielle de camomille est l&rsquo;un des ingr\u00e9dients les plus populaires dans les pr\u00e9parations pour peaux sensibles.<\/span><\/p>\n<h3><b>Aromath\u00e9rapie<\/b><\/h3>\n<p><span style=\"font-weight: 400;\">Tout d&rsquo;abord, l&rsquo;huile essentielle de camomille est r\u00e9put\u00e9e pour ses propri\u00e9t\u00e9s apaisantes. Elle est souvent utilis\u00e9 dans les lampes aromatiques, les bains, les saunas et procure un effet calmant en cas de tension nerveuse, d\u00e9tend les muscles et le corps. Fournit un sommeil profond et r\u00e9parateur.<\/span><\/p>\n<h3><b>Analg\u00e9sique<\/b><\/h3>\n<p><span style=\"font-weight: 400;\">Des compresses chaudes ou froides \u00e0 base d&rsquo;huile de camomille peuvent aider \u00e0 soulager les douleurs d&rsquo;estomac et abdominales. Soulage les spasmes et les coliques dans les troubles intestinaux.<\/span><\/p>\n<h3><b>Massage \u00e0 la camomille<\/b><\/h3>\n<p><span style=\"font-weight: 400;\">L\u2019huile essentielle de camomille est souvent ajout\u00e9e aux huiles de massage de relaxation.<\/span><\/p>\n<h3><b>Am\u00e9lioration de la digestion\u00a0<\/b><\/h3>\n<p><span style=\"font-weight: 400;\">L&rsquo;<\/span><span style=\"font-weight: 400;\">huile essentielle de camomille est recommand\u00e9e pour les troubles digestifs, les intoxications, elle stimule le m\u00e9tabolisme et am\u00e9liore l&rsquo;app\u00e9tit.<\/span><\/p>\n<p><em><strong>Attention!<\/strong><\/em><\/p>\n<p>Les huiles essentielles ne sont pas recommand\u00e9es pendant la grossesse.<\/p>\n","protected":false},"excerpt":{"rendered":"<h2><b>Huile de camomille<\/b><\/h2>\n<p><b>Nom botanique:<\/b><span style=\"font-weight: 400;\"> Camomille noble<br \/>\n<\/span><b>Famille:<\/b><span style=\"font-weight: 400;\"> Ast\u00e9rac\u00e9es<br \/>\n<\/span><b>M\u00e9thode de production:<\/b><span style=\"font-weight: 400;\"> Distillation \u00e0 la vapeur<br \/>\n<\/span><b>Partie utilis\u00e9e: <\/b><span style=\"font-weight: 400;\">Fleurs<br \/>\n<\/span><b>Ingr\u00e9dients:<\/b><span style=\"font-weight: 400;\"> Huile aromatique pure<br \/>\n<\/span><b>Marque:<\/b><span style=\"font-weight: 400;\"> Nefertiti for Natural Oils &amp; Herbs<br \/>\n<\/span><b>Pays d\u2019origine:<\/b><span style=\"font-weight: 400;\"> moyen-Orient<br \/>\n<\/span><b>Livraison: <\/b><span style=\"font-weight: 400;\">calcul\u00e9e \u00e0 la caisse<\/span><\/p>\n","protected":false},"featured_media":275323,"comment_status":"open","ping_status":"closed","template":"","meta":[],"product_brand":[],"product_cat":[509],"product_tag":[],"class_list":{"0":"post-68480","1":"product","2":"type-product","3":"status-publish","4":"has-post-thumbnail","6":"product_cat-aroma-oils-fr","7":"pa_bottle-size-125-ml-fr-2","8":"pa_bottle-size-250-ml-fr","9":"pa_bottle-size-50-ml","11":"first","12":"outofstock","13":"sale","14":"shipping-taxable","15":"purchasable","16":"product-type-variable"},"_links":{"self":[{"href":"https:\/\/nefertiti-eg.com\/fr\/wp-json\/wp\/v2\/product\/68480","targetHints":{"allow":["GET"]}}],"collection":[{"href":"https:\/\/nefertiti-eg.com\/fr\/wp-json\/wp\/v2\/product"}],"about":[{"href":"https:\/\/nefertiti-eg.com\/fr\/wp-json\/wp\/v2\/types\/product"}],"replies":[{"embeddable":true,"href":"https:\/\/nefertiti-eg.com\/fr\/wp-json\/wp\/v2\/comments?post=68480"}],"wp:featuredmedia":[{"embeddable":true,"href":"https:\/\/nefertiti-eg.com\/fr\/wp-json\/wp\/v2\/media\/275323"}],"wp:attachment":[{"href":"https:\/\/nefertiti-eg.com\/fr\/wp-json\/wp\/v2\/media?parent=68480"}],"wp:term":[{"taxonomy":"product_brand","embeddable":true,"href":"https:\/\/nefertiti-eg.com\/fr\/wp-json\/wp\/v2\/product_brand?post=68480"},{"taxonomy":"product_cat","embeddable":true,"href":"https:\/\/nefertiti-eg.com\/fr\/wp-json\/wp\/v2\/product_cat?post=68480"},{"taxonomy":"product_tag","embeddable":true,"href":"https:\/\/nefertiti-eg.com\/fr\/wp-json\/wp\/v2\/product_tag?post=68480"}],"curies":[{"name":"wp","href":"https:\/\/api.w.org\/{rel}","templated":true}]}}