{"id":68493,"date":"2020-08-12T13:20:57","date_gmt":"2020-08-12T11:20:57","guid":{"rendered":"https:\/\/nefertiti-eg.com\/shop\/non%20class\u00e9\/cinnamon-oil\/"},"modified":"2022-04-17T20:57:38","modified_gmt":"2022-04-17T18:57:38","slug":"cinnamon-oil","status":"publish","type":"product","link":"https:\/\/nefertiti-eg.com\/fr\/shop\/aroma-oils-fr\/cinnamon-oil\/","title":{"rendered":"Huile de cannelle"},"content":{"rendered":"<h3><strong>Caract\u00e9ristiques de l&rsquo;huile de cannelle<\/strong><\/h3>\n<p><span style=\"font-weight: 400;\">L&rsquo;huile de cannelle est obtenue \u00e0 partir de l&rsquo;\u00e9corce ainsi que des feuilles du cannelier par distillation. L&rsquo;huile de cannelle a un ar\u00f4me chaud, amer, \u00e9pic\u00e9 et en m\u00eame temps indescriptiblement doux.<\/span><\/p>\n<p><span style=\"font-weight: 400;\">Cette huile n&rsquo;est pratiquement jamais utilis\u00e9e non dilu\u00e9e. Il est recommand\u00e9 de le diluer avec des huiles de base (jojoba, amandes) dans un rapport de 1 \u00e0 5.\u00a0<\/span><\/p>\n<p>&nbsp;<\/p>\n<p><b>L&rsquo;huile de cannelle en aromath\u00e9rapie\u00a0<\/b><\/p>\n<p><span style=\"font-weight: 400;\">La cannelle appartient aux ar\u00f4mes vifs et puissants, symbolisant le courage, la force et l&rsquo;\u00e9nergie sexuelle. Il r\u00e9g\u00e9n\u00e8re efficacement l&rsquo;aura, construit des relations harmonieuses entre les partenaires, \u00e9veille l&rsquo;optimisme et la confiance en soi. Sur le plan \u00e9motionnel, le parfum de la cannelle peut aider \u00e0 soulager les peurs et les sentiments de solitude.<\/span><\/p>\n<p>&nbsp;<\/p>\n<p><b>Propri\u00e9t\u00e9s utiles\u00a0<\/b><\/p>\n<p><span style=\"font-weight: 400;\">L&rsquo;huile de cannelle a des propri\u00e9t\u00e9s apaisantes et antispasmodiques prononc\u00e9es. Son effet vise \u00e0 normaliser la circulation sanguine et le m\u00e9tabolisme, la digestion. Il est parfait pour ceux qui souffrent de vertiges et de naus\u00e9es. Cette huile aide \u00e0 combattre le rhume et la grippe. Il est utilis\u00e9 dans les m\u00e9langes antirhumatismaux.<\/span><\/p>\n<p>&nbsp;<\/p>\n<p><b>Effets \u00e9rotiques\u00a0<\/b><\/p>\n<p><span style=\"font-weight: 400;\">L&rsquo;huile de cannelle est connue pour ses puissantes propri\u00e9t\u00e9s \u00e9ro stimulantes. Renforce la sensualit\u00e9, lib\u00e8re, est un stimulant \u00e9rotique principalement pour les hommes et augmente la puissance.<\/span><\/p>\n","protected":false},"excerpt":{"rendered":"<h2><b>Huile de cannelle<\/b><\/h2>\n<p><b>Nom botanique: <\/b><span style=\"font-weight: 400;\">Cinnamomum Zeylanicum or Cinnamomum Vervun<br \/>\n<\/span><b>Famille: <\/b><span style=\"font-weight: 400;\">Lauraceae<br \/>\n<\/span><b>M\u00e9thode de production:<\/b><span style=\"font-weight: 400;\"> Distillation \u00e0 la vapeur<br \/>\n<\/span><b>Partie utilis\u00e9e: <\/b><span style=\"font-weight: 400;\">\u00c9corce d&rsquo;arbre<br \/>\n<\/span><b>Ingr\u00e9dients:<\/b><span style=\"font-weight: 400;\"> Huile aromatique pure<br \/>\n<\/span><b>Marque:<\/b><span style=\"font-weight: 400;\"> Nefertiti pour les huiles et herbes naturelles<br \/>\n<\/span><b>Pays d\u2019origine: <\/b><span style=\"font-weight: 400;\">moyen-Orient<br \/>\n<\/span><b>Livraison: <\/b><span style=\"font-weight: 400;\">calcul\u00e9e \u00e0 la caisse<\/span><\/p>\n","protected":false},"featured_media":275332,"comment_status":"open","ping_status":"closed","template":"","meta":[],"product_brand":[],"product_cat":[509],"product_tag":[],"class_list":{"0":"post-68493","1":"product","2":"type-product","3":"status-publish","4":"has-post-thumbnail","6":"product_cat-aroma-oils-fr","7":"pa_bottle-size-125-ml-fr-2","8":"pa_bottle-size-250-ml-fr","9":"pa_bottle-size-50-ml","11":"first","12":"outofstock","13":"shipping-taxable","14":"purchasable","15":"product-type-variable","16":"has-default-attributes"},"_links":{"self":[{"href":"https:\/\/nefertiti-eg.com\/fr\/wp-json\/wp\/v2\/product\/68493","targetHints":{"allow":["GET"]}}],"collection":[{"href":"https:\/\/nefertiti-eg.com\/fr\/wp-json\/wp\/v2\/product"}],"about":[{"href":"https:\/\/nefertiti-eg.com\/fr\/wp-json\/wp\/v2\/types\/product"}],"replies":[{"embeddable":true,"href":"https:\/\/nefertiti-eg.com\/fr\/wp-json\/wp\/v2\/comments?post=68493"}],"wp:featuredmedia":[{"embeddable":true,"href":"https:\/\/nefertiti-eg.com\/fr\/wp-json\/wp\/v2\/media\/275332"}],"wp:attachment":[{"href":"https:\/\/nefertiti-eg.com\/fr\/wp-json\/wp\/v2\/media?parent=68493"}],"wp:term":[{"taxonomy":"product_brand","embeddable":true,"href":"https:\/\/nefertiti-eg.com\/fr\/wp-json\/wp\/v2\/product_brand?post=68493"},{"taxonomy":"product_cat","embeddable":true,"href":"https:\/\/nefertiti-eg.com\/fr\/wp-json\/wp\/v2\/product_cat?post=68493"},{"taxonomy":"product_tag","embeddable":true,"href":"https:\/\/nefertiti-eg.com\/fr\/wp-json\/wp\/v2\/product_tag?post=68493"}],"curies":[{"name":"wp","href":"https:\/\/api.w.org\/{rel}","templated":true}]}}