{"id":68497,"date":"2019-08-23T19:21:50","date_gmt":"2019-08-23T17:21:50","guid":{"rendered":"https:\/\/nefertiti-eg.com\/shop\/non%20class\u00e9\/clove-bud-oil\/"},"modified":"2022-06-12T17:12:53","modified_gmt":"2022-06-12T15:12:53","slug":"clove-bud-oil","status":"publish","type":"product","link":"https:\/\/nefertiti-eg.com\/fr\/shop\/aroma-oils-fr\/clove-bud-oil\/","title":{"rendered":"Huile de clou de girofle"},"content":{"rendered":"<p><span style=\"font-weight: 400;\">Le clou de girofle(Syzygium aromaticum ou Eugenia caryophyllata) produit des fleurs tr\u00e8s parfum\u00e9es pour une utilisation dans une vari\u00e9t\u00e9 d&rsquo;applications.<\/span><\/p>\n<h3><b>L&rsquo;huile de girofle est fabriqu\u00e9e \u00e0 partir de boutons floraux s\u00e9ch\u00e9s.<\/b><\/h3>\n<p><span style=\"font-weight: 400;\">Au d\u00e9part, le girofle poussait sur le territoire des Moluques. Le nom des boutons floraux se traduit litt\u00e9ralement par \u00abongles \u00e9pic\u00e9s\u00bb en provenance de leurs forme.<\/span><\/p>\n<h3><b>L&rsquo;huile de girofle en m\u00e9decine\u00a0<\/b><\/h3>\n<p><span style=\"font-weight: 400;\">Les fleurs de girofle ont un effet chauffant extr\u00eamement puissant. Elle est l&rsquo;une des huiles consid\u00e9r\u00e9e comme \u00abchaude\u00bb et doit \u00eatre dilu\u00e9e et utilis\u00e9e uniquement en petites quantit\u00e9es.<\/span><\/p>\n<p><span style=\"font-weight: 400;\">L&rsquo;huile de girofle a des propri\u00e9t\u00e9s analg\u00e9siques et est souvent utilis\u00e9e pour la dentition chez les enfants. A \u00e9galement un effet antiseptique. L&rsquo;huile de girofle a \u00e9t\u00e9 utilis\u00e9e par les Romains et les Grecs d\u00e8s le Moyen \u00c2ge pour soulager les maux de dents et lutter contre la mauvaise haleine. Toujours en m\u00e9decine chinoise, l&rsquo;huile a longtemps \u00e9t\u00e9 utilis\u00e9e \u00e0 ces fins. \u00c0 ce jour, l&rsquo;effet de l&rsquo;huile de fleur de girofle sur le maintien de l&rsquo;hygi\u00e8ne bucco-dentaire a \u00e9t\u00e9 prouv\u00e9. On le retrouve de plus en plus dans les bains de bouche. Les infections pharyng\u00e9es sont parfaitement soulag\u00e9es en se gargarisant r\u00e9guli\u00e8rement avec de l&rsquo;huile de girofle. Il inhibe la formation de microbes en raison de son effet antiviral. De plus, l&rsquo;huile a des propri\u00e9t\u00e9s analg\u00e9siques. L&rsquo;eug\u00e9nol est responsable de la plupart de ses effets positifs.<\/span><\/p>\n<h3><b>Huile de fleur de girofle en aromath\u00e9rapie\u00a0<\/b><\/h3>\n<p><span style=\"font-weight: 400;\">L&rsquo;huile de girofle, utilis\u00e9e dans une lampe aromatique ou un diffuseur, aide \u00e0 r\u00e9duire le manque de concentration et le stress mental. L&rsquo;huile de girofle a un effet cicatrisant. C\u2019est aussi un aphrodisiaque puissant.<\/span><\/p>\n<p><span style=\"font-weight: 400;\">L&rsquo;ar\u00f4me de l&rsquo;huile donne de l&rsquo;\u00e9nergie et de la confiance en soi.<\/span><\/p>\n<h3><b>Huile de fleur de girofle pour les soins de la peau\u00a0<\/b><\/h3>\n<p><span style=\"font-weight: 400;\">L&rsquo;huile a une forte fonction de r\u00e9chauffement. Pour \u00e9viter toute irritation cutan\u00e9e, elle ne doit \u00eatre utilis\u00e9 que dilu\u00e9. Son action antiseptique aide contre les verrues, r\u00e9duit les rides, le rel\u00e2chement cutan\u00e9 et aide \u00e0 gu\u00e9rir l&rsquo;acn\u00e9.<\/span><\/p>\n<h3><b>L&rsquo;huile de girofle dans les cosm\u00e9tiques\u00a0<\/b><\/h3>\n<p><span style=\"font-weight: 400;\">L&rsquo;huile de girofle est souvent utilis\u00e9e pour fabriquer des savons car son parfum est apaisant et ses propri\u00e9t\u00e9s antiseptiques sont plus que b\u00e9n\u00e9fiques.<\/span><\/p>\n<h3><b>L&rsquo;huile de clou de girofle en th\u00e9rapie manuelle<\/b><\/h3>\n<p><span style=\"font-weight: 400;\">En raison de son effet antispasmodique et analg\u00e9sique, l&rsquo;huile est populaire aupr\u00e8s des massoth\u00e9rapeutes et des th\u00e9rapeutes. Il a des propri\u00e9t\u00e9s anti-rhumatismales, r\u00e9duit l&rsquo;enflure et aide \u00e0 traiter les crises rhumatismales.<\/span><\/p>\n<h3><b>L&rsquo;huile comme insectifuge\u00a0<\/b><\/h3>\n<p><span style=\"font-weight: 400;\">L&rsquo;essence de girofle est un insecticide utilis\u00e9 pour repousser les insectes. Le parfum de quelques gouttes diffus\u00e9 gr\u00e2ce \u00e0 une lampe aromatique dissipe les parasites g\u00eanants.<\/span><\/p>\n","protected":false},"excerpt":{"rendered":"<h2><b>Huile de clou de girofle<\/b><\/h2>\n<p><b>Nom botanique<\/b><span style=\"font-weight: 400;\">: Syzygium aromaticum<br \/>\n<\/span><b>Famille<\/b><span style=\"font-weight: 400;\">: Myrtac\u00e9es<br \/>\n<\/span><b>M\u00e9thode de production: <\/b><span style=\"font-weight: 400;\">Distillation \u00e0 la vapeur<br \/>\n<\/span><b>Partie utilis\u00e9e<\/b><span style=\"font-weight: 400;\">: Boutons de fleurs s\u00e9ch\u00e9es<br \/>\n<\/span><b>Ingr\u00e9dients<\/b><span style=\"font-weight: 400;\">: Huile aromatique pure<br \/>\n<\/span><b>Marque<\/b><span style=\"font-weight: 400;\">: Nefertiti pour les huiles et herbes naturelles<br \/>\n<\/span><b>Pays d\u2019origine: <\/b><span style=\"font-weight: 400;\">moyen-Orient<br \/>\n<\/span><b>Livraison<\/b><span style=\"font-weight: 400;\">: calcul\u00e9e \u00e0 la caisse<\/span><\/p>\n","protected":false},"featured_media":275348,"comment_status":"open","ping_status":"closed","template":"","meta":[],"product_brand":[],"product_cat":[509],"product_tag":[],"class_list":{"0":"post-68497","1":"product","2":"type-product","3":"status-publish","4":"has-post-thumbnail","6":"product_cat-aroma-oils-fr","7":"pa_bottle-size-125-ml-fr-2","8":"pa_bottle-size-250-ml-fr","9":"pa_bottle-size-50-ml","11":"first","12":"outofstock","13":"shipping-taxable","14":"purchasable","15":"product-type-variable","16":"has-default-attributes"},"_links":{"self":[{"href":"https:\/\/nefertiti-eg.com\/fr\/wp-json\/wp\/v2\/product\/68497","targetHints":{"allow":["GET"]}}],"collection":[{"href":"https:\/\/nefertiti-eg.com\/fr\/wp-json\/wp\/v2\/product"}],"about":[{"href":"https:\/\/nefertiti-eg.com\/fr\/wp-json\/wp\/v2\/types\/product"}],"replies":[{"embeddable":true,"href":"https:\/\/nefertiti-eg.com\/fr\/wp-json\/wp\/v2\/comments?post=68497"}],"wp:featuredmedia":[{"embeddable":true,"href":"https:\/\/nefertiti-eg.com\/fr\/wp-json\/wp\/v2\/media\/275348"}],"wp:attachment":[{"href":"https:\/\/nefertiti-eg.com\/fr\/wp-json\/wp\/v2\/media?parent=68497"}],"wp:term":[{"taxonomy":"product_brand","embeddable":true,"href":"https:\/\/nefertiti-eg.com\/fr\/wp-json\/wp\/v2\/product_brand?post=68497"},{"taxonomy":"product_cat","embeddable":true,"href":"https:\/\/nefertiti-eg.com\/fr\/wp-json\/wp\/v2\/product_cat?post=68497"},{"taxonomy":"product_tag","embeddable":true,"href":"https:\/\/nefertiti-eg.com\/fr\/wp-json\/wp\/v2\/product_tag?post=68497"}],"curies":[{"name":"wp","href":"https:\/\/api.w.org\/{rel}","templated":true}]}}