{"id":68501,"date":"2019-08-23T18:48:05","date_gmt":"2019-08-23T16:48:05","guid":{"rendered":"https:\/\/nefertiti-eg.com\/shop\/non%20class\u00e9\/eucalyptus-oil\/"},"modified":"2021-07-27T16:17:11","modified_gmt":"2021-07-27T14:17:11","slug":"eucalyptus-oil","status":"publish","type":"product","link":"https:\/\/nefertiti-eg.com\/fr\/shop\/aroma-oils-fr\/eucalyptus-oil\/","title":{"rendered":"Huile d&rsquo;eucalyptus"},"content":{"rendered":"<h3><b>Huile d&rsquo;eucalyptus<\/b><\/h3>\n<p><span style=\"font-weight: 400;\">L&rsquo;eucalyptus est originaire d&rsquo;Australie et s&rsquo;est r\u00e9pandu au cours des si\u00e8cles pass\u00e9s en Afrique du Sud et plus r\u00e9cemment en Europe. L&rsquo;huile essentielle extraite d&rsquo;Eucalyptus globulus est appr\u00e9ci\u00e9e pour sa polyvalence. Elle contient du Cin\u00e9ol est largement utilis\u00e9 en m\u00e9decine.<\/span><\/p>\n<h3><b>L&rsquo;huile d&rsquo;eucalyptus en m\u00e9decine\u00a0<\/b><\/h3>\n<p><span style=\"font-weight: 400;\">Les ingr\u00e9dients contenus dans l&rsquo;huile d&rsquo;eucalyptus offrent des propri\u00e9t\u00e9s antibact\u00e9riennes, antiseptiques, antivirales, anti-inflammatoires, expectorantes, antipyr\u00e9tiques, cicatrisantes, anthelminthiques et antirhumatismales. Son effet analg\u00e9sique aide \u00e0 soulager les maux de t\u00eate et les migraines. Dans ce cas, il est recommand\u00e9 de frotter quelques gouttes d&rsquo;huile sur le front et sur les tempes. En outre, l&rsquo;utilisation d&rsquo;huile d&rsquo;eucalyptus peut aider \u00e0 soulager la douleur, l&rsquo;inflammation et les d\u00e9mangeaisons caus\u00e9es par les piq\u00fbres d&rsquo;insectes. Pour le traitement de l&rsquo;endom\u00e9triose, un bain additionn\u00e9 d&rsquo;huile d&rsquo;eucalyptus est recommand\u00e9.<\/span><\/p>\n<h3><b>Huile d&rsquo;eucalyptus en aromath\u00e9rapie\u00a0<\/b><\/h3>\n<p><span style=\"font-weight: 400;\">L&rsquo;huile a un fort effet sur le syst\u00e8me nerveux et le fond \u00e9motionnel. Il r\u00e9veille les forces de r\u00e9serve du corps, \u00e9limine la somnolence et l&rsquo;augmentation de la fatigue, am\u00e9liore la concentration et am\u00e9liore l&rsquo;activit\u00e9 mentale. Am\u00e9liore l&rsquo;humeur et soulage la d\u00e9pression. Son utilisation est indiqu\u00e9e en cas de surcharge \u00e9motionnelle, de fatigue accrue et de sautes d&rsquo;humeur fr\u00e9quentes.<\/span><\/p>\n<h3><b>Huile d&rsquo;eucalyptus pour le soin de la peau<\/b><\/h3>\n<p><span style=\"font-weight: 400;\">Cette huile normalise les glandes s\u00e9bac\u00e9es, elle blanchit et d\u00e9sodorise la peau. Gr\u00e2ce \u00e0 son effet anti-inflammatoire et antiseptique, l&rsquo;huile traite efficacement diverses infections et inflammations cutan\u00e9es. L&rsquo;huile d&rsquo;eucalyptus aide \u00e0 lutter contre la furonculose, l&rsquo;acn\u00e9 et l&rsquo;herp\u00e8s.<\/span><\/p>\n<p><span style=\"font-weight: 400;\">En raison de sa capacit\u00e9 \u00e0 r\u00e9g\u00e9n\u00e9rer la peau, l&rsquo;huile d&rsquo;eucalyptus favorise la gu\u00e9rison rapide des abrasions et des br\u00fblures.<\/span><\/p>\n<h3><b>L\u2019huile d&rsquo;eucalyptus pour le soin des cheveux<\/b><\/h3>\n<p><span style=\"font-weight: 400;\">Quelques gouttes ajout\u00e9es au shampooing ou au rin\u00e7age peuvent aider \u00e0 lutter contre la chute des cheveux et les pellicules.<\/span><\/p>\n<h3><b>L\u2019usage domestique de l\u2019huile d&rsquo;eucalyptus<\/b><\/h3>\n<p><span style=\"font-weight: 400;\">Son effet d\u00e9odorant, antimicrobien et antibact\u00e9rien est utilis\u00e9 par les fabricants pour fabriquer des parfums d&rsquo;ambiance et des d\u00e9tergents.<\/span><\/p>\n<h3><b>L\u2019Eucalyptus pour l&rsquo;hygi\u00e8ne bucco-dentaire\u00a0<\/b><\/h3>\n<p><span style=\"font-weight: 400;\">L&rsquo;industrie cosm\u00e9tique utilise de l&rsquo;huile d&rsquo;eucalyptus pour les bains de bouche, les dentifrices et autres produits d&rsquo;hygi\u00e8ne buccale.<\/span><\/p>\n<h3><b>Huile d&rsquo;eucalyptus pour la th\u00e9rapie manuelle\u00a0<\/b><\/h3>\n<p><span style=\"font-weight: 400;\">Les massoth\u00e9rapeutes utilisent ses propri\u00e9t\u00e9s analg\u00e9siques et antispasmodiques pour soulager l&rsquo;inflammation des nerfs. Un l\u00e9ger massage \u00e0 l&rsquo;huile d&rsquo;eucalyptus r\u00e9duit \u00e9galement le gonflement et la douleur.<\/span><\/p>\n","protected":false},"excerpt":{"rendered":"<h2><b>Huile d&rsquo;eucalyptus<\/b><\/h2>\n<p><b>Nom botanique:<\/b><span style=\"font-weight: 400;\"> Eucalyptus Globulus.<br \/>\n<\/span><b>Famille: <\/b><span style=\"font-weight: 400;\">Myrtac\u00e9es<br \/>\n<\/span><b>M\u00e9thode de production:<\/b><span style=\"font-weight: 400;\"> Distillation \u00e0 la vapeur<br \/>\n<\/span><b>Partie utilis\u00e9e:<\/b><span style=\"font-weight: 400;\"> Feuilles<br \/>\n<\/span><b>Ingr\u00e9dients: <\/b><span style=\"font-weight: 400;\">Huile aromatique pure<br \/>\n<\/span><b>Marque:<\/b><span style=\"font-weight: 400;\"> Nefertiti pour les huiles et herbes naturelles<br \/>\n<\/span><b>Pays d\u2019origine:<\/b><span style=\"font-weight: 400;\"> moyen-Orient<br \/>\n<\/span><b>Livraison:<\/b><span style=\"font-weight: 400;\"> calcul\u00e9e \u00e0 la caisse<\/span><\/p>\n","protected":false},"featured_media":66597,"comment_status":"closed","ping_status":"closed","template":"","meta":[],"product_brand":[],"product_cat":[509],"product_tag":[],"class_list":{"0":"post-68501","1":"product","2":"type-product","3":"status-publish","4":"has-post-thumbnail","6":"product_cat-aroma-oils-fr","7":"pa_bottle-size-125-ml-fr-2","8":"pa_bottle-size-250-ml-fr","9":"pa_bottle-size-50-ml","11":"first","12":"instock","13":"shipping-taxable","14":"purchasable","15":"product-type-variable","16":"has-default-attributes"},"_links":{"self":[{"href":"https:\/\/nefertiti-eg.com\/fr\/wp-json\/wp\/v2\/product\/68501","targetHints":{"allow":["GET"]}}],"collection":[{"href":"https:\/\/nefertiti-eg.com\/fr\/wp-json\/wp\/v2\/product"}],"about":[{"href":"https:\/\/nefertiti-eg.com\/fr\/wp-json\/wp\/v2\/types\/product"}],"replies":[{"embeddable":true,"href":"https:\/\/nefertiti-eg.com\/fr\/wp-json\/wp\/v2\/comments?post=68501"}],"wp:featuredmedia":[{"embeddable":true,"href":"https:\/\/nefertiti-eg.com\/fr\/wp-json\/wp\/v2\/media\/66597"}],"wp:attachment":[{"href":"https:\/\/nefertiti-eg.com\/fr\/wp-json\/wp\/v2\/media?parent=68501"}],"wp:term":[{"taxonomy":"product_brand","embeddable":true,"href":"https:\/\/nefertiti-eg.com\/fr\/wp-json\/wp\/v2\/product_brand?post=68501"},{"taxonomy":"product_cat","embeddable":true,"href":"https:\/\/nefertiti-eg.com\/fr\/wp-json\/wp\/v2\/product_cat?post=68501"},{"taxonomy":"product_tag","embeddable":true,"href":"https:\/\/nefertiti-eg.com\/fr\/wp-json\/wp\/v2\/product_tag?post=68501"}],"curies":[{"name":"wp","href":"https:\/\/api.w.org\/{rel}","templated":true}]}}