{"id":68530,"date":"2019-07-18T22:14:35","date_gmt":"2019-07-18T20:14:35","guid":{"rendered":"https:\/\/nefertiti-eg.com\/shop\/non%20class\u00e9\/68530\/"},"modified":"2026-05-01T05:12:06","modified_gmt":"2026-05-01T02:12:06","slug":"frankincense-oil","status":"publish","type":"product","link":"https:\/\/nefertiti-eg.com\/fr\/shop\/aroma-oils-fr\/frankincense-oil\/","title":{"rendered":"Huile d&rsquo;encens"},"content":{"rendered":"<h3><b>L\u2019Huile essentielle d\u2019encens<\/b><\/h3>\n<p><span style=\"font-weight: 400;\">L\u2019encens est issu d\u2019un petit arbre compact orn\u00e9 de gouttes ambr\u00e9es de r\u00e9sine lib\u00e9r\u00e9es dans les coupures et les fissures de l&rsquo;\u00e9corce. Il pousse uniquement en Afrique du Nord.<\/span><\/p>\n<p><span style=\"font-weight: 400;\">L&rsquo;huile d&rsquo;encens est obtenue par une m\u00e9thode pas tout \u00e0 fait famili\u00e8re: elle n&rsquo;est pas extraite du bois ou des parties vertes d&rsquo;une plante, mais de la r\u00e9sine par distillation \u00e0 la vapeur.<\/span><\/p>\n<h3><b>L&rsquo;huile d&rsquo;encens en m\u00e9decine\u00a0<\/b><\/h3>\n<p><span style=\"font-weight: 400;\">L&rsquo;huile d&rsquo;encens agit activement le syst\u00e8me respiratoire, aidant \u00e0 traiter les maladies infectieuses et chroniques du syst\u00e8me respiratoire. C&rsquo;est l&rsquo;une des principales huiles aux propri\u00e9t\u00e9s antiseptiques pulmonaires qui peuvent arr\u00eater et apaiser les toux obsessionnelles. Il affecte activement le fonctionnement du syst\u00e8me lymphatique, neutralisant les effets n\u00e9gatifs, r\u00e9tr\u00e9cissant les ganglions lymphatiques et favorisant un m\u00e9tabolisme actif.<\/span><\/p>\n<p><span style=\"font-weight: 400;\">L&rsquo;huile d&rsquo;encens a des propri\u00e9t\u00e9s immunitaires, aidant \u00e0 d\u00e9truire les bact\u00e9ries et les virus nocifs. Emp\u00eache la croissance des microbes sur la peau et dans la bouche.\u00a0<\/span><\/p>\n<h3><b>L&rsquo;huile d&rsquo;encens en aromath\u00e9rapie\u00a0<\/b><\/h3>\n<p><span style=\"font-weight: 400;\">L&rsquo;encens est consid\u00e9r\u00e9 comme un parfum qui renouvelle la vitalit\u00e9 et supprime les influences n\u00e9gatives. Il aide \u00e0 accepter les changements de vie, \u00e0 se d\u00e9barrasser des soucis excessifs, \u00e0 surmonter l&rsquo;\u00e9puisement nerveux, la tension et la d\u00e9pression. L&rsquo;encens aide \u00e0 faire face aux troubles du sommeil tels que l&rsquo;anxi\u00e9t\u00e9 nocturne et l&rsquo;insomnie.<\/span><\/p>\n<h3><b>Huile d&rsquo;encens pour les soins de la peau<\/b><\/h3>\n<p><span style=\"font-weight: 400;\">L&rsquo;utilisation r\u00e9guli\u00e8re d&rsquo;huile d&rsquo;encens dans les soins de la peau pr\u00e9vient le vieillissement cutan\u00e9. Il lisse la peau, am\u00e9liore son \u00e9lasticit\u00e9, lui redonne son aspect frais, ralentit le vieillissement et unifie le teint. En raison du fait que l&rsquo;encens favorise le renouvellement de la peau, augmente les propri\u00e9t\u00e9s r\u00e9g\u00e9n\u00e9rantes, il gu\u00e9rit efficacement les plaies, les coupures et les inflammations. L&rsquo;huile d&rsquo;encens r\u00e9duit les cicatrices, les vergetures, est utilis\u00e9e pour l&rsquo;acn\u00e9.<\/span><\/p>\n<h3><b>Huile d&rsquo;encens pour l&rsquo;hygi\u00e8ne bucco-dentaire<\/b><\/h3>\n<p><span style=\"font-weight: 400;\">Gr\u00e2ce \u00e0 ses propri\u00e9t\u00e9s antiseptiques, l&rsquo;huile d&rsquo;encens est un excellent compl\u00e9ment \u00e0 toute proc\u00e9dure d&rsquo;hygi\u00e8ne bucco-dentaire.<\/span><\/p>\n<p><span style=\"font-weight: 400;\">En ajoutant quelques gouttes d&rsquo;huile d&rsquo;encens \u00e0 votre bain de bouche, vous obtiendrez un excellent rem\u00e8de contre la carie dentaire, la mauvaise haleine, la stomatite et les maladies des gencives.<\/span><\/p>\n<h3><b>L&rsquo;huile d&rsquo;encens comme additif pour le bain\u00a0<\/b><\/h3>\n<p><b>L&rsquo;<\/b><span style=\"font-weight: 400;\">huile d&rsquo;encens procurera instantan\u00e9ment une sensation de paix, de relaxation et de plaisir tranquille et soulagera la surexcitation. Ajoutez quelques gouttes d&rsquo;huile d&rsquo;encens \u00e0 votre bain pour un rebond instantan\u00e9 du stress diurne.\u00a0<\/span><\/p>\n<h3><b>Huile d&rsquo;encens pour th\u00e9rapie manuelle<\/b><\/h3>\n<p><span style=\"font-weight: 400;\">Elle a de puissantes propri\u00e9t\u00e9s anti-inflammatoires, elle est donc tr\u00e8s efficace pour soulager les douleurs articulaires, environ 40 gouttes sont ajout\u00e9es \u00e0 l&rsquo;huile de massage pour obtenir un effet analg\u00e9sique.<\/span><\/p>\n","protected":false},"excerpt":{"rendered":"<h2><b>Huile d&rsquo;encens\u00a0<\/b><\/h2>\n<p><b>Nom botanique: <\/b><span style=\"font-weight: 400;\">Boswellia serrata<br \/>\n<\/span><b>Famille: <\/b><span style=\"font-weight: 400;\">Sapindales<br \/>\n<\/span><b>M\u00e9thode de production:<\/b><span style=\"font-weight: 400;\"> Distillation \u00e0 la vapeur<br \/>\n<\/span><b>Partie utilis\u00e9e:<\/b><span style=\"font-weight: 400;\"> R\u00e9sine<br \/>\n<\/span><b>Ingr\u00e9dients:<\/b><span style=\"font-weight: 400;\"> Huile aromatique pure<br \/>\n<\/span><b>Marque: <\/b><span style=\"font-weight: 400;\">Nefertiti pour les huiles et herbes naturelles<br \/>\n<\/span><b>Pays d\u2019origine:<\/b><span style=\"font-weight: 400;\"> moyen-Orient<br \/>\n<\/span><b>Livraison:<\/b><span style=\"font-weight: 400;\"> calcul\u00e9e \u00e0 la caisse<\/span><\/p>\n","protected":false},"featured_media":275380,"comment_status":"open","ping_status":"closed","template":"","meta":[],"product_brand":[],"product_cat":[509],"product_tag":[],"class_list":{"0":"post-68530","1":"product","2":"type-product","3":"status-publish","4":"has-post-thumbnail","6":"product_cat-aroma-oils-fr","7":"pa_bottle-size-125-ml-fr-2","8":"pa_bottle-size-250-ml-fr","9":"pa_bottle-size-50-ml","11":"first","12":"instock","13":"shipping-taxable","14":"purchasable","15":"product-type-variable"},"_links":{"self":[{"href":"https:\/\/nefertiti-eg.com\/fr\/wp-json\/wp\/v2\/product\/68530","targetHints":{"allow":["GET"]}}],"collection":[{"href":"https:\/\/nefertiti-eg.com\/fr\/wp-json\/wp\/v2\/product"}],"about":[{"href":"https:\/\/nefertiti-eg.com\/fr\/wp-json\/wp\/v2\/types\/product"}],"replies":[{"embeddable":true,"href":"https:\/\/nefertiti-eg.com\/fr\/wp-json\/wp\/v2\/comments?post=68530"}],"wp:featuredmedia":[{"embeddable":true,"href":"https:\/\/nefertiti-eg.com\/fr\/wp-json\/wp\/v2\/media\/275380"}],"wp:attachment":[{"href":"https:\/\/nefertiti-eg.com\/fr\/wp-json\/wp\/v2\/media?parent=68530"}],"wp:term":[{"taxonomy":"product_brand","embeddable":true,"href":"https:\/\/nefertiti-eg.com\/fr\/wp-json\/wp\/v2\/product_brand?post=68530"},{"taxonomy":"product_cat","embeddable":true,"href":"https:\/\/nefertiti-eg.com\/fr\/wp-json\/wp\/v2\/product_cat?post=68530"},{"taxonomy":"product_tag","embeddable":true,"href":"https:\/\/nefertiti-eg.com\/fr\/wp-json\/wp\/v2\/product_tag?post=68530"}],"curies":[{"name":"wp","href":"https:\/\/api.w.org\/{rel}","templated":true}]}}