{"id":68590,"date":"2018-08-23T16:35:51","date_gmt":"2018-08-23T14:35:51","guid":{"rendered":"https:\/\/nefertiti-eg.com\/shop\/non%20class\u00e9\/jasmine-oil\/"},"modified":"2021-07-27T16:17:25","modified_gmt":"2021-07-27T14:17:25","slug":"jasmine-oil","status":"publish","type":"product","link":"https:\/\/nefertiti-eg.com\/fr\/shop\/aroma-oils-fr\/jasmine-oil\/","title":{"rendered":"Huile de jasmin"},"content":{"rendered":"<h3><b>L\u2019Huile de jasmin<\/b><\/h3>\n<p><span style=\"font-weight: 400;\">Dans les temps anciens, le jasmin ne pouvait \u00eatre trouv\u00e9 que dans le nord de l&rsquo;Inde. Il n&rsquo;est arriv\u00e9 en Europe via l&rsquo;Espagne qu&rsquo;au Moyen \u00c2ge. Le jasmin parfum\u00e9 a \u00e9t\u00e9 utilis\u00e9 pendant des si\u00e8cles dans une vari\u00e9t\u00e9 d&rsquo;applications.<\/span><\/p>\n<h3><b>Application et effet<\/b><\/h3>\n<p><span style=\"font-weight: 400;\">Les huiles aromatiques sont obtenues \u00e0 partir de fleurs de jasmin, qui sont utilis\u00e9es dans la production de parfums et d&rsquo;aromath\u00e9rapie. L&rsquo;huile de jasmin est chaude, l\u00e9g\u00e8re, d\u00e9licieuse, son parfum r\u00e9v\u00e8le pleinement toutes les notes de l&rsquo;ar\u00f4me \u00e9tonnant des fleurs de jasmin. Ce parfum a longtemps \u00e9t\u00e9 consid\u00e9r\u00e9 comme le compagnon des femmes myst\u00e9rieuses, sensuelles et s\u00fbres d&rsquo;elles. Le jasmin \u00e9tait \u00e9galement activement utilis\u00e9 en m\u00e9decine.<\/span><\/p>\n<h3><b>\u00a0Propri\u00e9t\u00e9s utiles\u00a0<\/b><\/h3>\n<p><span style=\"font-weight: 400;\">L&rsquo;huile de jasmin est un bon antispasmodique, elle aide \u00e0 \u00e9liminer les spasmes, les coliques et les sympt\u00f4mes de douleur, y compris les douleurs musculaires, articulaires et les n\u00e9vralgies. Il a un effet stimulant g\u00e9n\u00e9ral sur le syst\u00e8me circulatoire, aide \u00e0 normaliser le fonctionnement du syst\u00e8me respiratoire, par exemple, il soulage l&rsquo;enrouement et aide \u00e0 \u00e9liminer la toux.<\/span><\/p>\n<h3><b>Aromath\u00e9rapie<\/b><\/h3>\n<p><span style=\"font-weight: 400;\">Cette huile a longtemps \u00e9t\u00e9 associ\u00e9e au succ\u00e8s mon\u00e9taires et aux amours. Cette huile essentielle d\u00e9veloppe l&rsquo;imagination, stimule la cr\u00e9ativit\u00e9 et inspire \u00e0 une activit\u00e9 vigoureuse. Le jasmin favorise l&rsquo;optimisme, la confiance en soi, am\u00e9liore rapidement l&rsquo;humeur. Mais en m\u00eame temps, l&rsquo;huile de jasmin a \u00e9galement un effet calmant et stabilisant qui favorise une relaxation profonde. C&rsquo;est un excellent choix si vous devez vous d\u00e9barrasser de l&rsquo;apathie, soulager la fatigue. Il est utilis\u00e9 pour lutter contre les troubles nerveux, la d\u00e9pression et les peurs.<\/span><\/p>\n<h3><b>Parfumerie<\/b><\/h3>\n<p><span style=\"font-weight: 400;\">Mondialement utilis\u00e9 comme note de coeur chez les parfumeurs, c\u2019est l&rsquo;un des parfums aphrodisiaques les plus puissants. Le jasmin renforce l&rsquo;attraction, \u00e9limine la froideur et la disharmonie. Le jasmin renforce la confiance mutuelle, la confiance en soi, apporte une sensation de l\u00e9g\u00e8ret\u00e9 et d&rsquo;\u00e9quilibre.\u00a0<\/span><\/p>\n","protected":false},"excerpt":{"rendered":"<h2><b>Huile de jasmin<\/b><\/h2>\n<p><b>Nom botanique:<\/b><span style=\"font-weight: 400;\"> Jasminum officinale<br \/>\n<\/span><b>Famille:<\/b><span style=\"font-weight: 400;\"> Oleaceae<br \/>\n<\/span><b>M\u00e9thode de production:<\/b><span style=\"font-weight: 400;\"> Distillation \u00e0 la vapeur<br \/>\n<\/span><b>Partie utilis\u00e9e:<\/b><span style=\"font-weight: 400;\"> Fleurs<br \/>\n<\/span><b>Ingr\u00e9dients: <\/b><span style=\"font-weight: 400;\">Huile aromatique pure<br \/>\n<\/span><b>Marque:<\/b><span style=\"font-weight: 400;\"> Nefertiti pour les huiles et herbes naturelles<br \/>\n<\/span><b>Pays d\u2019origine:<\/b><span style=\"font-weight: 400;\"> moyen-Orient<br \/>\n<\/span><b>Livraison:<\/b><span style=\"font-weight: 400;\"> calcul\u00e9e \u00e0 la caisse<\/span><\/p>\n","protected":false},"featured_media":275432,"comment_status":"open","ping_status":"closed","template":"","meta":[],"product_brand":[],"product_cat":[509],"product_tag":[],"class_list":{"0":"post-68590","1":"product","2":"type-product","3":"status-publish","4":"has-post-thumbnail","6":"product_cat-aroma-oils-fr","7":"pa_bottle-size-125-ml-fr-2","8":"pa_bottle-size-250-ml-fr","9":"pa_bottle-size-50-ml","11":"first","12":"instock","13":"sale","14":"shipping-taxable","15":"purchasable","16":"product-type-variable"},"_links":{"self":[{"href":"https:\/\/nefertiti-eg.com\/fr\/wp-json\/wp\/v2\/product\/68590","targetHints":{"allow":["GET"]}}],"collection":[{"href":"https:\/\/nefertiti-eg.com\/fr\/wp-json\/wp\/v2\/product"}],"about":[{"href":"https:\/\/nefertiti-eg.com\/fr\/wp-json\/wp\/v2\/types\/product"}],"replies":[{"embeddable":true,"href":"https:\/\/nefertiti-eg.com\/fr\/wp-json\/wp\/v2\/comments?post=68590"}],"wp:featuredmedia":[{"embeddable":true,"href":"https:\/\/nefertiti-eg.com\/fr\/wp-json\/wp\/v2\/media\/275432"}],"wp:attachment":[{"href":"https:\/\/nefertiti-eg.com\/fr\/wp-json\/wp\/v2\/media?parent=68590"}],"wp:term":[{"taxonomy":"product_brand","embeddable":true,"href":"https:\/\/nefertiti-eg.com\/fr\/wp-json\/wp\/v2\/product_brand?post=68590"},{"taxonomy":"product_cat","embeddable":true,"href":"https:\/\/nefertiti-eg.com\/fr\/wp-json\/wp\/v2\/product_cat?post=68590"},{"taxonomy":"product_tag","embeddable":true,"href":"https:\/\/nefertiti-eg.com\/fr\/wp-json\/wp\/v2\/product_tag?post=68590"}],"curies":[{"name":"wp","href":"https:\/\/api.w.org\/{rel}","templated":true}]}}