{"id":68673,"date":"2020-08-13T12:30:51","date_gmt":"2020-08-13T10:30:51","guid":{"rendered":"https:\/\/nefertiti-eg.com\/shop\/non%20class\u00e9\/lily-of-the-valley\/"},"modified":"2021-07-27T16:17:22","modified_gmt":"2021-07-27T14:17:22","slug":"lily-of-the-valley","status":"publish","type":"product","link":"https:\/\/nefertiti-eg.com\/fr\/shop\/aroma-oils-fr\/lily-of-the-valley\/","title":{"rendered":"L&rsquo;huile de muguet"},"content":{"rendered":"<h3><strong>Caract\u00e9ristiques de Lily of the Valley<\/strong><\/h3>\n<p><span style=\"font-weight: 400;\">L&rsquo;huile de muguet est un produit de la distillation des fleurs et de la partie verte du muguet \u00e0 la vapeur d&rsquo;eau. L&rsquo;odeur de l&rsquo;huile est riche, florale, fra\u00eeche, acidul\u00e9e, avec un ar\u00f4me caract\u00e9ristique de muguet et un l\u00e9ger soup\u00e7on d&rsquo;herbe.<\/span><\/p>\n<h3><b>L&rsquo;huile de muguet en cosm\u00e9tologie<\/b><\/h3>\n<p><span style=\"font-weight: 400;\">Elle est utilis\u00e9e pour les soins complexes de la peau du visage et du corps, car elle l&rsquo;hydrate parfaitement, contribue \u00e0 favoriser la r\u00e9g\u00e9n\u00e9ration. Elle a la vertu de profiter \u00e0 votre peau d\u2019un effet rajeunissant, r\u00e9duit la s\u00e9v\u00e9rit\u00e9 des fines rides. Unifiant le teint, elle illumine la pigmentation. L&rsquo;huile de muguet peut \u00eatre utilis\u00e9e comme additif dans les cr\u00e8mes de jour et de nuit, les masques nourrissants, les baumes, les revitalisants et les masques capillaires. Apr\u00e8s avoir b\u00e9n\u00e9fici\u00e9 de la douce huile de muguet, la peau acquiert une apparence soign\u00e9e en raison de l&rsquo;am\u00e9lioration des processus m\u00e9taboliques, qui sont activ\u00e9s et saturent les cellules en oxyg\u00e8ne. La circulation sanguine dans les tissus sous-cutan\u00e9s est am\u00e9lior\u00e9e, fournissant \u00e0 la peau une nutrition et une hydratation ad\u00e9quates.<\/span><\/p>\n<h3><b>Huile de muguet en aromath\u00e9rapie\u00a0<\/b><\/h3>\n<p><span style=\"font-weight: 400;\">L&rsquo;huile de muguet est un tonique. Elle am\u00e9liore les performances mentales et physiques, normalise l&rsquo;\u00e9tat \u00e9motionnel, \u00e9limine les effets n\u00e9gatifs du stress sur le corps et stabilise le sommeil.<\/span><\/p>\n<h3><b>Massage \u00e0 l&rsquo;huile de muguet<\/b><\/h3>\n<p><span style=\"font-weight: 400;\">L&rsquo;huile est ajout\u00e9e \u00e0 la composition des m\u00e9langes de massage pour am\u00e9liorer la microcirculation et r\u00e9duire les douleurs musculaires dans la zone touch\u00e9e.<\/span><\/p>\n<h3><b>Propri\u00e9t\u00e9s utiles\u00a0<\/b><\/h3>\n<p><span style=\"font-weight: 400;\">L&rsquo; huile de muguet s&rsquo;utilise en cas de perte de force, d&rsquo;arythmies, de troubles du rythme cardiaque, de mauvaise circulation sanguine. En application cutan\u00e9e, l&rsquo;huile de muguet a tendance \u00e0 dilater les vaisseaux sanguins, \u00e0 soulager les spasmes musculaires et \u00e0 r\u00e9duire les maux de t\u00eate.<\/span><\/p>\n","protected":false},"excerpt":{"rendered":"<h2><strong>L&rsquo;huile de muguet<\/strong><\/h2>\n<p><b>Nom botanique: <\/b><span style=\"font-weight: 400;\">Convallaria Majalis<br \/>\n<\/span><b>Famille:<\/b><span style=\"font-weight: 400;\"> Asparagaceae<br \/>\n<\/span><b>M\u00e9thode de production:<\/b><span style=\"font-weight: 400;\"> Distillation \u00e0 la vapeur<br \/>\n<\/span><b>Partie utilis\u00e9e:<\/b><span style=\"font-weight: 400;\"> Fleurs<br \/>\n<\/span><b>Ingr\u00e9dients:<\/b><span style=\"font-weight: 400;\"> Huile aromatique pure<br \/>\n<\/span><b>Marque:<\/b><span style=\"font-weight: 400;\"> Nefertiti pour les huiles et herbes naturelles<br \/>\n<\/span><b>Pays d\u2019origine:<\/b><span style=\"font-weight: 400;\"> moyen-Orient<br \/>\n<\/span><b>Livraison: <\/b><span style=\"font-weight: 400;\">calcul\u00e9e \u00e0 la caisse<\/span><\/p>\n","protected":false},"featured_media":275473,"comment_status":"open","ping_status":"closed","template":"","meta":[],"product_brand":[],"product_cat":[509],"product_tag":[],"class_list":{"0":"post-68673","1":"product","2":"type-product","3":"status-publish","4":"has-post-thumbnail","6":"product_cat-aroma-oils-fr","7":"pa_bottle-size-125-ml-fr-2","8":"pa_bottle-size-250-ml-fr","9":"pa_bottle-size-50-ml","11":"first","12":"instock","13":"sale","14":"shipping-taxable","15":"purchasable","16":"product-type-variable"},"_links":{"self":[{"href":"https:\/\/nefertiti-eg.com\/fr\/wp-json\/wp\/v2\/product\/68673","targetHints":{"allow":["GET"]}}],"collection":[{"href":"https:\/\/nefertiti-eg.com\/fr\/wp-json\/wp\/v2\/product"}],"about":[{"href":"https:\/\/nefertiti-eg.com\/fr\/wp-json\/wp\/v2\/types\/product"}],"replies":[{"embeddable":true,"href":"https:\/\/nefertiti-eg.com\/fr\/wp-json\/wp\/v2\/comments?post=68673"}],"wp:featuredmedia":[{"embeddable":true,"href":"https:\/\/nefertiti-eg.com\/fr\/wp-json\/wp\/v2\/media\/275473"}],"wp:attachment":[{"href":"https:\/\/nefertiti-eg.com\/fr\/wp-json\/wp\/v2\/media?parent=68673"}],"wp:term":[{"taxonomy":"product_brand","embeddable":true,"href":"https:\/\/nefertiti-eg.com\/fr\/wp-json\/wp\/v2\/product_brand?post=68673"},{"taxonomy":"product_cat","embeddable":true,"href":"https:\/\/nefertiti-eg.com\/fr\/wp-json\/wp\/v2\/product_cat?post=68673"},{"taxonomy":"product_tag","embeddable":true,"href":"https:\/\/nefertiti-eg.com\/fr\/wp-json\/wp\/v2\/product_tag?post=68673"}],"curies":[{"name":"wp","href":"https:\/\/api.w.org\/{rel}","templated":true}]}}