{"id":68677,"date":"2018-08-23T16:39:25","date_gmt":"2018-08-23T14:39:25","guid":{"rendered":"https:\/\/nefertiti-eg.com\/shop\/non%20class\u00e9\/lotus-oil\/"},"modified":"2021-07-27T16:17:04","modified_gmt":"2021-07-27T14:17:04","slug":"lotus-oil","status":"publish","type":"product","link":"https:\/\/nefertiti-eg.com\/fr\/shop\/aroma-oils-fr\/lotus-oil\/","title":{"rendered":"L\u2019huile de lotus"},"content":{"rendered":"<h3><b>La pr\u00e9cieuse huile essentielle de fleur de lotus\u00a0<\/b><\/h3>\n<p><span style=\"font-weight: 400;\">Comme les fleurs de lotus ont plusieurs nuances, l&rsquo;huile a \u00e9galement une couleur diff\u00e9rente. Les noms du lotus rose, bleu ou or correspondent aux plantes dont l&rsquo;huile essentielle a \u00e9t\u00e9 extraite.\u00a0<\/span><\/p>\n<h3><b>L\u2019Effet de l&rsquo;huile essentielle de fleur de lotus<\/b><\/h3>\n<p><span style=\"font-weight: 400;\">L\u2019huile ayant un effet apaisant tr\u00e8s fort, elle doit \u00eatre utilis\u00e9e \u00e0 petites doses, par exemple comme additif pour le bain ou comme parfum d&rsquo;ambiance. La diffusion de son parfum peut \u00eatre utilis\u00e9 durant une s\u00e9ance de m\u00e9ditation par exemple, le lotus favorise aussi bien la relaxation en pratique du massage ayurv\u00e9dique.<\/span><\/p>\n<h3><b>L\u2019huile essentielle de fleur de lotus en aromath\u00e9rapie<\/b><\/h3>\n<p><span style=\"font-weight: 400;\">\u00a0L&rsquo;utilisation d&rsquo;huile de lotus dans une lampe aromatique ou un diffuseur peut vous aider \u00e0 vous d\u00e9tendre, \u00e0 \u00e9quilibrer votre humeur, \u00e0 harmoniser votre espace et \u00e0 am\u00e9liorer votre sommeil.<\/span><\/p>\n<h3><b>L\u2019huile essentielle de fleur de lotus pour le massage<\/b><\/h3>\n<p><span style=\"font-weight: 400;\">Puisque l&rsquo;huile de lotus a un effet relaxant, elle est souvent utilis\u00e9e comme huile de massage. L&rsquo;huile de lotus soulage les tensions. Le parfum agr\u00e9able de l&rsquo;huile aide \u00e0 r\u00e9duire le stress pendant la proc\u00e9dure et favorise ainsi le bien-\u00eatre.<\/span><\/p>\n<h3><b>L\u2019huile essentielle de fleur de lotus pour la peau<\/b><\/h3>\n<p><span style=\"font-weight: 400;\">Depuis longtemps, l&rsquo;huile de lotus a \u00e9t\u00e9 utilis\u00e9e comme additif aux produits nourrissants pour la peau, sa fonction de lissage de la peau et de r\u00e9duction des rides est souvent utilis\u00e9e dans la production de cr\u00e8mes anti-\u00e2ge. Cette huile \u00e9tant tr\u00e8s efficace contre les irritations cutan\u00e9es et les rougeurs, elle sert \u00e9galement de compl\u00e9ment aux lotions apr\u00e8s-soleil.<\/span><\/p>\n<h3><b>Parfum sacr\u00e9 de l\u2019huile de Lotus<\/b><\/h3>\n<p><span style=\"font-weight: 400;\">D\u00e9riv\u00e9 de la fleur de lotus \u00e9gyptienne blanche, l\u2019huile b\u00e9n\u00e9ficie d\u2019un parfum doux et floral de miel avec une pointe d&rsquo;\u00e9pices.<\/span><\/p>\n","protected":false},"excerpt":{"rendered":"<h2><b>L\u2019huile de lotus<\/b><\/h2>\n<p><b>Nom botanique:<\/b><span style=\"font-weight: 400;\"> Nelumbo nucifera|<br \/>\n<\/span><b>Famille: <\/b><span style=\"font-weight: 400;\">Nelumbonaceae<br \/>\n<\/span><b>M\u00e9thode de production:<\/b><span style=\"font-weight: 400;\"> Distillation \u00e0 la vapeur<br \/>\n<\/span><b>Partie utilis\u00e9e:<\/b><span style=\"font-weight: 400;\"> Fleurs<br \/>\n<\/span><b>Ingr\u00e9dients:<\/b><span style=\"font-weight: 400;\"> Huile aromatique pure<br \/>\n<\/span><b>Marque:<\/b><span style=\"font-weight: 400;\"> Nefertiti pour les huiles et herbes naturelles<br \/>\n<\/span><b>Pays d\u2019origine:<\/b><span style=\"font-weight: 400;\"> moyen-Orient<br \/>\n<\/span><b>Livraison:<\/b><span style=\"font-weight: 400;\"> calcul\u00e9e \u00e0 la caisse<\/span><\/p>\n","protected":false},"featured_media":275483,"comment_status":"open","ping_status":"closed","template":"","meta":[],"product_brand":[],"product_cat":[509],"product_tag":[],"class_list":{"0":"post-68677","1":"product","2":"type-product","3":"status-publish","4":"has-post-thumbnail","6":"product_cat-aroma-oils-fr","7":"pa_bottle-size-125-ml-fr-2","8":"pa_bottle-size-250-ml-fr","9":"pa_bottle-size-50-ml","11":"first","12":"instock","13":"sale","14":"shipping-taxable","15":"purchasable","16":"product-type-variable"},"_links":{"self":[{"href":"https:\/\/nefertiti-eg.com\/fr\/wp-json\/wp\/v2\/product\/68677","targetHints":{"allow":["GET"]}}],"collection":[{"href":"https:\/\/nefertiti-eg.com\/fr\/wp-json\/wp\/v2\/product"}],"about":[{"href":"https:\/\/nefertiti-eg.com\/fr\/wp-json\/wp\/v2\/types\/product"}],"replies":[{"embeddable":true,"href":"https:\/\/nefertiti-eg.com\/fr\/wp-json\/wp\/v2\/comments?post=68677"}],"wp:featuredmedia":[{"embeddable":true,"href":"https:\/\/nefertiti-eg.com\/fr\/wp-json\/wp\/v2\/media\/275483"}],"wp:attachment":[{"href":"https:\/\/nefertiti-eg.com\/fr\/wp-json\/wp\/v2\/media?parent=68677"}],"wp:term":[{"taxonomy":"product_brand","embeddable":true,"href":"https:\/\/nefertiti-eg.com\/fr\/wp-json\/wp\/v2\/product_brand?post=68677"},{"taxonomy":"product_cat","embeddable":true,"href":"https:\/\/nefertiti-eg.com\/fr\/wp-json\/wp\/v2\/product_cat?post=68677"},{"taxonomy":"product_tag","embeddable":true,"href":"https:\/\/nefertiti-eg.com\/fr\/wp-json\/wp\/v2\/product_tag?post=68677"}],"curies":[{"name":"wp","href":"https:\/\/api.w.org\/{rel}","templated":true}]}}