{"id":68693,"date":"2020-08-13T12:55:22","date_gmt":"2020-08-13T10:55:22","guid":{"rendered":"https:\/\/nefertiti-eg.com\/shop\/non%20class\u00e9\/mimosa-oil\/"},"modified":"2021-07-05T12:39:25","modified_gmt":"2021-07-05T10:39:25","slug":"mimosa-oil","status":"publish","type":"product","link":"https:\/\/nefertiti-eg.com\/fr\/shop\/aroma-oils-fr\/mimosa-oil\/","title":{"rendered":"L&rsquo;huile de mimosa"},"content":{"rendered":"<h3><strong>Caract\u00e9ristiques de l&rsquo;huile de mimosa<\/strong><\/h3>\n<p><span style=\"font-weight: 400;\">L&rsquo;huile de mimosa est obtenue par extraction des fleurs et des branches de mimosa. Son odeur est intense, sucr\u00e9e, florale, avec des notes bois\u00e9es.<\/span><\/p>\n<h3><b>L&rsquo;huile de mimosa pour la peau et les cheveux<\/b><\/h3>\n<p><span style=\"font-weight: 400;\">En cosm\u00e9tologie, l&rsquo;huile est utilis\u00e9e pour soigner les peaux sensibles et grasses. Dans le cadre des anti-\u00e2ge et des cr\u00e8mes, Elle stimule la r\u00e9g\u00e9n\u00e9ration cellulaire, \u00e9limine les rides et normalise les glandes s\u00e9bac\u00e9es. Lorsque l&rsquo;huile de mimosa est ajout\u00e9e aux shampooings, les cheveux deviennent plus forts, plus brillants et pr\u00e9viennent la chute pr\u00e9matur\u00e9e des cheveux.<\/span><\/p>\n<h3><b>Avantages de l&rsquo;huile de mimosa\u00a0<\/b><\/h3>\n<p><span style=\"font-weight: 400;\">L&rsquo;huile de mimosa est un puissant immuno-modulateur naturel. Elle augmente les d\u00e9fenses du corps, am\u00e9liore le processus de s\u00e9cr\u00e9tion des enzymes digestives, am\u00e9liore la motilit\u00e9 intestinale. Bon chol\u00e9r\u00e9tique, le mimosa aide \u00e0 soulager les maux de t\u00eate et les douleurs musculaires. L&rsquo;huile de mimosa combat efficacement le syndrome de la douleur, am\u00e9liore le bien-\u00eatre.\u00a0<\/span><\/p>\n<h3><b>L&rsquo;huile de mimosa en aromath\u00e9rapie<\/b><\/h3>\n<p><span style=\"font-weight: 400;\">Cette huile est utilis\u00e9e pour la relaxation. Elle r\u00e9duit les effets n\u00e9gatifs du stress, \u00e9limine la fatigue et normalise le sommeil. C&rsquo;est un excellent antid\u00e9presseur naturel qui soulage l&rsquo;anxi\u00e9t\u00e9 et aide \u00e0 faire face au surmenage. Utilisez l&rsquo;huile de mimosa en ajoutant quelques gouttes d&rsquo;huile au bain pour se calmer et harmoniser votre \u00e9tat int\u00e9rieur. Le petit mimosa est un aphrodisiaque. L&rsquo;ar\u00f4me de l&rsquo;huile \u00e9limine la frigidit\u00e9 et facilite \u00e9galement l&rsquo;\u00e9volution du syndrome pr\u00e9menstruel et de la m\u00e9nopause. L&rsquo;utilisation d&rsquo;huile de mimosa \u00e0 la maison a un effet positif sur les personnes \u00e9go\u00efstes, les adoucit, les rend plus r\u00e9ceptives aux sentiments des autres. Pour une personne introvertie, l&rsquo;odeur du mimosa est une aide pr\u00e9cieuse pour se connecter \u00e0 la communication avec d&rsquo;autres personnes.<\/span><\/p>\n","protected":false},"excerpt":{"rendered":"<h2><b>L&rsquo;huile de mimosa<\/b><\/h2>\n<p><b>Nom botanique: <\/b><span style=\"font-weight: 400;\">Mimosa Pudica<br \/>\n<\/span><b>Famille:<\/b><span style=\"font-weight: 400;\"> Fabaceae<br \/>\n<\/span><b>M\u00e9thode de production:<\/b><span style=\"font-weight: 400;\"> Distillation \u00e0 la vapeur<br \/>\n<\/span><b>Partie utilis\u00e9e:<\/b><span style=\"font-weight: 400;\"> Branches &amp; Fleurs<br \/>\n<\/span><b>Ingr\u00e9dients:<\/b><span style=\"font-weight: 400;\"> Huile aromatique pure<br \/>\n<\/span><b>Marque:<\/b><span style=\"font-weight: 400;\"> Nefertiti pour les huiles et herbes naturelles<br \/>\n<\/span><b>Pays d\u2019origine:<\/b><span style=\"font-weight: 400;\"> moyen-Orient<br \/>\n<\/span><b>Livraison:<\/b><span style=\"font-weight: 400;\"> calcul\u00e9e \u00e0 la caisse<\/span><\/p>\n","protected":false},"featured_media":275501,"comment_status":"open","ping_status":"closed","template":"","meta":[],"product_brand":[],"product_cat":[509],"product_tag":[],"class_list":{"0":"post-68693","1":"product","2":"type-product","3":"status-publish","4":"has-post-thumbnail","6":"product_cat-aroma-oils-fr","7":"pa_bottle-size-125-ml-fr-2","8":"pa_bottle-size-250-ml-fr","9":"pa_bottle-size-50-ml","11":"first","12":"outofstock","13":"shipping-taxable","14":"purchasable","15":"product-type-variable"},"_links":{"self":[{"href":"https:\/\/nefertiti-eg.com\/fr\/wp-json\/wp\/v2\/product\/68693","targetHints":{"allow":["GET"]}}],"collection":[{"href":"https:\/\/nefertiti-eg.com\/fr\/wp-json\/wp\/v2\/product"}],"about":[{"href":"https:\/\/nefertiti-eg.com\/fr\/wp-json\/wp\/v2\/types\/product"}],"replies":[{"embeddable":true,"href":"https:\/\/nefertiti-eg.com\/fr\/wp-json\/wp\/v2\/comments?post=68693"}],"wp:featuredmedia":[{"embeddable":true,"href":"https:\/\/nefertiti-eg.com\/fr\/wp-json\/wp\/v2\/media\/275501"}],"wp:attachment":[{"href":"https:\/\/nefertiti-eg.com\/fr\/wp-json\/wp\/v2\/media?parent=68693"}],"wp:term":[{"taxonomy":"product_brand","embeddable":true,"href":"https:\/\/nefertiti-eg.com\/fr\/wp-json\/wp\/v2\/product_brand?post=68693"},{"taxonomy":"product_cat","embeddable":true,"href":"https:\/\/nefertiti-eg.com\/fr\/wp-json\/wp\/v2\/product_cat?post=68693"},{"taxonomy":"product_tag","embeddable":true,"href":"https:\/\/nefertiti-eg.com\/fr\/wp-json\/wp\/v2\/product_tag?post=68693"}],"curies":[{"name":"wp","href":"https:\/\/api.w.org\/{rel}","templated":true}]}}