{"id":68705,"date":"2019-08-17T17:43:48","date_gmt":"2019-08-17T15:43:48","guid":{"rendered":"https:\/\/nefertiti-eg.com\/shop\/non%20class\u00e9\/myrhh\/"},"modified":"2026-05-01T05:12:10","modified_gmt":"2026-05-01T02:12:10","slug":"myrrh","status":"publish","type":"product","link":"https:\/\/nefertiti-eg.com\/fr\/shop\/aroma-oils-fr\/myrrh\/","title":{"rendered":"Huile de myrrhe"},"content":{"rendered":"<h3><b>La mythique huile de Myrrhe<\/b><\/h3>\n<p><span style=\"font-weight: 400;\">La myrrhe est cultiv\u00e9e dans les r\u00e9gions orientales de l&rsquo;Afrique. L&rsquo;huile de myrrhe est obtenue par distillation \u00e0 la vapeur \u00e0 partir de la r\u00e9sine de myrrhe. La r\u00e9sine est obtenue en taillant l&rsquo;\u00e9corce de l\u2019 arbre. L&rsquo;huile de myrrhe a la capacit\u00e9 de prot\u00e9ger contre les infections fongiques, c&rsquo;est pourquoi les anciens Egyptiens l&rsquo;utilisaient pour l&#8217;embaumement.<\/span><\/p>\n<h3><b>L&rsquo;huile de myrrhe comme rem\u00e8de\u00a0<\/b><\/h3>\n<p><span style=\"font-weight: 400;\">L&rsquo;huile de myrrhe est un bon rem\u00e8de cicatrisant. Ses propri\u00e9t\u00e9s antiseptiques et anti-inflammatoires prot\u00e8gent contre les infections cutan\u00e9es. L&rsquo;huile de myrrhe agit comme un bouclier antiseptique contre les bact\u00e9ries. En cons\u00e9quence, elle est utilis\u00e9e contre l&rsquo;ecz\u00e9ma, offrant un processus de gu\u00e9rison plus rapide. Elle r\u00e9duit l\u2019inflammation et soulage la douleur des ecchymoses et des entorses. L&rsquo;huile de myrrhe \u00e9tait consid\u00e9r\u00e9e comme l&rsquo;un des analg\u00e9siques naturels les plus puissants avant la d\u00e9couverte de l&rsquo;opium. Son effet antibact\u00e9rien aide m\u00eame en cas de fi\u00e8vre.<\/span><\/p>\n<h3><b>L&rsquo;huile de myrrhe en aromath\u00e9rapie<\/b><\/h3>\n<p><span style=\"font-weight: 400;\">L&rsquo;utilisation d&rsquo;huile de myrrhe dans une lampe aromatique permet de renforcer le syst\u00e8me immunitaire. Son ar\u00f4me r\u00e9duit le stress. C&rsquo;est une excellente huile pour soulager les tensions \u00e9motionnelles.<\/span><\/p>\n<h3><b>L\u2019huile de myrrhe pour la parfumerie<\/b><\/h3>\n<p><span style=\"font-weight: 400;\">Son parfum ambr\u00e9 chaud est une note de fond populaire pour l&rsquo;industrie de la parfumerie.<\/span><\/p>\n<h3><b>L\u2019huile de myrrhe et les cosm\u00e9tiques<\/b><\/h3>\n<p><span style=\"font-weight: 400;\">En raison de ses propri\u00e9t\u00e9s anti-\u00e2ge et raffermissantes, l&rsquo;huile de myrrhe est une huile populaire dans les produits anti-\u00e2ge pour l&rsquo;industrie cosm\u00e9tique. En tant qu&rsquo;anti oxydant efficace, l&rsquo;huile de myrrhe prot\u00e8ge contre les effets n\u00e9fastes de l&rsquo;environnement. Prot\u00e8ge contre les rayons ultraviolets, donc en ajoutant quelques gouttes d&rsquo;huile \u00e0 votre cr\u00e8me de jour, elle agit comme un \u00e9cran solaire.<\/span><\/p>\n<h3><b>L\u2019huile de myrrhe pour l&rsquo;hygi\u00e8ne buccale<\/b><\/h3>\n<p><span style=\"font-weight: 400;\">Lorsqu&rsquo;elle est utilis\u00e9e r\u00e9guli\u00e8rement comme bain de bouche, l&rsquo;huile de myrrhe aide \u00e0 prot\u00e9ger la bouche gr\u00e2ce \u00e0 ses propri\u00e9t\u00e9s antiseptiques b\u00e9n\u00e9fiques contre la gingivite. C&rsquo;est aussi le rem\u00e8de parfait contre la mauvaise haleine.<\/span><\/p>\n","protected":false},"excerpt":{"rendered":"<h2><b>Huile de myrrhe<\/b><\/h2>\n<p><b>Nom botanique:<\/b><span style=\"font-weight: 400;\"> Commiphora myrrha m.<br \/>\n<\/span><b>Famille:<\/b><span style=\"font-weight: 400;\"> Burseraceae<br \/>\n<\/span><b>M\u00e9thode de production:<\/b><span style=\"font-weight: 400;\"> Distillation \u00e0 la vapeur<br \/>\n<\/span><b>Partie utilis\u00e9e: <\/b><span style=\"font-weight: 400;\">R\u00e9sine<br \/>\n<\/span><b>Ingr\u00e9dients: <\/b><span style=\"font-weight: 400;\">Huile aromatique pure<br \/>\n<\/span><b>Marque: <\/b><span style=\"font-weight: 400;\">Nefertiti pour les huiles et herbes naturelles<br \/>\n<\/span><b>Pays d\u2019origine: <\/b><span style=\"font-weight: 400;\">moyen-Orient<br \/>\n<\/span><b>Livraison: <\/b><span style=\"font-weight: 400;\">calcul\u00e9e \u00e0 la caisse<\/span><\/p>\n","protected":false},"featured_media":275518,"comment_status":"open","ping_status":"closed","template":"","meta":[],"product_brand":[],"product_cat":[509],"product_tag":[],"class_list":{"0":"post-68705","1":"product","2":"type-product","3":"status-publish","4":"has-post-thumbnail","6":"product_cat-aroma-oils-fr","7":"pa_bottle-size-125-ml-fr-2","8":"pa_bottle-size-250-ml-fr","9":"pa_bottle-size-50-ml","11":"first","12":"instock","13":"shipping-taxable","14":"purchasable","15":"product-type-variable"},"_links":{"self":[{"href":"https:\/\/nefertiti-eg.com\/fr\/wp-json\/wp\/v2\/product\/68705","targetHints":{"allow":["GET"]}}],"collection":[{"href":"https:\/\/nefertiti-eg.com\/fr\/wp-json\/wp\/v2\/product"}],"about":[{"href":"https:\/\/nefertiti-eg.com\/fr\/wp-json\/wp\/v2\/types\/product"}],"replies":[{"embeddable":true,"href":"https:\/\/nefertiti-eg.com\/fr\/wp-json\/wp\/v2\/comments?post=68705"}],"wp:featuredmedia":[{"embeddable":true,"href":"https:\/\/nefertiti-eg.com\/fr\/wp-json\/wp\/v2\/media\/275518"}],"wp:attachment":[{"href":"https:\/\/nefertiti-eg.com\/fr\/wp-json\/wp\/v2\/media?parent=68705"}],"wp:term":[{"taxonomy":"product_brand","embeddable":true,"href":"https:\/\/nefertiti-eg.com\/fr\/wp-json\/wp\/v2\/product_brand?post=68705"},{"taxonomy":"product_cat","embeddable":true,"href":"https:\/\/nefertiti-eg.com\/fr\/wp-json\/wp\/v2\/product_cat?post=68705"},{"taxonomy":"product_tag","embeddable":true,"href":"https:\/\/nefertiti-eg.com\/fr\/wp-json\/wp\/v2\/product_tag?post=68705"}],"curies":[{"name":"wp","href":"https:\/\/api.w.org\/{rel}","templated":true}]}}