{"id":68853,"date":"2015-07-24T18:16:21","date_gmt":"2015-07-24T16:16:21","guid":{"rendered":"https:\/\/nefertiti-eg.com\/shop\/non%20class\u00e9\/mint-oil\/"},"modified":"2026-05-07T05:24:46","modified_gmt":"2026-05-07T02:24:46","slug":"peppermint-oil","status":"publish","type":"product","link":"https:\/\/nefertiti-eg.com\/fr\/shop\/aroma-oils-fr\/peppermint-oil\/","title":{"rendered":"Huile de menthe poivr\u00e9e"},"content":{"rendered":"<h3><b>Huile de menthe poivr\u00e9e<\/b><\/h3>\n<p><span style=\"font-weight: 400;\">L&rsquo;huile de menthe poivr\u00e9e est extraite de la menthe dite agricole. Sa teneur \u00e9lev\u00e9e en menthol doit \u00eatre diminu\u00e9e pour \u00eatre utilis\u00e9e. Le menthol est s\u00e9par\u00e9 par filtration apr\u00e8s cristallisation. L&rsquo;huile r\u00e9sultante convient \u00e0 des fins de gu\u00e9rison ainsi qu&rsquo;\u00e0 la production de cosm\u00e9tiques. M\u00eame les anciens \u00c9gyptiens connaissaient l&rsquo;effet de cette incroyable huile essentielle.<\/span><\/p>\n<h3><b>Huile de menthe poivr\u00e9e en naturopathie<\/b><\/h3>\n<p><span style=\"font-weight: 400;\">Ses effets analg\u00e9siques et anesth\u00e9siques sont utilis\u00e9s dans le traitement de la douleur, ainsi que pour l&rsquo;anesth\u00e9sie locale. Sa propri\u00e9t\u00e9 rafra\u00eechissante (la temp\u00e9rature corporelle n&rsquo;est pas affect\u00e9e) est la bienvenue apr\u00e8s les piq\u00fbres d&rsquo;insectes. L&rsquo;huile de menthe poivr\u00e9e a un effet relaxant. Appliqu\u00e9e du bout des doigts sur les tempes, elle calme les migraines. L&rsquo;huile de menthe poivr\u00e9e est utilis\u00e9e par les athl\u00e8tes comme les skieurs ou les randonneurs pour augmenter leurs r\u00e9sistance et b\u00e9n\u00e9ficier de ses propri\u00e9t\u00e9s antiseptiques, antimycosiques, antivirales et anti-inflammatoires qui font de la menthe poivr\u00e9e, une huile pr\u00e9cieuse. Son parfum est \u00e9galement recommand\u00e9 pour les personnes souffrant de mal des transports.<\/span><\/p>\n<h3><b>Huile de menthe poivr\u00e9e en aromath\u00e9rapie<\/b><\/h3>\n<p><span style=\"font-weight: 400;\">L&rsquo;utilisation d&rsquo;huile de menthe poivr\u00e9e par lampe aromatique ou diffuseur aide \u00e0 lutter contre le rhume. Ses ingr\u00e9dients lib\u00e8rent la toux coinc\u00e9e et d\u00e9barrassent les voies respiratoires sup\u00e9rieures. L&rsquo;huile de menthe poivr\u00e9e est \u00e9galement une huile populaire dans le sauna.<\/span><\/p>\n<h3><b>Huile de menthe poivr\u00e9e en th\u00e9rapie manuelle<\/b><\/h3>\n<p><span style=\"font-weight: 400;\">Les th\u00e9rapeutes manuels utilisent les effets relaxants de l&rsquo;huile pour traiter la tension musculaire. Quelques gouttes dans une huile de support forment une excellente huile de massage.\u00a0<\/span><\/p>\n","protected":false},"excerpt":{"rendered":"<h2><b>Huile de menthe poivr\u00e9e<\/b><\/h2>\n<p><b>Nom botanique:<\/b><span style=\"font-weight: 400;\"> Mentha piperita<br \/>\n<\/span><b>Famille: <\/b><span style=\"font-weight: 400;\">Lamiac\u00e9es<br \/>\n<\/span><b>M\u00e9thode de production:<\/b><span style=\"font-weight: 400;\"> Distillation \u00e0 la vapeur<br \/>\n<\/span><b>Partie utilis\u00e9e:<\/b><span style=\"font-weight: 400;\"> Feuilles<br \/>\n<\/span><b>Ingr\u00e9dients:<\/b><span style=\"font-weight: 400;\"> Huile aromatique pure<br \/>\n<\/span><b>Marque:<\/b><span style=\"font-weight: 400;\"> Nefertiti pour les huiles et herbes naturelles<br \/>\n<\/span><b>Pays d\u2019origine: <\/b><span style=\"font-weight: 400;\">moyen-Orient<br \/>\n<\/span><b>Livraison:<\/b><span style=\"font-weight: 400;\"> calcul\u00e9e \u00e0 la caisse<\/span><\/p>\n","protected":false},"featured_media":275578,"comment_status":"open","ping_status":"closed","template":"","meta":[],"product_brand":[],"product_cat":[509],"product_tag":[],"class_list":{"0":"post-68853","1":"product","2":"type-product","3":"status-publish","4":"has-post-thumbnail","6":"product_cat-aroma-oils-fr","7":"pa_bottle-size-125-ml-fr-2","8":"pa_bottle-size-250-ml-fr","9":"pa_bottle-size-50-ml","11":"first","12":"instock","13":"sale","14":"shipping-taxable","15":"purchasable","16":"product-type-variable"},"_links":{"self":[{"href":"https:\/\/nefertiti-eg.com\/fr\/wp-json\/wp\/v2\/product\/68853","targetHints":{"allow":["GET"]}}],"collection":[{"href":"https:\/\/nefertiti-eg.com\/fr\/wp-json\/wp\/v2\/product"}],"about":[{"href":"https:\/\/nefertiti-eg.com\/fr\/wp-json\/wp\/v2\/types\/product"}],"replies":[{"embeddable":true,"href":"https:\/\/nefertiti-eg.com\/fr\/wp-json\/wp\/v2\/comments?post=68853"}],"wp:featuredmedia":[{"embeddable":true,"href":"https:\/\/nefertiti-eg.com\/fr\/wp-json\/wp\/v2\/media\/275578"}],"wp:attachment":[{"href":"https:\/\/nefertiti-eg.com\/fr\/wp-json\/wp\/v2\/media?parent=68853"}],"wp:term":[{"taxonomy":"product_brand","embeddable":true,"href":"https:\/\/nefertiti-eg.com\/fr\/wp-json\/wp\/v2\/product_brand?post=68853"},{"taxonomy":"product_cat","embeddable":true,"href":"https:\/\/nefertiti-eg.com\/fr\/wp-json\/wp\/v2\/product_cat?post=68853"},{"taxonomy":"product_tag","embeddable":true,"href":"https:\/\/nefertiti-eg.com\/fr\/wp-json\/wp\/v2\/product_tag?post=68853"}],"curies":[{"name":"wp","href":"https:\/\/api.w.org\/{rel}","templated":true}]}}