{"id":68977,"date":"2019-08-23T19:36:27","date_gmt":"2019-08-23T17:36:27","guid":{"rendered":"https:\/\/nefertiti-eg.com\/shop\/non%20class\u00e9\/violet-oil\/"},"modified":"2021-07-27T16:17:06","modified_gmt":"2021-07-27T14:17:06","slug":"violet-oil","status":"publish","type":"product","link":"https:\/\/nefertiti-eg.com\/fr\/shop\/aroma-oils-fr\/violet-oil\/","title":{"rendered":"Huiles de violette"},"content":{"rendered":"<h3><b>L\u2019huile de violette\u00a0<\/b><\/h3>\n<p><span style=\"font-weight: 400;\">La violette est originaire de la M\u00e9diterran\u00e9e, mais on la trouve aujourd&rsquo;hui dans toute l&rsquo;Europe. Depuis l&rsquo;antiquit\u00e9, ses ingr\u00e9dients actifs sont connus comme un aphrodisiaque populaire, car ils stimulent la production de ph\u00e9romones.<\/span><\/p>\n<h3><b>L&rsquo;huile de violette en m\u00e9decine<\/b><\/h3>\n<p><span style=\"font-weight: 400;\">Son effet antiseptique aide \u00e0 acc\u00e9l\u00e9rer le processus de gu\u00e9rison en cas de maladies de la peau. Cependant, l&rsquo;utilisation doit toujours \u00eatre effectu\u00e9e avec une huile de base. Cela vaut \u00e9galement pour le traitement des pieds des athl\u00e8tes. Encore une fois, une huile de violette doit \u00eatre utilis\u00e9e r\u00e9guli\u00e8rement afin que la fonction fongicide conduise \u00e0 une r\u00e9solution rapide de la maladie. Pour la dermatite, utilisez de l&rsquo;huile de violette comme compresse. De plus, il peut combattre les sympt\u00f4mes des oreillons et de la fi\u00e8vre.<\/span><\/p>\n<h3><b>L&rsquo;huile de violette en aromath\u00e9rapie<\/b><\/h3>\n<p><span style=\"font-weight: 400;\">L\u2019<\/span><span style=\"font-weight: 400;\">huile de violette est utilis\u00e9e dans un diffuseur pour obtenir un effet expectorant sur la bronchite et la coqueluche. Son ar\u00f4me, diffus\u00e9 par une lampe aromatique, supprime les blocages internes, am\u00e9liore l&rsquo;humeur en cas de d\u00e9pression, stimule la lib\u00e9ration d&rsquo;endorphines et poss\u00e8de des propri\u00e9t\u00e9s aphrodisiaques. Elle soulage \u00e9galement le stress \u00e9motionnel et aide \u00e0 att\u00e9nuer les troubles du sommeil.<\/span><\/p>\n<h3><b>L&rsquo;huile de violette dans les cosm\u00e9tiques<\/b><\/h3>\n<p><span style=\"font-weight: 400;\">L\u2019<\/span><span style=\"font-weight: 400;\">huile de violette est consid\u00e9r\u00e9e comme un ajout populaire aux cr\u00e8mes et lotions pour le corps. En tant qu&rsquo;additif pour le bain, elle sert \u00e0 la relaxation. Elle aide \u00e0 lutter contre le stress et l&rsquo;anxi\u00e9t\u00e9 int\u00e9rieure et soulage les sympt\u00f4mes du rhume.<\/span><\/p>\n<h3><b>Huile de violette en th\u00e9rapie manuelle<\/b><\/h3>\n<p><span style=\"font-weight: 400;\">L\u2019huile de violette est une huile populaire qui peut \u00eatre ajout\u00e9e \u00e0 une base de massage. Des massages l\u00e9gers avec l&rsquo;huile obtenue aident \u00e0 soulager la fatigue et la l\u00e9thargie.<\/span><\/p>\n<h3><b>L\u2019huile de violette en parfumerie<\/b><\/h3>\n<p><span style=\"font-weight: 400;\">Sa note florale est appr\u00e9ci\u00e9 des femmes et est utilis\u00e9 dans divers parfums.<\/span><\/p>\n","protected":false},"excerpt":{"rendered":"<h2><b>Huiles de violette<\/b><\/h2>\n<p><b>Nom :<\/b><span style=\"font-weight: 400;\"> Viola odorata<br \/>\n<\/span><b>Famille: <\/b><span style=\"font-weight: 400;\">Viola Botaniques<br \/>\n<\/span><b>M\u00e9thode de production:<\/b><span style=\"font-weight: 400;\"> distillation \u00e0 la vapeur<br \/>\n<\/span><b>Partie utilis\u00e9e:<\/b><span style=\"font-weight: 400;\"> Fleurs &amp; Racines<br \/>\n<\/span><b>Ingr\u00e9dients:<\/b><span style=\"font-weight: 400;\"> huile aromatique pure<br \/>\n<\/span><b>Marque: <\/b><span style=\"font-weight: 400;\">Nefertiti pour les huiles et herbes naturelles<br \/>\n<\/span><b>Pays d&rsquo;origine:<\/b><span style=\"font-weight: 400;\"> Moyen-Orient<br \/>\n<\/span><b>Livraison:<\/b><span style=\"font-weight: 400;\"> calcul\u00e9e \u00e0 la caisse<\/span><\/p>\n","protected":false},"featured_media":275654,"comment_status":"open","ping_status":"closed","template":"","meta":[],"product_brand":[],"product_cat":[509],"product_tag":[],"class_list":{"0":"post-68977","1":"product","2":"type-product","3":"status-publish","4":"has-post-thumbnail","6":"product_cat-aroma-oils-fr","7":"pa_bottle-size-125-ml-fr-2","8":"pa_bottle-size-250-ml-fr","9":"pa_bottle-size-50-ml","11":"first","12":"instock","13":"sale","14":"shipping-taxable","15":"purchasable","16":"product-type-variable"},"_links":{"self":[{"href":"https:\/\/nefertiti-eg.com\/fr\/wp-json\/wp\/v2\/product\/68977","targetHints":{"allow":["GET"]}}],"collection":[{"href":"https:\/\/nefertiti-eg.com\/fr\/wp-json\/wp\/v2\/product"}],"about":[{"href":"https:\/\/nefertiti-eg.com\/fr\/wp-json\/wp\/v2\/types\/product"}],"replies":[{"embeddable":true,"href":"https:\/\/nefertiti-eg.com\/fr\/wp-json\/wp\/v2\/comments?post=68977"}],"wp:featuredmedia":[{"embeddable":true,"href":"https:\/\/nefertiti-eg.com\/fr\/wp-json\/wp\/v2\/media\/275654"}],"wp:attachment":[{"href":"https:\/\/nefertiti-eg.com\/fr\/wp-json\/wp\/v2\/media?parent=68977"}],"wp:term":[{"taxonomy":"product_brand","embeddable":true,"href":"https:\/\/nefertiti-eg.com\/fr\/wp-json\/wp\/v2\/product_brand?post=68977"},{"taxonomy":"product_cat","embeddable":true,"href":"https:\/\/nefertiti-eg.com\/fr\/wp-json\/wp\/v2\/product_cat?post=68977"},{"taxonomy":"product_tag","embeddable":true,"href":"https:\/\/nefertiti-eg.com\/fr\/wp-json\/wp\/v2\/product_tag?post=68977"}],"curies":[{"name":"wp","href":"https:\/\/api.w.org\/{rel}","templated":true}]}}