{"id":68990,"date":"2019-08-23T19:11:45","date_gmt":"2019-08-23T17:11:45","guid":{"rendered":"https:\/\/nefertiti-eg.com\/shop\/non%20class\u00e9\/vanilla-oil\/"},"modified":"2026-05-01T05:12:10","modified_gmt":"2026-05-01T02:12:10","slug":"vanilla-oil","status":"publish","type":"product","link":"https:\/\/nefertiti-eg.com\/fr\/shop\/aroma-oils-fr\/vanilla-oil\/","title":{"rendered":"Huile de vanille"},"content":{"rendered":"<h3><b>L&rsquo;huile de vanille<\/b><\/h3>\n<p><span style=\"font-weight: 400;\">L&rsquo;huile de vanille est extraite de la gousse de vanille (Vanilla planifolia).<\/span><\/p>\n<p><span style=\"font-weight: 400;\">\u00c0 une certaine \u00e9poque, la vanille arrivait aux \u00c9tats-Unis en provenance de Madagascar, d&rsquo;Am\u00e9rique latine et de la R\u00e9union, dont l&rsquo;ancien nom \u00e9tait Bourbon. D&rsquo;o\u00f9 le nom de Vanille Bourbon.<\/span><\/p>\n<h3><b>L&rsquo;huile de vanille en m\u00e9decine<\/b><\/h3>\n<p><span style=\"font-weight: 400;\">L\u2019huile de vanille a un effet relaxant et calmant, aide \u00e0 am\u00e9liorer l&rsquo;humeur et stimule la concentration. L&rsquo;inhalation d&rsquo;huile de vanille stimule la production de l&rsquo;hormone du bonheur (s\u00e9rotonine) dans le cerveau. L&rsquo;huile de vanille est fongicide et anti-inflammatoire. Il a \u00e9galement des effets antifongiques, antibact\u00e9riens et analg\u00e9siques. Son action fongicide aide dans le traitement de la mycose des ongles. La recherche a montr\u00e9 que l&rsquo;huile de vanille contient des antioxydants qui prot\u00e8gent contre les mutations de l&rsquo;ADN.<\/span><\/p>\n<h3><b>L&rsquo;huile de vanille en aromath\u00e9rapie<\/b><\/h3>\n<p><span style=\"font-weight: 400;\">L&rsquo;ar\u00f4me de cette huile essentielle dans la lampe aromatique r\u00e9duit le stress et l&rsquo;anxi\u00e9t\u00e9. C&rsquo;est un antid\u00e9presseur et en m\u00eame temps un pathog\u00e8ne. De plus, l&rsquo;huile essentielle de vanille peut \u00eatre m\u00e9lang\u00e9e avec d&rsquo;autres huiles populaires pour des parfums int\u00e9ressants. Vous pouvez \u00e9galement souvent trouver un parfum d&rsquo;huile de vanille dans les bougies parfum\u00e9es.<\/span><\/p>\n<h3><b>Huile de vanille dans les cosm\u00e9tiques<\/b><\/h3>\n<p><span style=\"font-weight: 400;\">Ar\u00f4me agr\u00e9able et doux d&rsquo;huile de vanille, utilis\u00e9e dans l&rsquo;industrie cosm\u00e9tique pour la production de cr\u00e8mes, de lotions et d\u2019additifs pour le bain. En raison de son action fongicide, l&rsquo;huile de vanille est utilis\u00e9e dans la fabrication de pommades pour les pieds. L&rsquo;effet antiseptique de l&rsquo;huile aidera \u00e0 se d\u00e9barrasser rapidement de l&rsquo;acn\u00e9. Pour ce faire, ajoutez quelques gouttes d&rsquo;huile de vanille \u00e0 vos cr\u00e8mes pour le visage habituelles.<\/span><\/p>\n<h3><b>L&rsquo;huile de vanille pour la parfumerie\u00a0<\/b><\/h3>\n<p><span style=\"font-weight: 400;\">L&rsquo;industrie de la parfumerie utilise la vanille comme note de fond dans la composition de nombreux parfums de designers.<\/span><\/p>\n<h3><b>L\u2019huile de vanille en th\u00e9rapie manuelle<\/b><\/h3>\n<p><span style=\"font-weight: 400;\">5 \u00e0 10 ml d&rsquo;huile de vanille suffisent pour 90 \u00e0 95 ml d&rsquo;huile de base pour cr\u00e9er l&rsquo;huile de massage parfaite. Elle peut \u00e9galement \u00eatre utilis\u00e9e comme additif pour le bain.<\/span><\/p>\n","protected":false},"excerpt":{"rendered":"<h2><strong>Huile de vanille<\/strong><\/h2>\n<p><strong>Nom botanique:<\/strong> Vanilla planifolia<br \/>\n<strong>Famille:<\/strong> Orchidac\u00e9es<br \/>\n<strong>M\u00e9thode de production:<\/strong> Distillation \u00e0 la vapeur<br \/>\n<strong>Partie utilis\u00e9e:<\/strong> Gousse<br \/>\n<strong>Ingr\u00e9dients:<\/strong> Huile aromatique pure<br \/>\n<strong>Marque:<\/strong> Nefertiti pour les huiles et herbes naturelles<br \/>\n<strong>Pays d\u2019origine:<\/strong> moyen-Orient<br \/>\n<strong>Livraison:<\/strong> calcul\u00e9e \u00e0 la caisse<\/p>\n","protected":false},"featured_media":275679,"comment_status":"open","ping_status":"closed","template":"","meta":[],"product_brand":[],"product_cat":[509],"product_tag":[],"class_list":{"0":"post-68990","1":"product","2":"type-product","3":"status-publish","4":"has-post-thumbnail","6":"product_cat-aroma-oils-fr","7":"pa_bottle-size-125-ml-fr-2","8":"pa_bottle-size-250-ml-fr","9":"pa_bottle-size-50-ml","11":"first","12":"instock","13":"shipping-taxable","14":"purchasable","15":"product-type-variable"},"_links":{"self":[{"href":"https:\/\/nefertiti-eg.com\/fr\/wp-json\/wp\/v2\/product\/68990","targetHints":{"allow":["GET"]}}],"collection":[{"href":"https:\/\/nefertiti-eg.com\/fr\/wp-json\/wp\/v2\/product"}],"about":[{"href":"https:\/\/nefertiti-eg.com\/fr\/wp-json\/wp\/v2\/types\/product"}],"replies":[{"embeddable":true,"href":"https:\/\/nefertiti-eg.com\/fr\/wp-json\/wp\/v2\/comments?post=68990"}],"wp:featuredmedia":[{"embeddable":true,"href":"https:\/\/nefertiti-eg.com\/fr\/wp-json\/wp\/v2\/media\/275679"}],"wp:attachment":[{"href":"https:\/\/nefertiti-eg.com\/fr\/wp-json\/wp\/v2\/media?parent=68990"}],"wp:term":[{"taxonomy":"product_brand","embeddable":true,"href":"https:\/\/nefertiti-eg.com\/fr\/wp-json\/wp\/v2\/product_brand?post=68990"},{"taxonomy":"product_cat","embeddable":true,"href":"https:\/\/nefertiti-eg.com\/fr\/wp-json\/wp\/v2\/product_cat?post=68990"},{"taxonomy":"product_tag","embeddable":true,"href":"https:\/\/nefertiti-eg.com\/fr\/wp-json\/wp\/v2\/product_tag?post=68990"}],"curies":[{"name":"wp","href":"https:\/\/api.w.org\/{rel}","templated":true}]}}