{"id":76128,"date":"2020-11-10T17:28:57","date_gmt":"2020-11-10T15:28:57","guid":{"rendered":"https:\/\/nefertiti-eg.com\/shop\/non%20class\u00e9\/honeymoon-kit\/"},"modified":"2022-05-26T16:48:13","modified_gmt":"2022-05-26T14:48:13","slug":"honeymoon-kit","status":"publish","type":"product","link":"https:\/\/nefertiti-eg.com\/fr\/shop\/oil-kits\/honeymoon-kit\/","title":{"rendered":"Kit Lune de Miel"},"content":{"rendered":"<p><span style=\"font-weight: 400;\">Succombez \u00e0 la <\/span><b>romance<\/b><span style=\"font-weight: 400;\">, <\/span><b>enivrez-vous<\/b><span style=\"font-weight: 400;\"> d&rsquo; odeurs sensuelles et titillez <\/span><b>vos sens<\/b><span style=\"font-weight: 400;\"> avec les parfums<\/span><span style=\"font-weight: 400;\"> de cette adorable collection d&rsquo;huiles, sp\u00e9cialement s\u00e9lectionn\u00e9es pour rendre vos premiers moments intimes m\u00e9morables. Ces huiles bannissent la nervosit\u00e9 et le doute de soi, vous permettant de vous d\u00e9tendre et de profiter de chaque moment de bonheur au d\u00e9but de votre nouvelle vie de couple.<\/span><\/p>\n<p><b>L&rsquo;huile de graine de rucola<\/b><span style=\"font-weight: 400;\"> peut garantir que ces moments sp\u00e9ciaux seront sans \u00abtrac\u00bb! Ce rem\u00e8de \u00e9tait utilis\u00e9 par les \u00c9gyptiens antiques pour prolonger la puissance masculine, dissiper la dysfonction \u00e9rectile et am\u00e9liorer les moments les plus intimes avec une sensibilit\u00e9 et une sensation \u00e9tendues.<\/span><\/p>\n<p><b>L&rsquo;huile de lavande<\/b><span style=\"font-weight: 400;\"> avec son ar\u00f4me doux, frais et r\u00e9confortant a un effet calmant et relaxant sur le corps et l&rsquo;esprit, dissipant efficacement l&rsquo;anxi\u00e9t\u00e9 et le stress. Il est r\u00e9put\u00e9 pour augmenter le flux sanguin chez les hommes, ajoutant \u00e0 l&rsquo;excitation. L&rsquo;huile de lavande est \u00e9galement parfaite comme huile de massage relaxante.<\/span><\/p>\n<p><b>Huile d&rsquo;Ylang Ylang<\/b><span style=\"font-weight: 400;\"> &#8211; le parfum le plus exotique et romantique! Cette huile est un v\u00e9ritable booster d&rsquo;humeur, capable d&rsquo;\u00e9liminer la d\u00e9pression et l&rsquo;anxi\u00e9t\u00e9. Laissez ce bel ar\u00f4me cr\u00e9er une ambiance de bonheur. Il est \u00e9galement connu pour \u00eatre un puissant aphrodisiaque, \u00e9nergisant, augmentant le d\u00e9sir et l&rsquo;attirance sexuels, et associ\u00e9 \u00e0 des sentiments d&rsquo;euphorie.<\/span><\/p>\n<p><b>L&rsquo;huile de muguet<\/b><span style=\"font-weight: 400;\"> a un parfum doux et subtil favorisant le calme, r\u00e9duisant l&rsquo;anxi\u00e9t\u00e9 et l&rsquo;agitation. Cette huile est \u00e9galement un puissant aphrodisiaque \u00e9l\u00e9vateur, elle enflamme le bonheur et la joie, tout en donnant un sentiment de s\u00e9curit\u00e9.<\/span><\/p>\n<p><b>L&rsquo;huile de jasmin<\/b><span style=\"font-weight: 400;\">, d\u00e9riv\u00e9e des belles fleurs blanches au parfum oriental, favorise l&rsquo;optimisme et la sensation de bien-\u00eatre, tout en ayant un effet merveilleusement apaisant et en procurant une sensation d&rsquo;harmonie. Longtemps associ\u00e9 aux amours, ce d\u00e9licieux parfum aide \u00e0 d\u00e9velopper l&rsquo;imagination et la cr\u00e9ativit\u00e9 tout en stimulant la confiance en soi.<\/span><\/p>\n","protected":false},"excerpt":{"rendered":"<p><strong>Kit Lune de Miel<\/strong><br \/>\n<strong>Huile de Rucola 200ml<\/strong><br \/>\n<strong>Huile de lavande 50 ml<\/strong><br \/>\n<strong>Huile d&rsquo;Ylang Ylang 50 ml<\/strong><br \/>\n<strong>Huile de Muguet 50 ml<\/strong><br \/>\n<strong>Huile de jasmin 50 ml<\/strong><\/p>\n","protected":false},"featured_media":288475,"comment_status":"open","ping_status":"closed","template":"","meta":[],"product_brand":[],"product_cat":[667],"product_tag":[],"class_list":{"0":"post-76128","1":"product","2":"type-product","3":"status-publish","4":"has-post-thumbnail","6":"product_cat-oil-kits","7":"product_shipping_class-free-shipping-fr","9":"first","10":"instock","11":"sale","12":"shipping-taxable","13":"purchasable","14":"product-type-simple"},"_links":{"self":[{"href":"https:\/\/nefertiti-eg.com\/fr\/wp-json\/wp\/v2\/product\/76128","targetHints":{"allow":["GET"]}}],"collection":[{"href":"https:\/\/nefertiti-eg.com\/fr\/wp-json\/wp\/v2\/product"}],"about":[{"href":"https:\/\/nefertiti-eg.com\/fr\/wp-json\/wp\/v2\/types\/product"}],"replies":[{"embeddable":true,"href":"https:\/\/nefertiti-eg.com\/fr\/wp-json\/wp\/v2\/comments?post=76128"}],"wp:featuredmedia":[{"embeddable":true,"href":"https:\/\/nefertiti-eg.com\/fr\/wp-json\/wp\/v2\/media\/288475"}],"wp:attachment":[{"href":"https:\/\/nefertiti-eg.com\/fr\/wp-json\/wp\/v2\/media?parent=76128"}],"wp:term":[{"taxonomy":"product_brand","embeddable":true,"href":"https:\/\/nefertiti-eg.com\/fr\/wp-json\/wp\/v2\/product_brand?post=76128"},{"taxonomy":"product_cat","embeddable":true,"href":"https:\/\/nefertiti-eg.com\/fr\/wp-json\/wp\/v2\/product_cat?post=76128"},{"taxonomy":"product_tag","embeddable":true,"href":"https:\/\/nefertiti-eg.com\/fr\/wp-json\/wp\/v2\/product_tag?post=76128"}],"curies":[{"name":"wp","href":"https:\/\/api.w.org\/{rel}","templated":true}]}}