{"id":76129,"date":"2020-11-10T17:11:31","date_gmt":"2020-11-10T15:11:31","guid":{"rendered":"https:\/\/nefertiti-eg.com\/shop\/non%20class\u00e9\/kit-parfums-floraux\/"},"modified":"2022-05-26T16:46:29","modified_gmt":"2022-05-26T14:46:29","slug":"floral-scents-kit","status":"publish","type":"product","link":"https:\/\/nefertiti-eg.com\/fr\/shop\/oil-kits\/floral-scents-kit\/","title":{"rendered":"Kit Parfums Floraux"},"content":{"rendered":"<p><span style=\"font-weight: 400;\">Ce kit contient une merveilleuse vari\u00e9t\u00e9 de parfums floraux. Il a \u00e9t\u00e9 sp\u00e9cialement s\u00e9lectionn\u00e9 pour favoriser votre sensation de bien-\u00eatre int\u00e9rieur. Quelle que soit votre humeur, abandonnez-vous \u00e0 ces d\u00e9lices parfum\u00e9s afin de vous redonner corps, esprit et \u00e2me.<\/span><\/p>\n<p><b>L&rsquo;huile de jasmin<\/b><span style=\"font-weight: 400;\">, provenant des belles fleurs blanches orientales et d\u00e9licatement parfum\u00e9es, favorise l&rsquo;optimisme et la sensation de bien-\u00eatre, ayant un effet merveilleusement apaisant et procurant une sensation d&rsquo;harmonie. Longtemps associ\u00e9 aux amours, ce d\u00e9licieux ar\u00f4me aide \u00e0 d\u00e9velopper l&rsquo;imagination et la cr\u00e9ativit\u00e9 tout en stimulant la confiance en soi.<\/span><\/p>\n<p><b>L&rsquo;huile de lotus<\/b><span style=\"font-weight: 400;\"> a un ar\u00f4me floral doux et provient des fleurs exotiques de lotus, consid\u00e9r\u00e9es dans de nombreuses cultures comme une fleur sacr\u00e9e : Un symbole d&rsquo;auto-r\u00e9g\u00e9n\u00e9ration, de renaissance et de puret\u00e9. Avec ses capacit\u00e9s relaxantes, elle soulage les tensions et encourage la tranquillit\u00e9. Un excellent support pour la m\u00e9ditation.<\/span><\/p>\n<p><b>L&rsquo;huile de lilas<\/b><span style=\"font-weight: 400;\"> a une odeur intens\u00e9ment douce, symbolisant la romance et l&rsquo;amour innocent. Cette huile \u00e9quilibre et calme l&rsquo;esprit et l&rsquo;\u00e2me, inspirant paix et bien-\u00eatre.<\/span><\/p>\n<p><b>L&rsquo;huile de gard\u00e9nia<\/b><span style=\"font-weight: 400;\"> avec son parfum exotique et sensuel induit un sentiment d&rsquo;harmonie et de joie, vous lib\u00e9rant des tensions et favorisant la confiance en soi. L&rsquo;huile de gard\u00e9nia est excellente pour soulager les maux de t\u00eate, r\u00e9duire la fatigue et pr\u00e9venir l&rsquo;insomnie.<\/span><\/p>\n<p><b>L&rsquo;huile de violette<\/b><span style=\"font-weight: 400;\"> et son doux parfum poudr\u00e9 et subtil diminue le stress \u00e9motionnel et l&rsquo;agitation. Il peut aider avec les troubles du sommeil en encourageant le calme int\u00e9rieur. Cette huile stimule la lib\u00e9ration d&rsquo;endorphines et poss\u00e8de des propri\u00e9t\u00e9s aphrodisiaques.<\/span><\/p>\n","protected":false},"excerpt":{"rendered":"<p><strong>Kit Parfums Floraux<\/strong><br \/>\n<strong>Huile de jasmin 50 ml<\/strong><br \/>\n<strong>Huile de Lotus 50 ml<\/strong><br \/>\n<strong>Huile de lilas 50 ml<\/strong><br \/>\n<strong>Huile de gard\u00e9nia 50 ml<\/strong><br \/>\n<strong>Huile de violette 50 ml<\/strong><br \/>\n<strong>40 + 40 + 38 + 35 + 35 + 14 = 202 $ &lt;141 $ Poids 1100&gt;<\/strong><\/p>\n","protected":false},"featured_media":288445,"comment_status":"open","ping_status":"closed","template":"","meta":[],"product_brand":[],"product_cat":[667],"product_tag":[],"class_list":{"0":"post-76129","1":"product","2":"type-product","3":"status-publish","4":"has-post-thumbnail","6":"product_cat-oil-kits","7":"product_shipping_class-free-shipping-fr","9":"first","10":"instock","11":"sale","12":"shipping-taxable","13":"purchasable","14":"product-type-simple"},"_links":{"self":[{"href":"https:\/\/nefertiti-eg.com\/fr\/wp-json\/wp\/v2\/product\/76129","targetHints":{"allow":["GET"]}}],"collection":[{"href":"https:\/\/nefertiti-eg.com\/fr\/wp-json\/wp\/v2\/product"}],"about":[{"href":"https:\/\/nefertiti-eg.com\/fr\/wp-json\/wp\/v2\/types\/product"}],"replies":[{"embeddable":true,"href":"https:\/\/nefertiti-eg.com\/fr\/wp-json\/wp\/v2\/comments?post=76129"}],"wp:featuredmedia":[{"embeddable":true,"href":"https:\/\/nefertiti-eg.com\/fr\/wp-json\/wp\/v2\/media\/288445"}],"wp:attachment":[{"href":"https:\/\/nefertiti-eg.com\/fr\/wp-json\/wp\/v2\/media?parent=76129"}],"wp:term":[{"taxonomy":"product_brand","embeddable":true,"href":"https:\/\/nefertiti-eg.com\/fr\/wp-json\/wp\/v2\/product_brand?post=76129"},{"taxonomy":"product_cat","embeddable":true,"href":"https:\/\/nefertiti-eg.com\/fr\/wp-json\/wp\/v2\/product_cat?post=76129"},{"taxonomy":"product_tag","embeddable":true,"href":"https:\/\/nefertiti-eg.com\/fr\/wp-json\/wp\/v2\/product_tag?post=76129"}],"curies":[{"name":"wp","href":"https:\/\/api.w.org\/{rel}","templated":true}]}}