{"id":76130,"date":"2020-11-10T15:50:56","date_gmt":"2020-11-10T13:50:56","guid":{"rendered":"https:\/\/nefertiti-eg.com\/shop\/non%20class\u00e9\/fruity-aroma-kit\/"},"modified":"2021-05-09T13:10:15","modified_gmt":"2021-05-09T11:10:15","slug":"fruity-aroma-kit","status":"publish","type":"product","link":"https:\/\/nefertiti-eg.com\/fr\/shop\/oil-kits\/fruity-aroma-kit\/","title":{"rendered":"Kit d&rsquo;ar\u00f4mes Fruit\u00e9s"},"content":{"rendered":"<p><span style=\"font-weight: 400;\">Sentez-vous vivant et revigor\u00e9 du matin au soir avec cette vari\u00e9t\u00e9 de parfums rafra\u00eechissants et fruit\u00e9s, offrant une vari\u00e9t\u00e9 de capacit\u00e9s tout en faisant voyager vos sens dans un univers tropical et baign\u00e9 de soleil!<\/span><\/p>\n<p><b>L&rsquo;huile de mangue<\/b><span style=\"font-weight: 400;\"> d\u00e9riv\u00e9e du \u00abroi des fruits\u00bb en raison de ses propri\u00e9t\u00e9s antioxydantes et nourrissantes, a un ar\u00f4me gourmand, sucr\u00e9, tropical et acidul\u00e9. Il a un effet calmant et apaisant sur l&rsquo;esprit et d\u00e9tend le corps. Riche en acides gras, vitamines et min\u00e9raux, cette huile essentielle est profond\u00e9ment hydratante pour la peau. Elle neutralise les toxines, g\u00e9n\u00e8re le renouvellement cellulaire de la peau, emp\u00eachant ainsi la formation de nouvelles rides et ridules, et poss\u00e8de de grandes propri\u00e9t\u00e9s cicatrisantes. La mangue sous sa forme essentielle d\u2019huile est \u00e9galement excellente pour promouvoir et maintenir des cheveux sains et \u00e9pais. Elle peut \u00e9galement \u00eatre utilis\u00e9e pour soulager la douleur et l&rsquo;inflammation caus\u00e9es par les piq\u00fbres d&rsquo;insectes et les br\u00fblures.<\/span><\/p>\n<p><b>L&rsquo;huile de pamplemousse<\/b><span style=\"font-weight: 400;\"> est l&rsquo;une des plus anciennes huiles aromatiques utilis\u00e9es : Rafra\u00eechissante, am\u00e9liorant la conscience mentale et dissipant la somnolence matinale, cette huile favorise la sant\u00e9 et est connue pour stimuler le m\u00e9tabolisme et r\u00e9duire l&rsquo;app\u00e9tit, un excellent alli\u00e9 dans la lutte contre le surpoids! L&rsquo;huile de pamplemousse est connue comme un tonique naturel pour la peau et est particuli\u00e8rement utile pour contr\u00f4ler la production de s\u00e9bum dans la peau et les cheveux gras. Les propri\u00e9t\u00e9s antimicrobiennes et anti-inflammatoires nettoient efficacement la peau et aident \u00e0 lutter contre l&rsquo;acn\u00e9.<\/span><\/p>\n<p><b>L&rsquo;huile d&rsquo;orange<\/b><span style=\"font-weight: 400;\"> est un parfum exaltant qui remplit l&rsquo;esprit et l&rsquo;\u00e2me de sentiments de plaisir, r\u00e9duit les tensions et constitue un excellent rem\u00e8de contre l&rsquo;insomnie caus\u00e9e par l&rsquo;anxi\u00e9t\u00e9. Il est particuli\u00e8rement recommand\u00e9 comme massage th\u00e9rapeutique pour traiter les n\u00e9vralgies, l&rsquo;ob\u00e9sit\u00e9, la cellulite et la myosite. L&rsquo;huile d&rsquo;orange am\u00e9liore l&rsquo;\u00e9lasticit\u00e9 de la peau, nourrit les peaux s\u00e8ches et irrit\u00e9es, \u00e9limine les toxines du corps et lutte contre la cellulite. N&rsquo;oubliez pas de l&rsquo;utiliser \u00e9galement comme insecticide naturel pour \u00e9loigner ces insectes piqueurs.<\/span><\/p>\n<p><b>L&rsquo;huile de citron<\/b><span style=\"font-weight: 400;\"> a un ar\u00f4me revigorant, diminuant la d\u00e9pression et le stress, r\u00e9tablissant la concentration et la positivit\u00e9. Cette huile est un excellent rem\u00e8de contre les naus\u00e9es, les maux de t\u00eate et les vertiges. Il est antibact\u00e9rien, antiviral et a des effets cicatrisants pour traiter les coupures, les furoncles et les verrues. L&rsquo;huile de citron est id\u00e9ale pour les peaux grasses et \u00e0 probl\u00e8mes, pour tonifier et nettoyer. Il aide \u00e9galement \u00e0 r\u00e9tr\u00e9cir les pores et \u00e0 blanchir la peau, et en plus, il combattra les cheveux gras et nettoiera le cuir chevelu.<\/span><\/p>\n<p><b>L&rsquo;huile de bergamote<\/b><span style=\"font-weight: 400;\"> \u00e9limine les pens\u00e9es d\u00e9sagr\u00e9ables et la n\u00e9gativit\u00e9, favorisant la cr\u00e9ativit\u00e9 et la positivit\u00e9. Cette huile, \u00e0 l&rsquo;ar\u00f4me \u00e9pic\u00e9 d&rsquo;agrumes, poss\u00e8de des propri\u00e9t\u00e9s antispasmodiques, antipyr\u00e9tiques, antiseptiques, antifongiques, antid\u00e9pressives et stimule le syst\u00e8me immunitaire. C&rsquo;est une excellente aide afin que votre peau retrouve son \u00e9quilibre naturel. Elle prend soin de booster votre \u00e9piderme durant la gu\u00e9rison des maladies et des plaies, traite les pores dilat\u00e9es et tonifie en rafra\u00eechissant la peau. L&rsquo;huile de bergamote est \u00e9galement connue pour renforcer les vaisseaux sanguins, abaisser le cholest\u00e9rol sanguin, abaisser la temp\u00e9rature \u00e9lev\u00e9e et agir comme aphrodisiaque.<\/span><\/p>\n","protected":false},"excerpt":{"rendered":"<p><b>Kit d&rsquo;ar\u00f4mes fruit\u00e9s<br \/>\n<\/b><b>Huile de mangue 50 ml<br \/>\n<\/b><b>Huile de pamplemousse 50 ml<br \/>\n<\/b><b>Huile d&rsquo;orange 50 ml<br \/>\n<\/b><b>Huile de citron 50 ml<br \/>\n<\/b><b>Huile de Bergamote 50ml<\/b><\/p>\n","protected":false},"featured_media":288465,"comment_status":"open","ping_status":"closed","template":"","meta":[],"product_brand":[],"product_cat":[667],"product_tag":[],"class_list":{"0":"post-76130","1":"product","2":"type-product","3":"status-publish","4":"has-post-thumbnail","6":"product_cat-oil-kits","7":"product_shipping_class-free-shipping-fr","9":"first","10":"instock","11":"sale","12":"shipping-taxable","13":"purchasable","14":"product-type-simple"},"_links":{"self":[{"href":"https:\/\/nefertiti-eg.com\/fr\/wp-json\/wp\/v2\/product\/76130","targetHints":{"allow":["GET"]}}],"collection":[{"href":"https:\/\/nefertiti-eg.com\/fr\/wp-json\/wp\/v2\/product"}],"about":[{"href":"https:\/\/nefertiti-eg.com\/fr\/wp-json\/wp\/v2\/types\/product"}],"replies":[{"embeddable":true,"href":"https:\/\/nefertiti-eg.com\/fr\/wp-json\/wp\/v2\/comments?post=76130"}],"wp:featuredmedia":[{"embeddable":true,"href":"https:\/\/nefertiti-eg.com\/fr\/wp-json\/wp\/v2\/media\/288465"}],"wp:attachment":[{"href":"https:\/\/nefertiti-eg.com\/fr\/wp-json\/wp\/v2\/media?parent=76130"}],"wp:term":[{"taxonomy":"product_brand","embeddable":true,"href":"https:\/\/nefertiti-eg.com\/fr\/wp-json\/wp\/v2\/product_brand?post=76130"},{"taxonomy":"product_cat","embeddable":true,"href":"https:\/\/nefertiti-eg.com\/fr\/wp-json\/wp\/v2\/product_cat?post=76130"},{"taxonomy":"product_tag","embeddable":true,"href":"https:\/\/nefertiti-eg.com\/fr\/wp-json\/wp\/v2\/product_tag?post=76130"}],"curies":[{"name":"wp","href":"https:\/\/api.w.org\/{rel}","templated":true}]}}