{"id":76132,"date":"2020-11-09T17:54:40","date_gmt":"2020-11-09T15:54:40","guid":{"rendered":"https:\/\/nefertiti-eg.com\/shop\/non%20class\u00e9\/anti-aging-kit\/"},"modified":"2021-05-16T16:54:11","modified_gmt":"2021-05-16T14:54:11","slug":"anti-aging-kit","status":"publish","type":"product","link":"https:\/\/nefertiti-eg.com\/fr\/shop\/oil-kits\/anti-aging-kit\/","title":{"rendered":"Kit anti-\u00e2ge"},"content":{"rendered":"<p><span style=\"font-weight: 400;\">La meilleure d\u00e9fense pour votre peau et pour la garder plus jeune, plus fra\u00eeche et saine est de lui offrir un r\u00e9gime de soins quotidien utilisant des ingr\u00e9dients naturels. Notre kit anti-\u00e2ge regorge d&rsquo;huiles essentielles, offrant la quintessence des huiles pour la peau, diminuant les rides ind\u00e9sirables, tout en aidant \u00e0 pr\u00e9venir la formation de nouvelles.<\/span><\/p>\n<p><b>L\u2019huile de jojoba<\/b><span style=\"font-weight: 400;\">, comme l\u2019huile d&rsquo;argan, est non com\u00e9dog\u00e8ne et agit de mani\u00e8re similaire au s\u00e9bum naturel de la peau et \u00e9quilibre la peau, ayant la capacit\u00e9 de p\u00e9n\u00e9trer profond\u00e9ment dans les tissus afin de la restaurer et de retenir l&rsquo;humidit\u00e9. Riche en concentr\u00e9s de vitamines A et E, l&rsquo;huile de jojoba stimule la r\u00e9g\u00e9n\u00e9ration cellulaire, illumine la peau et la prot\u00e8ge du soleil gr\u00e2ce \u00e0 sa capacit\u00e9 naturelle de protection contre les UV. Il diminue globalement et prot\u00e8ge la peau des effets du vieillissement. Parfait pour tous les types de peau, l&rsquo;huile de jojoba est \u00e9galement assez douce pour \u00eatre utilis\u00e9e sur la zone d\u00e9licate du contour des yeux et peut \u00eatre utilis\u00e9e comme hydratant et scellant pour tout le corps.<\/span><\/p>\n<p><b>La lotion d&rsquo;Aloe Vera<\/b><span style=\"font-weight: 400;\"> est riche en vitamines A, C, E, certaines des vitamines du groupe B, en l&rsquo;acide folique, en min\u00e9raux et contient un groupe \u00e9quilibr\u00e9 de substances biologiquement actives. Ceux-ci en font un excellent antioxydant, inhibant ainsi le processus d&rsquo;oxydation dans les cellules, r\u00e9duisant leur effet n\u00e9faste et retardant le vieillissement cutan\u00e9. Il en r\u00e9sulte une peau d&rsquo;apparence plus jeune. La lotion \u00e0 l&rsquo;aloe vera hydrate pour traiter et pr\u00e9venir la peau s\u00e8che, rugueuse, squameuse, qui d\u00e9mange et apaise les irritations mineures de la peau et stimule la r\u00e9g\u00e9n\u00e9ration des tissus. Les pores sont resserr\u00e9s et la peau adoucie, permettant une apparence plus jeune. En raison de ses capacit\u00e9s extr\u00eamement rafra\u00eechissantes et apaisantes, l\u2019huile de jojoba procure un soulagement instantan\u00e9 en cas de peau br\u00fbl\u00e9e ou endommag\u00e9e par le soleil, tout en favorisant activement la r\u00e9paration de la peau.<\/span><\/p>\n<p><b>L&rsquo;huile d&rsquo;argan<\/b><span style=\"font-weight: 400;\"> donne un r\u00e9sultat notable \u00e0 l&rsquo;\u00e9lasticit\u00e9 de la peau et est riche en vitamine E antioxydante, elle est donc tr\u00e8s hydratante, am\u00e9liore la r\u00e9tention d&rsquo;eau dans la peau et aide \u00e0 prot\u00e9ger contre les dommages du soleil.<\/span><\/p>\n<p><b>L&rsquo;huile anti-rides<\/b><span style=\"font-weight: 400;\"> contient 4 huiles b\u00e9n\u00e9fiques: l&rsquo;huile d&rsquo;argan, l&rsquo;huile de jojoba, l&rsquo;huile d&rsquo;amande et l&rsquo;huile de germe de bl\u00e9. Ces huiles agissent ensemble pour vous accompagner dans la lutte contre les signes du vieillissement. L&rsquo;huile anti-rides p\u00e9n\u00e8tre profond\u00e9ment dans la peau et favorise le renouvellement des cellules cutan\u00e9es. L&rsquo;hydratation et l&rsquo;\u00e9lasticit\u00e9 sont restaur\u00e9es et les rides semblent liss\u00e9es.<\/span><\/p>\n","protected":false},"excerpt":{"rendered":"<p><strong>Kit anti-\u00e2ge<\/strong><br \/>\n<strong>Huile de jojoba 125 ml<\/strong><br \/>\n<strong>Lotion \u00e0 l&rsquo;Aloe Vera 125 ml<\/strong><br \/>\n<strong>Huile d&rsquo;Argan 60ml<\/strong><br \/>\n<strong>Huile Anti Rides 60 ml<\/strong><\/p>\n","protected":false},"featured_media":288425,"comment_status":"open","ping_status":"closed","template":"","meta":[],"product_brand":[],"product_cat":[667],"product_tag":[],"class_list":{"0":"post-76132","1":"product","2":"type-product","3":"status-publish","4":"has-post-thumbnail","6":"product_cat-oil-kits","7":"product_shipping_class-free-shipping-fr","9":"first","10":"instock","11":"sale","12":"shipping-taxable","13":"purchasable","14":"product-type-simple"},"_links":{"self":[{"href":"https:\/\/nefertiti-eg.com\/fr\/wp-json\/wp\/v2\/product\/76132","targetHints":{"allow":["GET"]}}],"collection":[{"href":"https:\/\/nefertiti-eg.com\/fr\/wp-json\/wp\/v2\/product"}],"about":[{"href":"https:\/\/nefertiti-eg.com\/fr\/wp-json\/wp\/v2\/types\/product"}],"replies":[{"embeddable":true,"href":"https:\/\/nefertiti-eg.com\/fr\/wp-json\/wp\/v2\/comments?post=76132"}],"wp:featuredmedia":[{"embeddable":true,"href":"https:\/\/nefertiti-eg.com\/fr\/wp-json\/wp\/v2\/media\/288425"}],"wp:attachment":[{"href":"https:\/\/nefertiti-eg.com\/fr\/wp-json\/wp\/v2\/media?parent=76132"}],"wp:term":[{"taxonomy":"product_brand","embeddable":true,"href":"https:\/\/nefertiti-eg.com\/fr\/wp-json\/wp\/v2\/product_brand?post=76132"},{"taxonomy":"product_cat","embeddable":true,"href":"https:\/\/nefertiti-eg.com\/fr\/wp-json\/wp\/v2\/product_cat?post=76132"},{"taxonomy":"product_tag","embeddable":true,"href":"https:\/\/nefertiti-eg.com\/fr\/wp-json\/wp\/v2\/product_tag?post=76132"}],"curies":[{"name":"wp","href":"https:\/\/api.w.org\/{rel}","templated":true}]}}