{"id":76135,"date":"2020-11-07T16:28:12","date_gmt":"2020-11-07T14:28:12","guid":{"rendered":"https:\/\/nefertiti-eg.com\/shop\/non%20class\u00e9\/kit-de-soins-pour-les-allergies-cutanees\/"},"modified":"2022-05-28T13:57:15","modified_gmt":"2022-05-28T11:57:15","slug":"skin-allergy-care-kit","status":"publish","type":"product","link":"https:\/\/nefertiti-eg.com\/fr\/shop\/oil-kits\/skin-allergy-care-kit\/","title":{"rendered":"Kit de soins pour les allergies cutan\u00e9es"},"content":{"rendered":"<p><span style=\"font-weight: 400;\">Cette gamme parfaite d&rsquo;huiles est sp\u00e9cialement compos\u00e9e pour les allergies cutan\u00e9es. Toutes ces huiles soulagent les allergies, apaisent et r\u00e9duisent efficacement les sympt\u00f4mes, et redonne \u00e0 votre peau sa sant\u00e9 naturelle.<\/span><\/p>\n<p><b>L&rsquo;huile de graine noire<\/b><span style=\"font-weight: 400;\"> a des propri\u00e9t\u00e9s antibact\u00e9riennes, anti-inflammatoires, antihistaminiques, anti-oxydantes, antifongiques et antivirales et est donc le rem\u00e8de parfait pour les affections cutan\u00e9es et la cicatrisation des plaies. La combinaison de vitamine A, d&rsquo;acides amin\u00e9s et d&rsquo;acides gras contenus dans cette huile permet la r\u00e9paration et la r\u00e9g\u00e9n\u00e9ration de la peau. Il retient l&rsquo;humidit\u00e9, r\u00e9duit les rougeurs, apaise les irritations et peut gu\u00e9rir et r\u00e9duire les cicatrices. L&rsquo;huile de graine noire est une arme efficace contre les affections cutan\u00e9es telles que l&rsquo;ecz\u00e9ma.<\/span><\/p>\n<p><b>L&rsquo;huile de lavande<\/b><span style=\"font-weight: 400;\"> est antiseptique, antifongique et cicatrisante. Elle est extr\u00eamement douce pour la peau, a des effets calmants et apaisants sur tous types d&rsquo;irritation cutan\u00e9es et favorise la gu\u00e9rison.<\/span><\/p>\n<p><b>L&rsquo;huile de citron<\/b><span style=\"font-weight: 400;\"> est un antihistaminique naturel qui peut r\u00e9duire la r\u00e9action inflammatoire. Ses propri\u00e9t\u00e9s antibact\u00e9riennes, antivirales et cicatrisantes sont efficaces dans le traitement des plaies et sont capables d&rsquo;inhiber la croissance bact\u00e9rienne. Il est recommand\u00e9 d&rsquo;\u00e9viter l&rsquo;exposition directe au soleil apr\u00e8s l&rsquo;application d&rsquo;huile de citron.<\/span><\/p>\n<p><b>L&rsquo;huile de tea tree<\/b><span style=\"font-weight: 400;\"> peut r\u00e9duire consid\u00e9rablement les gonflements caus\u00e9s par les irritations cutan\u00e9es induites par l&rsquo;histamine. Cette huile poss\u00e8de \u00e9galement des propri\u00e9t\u00e9s antifongiques, antivirales, antiseptiques et antibact\u00e9riennes. On pense que les hydrocarbures insatur\u00e9s, appel\u00e9s terp\u00e8nes, contenus dans l&rsquo;huile d&rsquo;arbre \u00e0 th\u00e9, oblit\u00e8rent la mati\u00e8re cellulaire des bact\u00e9ries. L&rsquo;huile d&rsquo;arbre \u00e0 th\u00e9 r\u00e9duira consid\u00e9rablement l&rsquo;inflammation et peut apporter un soulagement bienvenu contre les d\u00e9mangeaisons associ\u00e9es \u00e0 toute allergie.<\/span><\/p>\n<p><b>L&rsquo;huile de menthe poivr\u00e9e<\/b><span style=\"font-weight: 400;\"> a un effet calmant et relaxant sur la peau. Ses propri\u00e9t\u00e9s rafra\u00eechissantes peuvent r\u00e9duire l&rsquo;inflammation. L&rsquo;huile de menthe poivr\u00e9e est particuli\u00e8rement efficace contre les piq\u00fbres d&rsquo;insectes, le sumac v\u00e9n\u00e9neux et l&rsquo;urticaire.<\/span><\/p>\n<p><b>L&rsquo;huile d&rsquo;eucalyptus<\/b><span style=\"font-weight: 400;\"> a des capacit\u00e9s anti-inflammatoires et antiseptiques et est connue pour sa qualit\u00e9 analg\u00e9sique. Rafra\u00eechissant la peau, elle soulagera instantan\u00e9ment et r\u00e9duira l&rsquo;inflammation.<\/span><\/p>\n","protected":false},"excerpt":{"rendered":"<p><strong>Kit de soins pour les allergies cutan\u00e9es<\/strong><br \/>\n<strong>Huile de graine noire 125ml<\/strong><br \/>\n<strong>Huile de lavande 50 ml<\/strong><br \/>\n<strong>Huile de citron 50 ml<\/strong><br \/>\n<strong>L&rsquo;huile de tea tree 50 ml<\/strong><br \/>\n<strong>Huile de menthe poivr\u00e9e 50 ml<\/strong><br \/>\n<strong>Huile d&rsquo;eucalyptus 50 ml<\/strong><\/p>\n","protected":false},"featured_media":276361,"comment_status":"open","ping_status":"closed","template":"","meta":[],"product_brand":[],"product_cat":[667],"product_tag":[],"class_list":{"0":"post-76135","1":"product","2":"type-product","3":"status-publish","4":"has-post-thumbnail","6":"product_cat-oil-kits","7":"product_shipping_class-free-shipping-fr","9":"first","10":"instock","11":"sale","12":"shipping-taxable","13":"purchasable","14":"product-type-simple"},"_links":{"self":[{"href":"https:\/\/nefertiti-eg.com\/fr\/wp-json\/wp\/v2\/product\/76135","targetHints":{"allow":["GET"]}}],"collection":[{"href":"https:\/\/nefertiti-eg.com\/fr\/wp-json\/wp\/v2\/product"}],"about":[{"href":"https:\/\/nefertiti-eg.com\/fr\/wp-json\/wp\/v2\/types\/product"}],"replies":[{"embeddable":true,"href":"https:\/\/nefertiti-eg.com\/fr\/wp-json\/wp\/v2\/comments?post=76135"}],"wp:featuredmedia":[{"embeddable":true,"href":"https:\/\/nefertiti-eg.com\/fr\/wp-json\/wp\/v2\/media\/276361"}],"wp:attachment":[{"href":"https:\/\/nefertiti-eg.com\/fr\/wp-json\/wp\/v2\/media?parent=76135"}],"wp:term":[{"taxonomy":"product_brand","embeddable":true,"href":"https:\/\/nefertiti-eg.com\/fr\/wp-json\/wp\/v2\/product_brand?post=76135"},{"taxonomy":"product_cat","embeddable":true,"href":"https:\/\/nefertiti-eg.com\/fr\/wp-json\/wp\/v2\/product_cat?post=76135"},{"taxonomy":"product_tag","embeddable":true,"href":"https:\/\/nefertiti-eg.com\/fr\/wp-json\/wp\/v2\/product_tag?post=76135"}],"curies":[{"name":"wp","href":"https:\/\/api.w.org\/{rel}","templated":true}]}}