{"id":76139,"date":"2020-11-07T16:20:27","date_gmt":"2020-11-07T14:20:27","guid":{"rendered":"https:\/\/nefertiti-eg.com\/shop\/non%20class\u00e9\/kit-de-bronzage\/"},"modified":"2022-05-28T14:00:09","modified_gmt":"2022-05-28T12:00:09","slug":"tanning-kit","status":"publish","type":"product","link":"https:\/\/nefertiti-eg.com\/fr\/shop\/oil-kits\/tanning-kit\/","title":{"rendered":"Kit de bronzage"},"content":{"rendered":"<p><span style=\"font-weight: 400;\">Un beau bronzage donne \u00e0 votre peau un \u00e9clat radieux, bien que l&rsquo;effet des rayons UV puisse \u00e9galement compromettre la sant\u00e9 de votre peau. Les huiles soigneusement s\u00e9lectionn\u00e9es de notre kit de bronzage prot\u00e8gent et nourrissent votre peau afin que vous puissiez profiter du soleil en toute s\u00e9curit\u00e9.<\/span><\/p>\n<p><b>Huile bronzante<\/b><span style=\"font-weight: 400;\"> est un m\u00e9lange exclusif cr\u00e9\u00e9 par Nefertiti, riche en vitamine E essentielle, en nutriments et hydratants pour la peau. Avec des quantit\u00e9s g\u00e9n\u00e9reuses d&rsquo;huile de jojoba, d&rsquo;huile de graines de carotte et d&rsquo;huile de bois de santal, le processus de bronzage sera stimul\u00e9 et votre peau prot\u00e9g\u00e9e contre les rayons UV nocifs. Procurez-vous ce bronzage sain dont vous avez toujours r\u00eav\u00e9, tandis que votre peau est nourrie et hydrat\u00e9e en m\u00eame temps.<\/span><\/p>\n<p><b>L&rsquo;huile de bronzage solaire<\/b><span style=\"font-weight: 400;\"> est un m\u00e9lange sp\u00e9cial qui p\u00e9n\u00e8tre facilement dans la peau, elle pr\u00e9vient des coups de soleil, des dommages caus\u00e9s par les UV et lde la d\u00e9shydratation. Avec les vertues combin\u00e9es de l&rsquo;huile de graines de s\u00e9same, de l&rsquo;huile d&rsquo;amande, de l&rsquo;huile de jojoba, de l&rsquo;huile d&rsquo;argan et de l&rsquo;huile de patchouli, votre peau sera nourrie et prot\u00e9g\u00e9e, favorisant un bronzage uniforme et durable.<\/span><\/p>\n<p><b>La lotion d&rsquo;Aloe Vera<\/b><span style=\"font-weight: 400;\"> est riche en vitamines A, C, E, en certaines vitamines du groupe B, en acide folique, en min\u00e9raux et en un groupe \u00e9quilibr\u00e9 de substances biologiquement actives. Ceux-ci en font un excellent antioxydant, inhibant ainsi le processus d&rsquo;oxydation dans les cellules, r\u00e9duisant leur effet n\u00e9faste et retardant le vieillissement cutan\u00e9. Il en r\u00e9sulte une peau d&rsquo;apparence plus jeune. La lotion \u00e0 l&rsquo;aloe vera hydrate pour traiter et pr\u00e9venir la peau s\u00e8che, rugueuse, squameuse et les irritations mineures de la peau et ainsi stimule la r\u00e9g\u00e9n\u00e9ration des tissus. Les pores sont resserr\u00e9s et la peau adoucie, permettant une apparence plus jeune. En raison de ses capacit\u00e9s extr\u00eamement rafra\u00eechissantes et apaisantes, il procure un soulagement instantan\u00e9 en cas de peau br\u00fbl\u00e9e ou endommag\u00e9e par le soleil, tout en favorisant activement la r\u00e9paration cutan\u00e9e.<\/span><\/p>\n<p><b>L&rsquo;huile de graines de carotte<\/b><span style=\"font-weight: 400;\"> contient du b\u00eata-carot\u00e8ne, un acc\u00e9l\u00e9rateur de bronzage naturel car il stimule la production de m\u00e9lanine. Riche en vitamines A et E, il a un effet positif sur la r\u00e9g\u00e9n\u00e9ration de la peau et son processus de vieillissement, en plus de tonifier et de raffermir la peau.<\/span><\/p>\n","protected":false},"excerpt":{"rendered":"<p><strong>Huile bronzante 60 ml <\/strong><br \/>\n<strong>Huile solaire 125 ml <\/strong><br \/>\n<strong>Lotion d&rsquo;Aloe Vera 125 ml<\/strong><br \/>\n<strong>Huile de graines de carotte 125 ml<\/strong><\/p>\n","protected":false},"featured_media":282638,"comment_status":"open","ping_status":"closed","template":"","meta":[],"product_brand":[],"product_cat":[667],"product_tag":[],"class_list":{"0":"post-76139","1":"product","2":"type-product","3":"status-publish","4":"has-post-thumbnail","6":"product_cat-oil-kits","7":"product_shipping_class-free-shipping-fr","9":"first","10":"instock","11":"sale","12":"shipping-taxable","13":"purchasable","14":"product-type-simple"},"_links":{"self":[{"href":"https:\/\/nefertiti-eg.com\/fr\/wp-json\/wp\/v2\/product\/76139","targetHints":{"allow":["GET"]}}],"collection":[{"href":"https:\/\/nefertiti-eg.com\/fr\/wp-json\/wp\/v2\/product"}],"about":[{"href":"https:\/\/nefertiti-eg.com\/fr\/wp-json\/wp\/v2\/types\/product"}],"replies":[{"embeddable":true,"href":"https:\/\/nefertiti-eg.com\/fr\/wp-json\/wp\/v2\/comments?post=76139"}],"wp:featuredmedia":[{"embeddable":true,"href":"https:\/\/nefertiti-eg.com\/fr\/wp-json\/wp\/v2\/media\/282638"}],"wp:attachment":[{"href":"https:\/\/nefertiti-eg.com\/fr\/wp-json\/wp\/v2\/media?parent=76139"}],"wp:term":[{"taxonomy":"product_brand","embeddable":true,"href":"https:\/\/nefertiti-eg.com\/fr\/wp-json\/wp\/v2\/product_brand?post=76139"},{"taxonomy":"product_cat","embeddable":true,"href":"https:\/\/nefertiti-eg.com\/fr\/wp-json\/wp\/v2\/product_cat?post=76139"},{"taxonomy":"product_tag","embeddable":true,"href":"https:\/\/nefertiti-eg.com\/fr\/wp-json\/wp\/v2\/product_tag?post=76139"}],"curies":[{"name":"wp","href":"https:\/\/api.w.org\/{rel}","templated":true}]}}